{"id":50181,"date":"2026-01-05T17:18:45","date_gmt":"2026-01-05T17:18:45","guid":{"rendered":"https:\/\/shoponlinedz.com\/product\/bouee-de-natation-gonflable-pour-bebe-avec-toit-%d8%b9%d9%88%d8%a7%d9%85%d8%a9-%d8%a3%d8%b7%d9%81%d8%a7%d9%84-%d9%85%d8%b9-%d9%85%d8%b8%d9%84%d8%a9\/"},"modified":"2026-01-28T12:11:37","modified_gmt":"2026-01-28T12:11:37","slug":"bouee-de-natation-gonflable-pour-bebe-avec-toit-%d8%b9%d9%88%d8%a7%d9%85%d8%a9-%d8%a3%d8%b7%d9%81%d8%a7%d9%84-%d9%85%d8%b9-%d9%85%d8%b8%d9%84%d8%a9","status":"publish","type":"product","link":"https:\/\/shoponlinedz.com\/en\/product\/bouee-de-natation-gonflable-pour-bebe-avec-toit-%d8%b9%d9%88%d8%a7%d9%85%d8%a9-%d8%a3%d8%b7%d9%81%d8%a7%d9%84-%d9%85%d8%b9-%d9%85%d8%b8%d9%84%d8%a9\/","title":{"rendered":"Bou\u00e9e de natation gonflable pour b\u00e9b\u00e9 avec toit \u2013 \u0639\u0648\u0627\u0645\u0629 \u0623\u0637\u0641\u0627\u0644 \u0645\u0639 \u0645\u0638\u0644\u0629"},"content":{"rendered":"<figure class=\"attachment attachment--preview\" data-trix-attachment=\"{&quot;contentType&quot;:&quot;image&quot;,&quot;height&quot;:1024,&quot;url&quot;:&quot;https:\/\/sawaqli.fra1.cdn.digitaloceanspaces.com\/49740\/Boue-tin-cnc.jpg&quot;,&quot;width&quot;:1024}\" data-trix-content-type=\"image\"><img decoding=\"async\" class=\"aligncenter\" src=\"https:\/\/sawaqli.fra1.cdn.digitaloceanspaces.com\/49740\/Boue-tin-cnc.jpg\" width=\"1024\" height=\"1024\" \/><figcaption class=\"attachment__caption\"><\/figcaption><\/figure>\n<figure class=\"attachment attachment--preview\" data-trix-attachment=\"{&quot;contentType&quot;:&quot;image&quot;,&quot;height&quot;:1024,&quot;url&quot;:&quot;https:\/\/sawaqli.fra1.cdn.digitaloceanspaces.com\/49741\/Boue-tin-6.jpg&quot;,&quot;width&quot;:1024}\" data-trix-content-type=\"image\"><img decoding=\"async\" class=\"aligncenter\" src=\"https:\/\/sawaqli.fra1.cdn.digitaloceanspaces.com\/49741\/Boue-tin-6.jpg\" width=\"1024\" height=\"1024\" \/><figcaption class=\"attachment__caption\"><\/figcaption><\/figure>\n<figure class=\"attachment attachment--preview\" data-trix-attachment=\"{&quot;contentType&quot;:&quot;image&quot;,&quot;height&quot;:1024,&quot;url&quot;:&quot;https:\/\/sawaqli.fra1.cdn.digitaloceanspaces.com\/49742\/Boue-tin-7.jpg&quot;,&quot;width&quot;:1024}\" data-trix-content-type=\"image\"><img decoding=\"async\" class=\"aligncenter\" src=\"https:\/\/sawaqli.fra1.cdn.digitaloceanspaces.com\/49742\/Boue-tin-7.jpg\" width=\"1024\" height=\"1024\" \/><figcaption class=\"attachment__caption\"><\/figcaption><\/figure>\n<figure class=\"attachment attachment--preview\" data-trix-attachment=\"{&quot;contentType&quot;:&quot;image&quot;,&quot;height&quot;:1024,&quot;url&quot;:&quot;https:\/\/sawaqli.fra1.cdn.digitaloceanspaces.com\/49743\/Boue-tin-9.jpg&quot;,&quot;width&quot;:1024}\" data-trix-content-type=\"image\"><img decoding=\"async\" class=\"aligncenter\" src=\"https:\/\/sawaqli.fra1.cdn.digitaloceanspaces.com\/49743\/Boue-tin-9.jpg\" width=\"1024\" height=\"1024\" \/><figcaption class=\"attachment__caption\"><\/figcaption><\/figure>\n<figure class=\"attachment attachment--preview\" data-trix-attachment=\"{&quot;contentType&quot;:&quot;image&quot;,&quot;height&quot;:1024,&quot;url&quot;:&quot;https:\/\/sawaqli.fra1.cdn.digitaloceanspaces.com\/49744\/Boue-tin-4.jpg&quot;,&quot;width&quot;:1024}\" data-trix-content-type=\"image\"><img decoding=\"async\" class=\"aligncenter\" src=\"https:\/\/sawaqli.fra1.cdn.digitaloceanspaces.com\/49744\/Boue-tin-4.jpg\" width=\"1024\" height=\"1024\" \/><figcaption class=\"attachment__caption\"><\/figcaption><\/figure>\n<p style=\"text-align: center;\">","protected":false},"excerpt":{"rendered":"<p>\u0639\u0648\u0627\u0645\u0629 \u0633\u0628\u0627\u062d\u0629 \u0644\u0644\u0631\u0636\u0651\u0639 \u0645\u0639 \u0645\u0638\u0644\u0629 \u2013 \u062a\u0635\u0645\u064a\u0645 \u062c\u0630\u0627\u0628 \u0648\u0622\u0645\u0646\u0645\u0635\u0646\u0648\u0639\u0629 \u0645\u0646 PVC \u0639\u0627\u0644\u064a \u0627\u0644\u062c\u0648\u062f\u0629\u060c \u0645\u0627\u0646\u0639\u0629 \u0644\u0644\u062a\u0633\u0631\u0628 \u0648\u0645\u062a\u064a\u0646\u0629\u062a\u0635\u0645\u064a\u0645 \u0644\u0637\u064a\u0641 \u0648\u062c\u0630\u0627\u0628\u060c \u064a\u0644\u0641\u062a \u0627\u0646\u062a\u0628\u0627\u0647 \u0627\u0644\u0623\u0637\u0641\u0627\u0644\u062a\u0633\u0627\u0639\u062f \u0627\u0644\u0637\u0641\u0644 \u0639\u0644\u0649 \u0627\u0644\u0633\u0628\u0627\u062d\u0629 \u0628\u062d\u0631\u064a\u0629 \u0648\u062a\u062d\u0641\u064a\u0632 \u0627\u0644\u0646\u0645\u0648 \u0645\u0646\u0630 \u0627\u0644\u0623\u0634\u0647\u0631 \u0627\u0644\u0623\u0648\u0644\u0649\u0642\u0648\u064a\u0629 \u0648\u062a\u0648\u0641\u0651\u0631 \u0637\u0641\u0648\u064b\u0627 \u0645\u0645\u062a\u0627\u0632\u064b\u0627\u060c \u0645\u0646\u0627\u0633\u0628\u0629 \u0644\u0644\u062f\u0627\u062e\u0644 \u0648\u0627\u0644\u062e\u0627\u0631\u062c\u062e\u064a\u0627\u0631 \u0645\u062b\u0627\u0644\u064a \u0643\u0647\u062f\u064a\u0651\u0629 \u0635\u064a\u0641\u064a\u0629 \u0623\u0648 \u0644\u0645\u0646\u0627\u0633\u0628\u0627\u062a \u0627\u0644\u0645\u0633\u0627\u0628\u062d\u0627\u0644\u0623\u0628\u0639\u0627\u062f: 60\u00d750 \u0633\u0645\u064a\u062c\u0628 \u0627\u0633\u062a\u062e\u062f\u0627\u0645\u0647\u0627 \u062a\u062d\u062a \u0625\u0634\u0631\u0627\u0641 \u0634\u062e\u0635 \u0628\u0627\u0644\u063a<\/p>","protected":false},"featured_media":50180,"comment_status":"open","ping_status":"closed","template":"","meta":[],"product_brand":[],"product_cat":[2469],"product_tag":[],"class_list":{"0":"post-50181","1":"product","2":"type-product","3":"status-publish","4":"has-post-thumbnail","6":"product_cat-vacance-loisir","8":"first","9":"instock","10":"sale","11":"taxable","12":"shipping-taxable","13":"purchasable","14":"product-type-simple"},"jetpack_sharing_enabled":true,"_links":{"self":[{"href":"https:\/\/shoponlinedz.com\/en\/wp-json\/wp\/v2\/product\/50181","targetHints":{"allow":["GET"]}}],"collection":[{"href":"https:\/\/shoponlinedz.com\/en\/wp-json\/wp\/v2\/product"}],"about":[{"href":"https:\/\/shoponlinedz.com\/en\/wp-json\/wp\/v2\/types\/product"}],"replies":[{"embeddable":true,"href":"https:\/\/shoponlinedz.com\/en\/wp-json\/wp\/v2\/comments?post=50181"}],"version-history":[{"count":0,"href":"https:\/\/shoponlinedz.com\/en\/wp-json\/wp\/v2\/product\/50181\/revisions"}],"wp:featuredmedia":[{"embeddable":true,"href":"https:\/\/shoponlinedz.com\/en\/wp-json\/wp\/v2\/media\/50180"}],"wp:attachment":[{"href":"https:\/\/shoponlinedz.com\/en\/wp-json\/wp\/v2\/media?parent=50181"}],"wp:term":[{"taxonomy":"product_brand","embeddable":true,"href":"https:\/\/shoponlinedz.com\/en\/wp-json\/wp\/v2\/product_brand?post=50181"},{"taxonomy":"product_cat","embeddable":true,"href":"https:\/\/shoponlinedz.com\/en\/wp-json\/wp\/v2\/product_cat?post=50181"},{"taxonomy":"product_tag","embeddable":true,"href":"https:\/\/shoponlinedz.com\/en\/wp-json\/wp\/v2\/product_tag?post=50181"}],"curies":[{"name":"wp","href":"https:\/\/api.w.org\/{rel}","templated":true}]}}