{"id":49751,"date":"2026-01-05T17:03:38","date_gmt":"2026-01-05T17:03:38","guid":{"rendered":"https:\/\/shoponlinedz.com\/product\/etagere-reglable-a-2-niveaux-avec-double-barre-de-ajustable-%d8%ad%d8%a7%d9%85%d9%84-%d8%a3%d8%ba%d8%b1%d8%a7%d8%b6-%d9%81%d9%8a-%d8%a7%d9%84%d9%85%d8%b7%d8%a8%d8%ae\/"},"modified":"2026-01-28T12:11:59","modified_gmt":"2026-01-28T12:11:59","slug":"etagere-reglable-a-2-niveaux-avec-double-barre-de-ajustable-%d8%ad%d8%a7%d9%85%d9%84-%d8%a3%d8%ba%d8%b1%d8%a7%d8%b6-%d9%81%d9%8a-%d8%a7%d9%84%d9%85%d8%b7%d8%a8%d8%ae","status":"publish","type":"product","link":"https:\/\/shoponlinedz.com\/en\/product\/etagere-reglable-a-2-niveaux-avec-double-barre-de-ajustable-%d8%ad%d8%a7%d9%85%d9%84-%d8%a3%d8%ba%d8%b1%d8%a7%d8%b6-%d9%81%d9%8a-%d8%a7%d9%84%d9%85%d8%b7%d8%a8%d8%ae\/","title":{"rendered":"\u00c9tag\u00e8re r\u00e9glable \u00e0 2 niveaux avec double barre de Ajustable \u2013 \u062d\u0627\u0645\u0644 \u0623\u063a\u0631\u0627\u0636 \u0641\u064a \u0627\u0644\u0645\u0637\u0628\u062e"},"content":{"rendered":"<figure class=\"attachment attachment--preview\" data-trix-attachment=\"{&quot;contentType&quot;:&quot;image&quot;,&quot;height&quot;:1024,&quot;url&quot;:&quot;https:\/\/sawaqli.fra1.cdn.digitaloceanspaces.com\/54734\/Kitchen-Rack-V5-cnc-600x600.jpg&quot;,&quot;width&quot;:1024}\" data-trix-content-type=\"image\"><img decoding=\"async\" class=\"aligncenter\" src=\"https:\/\/sawaqli.fra1.cdn.digitaloceanspaces.com\/54734\/Kitchen-Rack-V5-cnc-600x600.jpg\" width=\"1024\" height=\"1024\" \/><figcaption class=\"attachment__caption\"><\/figcaption><\/figure>\n<figure class=\"attachment attachment--preview\" data-trix-attachment=\"{&quot;contentType&quot;:&quot;image&quot;,&quot;height&quot;:1024,&quot;url&quot;:&quot;https:\/\/sawaqli.fra1.cdn.digitaloceanspaces.com\/54735\/Kitchen-Rack-V5-4-600x600.jpg&quot;,&quot;width&quot;:1024}\" data-trix-content-type=\"image\"><img decoding=\"async\" class=\"aligncenter\" src=\"https:\/\/sawaqli.fra1.cdn.digitaloceanspaces.com\/54735\/Kitchen-Rack-V5-4-600x600.jpg\" width=\"1024\" height=\"1024\" \/><figcaption class=\"attachment__caption\"><\/figcaption><\/figure>\n<figure class=\"attachment attachment--preview\" data-trix-attachment=\"{&quot;contentType&quot;:&quot;image&quot;,&quot;height&quot;:1024,&quot;url&quot;:&quot;https:\/\/sawaqli.fra1.cdn.digitaloceanspaces.com\/54736\/Kitchen-Rack-V5-3-600x600.jpg&quot;,&quot;width&quot;:1024}\" data-trix-content-type=\"image\"><img decoding=\"async\" class=\"aligncenter\" src=\"https:\/\/sawaqli.fra1.cdn.digitaloceanspaces.com\/54736\/Kitchen-Rack-V5-3-600x600.jpg\" width=\"1024\" height=\"1024\" \/><figcaption class=\"attachment__caption\"><\/figcaption><\/figure>\n<figure class=\"attachment attachment--preview\" data-trix-attachment=\"{&quot;contentType&quot;:&quot;image&quot;,&quot;height&quot;:1024,&quot;url&quot;:&quot;https:\/\/sawaqli.fra1.cdn.digitaloceanspaces.com\/54737\/Kitchen-Rack-V5-7-600x600.jpg&quot;,&quot;width&quot;:1024}\" data-trix-content-type=\"image\"><img decoding=\"async\" class=\"aligncenter\" src=\"https:\/\/sawaqli.fra1.cdn.digitaloceanspaces.com\/54737\/Kitchen-Rack-V5-7-600x600.jpg\" width=\"1024\" height=\"1024\" \/><figcaption class=\"attachment__caption\"><\/figcaption><\/figure>\n<figure class=\"attachment attachment--preview\" data-trix-attachment=\"{&quot;contentType&quot;:&quot;image&quot;,&quot;height&quot;:1024,&quot;url&quot;:&quot;https:\/\/sawaqli.fra1.cdn.digitaloceanspaces.com\/54738\/Kitchen-Rack-V5-5-600x600.jpg&quot;,&quot;width&quot;:1024}\" data-trix-content-type=\"image\"><img decoding=\"async\" class=\"aligncenter\" src=\"https:\/\/sawaqli.fra1.cdn.digitaloceanspaces.com\/54738\/Kitchen-Rack-V5-5-600x600.jpg\" width=\"1024\" height=\"1024\" \/><figcaption class=\"attachment__caption\"><\/figcaption><\/figure>\n<p style=\"text-align: center;\">","protected":false},"excerpt":{"rendered":"<p>\ud83e\ude84 \u0631\u0641 \u062a\u062e\u0632\u064a\u0646 \u0645\u062a\u0639\u062f\u062f \u0627\u0644\u0627\u0633\u062a\u062e\u062f\u0627\u0645\u0627\u062a \u0628\u0627\u0631\u062a\u0641\u0627\u0639 \u0642\u0627\u0628\u0644 \u0644\u0644\u062a\u0639\u062f\u064a\u0644 \u2013 \u062a\u0635\u0645\u064a\u0645 \u0630\u0643\u064a \u064a\u0648\u0641\u0631 \u0627\u0644\u0645\u0633\u0627\u062d\u0629\ud83d\udccc \u0627\u0644\u0645\u0645\u064a\u0632\u0627\u062a \u0627\u0644\u0631\u0626\u064a\u0633\u064a\u0629 :\u062a\u0635\u0645\u064a\u0645 \u0628\u0627\u0631\u062a\u0641\u0627\u0639 \u0642\u0627\u0628\u0644 \u0644\u0644\u062a\u0639\u062f\u064a\u0644: \u062e\u0635\u0635 \u0627\u0644\u0631\u0641 \u0648\u0641\u0642 \u0627\u062d\u062a\u064a\u0627\u062c\u0627\u062a\u0643 \u0644\u0645\u0631\u0648\u0646\u0629 \u0642\u0635\u0648\u0649 \u0641\u064a \u0623\u064a \u0645\u0633\u0627\u062d\u0629.\u0647\u064a\u0643\u0644 \u0628\u0642\u0636\u064a\u0628\u064a\u0646 \u0645\u0632\u062f\u0648\u062c\u064a\u0646: \u064a\u0648\u0641\u0631 \u062b\u0628\u0627\u062a\u0627\u064b \u0648\u0645\u062a\u0627\u0646\u0629 \u0639\u0627\u0644\u064a\u0629 \u0644\u0631\u0641 \u0622\u0645\u0646 \u0644\u062c\u0645\u064a\u0639 \u0627\u062d\u062a\u064a\u0627\u062c\u0627\u062a \u0627\u0644\u062a\u062e\u0632\u064a\u0646.\u062a\u0635\u0645\u064a\u0645 \u0645\u0648\u0641\u0651\u0631 \u0644\u0644\u0645\u0633\u0627\u062d\u0629 \u0628\u0637\u0627\u0628\u0642\u064a\u0646: \u0627\u0633\u062a\u063a\u0644\u0627\u0644 \u0627\u0644\u0645\u0633\u0627\u062d\u0629 \u0627\u0644\u0639\u0645\u0648\u062f\u064a\u0629 \u0628\u0643\u0641\u0627\u0621\u0629 \u0644\u062a\u062e\u0632\u064a\u0646 \u0645\u0646\u0638\u0645 \u062f\u0648\u0646 \u0627\u0633\u062a\u0647\u0644\u0627\u0643 \u0645\u0633\u0627\u062d\u0629 \u0627\u0644\u0623\u0631\u0636\u064a\u0629.\u062a\u062e\u0632\u064a\u0646 \u0641\u0648\u0642 \u0627\u0644\u0645\u0631\u062d\u0627\u0636: \u0645\u0635\u0645\u0645 \u062e\u0635\u064a\u0635\u0627\u064b \u0644\u064a\u062a\u0646\u0627\u0633\u0628 \u0645\u0639 \u0627\u0644\u0645\u0633\u0627\u062d\u0629 \u0641\u0648\u0642 \u0627\u0644\u0645\u0631\u062d\u0627\u0636\u060c \u0645\u0645\u0627 \u064a\u0632\u064a\u062f \u0645\u0646 \u0627\u0644\u0627\u0633\u062a\u0641\u0627\u062f\u0629 \u0645\u0646 \u0627\u0644\u0645\u0633\u0627\u062d\u0629 \u063a\u064a\u0631 \u0627\u0644\u0645\u0633\u062a\u063a\u0644\u0629 \u0641\u064a \u0627\u0644\u062d\u0645\u0627\u0645.\u062d\u0627\u0645\u0644 \u062a\u062e\u0632\u064a\u0646 \u0644\u063a\u0631\u0641\u0629 \u0627\u0644\u063a\u0633\u064a\u0644: \u064a\u0633\u0627\u0639\u062f\u0643 \u0639\u0644\u0649 \u062a\u0646\u0638\u064a\u0645 \u0645\u0633\u062a\u0644\u0632\u0645\u0627\u062a \u0627\u0644\u063a\u0633\u064a\u0644 \u0648\u062c\u0639\u0644 \u0627\u0644\u0645\u0633\u0627\u062d\u0629 \u0645\u0631\u062a\u0628\u0629 \u062f\u0627\u0626\u0645\u0627\u064b.\u0644\u0645\u0633\u0629 \u0623\u0646\u064a\u0642\u0629 \u0628\u0627\u0644\u0644\u0648\u0646 \u0627\u0644\u0623\u0628\u064a\u0636: \u0645\u0638\u0647\u0631 \u0639\u0635\u0631\u064a \u0648\u0623\u0646\u064a\u0642 \u064a\u0646\u0627\u0633\u0628 \u0645\u062e\u062a\u0644\u0641 \u0623\u0646\u0645\u0627\u0637 \u0627\u0644\u062f\u064a\u0643\u0648\u0631.\u0633\u0647\u0644 \u0627\u0644\u062a\u0631\u0643\u064a\u0628: \u062a\u0639\u0644\u064a\u0645\u0627\u062a \u0628\u0633\u064a\u0637\u0629 \u0644\u062a\u0631\u0643\u064a\u0628 \u0633\u0631\u064a\u0639 \u0648\u0633\u0647\u0644.\u0627\u0633\u062a\u062e\u062f\u0627\u0645 \u0645\u062a\u0639\u062f\u062f: \u0645\u062b\u0627\u0644\u064a \u0644\u0644\u062d\u0645\u0627\u0645\u0627\u062a\u060c \u063a\u0631\u0641 \u0627\u0644\u063a\u0633\u064a\u0644\u060c \u0623\u0648 \u0623\u064a \u0645\u0633\u0627\u062d\u0629 \u062a\u062d\u062a\u0627\u062c \u0625\u0644\u0649 \u062a\u062e\u0632\u064a\u0646 \u0645\u0646\u0638\u0645 \u0648\u0641\u0639\u0627\u0644.\ud83d\udccf \u0627\u0644\u0623\u0628\u0639\u0627\u062f : 40-75 \u00d7 44 \u00d7 26 \u0633\u0645<\/p>","protected":false},"featured_media":49750,"comment_status":"open","ping_status":"closed","template":"","meta":[],"product_brand":[],"product_cat":[2456],"product_tag":[],"class_list":{"0":"post-49751","1":"product","2":"type-product","3":"status-publish","4":"has-post-thumbnail","6":"product_cat-cuisine","8":"first","9":"instock","10":"sale","11":"taxable","12":"shipping-taxable","13":"purchasable","14":"product-type-simple"},"jetpack_sharing_enabled":true,"_links":{"self":[{"href":"https:\/\/shoponlinedz.com\/en\/wp-json\/wp\/v2\/product\/49751","targetHints":{"allow":["GET"]}}],"collection":[{"href":"https:\/\/shoponlinedz.com\/en\/wp-json\/wp\/v2\/product"}],"about":[{"href":"https:\/\/shoponlinedz.com\/en\/wp-json\/wp\/v2\/types\/product"}],"replies":[{"embeddable":true,"href":"https:\/\/shoponlinedz.com\/en\/wp-json\/wp\/v2\/comments?post=49751"}],"version-history":[{"count":0,"href":"https:\/\/shoponlinedz.com\/en\/wp-json\/wp\/v2\/product\/49751\/revisions"}],"wp:featuredmedia":[{"embeddable":true,"href":"https:\/\/shoponlinedz.com\/en\/wp-json\/wp\/v2\/media\/49750"}],"wp:attachment":[{"href":"https:\/\/shoponlinedz.com\/en\/wp-json\/wp\/v2\/media?parent=49751"}],"wp:term":[{"taxonomy":"product_brand","embeddable":true,"href":"https:\/\/shoponlinedz.com\/en\/wp-json\/wp\/v2\/product_brand?post=49751"},{"taxonomy":"product_cat","embeddable":true,"href":"https:\/\/shoponlinedz.com\/en\/wp-json\/wp\/v2\/product_cat?post=49751"},{"taxonomy":"product_tag","embeddable":true,"href":"https:\/\/shoponlinedz.com\/en\/wp-json\/wp\/v2\/product_tag?post=49751"}],"curies":[{"name":"wp","href":"https:\/\/api.w.org\/{rel}","templated":true}]}}