{"id":49735,"date":"2026-01-05T17:03:09","date_gmt":"2026-01-05T17:03:09","guid":{"rendered":"https:\/\/shoponlinedz.com\/product\/sac-a-dos-urbain-style-decontracte-tissue-impermeable-noir-%d8%ad%d9%82%d9%8a%d8%a8%d8%a9-%d8%b8%d9%87%d8%b1-%d8%b1%d8%ac%d8%a7%d9%84%d9%8a%d8%a9\/"},"modified":"2026-02-01T15:27:34","modified_gmt":"2026-02-01T15:27:34","slug":"sac-a-dos-urbain-style-decontracte-tissue-impermeable-noir-%d8%ad%d9%82%d9%8a%d8%a8%d8%a9-%d8%b8%d9%87%d8%b1-%d8%b1%d8%ac%d8%a7%d9%84%d9%8a%d8%a9","status":"publish","type":"product","link":"https:\/\/shoponlinedz.com\/en\/product\/sac-a-dos-urbain-style-decontracte-tissue-impermeable-noir-%d8%ad%d9%82%d9%8a%d8%a8%d8%a9-%d8%b8%d9%87%d8%b1-%d8%b1%d8%ac%d8%a7%d9%84%d9%8a%d8%a9\/","title":{"rendered":"Sac \u00e0 Dos Urbain Style D\u00e9contract\u00e9 Tissue Imperm\u00e9able Noir \u2013 \u062d\u0642\u064a\u0628\u0629 \u0638\u0647\u0631 \u0631\u062c\u0627\u0644\u064a\u0629"},"content":{"rendered":"<figure class=\"attachment attachment--preview\" data-trix-attachment=\"{&quot;contentType&quot;:&quot;image&quot;,&quot;height&quot;:1024,&quot;url&quot;:&quot;https:\/\/sawaqli.fra1.cdn.digitaloceanspaces.com\/54791\/Sac-2440-12-12-600x600.jpg&quot;,&quot;width&quot;:1024}\" data-trix-content-type=\"image\"><img decoding=\"async\" class=\"aligncenter\" src=\"https:\/\/sawaqli.fra1.cdn.digitaloceanspaces.com\/54791\/Sac-2440-12-12-600x600.jpg\" width=\"1024\" height=\"1024\" \/><figcaption class=\"attachment__caption\"><\/figcaption><\/figure>\n<figure class=\"attachment attachment--preview\" data-trix-attachment=\"{&quot;contentType&quot;:&quot;image&quot;,&quot;height&quot;:1024,&quot;url&quot;:&quot;https:\/\/sawaqli.fra1.cdn.digitaloceanspaces.com\/54792\/Sac-2440-12-9-600x600.jpg&quot;,&quot;width&quot;:1024}\" data-trix-content-type=\"image\"><img decoding=\"async\" class=\"aligncenter\" src=\"https:\/\/sawaqli.fra1.cdn.digitaloceanspaces.com\/54792\/Sac-2440-12-9-600x600.jpg\" width=\"1024\" height=\"1024\" \/><figcaption class=\"attachment__caption\"><\/figcaption><\/figure>\n<figure class=\"attachment attachment--preview\" data-trix-attachment=\"{&quot;contentType&quot;:&quot;image&quot;,&quot;height&quot;:1024,&quot;url&quot;:&quot;https:\/\/sawaqli.fra1.cdn.digitaloceanspaces.com\/54793\/Sac-2440-12-10-600x600.jpg&quot;,&quot;width&quot;:1024}\" data-trix-content-type=\"image\"><img decoding=\"async\" class=\"aligncenter\" src=\"https:\/\/sawaqli.fra1.cdn.digitaloceanspaces.com\/54793\/Sac-2440-12-10-600x600.jpg\" width=\"1024\" height=\"1024\" \/><figcaption class=\"attachment__caption\"><\/figcaption><\/figure>\n<figure class=\"attachment attachment--preview\" data-trix-attachment=\"{&quot;contentType&quot;:&quot;image&quot;,&quot;height&quot;:1024,&quot;url&quot;:&quot;https:\/\/sawaqli.fra1.cdn.digitaloceanspaces.com\/54794\/Sac-2440-12-3-600x600.jpg&quot;,&quot;width&quot;:1024}\" data-trix-content-type=\"image\"><img decoding=\"async\" class=\"aligncenter\" src=\"https:\/\/sawaqli.fra1.cdn.digitaloceanspaces.com\/54794\/Sac-2440-12-3-600x600.jpg\" width=\"1024\" height=\"1024\" \/><figcaption class=\"attachment__caption\"><\/figcaption><\/figure>\n<figure class=\"attachment attachment--preview\" data-trix-attachment=\"{&quot;contentType&quot;:&quot;image&quot;,&quot;height&quot;:1024,&quot;url&quot;:&quot;https:\/\/sawaqli.fra1.cdn.digitaloceanspaces.com\/54795\/Sac-2440-12-5-600x600.jpg&quot;,&quot;width&quot;:1024}\" data-trix-content-type=\"image\"><img decoding=\"async\" class=\"aligncenter\" src=\"https:\/\/sawaqli.fra1.cdn.digitaloceanspaces.com\/54795\/Sac-2440-12-5-600x600.jpg\" width=\"1024\" height=\"1024\" \/><figcaption class=\"attachment__caption\"><\/figcaption><\/figure>\n<p style=\"text-align: center\">","protected":false},"excerpt":{"rendered":"<p>\ud83c\udf92 \u062d\u0642\u064a\u0628\u0629 \u0638\u0647\u0631 \u0639\u0635\u0631\u064a\u0629 \u0648\u0639\u0645\u0644\u064a\u0629 \u2013 \u062a\u0635\u0645\u064a\u0645 \u0623\u0646\u064a\u0642 \u0648\u0645\u0631\u064a\u062d\ud83d\udccc \u0627\u0644\u0648\u0635\u0641 : \u0627\u062c\u0645\u0639 \u0628\u064a\u0646 \u0627\u0644\u0623\u0646\u0627\u0642\u0629 \u0648\u0627\u0644\u0648\u0638\u0627\u0626\u0641 \u0627\u0644\u0639\u0645\u0644\u064a\u0629 \u0645\u0639 \u0647\u0630\u0647 \u0627\u0644\u062d\u0642\u064a\u0628\u0629 \u0630\u0627\u062a \u0627\u0644\u062a\u0635\u0645\u064a\u0645 \u0627\u0644\u0639\u0635\u0631\u064a \u0648\u0627\u0644\u0628\u0633\u064a\u0637. \u0645\u062b\u0627\u0644\u064a\u0629 \u0644\u0644\u0627\u0633\u062a\u062e\u062f\u0627\u0645 \u0627\u0644\u064a\u0648\u0645\u064a \u0633\u0648\u0627\u0621 \u0644\u0644\u0639\u0645\u0644 \u0623\u0648 \u0627\u0644\u062f\u0631\u0627\u0633\u0629 \u0623\u0648 \u0627\u0644\u062a\u0631\u0641\u064a\u0647\u060c \u062d\u064a\u062b \u062a\u0648\u0641\u0631 \u062a\u0646\u0638\u064a\u0645\u064b\u0627 \u0645\u062b\u0627\u0644\u064a\u064b\u0627 \u0648\u0631\u0627\u062d\u0629 \u0641\u0627\u0626\u0642\u0629 \u0623\u062b\u0646\u0627\u0621 \u0627\u0644\u062d\u0645\u0644.\u2728 \u0627\u0644\u0645\u0645\u064a\u0632\u0627\u062a :\ud83d\uddc2 \u062d\u062c\u0631\u0629 \u0631\u0626\u064a\u0633\u064a\u0629 \u0648\u0627\u0633\u0639\u0629 \u0628\u0633\u062d\u0627\u0628 \u0644\u062a\u062e\u0632\u064a\u0646 \u0645\u0633\u062a\u0644\u0632\u0645\u0627\u062a\u0643 \u0627\u0644\u0623\u0633\u0627\u0633\u064a\u0629.\ud83c\udfaf \u062c\u064a\u0628 \u0623\u0645\u0627\u0645\u064a \u0645\u0627\u0626\u0644 \u0644\u0633\u0647\u0648\u0644\u0629 \u0627\u0644\u0648\u0635\u0648\u0644 \u0625\u0644\u0649 \u0627\u0644\u0625\u0643\u0633\u0633\u0648\u0627\u0631\u0627\u062a.\ud83c\udff7 \u0634\u0631\u064a\u0637 \u062c\u0627\u0646\u0628\u064a \u0632\u062e\u0631\u0641\u064a \u064a\u0636\u064a\u0641 \u0644\u0645\u0633\u0629 \u0639\u0635\u0631\u064a\u0629.\ud83c\udf92 \u0623\u062d\u0632\u0645\u0629 \u0643\u062a\u0641 \u0642\u0627\u0628\u0644\u0629 \u0644\u0644\u062a\u0639\u062f\u064a\u0644 \u0648\u0645\u0628\u0637\u0646\u0629 \u0644\u0631\u0627\u062d\u0629 \u0642\u0635\u0648\u0649 \u0623\u062b\u0646\u0627\u0621 \u0627\u0644\u062d\u0645\u0644.\ud83d\udccb \u0627\u0644\u0645\u0648\u0627\u0635\u0641\u0627\u062a :\u0627\u0644\u0623\u0628\u0639\u0627\u062f : \u200e45 \u00d7 31 \u00d7 14 \u0633\u0645 \u062a\u0642\u0631\u064a\u0628\u064b\u0627\u0627\u0644\u0633\u0639\u0629 : \u064a\u062a\u0633\u0639 \u0644\u062c\u0647\u0627\u0632 \u0644\u0627\u0628\u062a\u0648\u0628 \u062d\u062a\u0649 \u200e15.6 \u0628\u0648\u0635\u0629\u0627\u0644\u062e\u0627\u0645\u0629 : \u0628\u0648\u0644\u064a\u0633\u062a\u0631 \u0645\u062a\u064a\u0646 \u0648\u0645\u0642\u0627\u0648\u0645 \u0644\u0644\u0645\u0627\u0621\u0627\u0644\u0633\u062d\u0627\u0628\u0627\u062a : \u0642\u0648\u064a\u0629 \u0645\u0639 \u0645\u0642\u0627\u0628\u0636 \u0645\u0631\u064a\u062d\u0629\u0627\u0644\u0648\u0632\u0646 : \u062e\u0641\u064a\u0641 \u0648\u0633\u0647\u0644 \u0627\u0644\u0627\u0633\u062a\u062e\u062f\u0627\u0645 \u0627\u0644\u064a\u0648\u0645\u064a<\/p>","protected":false},"featured_media":49734,"comment_status":"open","ping_status":"closed","template":"","meta":[],"product_brand":[],"product_cat":[2474],"product_tag":[],"class_list":{"0":"post-49735","1":"product","2":"type-product","3":"status-publish","4":"has-post-thumbnail","6":"product_cat-sac-a-dos-et-mode","8":"first","9":"outofstock","10":"sale","11":"taxable","12":"shipping-taxable","13":"purchasable","14":"product-type-simple"},"jetpack_sharing_enabled":true,"_links":{"self":[{"href":"https:\/\/shoponlinedz.com\/en\/wp-json\/wp\/v2\/product\/49735","targetHints":{"allow":["GET"]}}],"collection":[{"href":"https:\/\/shoponlinedz.com\/en\/wp-json\/wp\/v2\/product"}],"about":[{"href":"https:\/\/shoponlinedz.com\/en\/wp-json\/wp\/v2\/types\/product"}],"replies":[{"embeddable":true,"href":"https:\/\/shoponlinedz.com\/en\/wp-json\/wp\/v2\/comments?post=49735"}],"version-history":[{"count":0,"href":"https:\/\/shoponlinedz.com\/en\/wp-json\/wp\/v2\/product\/49735\/revisions"}],"wp:featuredmedia":[{"embeddable":true,"href":"https:\/\/shoponlinedz.com\/en\/wp-json\/wp\/v2\/media\/49734"}],"wp:attachment":[{"href":"https:\/\/shoponlinedz.com\/en\/wp-json\/wp\/v2\/media?parent=49735"}],"wp:term":[{"taxonomy":"product_brand","embeddable":true,"href":"https:\/\/shoponlinedz.com\/en\/wp-json\/wp\/v2\/product_brand?post=49735"},{"taxonomy":"product_cat","embeddable":true,"href":"https:\/\/shoponlinedz.com\/en\/wp-json\/wp\/v2\/product_cat?post=49735"},{"taxonomy":"product_tag","embeddable":true,"href":"https:\/\/shoponlinedz.com\/en\/wp-json\/wp\/v2\/product_tag?post=49735"}],"curies":[{"name":"wp","href":"https:\/\/api.w.org\/{rel}","templated":true}]}}