{"id":49579,"date":"2026-01-05T16:58:23","date_gmt":"2026-01-05T16:58:23","guid":{"rendered":"https:\/\/shoponlinedz.com\/product\/poignee-de-porte-en-silicone-avec-ventouse-pour-absorber-le-choc-1pcs-%d9%85%d9%82%d8%a8%d8%b6-%d9%85%d9%86-%d8%b3%d9%8a%d9%84%d9%8a%d9%83%d9%88%d9%86-%d9%84%d8%ad%d9%85%d8%a7%d9%8a%d8%a9\/"},"modified":"2026-01-28T12:14:45","modified_gmt":"2026-01-28T12:14:45","slug":"poignee-de-porte-en-silicone-avec-ventouse-pour-absorber-le-choc-1pcs-%d9%85%d9%82%d8%a8%d8%b6-%d9%85%d9%86-%d8%b3%d9%8a%d9%84%d9%8a%d9%83%d9%88%d9%86-%d9%84%d8%ad%d9%85%d8%a7%d9%8a%d8%a9","status":"publish","type":"product","link":"https:\/\/shoponlinedz.com\/en\/product\/poignee-de-porte-en-silicone-avec-ventouse-pour-absorber-le-choc-1pcs-%d9%85%d9%82%d8%a8%d8%b6-%d9%85%d9%86-%d8%b3%d9%8a%d9%84%d9%8a%d9%83%d9%88%d9%86-%d9%84%d8%ad%d9%85%d8%a7%d9%8a%d8%a9\/","title":{"rendered":"Poign\u00e9e de porte en silicone avec ventouse pour absorber le choc 1Pcs \u2013 \u0645\u0642\u0628\u0636 \u0645\u0646 \u0633\u064a\u0644\u064a\u0643\u0648\u0646 \u0644\u062d\u0645\u0627\u064a\u0629 \u0627\u0644\u062d\u0627\u0626\u0637"},"content":{"rendered":"<figure class=\"attachment attachment--preview\" data-trix-attachment=\"{&quot;contentType&quot;:&quot;image&quot;,&quot;height&quot;:1024,&quot;url&quot;:&quot;https:\/\/sawaqli.fra1.cdn.digitaloceanspaces.com\/55386\/Silicone-Pass-cnc-1.jpg&quot;,&quot;width&quot;:1024}\" data-trix-content-type=\"image\"><img decoding=\"async\" class=\"aligncenter\" src=\"https:\/\/sawaqli.fra1.cdn.digitaloceanspaces.com\/55386\/Silicone-Pass-cnc-1.jpg\" width=\"1024\" height=\"1024\" \/><figcaption class=\"attachment__caption\"><\/figcaption><\/figure>\n<figure class=\"attachment attachment--preview\" data-trix-attachment=\"{&quot;contentType&quot;:&quot;image&quot;,&quot;height&quot;:1024,&quot;url&quot;:&quot;https:\/\/sawaqli.fra1.cdn.digitaloceanspaces.com\/55383\/Silicone-Pass-5.jpg&quot;,&quot;width&quot;:1024}\" data-trix-content-type=\"image\"><img decoding=\"async\" class=\"aligncenter\" src=\"https:\/\/sawaqli.fra1.cdn.digitaloceanspaces.com\/55383\/Silicone-Pass-5.jpg\" width=\"1024\" height=\"1024\" \/><figcaption class=\"attachment__caption\"><\/figcaption><\/figure>\n<figure class=\"attachment attachment--preview\" data-trix-attachment=\"{&quot;contentType&quot;:&quot;image&quot;,&quot;height&quot;:1024,&quot;url&quot;:&quot;https:\/\/sawaqli.fra1.cdn.digitaloceanspaces.com\/55382\/Silicone-Pass-3.jpg&quot;,&quot;width&quot;:1024}\" data-trix-content-type=\"image\"><img decoding=\"async\" class=\"aligncenter\" src=\"https:\/\/sawaqli.fra1.cdn.digitaloceanspaces.com\/55382\/Silicone-Pass-3.jpg\" width=\"1024\" height=\"1024\" \/><figcaption class=\"attachment__caption\"><\/figcaption><\/figure>\n<figure class=\"attachment attachment--preview\" data-trix-attachment=\"{&quot;contentType&quot;:&quot;image&quot;,&quot;height&quot;:1024,&quot;url&quot;:&quot;https:\/\/sawaqli.fra1.cdn.digitaloceanspaces.com\/55384\/Silicone-Pass-4.jpg&quot;,&quot;width&quot;:1024}\" data-trix-content-type=\"image\"><img decoding=\"async\" class=\"aligncenter\" src=\"https:\/\/sawaqli.fra1.cdn.digitaloceanspaces.com\/55384\/Silicone-Pass-4.jpg\" width=\"1024\" height=\"1024\" \/><figcaption class=\"attachment__caption\"><\/figcaption><\/figure>\n<figure class=\"attachment attachment--preview\" data-trix-attachment=\"{&quot;contentType&quot;:&quot;image&quot;,&quot;height&quot;:1024,&quot;url&quot;:&quot;https:\/\/sawaqli.fra1.cdn.digitaloceanspaces.com\/55385\/Silicone-Pass-8.jpg&quot;,&quot;width&quot;:1024}\" data-trix-content-type=\"image\"><img decoding=\"async\" class=\"aligncenter\" src=\"https:\/\/sawaqli.fra1.cdn.digitaloceanspaces.com\/55385\/Silicone-Pass-8.jpg\" width=\"1024\" height=\"1024\" \/><figcaption class=\"attachment__caption\"><\/figcaption><\/figure>\n<p style=\"text-align: center;\">","protected":false},"excerpt":{"rendered":"<p>\ud83d\udeaa Protecteur de poign\u00e9e de porte \u00e0 ventouse \u2013 Pratique &#038; Polyvalent\u2714\ufe0f Conception intelligente \u00e0 ventouse : absorbe les chocs et r\u00e9duit le bruit lorsque la poign\u00e9e touche le mur. La ventouse reste bien fix\u00e9e pour prot\u00e9ger vos murs et emp\u00eacher la porte de se soulever. \u2714\ufe0f Anti-\u00e9lectricit\u00e9 statique : garde votre int\u00e9rieur confortable en hiver tout en \u00e9vitant l\u2019accumulation d\u2019\u00e9lectricit\u00e9 statique. \u2714\ufe0f Installation facile &#038; sans per\u00e7age : aucun outil requis. Glissez simplement le manchon sur la poign\u00e9e de porte ou de fen\u00eatre, retirez-le \u00e0 tout moment sans laisser de traces. \u2714\ufe0f Polyvalent : convient aux portes, fen\u00eatres et divers usages domestiques.\ud83d\udccf Dimensions : 10 x 8 x 15 cm \u2696\ufe0f Poids : 111 g\u27a1\ufe0f Une solution simple et efficace pour prot\u00e9ger vos murs, vos portes et am\u00e9liorer le confort de votre maison.<\/p>","protected":false},"featured_media":49578,"comment_status":"open","ping_status":"closed","template":"","meta":[],"product_brand":[],"product_cat":[2455],"product_tag":[],"class_list":{"0":"post-49579","1":"product","2":"type-product","3":"status-publish","4":"has-post-thumbnail","6":"product_cat-maison","8":"first","9":"instock","10":"sale","11":"taxable","12":"shipping-taxable","13":"purchasable","14":"product-type-simple"},"jetpack_sharing_enabled":true,"_links":{"self":[{"href":"https:\/\/shoponlinedz.com\/en\/wp-json\/wp\/v2\/product\/49579","targetHints":{"allow":["GET"]}}],"collection":[{"href":"https:\/\/shoponlinedz.com\/en\/wp-json\/wp\/v2\/product"}],"about":[{"href":"https:\/\/shoponlinedz.com\/en\/wp-json\/wp\/v2\/types\/product"}],"replies":[{"embeddable":true,"href":"https:\/\/shoponlinedz.com\/en\/wp-json\/wp\/v2\/comments?post=49579"}],"version-history":[{"count":0,"href":"https:\/\/shoponlinedz.com\/en\/wp-json\/wp\/v2\/product\/49579\/revisions"}],"wp:featuredmedia":[{"embeddable":true,"href":"https:\/\/shoponlinedz.com\/en\/wp-json\/wp\/v2\/media\/49578"}],"wp:attachment":[{"href":"https:\/\/shoponlinedz.com\/en\/wp-json\/wp\/v2\/media?parent=49579"}],"wp:term":[{"taxonomy":"product_brand","embeddable":true,"href":"https:\/\/shoponlinedz.com\/en\/wp-json\/wp\/v2\/product_brand?post=49579"},{"taxonomy":"product_cat","embeddable":true,"href":"https:\/\/shoponlinedz.com\/en\/wp-json\/wp\/v2\/product_cat?post=49579"},{"taxonomy":"product_tag","embeddable":true,"href":"https:\/\/shoponlinedz.com\/en\/wp-json\/wp\/v2\/product_tag?post=49579"}],"curies":[{"name":"wp","href":"https:\/\/api.w.org\/{rel}","templated":true}]}}