{"id":49569,"date":"2026-01-05T16:58:04","date_gmt":"2026-01-05T16:58:04","guid":{"rendered":"https:\/\/shoponlinedz.com\/product\/projecteur-led-en-forme-dailes-dange-pour-retroviseur-lateral-de-voiture-%d8%a3%d8%b6%d9%88%d8%a7%d8%a1-%d8%ae%d8%a7%d8%b1%d8%ac%d9%8a%d8%a9-%d9%84%d9%84%d8%b3%d9%8a%d8%a7\/"},"modified":"2026-01-28T12:14:45","modified_gmt":"2026-01-28T12:14:45","slug":"projecteur-led-en-forme-dailes-dange-pour-retroviseur-lateral-de-voiture-%d8%a3%d8%b6%d9%88%d8%a7%d8%a1-%d8%ae%d8%a7%d8%b1%d8%ac%d9%8a%d8%a9-%d9%84%d9%84%d8%b3%d9%8a%d8%a7","status":"publish","type":"product","link":"https:\/\/shoponlinedz.com\/en\/product\/projecteur-led-en-forme-dailes-dange-pour-retroviseur-lateral-de-voiture-%d8%a3%d8%b6%d9%88%d8%a7%d8%a1-%d8%ae%d8%a7%d8%b1%d8%ac%d9%8a%d8%a9-%d9%84%d9%84%d8%b3%d9%8a%d8%a7\/","title":{"rendered":"Projecteur LED en forme d\u2019ailes d\u2019ange pour r\u00e9troviseur lat\u00e9ral de voiture \u2013 \u0623\u0636\u0648\u0627\u0621 \u062e\u0627\u0631\u062c\u064a\u0629 \u0644\u0644\u0633\u064a\u0627\u0631\u0629 \u0639\u0644\u0649 \u0634\u0643\u0644 \u0623\u062c\u0646\u062d\u0629"},"content":{"rendered":"<figure class=\"attachment attachment--preview\" data-trix-attachment=\"{&quot;contentType&quot;:&quot;image&quot;,&quot;height&quot;:1024,&quot;url&quot;:&quot;https:\/\/sawaqli.fra1.cdn.digitaloceanspaces.com\/55291\/Angel-Wing-cnc3.jpg&quot;,&quot;width&quot;:1024}\" data-trix-content-type=\"image\"><img decoding=\"async\" class=\"aligncenter\" src=\"https:\/\/sawaqli.fra1.cdn.digitaloceanspaces.com\/55291\/Angel-Wing-cnc3.jpg\" width=\"1024\" height=\"1024\" \/><figcaption class=\"attachment__caption\"><\/figcaption><\/figure>\n<figure class=\"attachment attachment--preview\" data-trix-attachment=\"{&quot;contentType&quot;:&quot;image&quot;,&quot;height&quot;:1024,&quot;url&quot;:&quot;https:\/\/sawaqli.fra1.cdn.digitaloceanspaces.com\/55292\/Angel-Wing-9.jpg&quot;,&quot;width&quot;:1024}\" data-trix-content-type=\"image\"><img decoding=\"async\" class=\"aligncenter\" src=\"https:\/\/sawaqli.fra1.cdn.digitaloceanspaces.com\/55292\/Angel-Wing-9.jpg\" width=\"1024\" height=\"1024\" \/><figcaption class=\"attachment__caption\"><\/figcaption><\/figure>\n<figure class=\"attachment attachment--preview\" data-trix-attachment=\"{&quot;contentType&quot;:&quot;image&quot;,&quot;height&quot;:1024,&quot;url&quot;:&quot;https:\/\/sawaqli.fra1.cdn.digitaloceanspaces.com\/55293\/Angel-Wing-10.jpg&quot;,&quot;width&quot;:1024}\" data-trix-content-type=\"image\"><img decoding=\"async\" class=\"aligncenter\" src=\"https:\/\/sawaqli.fra1.cdn.digitaloceanspaces.com\/55293\/Angel-Wing-10.jpg\" width=\"1024\" height=\"1024\" \/><figcaption class=\"attachment__caption\"><\/figcaption><\/figure>\n<figure class=\"attachment attachment--preview\" data-trix-attachment=\"{&quot;contentType&quot;:&quot;image&quot;,&quot;height&quot;:1024,&quot;url&quot;:&quot;https:\/\/sawaqli.fra1.cdn.digitaloceanspaces.com\/55294\/Angel-Wing-6.jpg&quot;,&quot;width&quot;:1024}\" data-trix-content-type=\"image\"><img decoding=\"async\" class=\"aligncenter\" src=\"https:\/\/sawaqli.fra1.cdn.digitaloceanspaces.com\/55294\/Angel-Wing-6.jpg\" width=\"1024\" height=\"1024\" \/><figcaption class=\"attachment__caption\"><\/figcaption><\/figure>\n<figure class=\"attachment attachment--preview\" data-trix-attachment=\"{&quot;contentType&quot;:&quot;image&quot;,&quot;height&quot;:1024,&quot;url&quot;:&quot;https:\/\/sawaqli.fra1.cdn.digitaloceanspaces.com\/55295\/Angel-Wing-8.jpg&quot;,&quot;width&quot;:1024}\" data-trix-content-type=\"image\"><img decoding=\"async\" class=\"aligncenter\" src=\"https:\/\/sawaqli.fra1.cdn.digitaloceanspaces.com\/55295\/Angel-Wing-8.jpg\" width=\"1024\" height=\"1024\" \/><figcaption class=\"attachment__caption\"><\/figcaption><\/figure>\n<p style=\"text-align: center;\">","protected":false},"excerpt":{"rendered":"<p>Performances optimales et qualit\u00e9 optimale : cet \u00e9clairage Guance pour ailes de voiture allie puissance lumineuse \u00e9lev\u00e9e et faible consommation d\u2019\u00e9nergie, garantissant brillance et efficacit\u00e9. Gr\u00e2ce \u00e0 son projecteur HD, il \u00e9claire intens\u00e9ment tout en consommant un minimum d\u2019\u00e9nergie. R\u00e9sultat : une fonctionnalit\u00e9 durable et des \u00e9conomies d\u2019\u00e9nergie.Installation Plug and Play facile : Con\u00e7u pour la simplicit\u00e9, ce luminaire s\u2019installe facilement, sans c\u00e2blage complexe ni expertise technique. Il est facile \u00e0 installer, sans l\u2019aide d\u2019un professionnel, pour un gain de temps et d\u2019efforts. Branchez-le et profitez de son \u00e9clairage exceptionnel.Design double aile d\u2019ange : Dot\u00e9 non pas d\u2019un, mais de deux feux en forme d\u2019aile d\u2019ange, ce produit rehausse l\u2019esth\u00e9tique de votre v\u00e9hicule. Les doubles ailes ajoutent une touche d\u2019originalit\u00e9 et de sophistication, permettant \u00e0 votre voiture ou \u00e0 votre moto de se d\u00e9marquer o\u00f9 que vous alliez.Installation facile : Gr\u00e2ce \u00e0 sa fonctionnalit\u00e9 plug-and-play, l\u2019installation de ce luminaire est un jeu d\u2019enfant. Le processus est simple et fluide, garantissant une exp\u00e9rience optimale du d\u00e9but \u00e0 la fin. Dites adieu aux configurations complexes et profitez d\u2019une installation simplifi\u00e9e gr\u00e2ce \u00e0 cette solution d\u2019\u00e9clairage innovante.Faible consommation : Malgr\u00e9 sa luminosit\u00e9 impressionnante, cet \u00e9clairage ne consomme que 5 W, ce qui le rend incroyablement \u00e9conome en \u00e9nergie. Profitez d\u2019un \u00e9clairage \u00e9clatant sans vous soucier d\u2019une consommation d\u2019\u00e9nergie \u00e9lev\u00e9e ni de factures d\u2019\u00e9lectricit\u00e9 plus \u00e9lev\u00e9es. C\u2019est l\u2019alliance parfaite entre performance et respect de l\u2019environnement pour votre v\u00e9hicule.Sp\u00e9cifications :Puissance : 3 (watts)Tension : 12 (V)Courant : 0,2 (A)Mat\u00e9riau : aluminium\u2013 Installation facile : remplace directement la lumi\u00e8re de flaque de pot de r\u00e9troviseur d\u2019origine, aucun per\u00e7age requis, aucune r\u00e9sistance suppl\u00e9mentaire requise.\u2013 Conception \u00e9tanche et r\u00e9sistante aux chocs (choc\/vibration \u00e9lev\u00e9e).-Excellente puce LED.\u2013 Pas de pollution, pas de bruit, pas d\u2019interf\u00e9rence \u00e9lectronique. Le paquet contient :2 lampes d\u2019ailes d\u2019ange.<\/p>","protected":false},"featured_media":49568,"comment_status":"open","ping_status":"closed","template":"","meta":[],"product_brand":[],"product_cat":[2458],"product_tag":[],"class_list":{"0":"post-49569","1":"product","2":"type-product","3":"status-publish","4":"has-post-thumbnail","6":"product_cat-accessoires-auto-moto","8":"first","9":"instock","10":"sale","11":"taxable","12":"shipping-taxable","13":"purchasable","14":"product-type-simple"},"jetpack_sharing_enabled":true,"_links":{"self":[{"href":"https:\/\/shoponlinedz.com\/en\/wp-json\/wp\/v2\/product\/49569","targetHints":{"allow":["GET"]}}],"collection":[{"href":"https:\/\/shoponlinedz.com\/en\/wp-json\/wp\/v2\/product"}],"about":[{"href":"https:\/\/shoponlinedz.com\/en\/wp-json\/wp\/v2\/types\/product"}],"replies":[{"embeddable":true,"href":"https:\/\/shoponlinedz.com\/en\/wp-json\/wp\/v2\/comments?post=49569"}],"version-history":[{"count":0,"href":"https:\/\/shoponlinedz.com\/en\/wp-json\/wp\/v2\/product\/49569\/revisions"}],"wp:featuredmedia":[{"embeddable":true,"href":"https:\/\/shoponlinedz.com\/en\/wp-json\/wp\/v2\/media\/49568"}],"wp:attachment":[{"href":"https:\/\/shoponlinedz.com\/en\/wp-json\/wp\/v2\/media?parent=49569"}],"wp:term":[{"taxonomy":"product_brand","embeddable":true,"href":"https:\/\/shoponlinedz.com\/en\/wp-json\/wp\/v2\/product_brand?post=49569"},{"taxonomy":"product_cat","embeddable":true,"href":"https:\/\/shoponlinedz.com\/en\/wp-json\/wp\/v2\/product_cat?post=49569"},{"taxonomy":"product_tag","embeddable":true,"href":"https:\/\/shoponlinedz.com\/en\/wp-json\/wp\/v2\/product_tag?post=49569"}],"curies":[{"name":"wp","href":"https:\/\/api.w.org\/{rel}","templated":true}]}}