{"id":49555,"date":"2026-01-05T16:57:36","date_gmt":"2026-01-05T16:57:36","guid":{"rendered":"https:\/\/shoponlinedz.com\/product\/sac-a-dejeuner-isotherme-portable-avec-bandouliere-%d8%ad%d9%82%d9%8a%d8%a8%d8%a9-%d8%ad%d9%81%d8%b8-%d8%a7%d9%84%d8%b7%d8%b9%d8%a7%d9%85-%d8%ad%d8%a7%d9%81%d8%b8%d8%a9-%d9%84%d9%84%d8%ad\/"},"modified":"2026-01-28T12:14:45","modified_gmt":"2026-01-28T12:14:45","slug":"sac-a-dejeuner-isotherme-portable-avec-bandouliere-%d8%ad%d9%82%d9%8a%d8%a8%d8%a9-%d8%ad%d9%81%d8%b8-%d8%a7%d9%84%d8%b7%d8%b9%d8%a7%d9%85-%d8%ad%d8%a7%d9%81%d8%b8%d8%a9-%d9%84%d9%84%d8%ad","status":"publish","type":"product","link":"https:\/\/shoponlinedz.com\/en\/product\/sac-a-dejeuner-isotherme-portable-avec-bandouliere-%d8%ad%d9%82%d9%8a%d8%a8%d8%a9-%d8%ad%d9%81%d8%b8-%d8%a7%d9%84%d8%b7%d8%b9%d8%a7%d9%85-%d8%ad%d8%a7%d9%81%d8%b8%d8%a9-%d9%84%d9%84%d8%ad\/","title":{"rendered":"Sac \u00e0 d\u00e9jeuner isotherme portable avec bandouli\u00e8re \u2013 \u062d\u0642\u064a\u0628\u0629 \u062d\u0641\u0638 \u0627\u0644\u0637\u0639\u0627\u0645 \u062d\u0627\u0641\u0638\u0629 \u0644\u0644\u062d\u0631\u0627\u0631\u0629"},"content":{"rendered":"<figure class=\"attachment attachment--preview\" data-trix-attachment=\"{&quot;contentType&quot;:&quot;image&quot;,&quot;height&quot;:1024,&quot;url&quot;:&quot;https:\/\/sawaqli.fra1.cdn.digitaloceanspaces.com\/55375\/Sac-Iso-Sharing-cnc.jpg&quot;,&quot;width&quot;:1024}\" data-trix-content-type=\"image\"><img decoding=\"async\" class=\"aligncenter\" src=\"https:\/\/sawaqli.fra1.cdn.digitaloceanspaces.com\/55375\/Sac-Iso-Sharing-cnc.jpg\" width=\"1024\" height=\"1024\" \/><figcaption class=\"attachment__caption\"><\/figcaption><\/figure>\n<figure class=\"attachment attachment--preview\" data-trix-attachment=\"{&quot;contentType&quot;:&quot;image&quot;,&quot;height&quot;:1024,&quot;url&quot;:&quot;https:\/\/sawaqli.fra1.cdn.digitaloceanspaces.com\/55376\/Sac-Iso-Sharing-6.jpg&quot;,&quot;width&quot;:1024}\" data-trix-content-type=\"image\"><img decoding=\"async\" class=\"aligncenter\" src=\"https:\/\/sawaqli.fra1.cdn.digitaloceanspaces.com\/55376\/Sac-Iso-Sharing-6.jpg\" width=\"1024\" height=\"1024\" \/><figcaption class=\"attachment__caption\"><\/figcaption><\/figure>\n<figure class=\"attachment attachment--preview\" data-trix-attachment=\"{&quot;contentType&quot;:&quot;image&quot;,&quot;height&quot;:1024,&quot;url&quot;:&quot;https:\/\/sawaqli.fra1.cdn.digitaloceanspaces.com\/55377\/Sac-Iso-Sharing-1.jpg&quot;,&quot;width&quot;:1024}\" data-trix-content-type=\"image\"><img decoding=\"async\" class=\"aligncenter\" src=\"https:\/\/sawaqli.fra1.cdn.digitaloceanspaces.com\/55377\/Sac-Iso-Sharing-1.jpg\" width=\"1024\" height=\"1024\" \/><figcaption class=\"attachment__caption\"><\/figcaption><\/figure>\n<figure class=\"attachment attachment--preview\" data-trix-attachment=\"{&quot;contentType&quot;:&quot;image&quot;,&quot;height&quot;:1024,&quot;url&quot;:&quot;https:\/\/sawaqli.fra1.cdn.digitaloceanspaces.com\/55378\/Sac-Iso-Sharing-0.jpg&quot;,&quot;width&quot;:1024}\" data-trix-content-type=\"image\"><img decoding=\"async\" class=\"aligncenter\" src=\"https:\/\/sawaqli.fra1.cdn.digitaloceanspaces.com\/55378\/Sac-Iso-Sharing-0.jpg\" width=\"1024\" height=\"1024\" \/><figcaption class=\"attachment__caption\"><\/figcaption><\/figure>\n<figure class=\"attachment attachment--preview\" data-trix-attachment=\"{&quot;contentType&quot;:&quot;image&quot;,&quot;height&quot;:1024,&quot;url&quot;:&quot;https:\/\/sawaqli.fra1.cdn.digitaloceanspaces.com\/55379\/Sac-Iso-Sharing-2.jpg&quot;,&quot;width&quot;:1024}\" data-trix-content-type=\"image\"><img decoding=\"async\" class=\"aligncenter\" src=\"https:\/\/sawaqli.fra1.cdn.digitaloceanspaces.com\/55379\/Sac-Iso-Sharing-2.jpg\" width=\"1024\" height=\"1024\" \/><figcaption class=\"attachment__caption\"><\/figcaption><\/figure>\n<p style=\"text-align: center;\">","protected":false},"excerpt":{"rendered":"<p>\ud83e\udd6a Sac \u00e0 d\u00e9jeuner isotherme \u2013 pratique et \u00e9l\u00e9gant\u2714\ufe0f Isolation thermique parfaite : garde vos repas et boissons au chaud ou au frais pendant des heures. \u2714\ufe0f Mat\u00e9riaux premium : tissu Oxford de haute qualit\u00e9, durable et non toxique. \u2714\ufe0f Hygi\u00e8ne garantie : doublure int\u00e9rieure facile \u00e0 nettoyer, sans odeurs ni taches persistantes. \u2714\ufe0f Double mode de transport : poign\u00e9e sup\u00e9rieure + bandouli\u00e8re r\u00e9glable et d\u00e9tachable (90 cm) pour un confort maximal. \u2714\ufe0f Compact mais spacieux : capacit\u00e9 7 L, id\u00e9al pour emporter vos repas, collations et boissons partout. \u2714\ufe0f Design pratique : double fermeture \u00e9clair robuste et finitions soign\u00e9es.\ud83d\udccf Dimensions : 19 x 17 cm \ud83c\udfa8 Couleurs disponibles : Rouge, Bleu, Gris, Noir\u27a1\ufe0f Id\u00e9al pour le travail, l\u2019\u00e9cole, le voyage ou m\u00eame les pique-niques !<\/p>","protected":false},"featured_media":49554,"comment_status":"open","ping_status":"closed","template":"","meta":[],"product_brand":[],"product_cat":[2455],"product_tag":[],"class_list":{"0":"post-49555","1":"product","2":"type-product","3":"status-publish","4":"has-post-thumbnail","6":"product_cat-maison","8":"first","9":"instock","10":"sale","11":"taxable","12":"shipping-taxable","13":"purchasable","14":"product-type-simple"},"jetpack_sharing_enabled":true,"_links":{"self":[{"href":"https:\/\/shoponlinedz.com\/en\/wp-json\/wp\/v2\/product\/49555","targetHints":{"allow":["GET"]}}],"collection":[{"href":"https:\/\/shoponlinedz.com\/en\/wp-json\/wp\/v2\/product"}],"about":[{"href":"https:\/\/shoponlinedz.com\/en\/wp-json\/wp\/v2\/types\/product"}],"replies":[{"embeddable":true,"href":"https:\/\/shoponlinedz.com\/en\/wp-json\/wp\/v2\/comments?post=49555"}],"version-history":[{"count":0,"href":"https:\/\/shoponlinedz.com\/en\/wp-json\/wp\/v2\/product\/49555\/revisions"}],"wp:featuredmedia":[{"embeddable":true,"href":"https:\/\/shoponlinedz.com\/en\/wp-json\/wp\/v2\/media\/49554"}],"wp:attachment":[{"href":"https:\/\/shoponlinedz.com\/en\/wp-json\/wp\/v2\/media?parent=49555"}],"wp:term":[{"taxonomy":"product_brand","embeddable":true,"href":"https:\/\/shoponlinedz.com\/en\/wp-json\/wp\/v2\/product_brand?post=49555"},{"taxonomy":"product_cat","embeddable":true,"href":"https:\/\/shoponlinedz.com\/en\/wp-json\/wp\/v2\/product_cat?post=49555"},{"taxonomy":"product_tag","embeddable":true,"href":"https:\/\/shoponlinedz.com\/en\/wp-json\/wp\/v2\/product_tag?post=49555"}],"curies":[{"name":"wp","href":"https:\/\/api.w.org\/{rel}","templated":true}]}}