{"id":49506,"date":"2026-01-05T16:56:00","date_gmt":"2026-01-05T16:56:00","guid":{"rendered":"https:\/\/shoponlinedz.com\/product\/cartable-homme-en-simili-cuir-design-elegant-jeep-marron-fonce-%d8%ad%d9%82%d9%8a%d8%a8%d8%a9-%d8%ac%d9%84%d8%af%d9%8a%d8%a9-%d9%84%d9%88%d9%86-%d8%a8%d9%86%d9%8a-%d8%af%d8%a7%d9%83%d9%86\/"},"modified":"2026-01-28T12:14:47","modified_gmt":"2026-01-28T12:14:47","slug":"cartable-homme-en-simili-cuir-design-elegant-jeep-marron-fonce-%d8%ad%d9%82%d9%8a%d8%a8%d8%a9-%d8%ac%d9%84%d8%af%d9%8a%d8%a9-%d9%84%d9%88%d9%86-%d8%a8%d9%86%d9%8a-%d8%af%d8%a7%d9%83%d9%86","status":"publish","type":"product","link":"https:\/\/shoponlinedz.com\/en\/product\/cartable-homme-en-simili-cuir-design-elegant-jeep-marron-fonce-%d8%ad%d9%82%d9%8a%d8%a8%d8%a9-%d8%ac%d9%84%d8%af%d9%8a%d8%a9-%d9%84%d9%88%d9%86-%d8%a8%d9%86%d9%8a-%d8%af%d8%a7%d9%83%d9%86\/","title":{"rendered":"Cartable Homme en Simili Cuir Design \u00c9l\u00e9gant Jeep Marron Fonc\u00e9 \u2013 \u062d\u0642\u064a\u0628\u0629 \u062c\u0644\u062f\u064a\u0629 \u0644\u0648\u0646 \u0628\u0646\u064a \u062f\u0627\u0643\u0646"},"content":{"rendered":"<figure class=\"attachment attachment--preview\" data-trix-attachment=\"{&quot;contentType&quot;:&quot;image&quot;,&quot;height&quot;:1024,&quot;url&quot;:&quot;https:\/\/sawaqli.fra1.cdn.digitaloceanspaces.com\/55526\/jeep-semili-new-5jeep-semili-new-6.jpg&quot;,&quot;width&quot;:1024}\" data-trix-content-type=\"image\"><img decoding=\"async\" class=\"aligncenter\" src=\"https:\/\/sawaqli.fra1.cdn.digitaloceanspaces.com\/55526\/jeep-semili-new-5jeep-semili-new-6.jpg\" width=\"1024\" height=\"1024\" \/><figcaption class=\"attachment__caption\"><\/figcaption><\/figure>\n<figure class=\"attachment attachment--preview\" data-trix-attachment=\"{&quot;contentType&quot;:&quot;image&quot;,&quot;height&quot;:1024,&quot;url&quot;:&quot;https:\/\/sawaqli.fra1.cdn.digitaloceanspaces.com\/55523\/jeep-semili-new-3.jpg&quot;,&quot;width&quot;:1024}\" data-trix-content-type=\"image\"><img decoding=\"async\" class=\"aligncenter\" src=\"https:\/\/sawaqli.fra1.cdn.digitaloceanspaces.com\/55523\/jeep-semili-new-3.jpg\" width=\"1024\" height=\"1024\" \/><figcaption class=\"attachment__caption\"><\/figcaption><\/figure>\n<figure class=\"attachment attachment--preview\" data-trix-attachment=\"{&quot;contentType&quot;:&quot;image&quot;,&quot;height&quot;:1024,&quot;url&quot;:&quot;https:\/\/sawaqli.fra1.cdn.digitaloceanspaces.com\/55524\/jeep-semili-new-1.jpg&quot;,&quot;width&quot;:1024}\" data-trix-content-type=\"image\"><img decoding=\"async\" class=\"aligncenter\" src=\"https:\/\/sawaqli.fra1.cdn.digitaloceanspaces.com\/55524\/jeep-semili-new-1.jpg\" width=\"1024\" height=\"1024\" \/><figcaption class=\"attachment__caption\"><\/figcaption><\/figure>\n<figure class=\"attachment attachment--preview\" data-trix-attachment=\"{&quot;contentType&quot;:&quot;image&quot;,&quot;height&quot;:1024,&quot;url&quot;:&quot;https:\/\/sawaqli.fra1.cdn.digitaloceanspaces.com\/55525\/jeep-semili-new-5.jpg&quot;,&quot;width&quot;:1024}\" data-trix-content-type=\"image\"><img decoding=\"async\" class=\"aligncenter\" src=\"https:\/\/sawaqli.fra1.cdn.digitaloceanspaces.com\/55525\/jeep-semili-new-5.jpg\" width=\"1024\" height=\"1024\" \/><figcaption class=\"attachment__caption\"><\/figcaption><\/figure>\n<figure class=\"attachment attachment--preview\" data-trix-attachment=\"{&quot;contentType&quot;:&quot;image&quot;,&quot;height&quot;:1024,&quot;url&quot;:&quot;https:\/\/sawaqli.fra1.cdn.digitaloceanspaces.com\/56130\/DJS2.jpeg&quot;,&quot;width&quot;:1024}\" data-trix-content-type=\"image\"><img decoding=\"async\" class=\"aligncenter\" src=\"https:\/\/sawaqli.fra1.cdn.digitaloceanspaces.com\/56130\/DJS2.jpeg\" width=\"1024\" height=\"1024\" \/><figcaption class=\"attachment__caption\"><\/figcaption><\/figure>\n<p style=\"text-align: center;\">","protected":false},"excerpt":{"rendered":"<p>\ud83d\udcbc \u062d\u0642\u064a\u0628\u0629 \u0623\u0639\u0645\u0627\u0644 \u062c\u0644\u062f \u0635\u0646\u0627\u0639\u064a \u0641\u0627\u062e\u0631 \u0645\u0646 Jeep\u2728 \u0627\u0644\u0623\u0646\u0627\u0642\u0629 \u0648\u0627\u0644\u0639\u0645\u0644\u064a\u0629 \u0641\u064a \u0622\u0646 \u0648\u0627\u062d\u062f \u0627\u0639\u062a\u0645\u062f \u0623\u0633\u0644\u0648\u0628\u064b\u0627 \u0627\u062d\u062a\u0631\u0627\u0641\u064a\u064b\u0627 \u0645\u0639 \u0647\u0630\u0647 \u0627\u0644\u062d\u0642\u064a\u0628\u0629 \u0627\u0644\u0645\u0635\u0646\u0648\u0639\u0629 \u0645\u0646 \u062c\u0644\u062f \u0635\u0646\u0627\u0639\u064a \u0639\u0627\u0644\u064a \u0627\u0644\u062c\u0648\u062f\u0629 \u0648\u0627\u0644\u0645\u0648\u0642\u0639\u0629 \u0645\u0646 Jeep. \u0645\u062b\u0627\u0644\u064a\u0629 \u0644\u0644\u0645\u0643\u062a\u0628\u060c \u0627\u0644\u0627\u062c\u062a\u0645\u0627\u0639\u0627\u062a \u0623\u0648 \u0627\u0644\u062a\u0646\u0642\u0644 \u0627\u0644\u064a\u0648\u0645\u064a\u060c \u062a\u062c\u0645\u0639 \u0628\u064a\u0646 \u0627\u0644\u0623\u0646\u0627\u0642\u0629\u060c \u0627\u0644\u0645\u062a\u0627\u0646\u0629\u060c \u0648\u0627\u0644\u0648\u0638\u0627\u0626\u0641 \u0627\u0644\u0639\u0645\u0644\u064a\u0629.\ud83d\udd39 \u0627\u0644\u0645\u0645\u064a\u0632\u0627\u062a :\u062a\u0635\u0645\u064a\u0645 \u0623\u0646\u064a\u0642 \u0648\u0639\u0635\u0631\u064a.\u062d\u062c\u0645 \u0645\u0646\u0627\u0633\u0628 \u064a\u062a\u0633\u0639 \u0644\u062d\u0627\u0633\u0648\u0628 \u0645\u062d\u0645\u0648\u0644 \u062d\u062a\u0649 15.6 \u0628\u0648\u0635\u0629.\u0633\u0648\u0633\u062a\u0629 \u0645\u062a\u064a\u0646\u0629 \u0648\u062c\u064a\u0648\u0628 \u0645\u062a\u0639\u062f\u062f\u0629.\u0625\u0645\u0643\u0627\u0646\u064a\u0629 \u0627\u0644\u062d\u0645\u0644 \u064a\u062f\u0648\u064a\u064b\u0627 \u0623\u0648 \u0639\u0644\u0649 \u0627\u0644\u0643\u062a\u0641 \u0628\u0641\u0636\u0644 \u0627\u0644\u062d\u0632\u0627\u0645 \u0627\u0644\u0642\u0627\u0628\u0644 \u0644\u0644\u0641\u0635\u0644 \u0648\u0627\u0644\u062a\u0639\u062f\u064a\u0644.\ud83d\udd39 \u0627\u0644\u0645\u0648\u0627\u0635\u0641\u0627\u062a :\u0627\u0644\u0623\u0628\u0639\u0627\u062f : \u062d\u0648\u0627\u0644\u064a 40 \u00d7 30 \u00d7 8 \u0633\u0645.\u0627\u0644\u0645\u0627\u062f\u0629 : \u062c\u0644\u062f \u0635\u0646\u0627\u0639\u064a PU \u0639\u0627\u0644\u064a \u0627\u0644\u062c\u0648\u062f\u0629.\u0627\u0644\u0627\u0633\u062a\u062e\u062f\u0627\u0645 : \u064a\u0646\u0627\u0633\u0628 \u0627\u0644\u062d\u0627\u0633\u0648\u0628\u060c \u0627\u0644\u062c\u0647\u0627\u0632 \u0627\u0644\u0644\u0648\u062d\u064a\u060c \u0648\u0627\u0644\u0645\u0644\u0641\u0627\u062a A4.\u0627\u0644\u062c\u064a\u0648\u0628 : 2 \u0623\u0645\u0627\u0645\u064a\u0629 \u0628\u0633\u0648\u0633\u062a\u0629 + \u0645\u0642\u0635\u0648\u0631\u0629 \u0631\u0626\u064a\u0633\u064a\u0629 + \u062c\u064a\u0648\u0628 \u062f\u0627\u062e\u0644\u064a\u0629.\u0627\u0644\u062a\u0641\u0627\u0635\u064a\u0644 : \u0625\u063a\u0644\u0627\u0642 \u0631\u0626\u064a\u0633\u064a \u0628\u0633\u0648\u0633\u062a\u0629 + \u0645\u0642\u0628\u0636 \u064a\u062f\u0648\u064a \u0645\u0639\u0632\u0632 + \u062d\u0632\u0627\u0645 \u0643\u062a\u0641 \u0642\u0627\u0628\u0644 \u0644\u0644\u062a\u0639\u062f\u064a\u0644 \u0648\u0627\u0644\u0641\u0635\u0644.<\/p>","protected":false},"featured_media":49505,"comment_status":"open","ping_status":"closed","template":"","meta":[],"product_brand":[],"product_cat":[2474],"product_tag":[],"class_list":{"0":"post-49506","1":"product","2":"type-product","3":"status-publish","4":"has-post-thumbnail","6":"product_cat-sac-a-dos-et-mode","8":"first","9":"instock","10":"sale","11":"taxable","12":"shipping-taxable","13":"purchasable","14":"product-type-simple"},"jetpack_sharing_enabled":true,"_links":{"self":[{"href":"https:\/\/shoponlinedz.com\/en\/wp-json\/wp\/v2\/product\/49506","targetHints":{"allow":["GET"]}}],"collection":[{"href":"https:\/\/shoponlinedz.com\/en\/wp-json\/wp\/v2\/product"}],"about":[{"href":"https:\/\/shoponlinedz.com\/en\/wp-json\/wp\/v2\/types\/product"}],"replies":[{"embeddable":true,"href":"https:\/\/shoponlinedz.com\/en\/wp-json\/wp\/v2\/comments?post=49506"}],"version-history":[{"count":0,"href":"https:\/\/shoponlinedz.com\/en\/wp-json\/wp\/v2\/product\/49506\/revisions"}],"wp:featuredmedia":[{"embeddable":true,"href":"https:\/\/shoponlinedz.com\/en\/wp-json\/wp\/v2\/media\/49505"}],"wp:attachment":[{"href":"https:\/\/shoponlinedz.com\/en\/wp-json\/wp\/v2\/media?parent=49506"}],"wp:term":[{"taxonomy":"product_brand","embeddable":true,"href":"https:\/\/shoponlinedz.com\/en\/wp-json\/wp\/v2\/product_brand?post=49506"},{"taxonomy":"product_cat","embeddable":true,"href":"https:\/\/shoponlinedz.com\/en\/wp-json\/wp\/v2\/product_cat?post=49506"},{"taxonomy":"product_tag","embeddable":true,"href":"https:\/\/shoponlinedz.com\/en\/wp-json\/wp\/v2\/product_tag?post=49506"}],"curies":[{"name":"wp","href":"https:\/\/api.w.org\/{rel}","templated":true}]}}