{"id":49391,"date":"2026-01-05T16:52:19","date_gmt":"2026-01-05T16:52:19","guid":{"rendered":"https:\/\/shoponlinedz.com\/product\/robinet-electrique-chauffant-rapide-a-affichage-numerique-%d8%b5%d9%86%d8%a8%d9%88%d8%b1-%d8%aa%d8%af%d9%81%d8%a6%d8%a9-%d9%83%d9%87%d8%b1%d8%a8%d8%a7%d8%a6%d9%8a-%d8%b3%d8%b1%d9%8a%d8%b9-%d9%85\/"},"modified":"2026-01-28T12:14:49","modified_gmt":"2026-01-28T12:14:49","slug":"robinet-electrique-chauffant-rapide-a-affichage-numerique-%d8%b5%d9%86%d8%a8%d9%88%d8%b1-%d8%aa%d8%af%d9%81%d8%a6%d8%a9-%d9%83%d9%87%d8%b1%d8%a8%d8%a7%d8%a6%d9%8a-%d8%b3%d8%b1%d9%8a%d8%b9-%d9%85","status":"publish","type":"product","link":"https:\/\/shoponlinedz.com\/en\/product\/robinet-electrique-chauffant-rapide-a-affichage-numerique-%d8%b5%d9%86%d8%a8%d9%88%d8%b1-%d8%aa%d8%af%d9%81%d8%a6%d8%a9-%d9%83%d9%87%d8%b1%d8%a8%d8%a7%d8%a6%d9%8a-%d8%b3%d8%b1%d9%8a%d8%b9-%d9%85\/","title":{"rendered":"Robinet \u00e9lectrique chauffant rapide \u00e0 affichage num\u00e9rique &#8211; \u0635\u0646\u0628\u0648\u0631 \u062a\u062f\u0641\u0626\u0629 \u0643\u0647\u0631\u0628\u0627\u0626\u064a \u0633\u0631\u064a\u0639 \u0645\u0639 \u0634\u0627\u0634\u0629 \u0631\u0642\u0645\u064a\u0629"},"content":{"rendered":"<figure class=\"attachment attachment--preview\" data-trix-attachment=\"{&quot;contentType&quot;:&quot;image&quot;,&quot;height&quot;:1024,&quot;url&quot;:&quot;https:\/\/sawaqli.fra1.cdn.digitaloceanspaces.com\/30644\/Robinet-chauffage-cnc.jpg&quot;,&quot;width&quot;:1024}\" data-trix-content-type=\"image\"><img decoding=\"async\" class=\"aligncenter\" src=\"https:\/\/sawaqli.fra1.cdn.digitaloceanspaces.com\/30644\/Robinet-chauffage-cnc.jpg\" width=\"1024\" height=\"1024\" \/><figcaption class=\"attachment__caption\"><\/figcaption><\/figure>\n<figure class=\"attachment attachment--preview\" data-trix-attachment=\"{&quot;contentType&quot;:&quot;image&quot;,&quot;height&quot;:1024,&quot;url&quot;:&quot;https:\/\/sawaqli.fra1.cdn.digitaloceanspaces.com\/30632\/Robinet-chauffage-1.jpg&quot;,&quot;width&quot;:1024}\" data-trix-content-type=\"image\"><img decoding=\"async\" class=\"aligncenter\" src=\"https:\/\/sawaqli.fra1.cdn.digitaloceanspaces.com\/30632\/Robinet-chauffage-1.jpg\" width=\"1024\" height=\"1024\" \/><figcaption class=\"attachment__caption\"><\/figcaption><\/figure>\n<figure class=\"attachment attachment--preview\" data-trix-attachment=\"{&quot;contentType&quot;:&quot;image&quot;,&quot;height&quot;:1024,&quot;url&quot;:&quot;https:\/\/sawaqli.fra1.cdn.digitaloceanspaces.com\/30633\/Robinet-chauffage-2.jpg&quot;,&quot;width&quot;:1024}\" data-trix-content-type=\"image\"><img decoding=\"async\" class=\"aligncenter\" src=\"https:\/\/sawaqli.fra1.cdn.digitaloceanspaces.com\/30633\/Robinet-chauffage-2.jpg\" width=\"1024\" height=\"1024\" \/><figcaption class=\"attachment__caption\"><\/figcaption><\/figure>\n<figure class=\"attachment attachment--preview\" data-trix-attachment=\"{&quot;contentType&quot;:&quot;image&quot;,&quot;height&quot;:1024,&quot;url&quot;:&quot;https:\/\/sawaqli.fra1.cdn.digitaloceanspaces.com\/30634\/Robinet-chauffage-3.jpg&quot;,&quot;width&quot;:1024}\" data-trix-content-type=\"image\"><img decoding=\"async\" class=\"aligncenter\" src=\"https:\/\/sawaqli.fra1.cdn.digitaloceanspaces.com\/30634\/Robinet-chauffage-3.jpg\" width=\"1024\" height=\"1024\" \/><figcaption class=\"attachment__caption\"><\/figcaption><\/figure>\n<figure class=\"attachment attachment--preview\" data-trix-attachment=\"{&quot;contentType&quot;:&quot;image&quot;,&quot;height&quot;:1024,&quot;url&quot;:&quot;https:\/\/sawaqli.fra1.cdn.digitaloceanspaces.com\/30635\/Robinet-chauffage-4.jpg&quot;,&quot;width&quot;:1024}\" data-trix-content-type=\"image\"><img decoding=\"async\" class=\"aligncenter\" src=\"https:\/\/sawaqli.fra1.cdn.digitaloceanspaces.com\/30635\/Robinet-chauffage-4.jpg\" width=\"1024\" height=\"1024\" \/><figcaption class=\"attachment__caption\"><\/figcaption><\/figure>\n<p style=\"text-align: center;\">","protected":false},"excerpt":{"rendered":"<p>Chauffage rapide en 3 secondes : eau chaude instantan\u00e9e, pas besoin d&#8217;attendre, \u00e9vitez les probl\u00e8mes de pr\u00e9chauffage. La temp\u00e9rature de l&#8217;eau est comprise entre 35 et 50, ce qui peut r\u00e9pondre aux besoins quotidiens.Affichage num\u00e9rique intelligent : affichage num\u00e9rique clair du contr\u00f4le de la temp\u00e9rature, temp\u00e9rature de l&#8217;eau en temps r\u00e9el en un coup d&#8217;\u0153il, pas peur de trop chaud ou trop froid.S\u00e9paration de l&#8217;eau et de l&#8217;\u00e9lectricit\u00e9 : \u00e9l\u00e9ments chauffants en acier inoxydable, chauffage plus rapide, pas facile \u00e0 former. La conception du circuit d&#8217;eau et de la s\u00e9paration des circuits est plus s\u00fbre \u00e0 utiliser.Buse \u00e0 \u00e9conomie d&#8217;eau: buse \u00e0 \u00e9conomie d&#8217;eau sous pression, d\u00e9bit d&#8217;eau mod\u00e9r\u00e9, \u00e9conomisant les ressources en eau.Cloison chaude et froide : double usage chaud et froid, eau s\u00e9par\u00e9e, \u00e9viter le robinet unique alternativement eau chaude et froide.<\/p>","protected":false},"featured_media":49390,"comment_status":"open","ping_status":"closed","template":"","meta":[],"product_brand":[],"product_cat":[2455],"product_tag":[],"class_list":{"0":"post-49391","1":"product","2":"type-product","3":"status-publish","4":"has-post-thumbnail","6":"product_cat-maison","8":"first","9":"instock","10":"sale","11":"taxable","12":"shipping-taxable","13":"purchasable","14":"product-type-simple"},"jetpack_sharing_enabled":true,"_links":{"self":[{"href":"https:\/\/shoponlinedz.com\/en\/wp-json\/wp\/v2\/product\/49391","targetHints":{"allow":["GET"]}}],"collection":[{"href":"https:\/\/shoponlinedz.com\/en\/wp-json\/wp\/v2\/product"}],"about":[{"href":"https:\/\/shoponlinedz.com\/en\/wp-json\/wp\/v2\/types\/product"}],"replies":[{"embeddable":true,"href":"https:\/\/shoponlinedz.com\/en\/wp-json\/wp\/v2\/comments?post=49391"}],"version-history":[{"count":0,"href":"https:\/\/shoponlinedz.com\/en\/wp-json\/wp\/v2\/product\/49391\/revisions"}],"wp:featuredmedia":[{"embeddable":true,"href":"https:\/\/shoponlinedz.com\/en\/wp-json\/wp\/v2\/media\/49390"}],"wp:attachment":[{"href":"https:\/\/shoponlinedz.com\/en\/wp-json\/wp\/v2\/media?parent=49391"}],"wp:term":[{"taxonomy":"product_brand","embeddable":true,"href":"https:\/\/shoponlinedz.com\/en\/wp-json\/wp\/v2\/product_brand?post=49391"},{"taxonomy":"product_cat","embeddable":true,"href":"https:\/\/shoponlinedz.com\/en\/wp-json\/wp\/v2\/product_cat?post=49391"},{"taxonomy":"product_tag","embeddable":true,"href":"https:\/\/shoponlinedz.com\/en\/wp-json\/wp\/v2\/product_tag?post=49391"}],"curies":[{"name":"wp","href":"https:\/\/api.w.org\/{rel}","templated":true}]}}