{"id":49199,"date":"2026-01-05T16:45:53","date_gmt":"2026-01-05T16:45:53","guid":{"rendered":"https:\/\/shoponlinedz.com\/product\/helicoptere-telecommande-rechargeable-pour-enfants-%d8%b7%d8%a7%d8%a6%d8%b1%d8%a9-%d9%87%d9%8a%d9%84%d9%8a%d9%83%d9%88%d8%a8%d8%aa%d8%b1-%d9%85%d8%b9-%d9%8a%d8%af-%d8%aa%d8%ad%d9%83%d9%85\/"},"modified":"2026-01-28T12:14:55","modified_gmt":"2026-01-28T12:14:55","slug":"helicoptere-telecommande-rechargeable-pour-enfants-%d8%b7%d8%a7%d8%a6%d8%b1%d8%a9-%d9%87%d9%8a%d9%84%d9%8a%d9%83%d9%88%d8%a8%d8%aa%d8%b1-%d9%85%d8%b9-%d9%8a%d8%af-%d8%aa%d8%ad%d9%83%d9%85","status":"publish","type":"product","link":"https:\/\/shoponlinedz.com\/en\/product\/helicoptere-telecommande-rechargeable-pour-enfants-%d8%b7%d8%a7%d8%a6%d8%b1%d8%a9-%d9%87%d9%8a%d9%84%d9%8a%d9%83%d9%88%d8%a8%d8%aa%d8%b1-%d9%85%d8%b9-%d9%8a%d8%af-%d8%aa%d8%ad%d9%83%d9%85\/","title":{"rendered":"H\u00e9licopt\u00e8re T\u00e9l\u00e9command\u00e9 Rechargeable pour enfants \u2013 \u0637\u0627\u0626\u0631\u0629 \u0647\u064a\u0644\u064a\u0643\u0648\u0628\u062a\u0631 \u0645\u0639 \u064a\u062f \u062a\u062d\u0643\u0645"},"content":{"rendered":"<figure class=\"attachment attachment--preview\" data-trix-attachment=\"{&quot;contentType&quot;:&quot;image&quot;,&quot;height&quot;:1024,&quot;url&quot;:&quot;https:\/\/sawaqli.fra1.cdn.digitaloceanspaces.com\/56018\/Helico-remote-cnc.jpg&quot;,&quot;width&quot;:1024}\" data-trix-content-type=\"image\"><img decoding=\"async\" class=\"aligncenter\" src=\"https:\/\/sawaqli.fra1.cdn.digitaloceanspaces.com\/56018\/Helico-remote-cnc.jpg\" width=\"1024\" height=\"1024\" \/><figcaption class=\"attachment__caption\"><\/figcaption><\/figure>\n<figure class=\"attachment attachment--preview\" data-trix-attachment=\"{&quot;contentType&quot;:&quot;image&quot;,&quot;height&quot;:1024,&quot;url&quot;:&quot;https:\/\/sawaqli.fra1.cdn.digitaloceanspaces.com\/56013\/Helico-remote-3.jpg&quot;,&quot;width&quot;:1024}\" data-trix-content-type=\"image\"><img decoding=\"async\" class=\"aligncenter\" src=\"https:\/\/sawaqli.fra1.cdn.digitaloceanspaces.com\/56013\/Helico-remote-3.jpg\" width=\"1024\" height=\"1024\" \/><figcaption class=\"attachment__caption\"><\/figcaption><\/figure>\n<figure class=\"attachment attachment--preview\" data-trix-attachment=\"{&quot;contentType&quot;:&quot;image&quot;,&quot;height&quot;:1024,&quot;url&quot;:&quot;https:\/\/sawaqli.fra1.cdn.digitaloceanspaces.com\/56014\/Helico-remote-2.jpg&quot;,&quot;width&quot;:1024}\" data-trix-content-type=\"image\"><img decoding=\"async\" class=\"aligncenter\" src=\"https:\/\/sawaqli.fra1.cdn.digitaloceanspaces.com\/56014\/Helico-remote-2.jpg\" width=\"1024\" height=\"1024\" \/><figcaption class=\"attachment__caption\"><\/figcaption><\/figure>\n<figure class=\"attachment attachment--preview\" data-trix-attachment=\"{&quot;contentType&quot;:&quot;image&quot;,&quot;height&quot;:1024,&quot;url&quot;:&quot;https:\/\/sawaqli.fra1.cdn.digitaloceanspaces.com\/56015\/Helico-remote-1.jpg&quot;,&quot;width&quot;:1024}\" data-trix-content-type=\"image\"><img decoding=\"async\" class=\"aligncenter\" src=\"https:\/\/sawaqli.fra1.cdn.digitaloceanspaces.com\/56015\/Helico-remote-1.jpg\" width=\"1024\" height=\"1024\" \/><figcaption class=\"attachment__caption\"><\/figcaption><\/figure>\n<figure class=\"attachment attachment--preview\" data-trix-attachment=\"{&quot;contentType&quot;:&quot;image&quot;,&quot;height&quot;:1024,&quot;url&quot;:&quot;https:\/\/sawaqli.fra1.cdn.digitaloceanspaces.com\/56016\/Helico-remote-4.jpg&quot;,&quot;width&quot;:1024}\" data-trix-content-type=\"image\"><img decoding=\"async\" class=\"aligncenter\" src=\"https:\/\/sawaqli.fra1.cdn.digitaloceanspaces.com\/56016\/Helico-remote-4.jpg\" width=\"1024\" height=\"1024\" \/><figcaption class=\"attachment__caption\"><\/figcaption><\/figure>\n<p style=\"text-align: center\">","protected":false},"excerpt":{"rendered":"<p>\ud83d\ude81 \u0647\u0644\u064a\u0643\u0648\u0628\u062a\u0631 RC \u0635\u063a\u064a\u0631 \u0648\u0645\u0645\u062a\u0639\u2728 \u0645\u0645\u064a\u0632\u0627\u062a \u0627\u0644\u0645\u0646\u062a\u062c :\u062e\u0641\u064a\u0641 \u0627\u0644\u0648\u0632\u0646 \u0645\u0639 \u0627\u0633\u062a\u0642\u0631\u0627\u0631 \u0631\u0627\u0626\u0639 \u0648\u0645\u0635\u0646\u0648\u0639 \u0645\u0646 \u0645\u0627\u062f\u0629 \u0635\u0644\u0628\u0629 \u0645\u0642\u0627\u0648\u0645\u0629 \u0644\u0644\u0633\u0642\u0648\u0637.\u062a\u062d\u0643\u0645 \u0633\u0647\u0644 \u0628\u0632\u0631 \u0648\u0627\u062d\u062f \u0641\u0642\u0637 \u279d \u0635\u0639\u0648\u062f \u2b06\ufe0f\u060c \u0646\u0632\u0648\u0644 \u2b07\ufe0f\u060c \u0648\u062f\u0648\u0631\u0627\u0646 \u21aa\ufe0f.\u0628\u0637\u0627\u0631\u064a\u0629 \u0645\u062f\u0645\u062c\u0629 (3.7V \/ 75mAh) \u062a\u064f\u0634\u062d\u0646 \u0641\u064a 20 \u062f\u0642\u064a\u0642\u0629 \u0641\u0642\u0637 \u0648\u062a\u0645\u0646\u062d\u0643 5 \u0625\u0644\u0649 8 \u062f\u0642\u0627\u0626\u0642 \u0637\u064a\u0631\u0627\u0646 \u0645\u0645\u062a\u0639.\u0645\u062f\u0649 \u0627\u0644\u062a\u062d\u0643\u0645 \u0639\u0646 \u0628\u0639\u062f \u064a\u0635\u0644 \u062d\u062a\u0649 15 \u0645\u062a\u0631\u060c \u0645\u0646\u0627\u0633\u0628 \u0644\u0644\u0627\u0633\u062a\u0639\u0645\u0627\u0644 \u062f\u0627\u062e\u0644 \u0627\u0644\u0628\u064a\u062a \u0648\u064a\u0645\u0646\u062d\u0643 \u062a\u062c\u0631\u0628\u0629 \u0644\u0639\u0628 \u0644\u0627 \u062a\u0646\u062a\u0647\u064a.\ud83d\udccf \u0627\u0644\u0645\u0648\u0627\u0635\u0641\u0627\u062a \u0627\u0644\u062a\u0642\u0646\u064a\u0629 :\u0627\u0633\u0645 \u0627\u0644\u0645\u0646\u062a\u062c : \u0647\u0644\u064a\u0643\u0648\u0628\u062a\u0631 RC\u0627\u0644\u0645\u0633\u0627\u0641\u0629 \u0627\u0644\u0642\u0635\u0648\u0649 \u0644\u0644\u062a\u062d\u0643\u0645 : 15 \u0645\u062a\u0631\u0628\u0637\u0627\u0631\u064a\u0629 \u0627\u0644\u0647\u0644\u064a\u0643\u0648\u0628\u062a\u0631 : 3.7V \/ 75mAh\u0648\u0642\u062a \u0627\u0644\u0634\u062d\u0646 : 20 \u062f\u0642\u064a\u0642\u0629\u0648\u0642\u062a \u0627\u0644\u062a\u0634\u063a\u064a\u0644 : 5 \u2013 8 \u062f\u0642\u0627\u0626\u0642\u0628\u0637\u0627\u0631\u064a\u0627\u062a \u062c\u0647\u0627\u0632 \u0627\u0644\u062a\u062d\u0643\u0645 : 3 \u0628\u0637\u0627\u0631\u064a\u0627\u062a AA\u0627\u0644\u0623\u0628\u0639\u0627\u062f :\u0627\u0644\u0637\u0648\u0644 \u0627\u0644\u0643\u0644\u064a : 17.5 \u0633\u0645\u0627\u0644\u0639\u0631\u0636 \u0627\u0644\u0643\u0644\u064a : 3.5 \u0633\u0645\u0637\u0648\u0644 \u0627\u0644\u0645\u0631\u0648\u062d\u0629 : 15.7 \u0633\u0645\ud83d\udce6 \u0645\u062d\u062a\u0648\u064a\u0627\u062a \u0627\u0644\u0639\u0644\u0628\u0629 :1 \u00d7 \u0647\u0644\u064a\u0643\u0648\u0628\u062a\u0631 RC1 \u00d7 \u062c\u0647\u0627\u0632 \u062a\u062d\u0643\u0645 \u0639\u0646 \u0628\u0639\u062f \ud83c\udfae1 \u00d7 \u0643\u0627\u0628\u0644 \u0634\u062d\u0646 \ud83d\udd0c\u2696\ufe0f \u0648\u0632\u0646 \u0627\u0644\u0637\u0631\u062f : 172 \u063a \ud83d\udcd0 \u062d\u062c\u0645 \u0627\u0644\u0639\u0644\u0628\u0629 : 19.5 \u00d7 21.3 \u00d7 5.5 \u0633\u0645<\/p>","protected":false},"featured_media":49198,"comment_status":"open","ping_status":"closed","template":"","meta":[],"product_brand":[],"product_cat":[2459],"product_tag":[],"class_list":{"0":"post-49199","1":"product","2":"type-product","3":"status-publish","4":"has-post-thumbnail","6":"product_cat-jouet-gaming","8":"first","9":"outofstock","10":"sale","11":"taxable","12":"shipping-taxable","13":"purchasable","14":"product-type-simple"},"jetpack_sharing_enabled":true,"_links":{"self":[{"href":"https:\/\/shoponlinedz.com\/en\/wp-json\/wp\/v2\/product\/49199","targetHints":{"allow":["GET"]}}],"collection":[{"href":"https:\/\/shoponlinedz.com\/en\/wp-json\/wp\/v2\/product"}],"about":[{"href":"https:\/\/shoponlinedz.com\/en\/wp-json\/wp\/v2\/types\/product"}],"replies":[{"embeddable":true,"href":"https:\/\/shoponlinedz.com\/en\/wp-json\/wp\/v2\/comments?post=49199"}],"version-history":[{"count":0,"href":"https:\/\/shoponlinedz.com\/en\/wp-json\/wp\/v2\/product\/49199\/revisions"}],"wp:featuredmedia":[{"embeddable":true,"href":"https:\/\/shoponlinedz.com\/en\/wp-json\/wp\/v2\/media\/49198"}],"wp:attachment":[{"href":"https:\/\/shoponlinedz.com\/en\/wp-json\/wp\/v2\/media?parent=49199"}],"wp:term":[{"taxonomy":"product_brand","embeddable":true,"href":"https:\/\/shoponlinedz.com\/en\/wp-json\/wp\/v2\/product_brand?post=49199"},{"taxonomy":"product_cat","embeddable":true,"href":"https:\/\/shoponlinedz.com\/en\/wp-json\/wp\/v2\/product_cat?post=49199"},{"taxonomy":"product_tag","embeddable":true,"href":"https:\/\/shoponlinedz.com\/en\/wp-json\/wp\/v2\/product_tag?post=49199"}],"curies":[{"name":"wp","href":"https:\/\/api.w.org\/{rel}","templated":true}]}}