{"id":49169,"date":"2026-01-05T16:44:50","date_gmt":"2026-01-05T16:44:50","guid":{"rendered":"https:\/\/shoponlinedz.com\/product\/bracelet-magnetique-respirant-et-reglable-ultra-resistant-pour-maintenir-les-vis-%d8%ad%d8%b2%d8%a7%d9%85-%d9%8a%d8%af-%d9%85%d8%ba%d9%86%d8%a7%d8%b7%d9%8a%d8%b3%d9%8a-%d9%84%d8%b4%d8%af\/"},"modified":"2026-01-28T12:14:56","modified_gmt":"2026-01-28T12:14:56","slug":"bracelet-magnetique-respirant-et-reglable-ultra-resistant-pour-maintenir-les-vis-%d8%ad%d8%b2%d8%a7%d9%85-%d9%8a%d8%af-%d9%85%d8%ba%d9%86%d8%a7%d8%b7%d9%8a%d8%b3%d9%8a-%d9%84%d8%b4%d8%af","status":"publish","type":"product","link":"https:\/\/shoponlinedz.com\/en\/product\/bracelet-magnetique-respirant-et-reglable-ultra-resistant-pour-maintenir-les-vis-%d8%ad%d8%b2%d8%a7%d9%85-%d9%8a%d8%af-%d9%85%d8%ba%d9%86%d8%a7%d8%b7%d9%8a%d8%b3%d9%8a-%d9%84%d8%b4%d8%af\/","title":{"rendered":"Bracelet magn\u00e9tique respirant et r\u00e9glable ultra r\u00e9sistant pour maintenir les vis \u2013 \u062d\u0632\u0627\u0645 \u064a\u062f \u0645\u063a\u0646\u0627\u0637\u064a\u0633\u064a \u0644\u0634\u062f \u0627\u0644\u0628\u0631\u0627\u063a\u064a"},"content":{"rendered":"<figure class=\"attachment attachment--preview\" data-trix-attachment=\"{&quot;contentType&quot;:&quot;image&quot;,&quot;height&quot;:1024,&quot;url&quot;:&quot;https:\/\/sawaqli.fra1.cdn.digitaloceanspaces.com\/55997\/Magnetic-BAND-CNC.jpg&quot;,&quot;width&quot;:1024}\" data-trix-content-type=\"image\"><img decoding=\"async\" class=\"aligncenter\" src=\"https:\/\/sawaqli.fra1.cdn.digitaloceanspaces.com\/55997\/Magnetic-BAND-CNC.jpg\" width=\"1024\" height=\"1024\" \/><figcaption class=\"attachment__caption\"><\/figcaption><\/figure>\n<figure class=\"attachment attachment--preview\" data-trix-attachment=\"{&quot;contentType&quot;:&quot;image&quot;,&quot;height&quot;:1024,&quot;url&quot;:&quot;https:\/\/sawaqli.fra1.cdn.digitaloceanspaces.com\/55995\/Magnetic-BAND-5.jpg&quot;,&quot;width&quot;:1024}\" data-trix-content-type=\"image\"><img decoding=\"async\" class=\"aligncenter\" src=\"https:\/\/sawaqli.fra1.cdn.digitaloceanspaces.com\/55995\/Magnetic-BAND-5.jpg\" width=\"1024\" height=\"1024\" \/><figcaption class=\"attachment__caption\"><\/figcaption><\/figure>\n<figure class=\"attachment attachment--preview\" data-trix-attachment=\"{&quot;contentType&quot;:&quot;image&quot;,&quot;height&quot;:1024,&quot;url&quot;:&quot;https:\/\/sawaqli.fra1.cdn.digitaloceanspaces.com\/55994\/Magnetic-BAND-4.jpg&quot;,&quot;width&quot;:1024}\" data-trix-content-type=\"image\"><img decoding=\"async\" class=\"aligncenter\" src=\"https:\/\/sawaqli.fra1.cdn.digitaloceanspaces.com\/55994\/Magnetic-BAND-4.jpg\" width=\"1024\" height=\"1024\" \/><figcaption class=\"attachment__caption\"><\/figcaption><\/figure>\n<figure class=\"attachment attachment--preview\" data-trix-attachment=\"{&quot;contentType&quot;:&quot;image&quot;,&quot;height&quot;:1024,&quot;url&quot;:&quot;https:\/\/sawaqli.fra1.cdn.digitaloceanspaces.com\/55996\/Magnetic-BAND-1.jpg&quot;,&quot;width&quot;:1024}\" data-trix-content-type=\"image\"><img decoding=\"async\" class=\"aligncenter\" src=\"https:\/\/sawaqli.fra1.cdn.digitaloceanspaces.com\/55996\/Magnetic-BAND-1.jpg\" width=\"1024\" height=\"1024\" \/><figcaption class=\"attachment__caption\"><\/figcaption><\/figure>\n<figure class=\"attachment attachment--preview\" data-trix-attachment=\"{&quot;contentType&quot;:&quot;image&quot;,&quot;height&quot;:1024,&quot;url&quot;:&quot;https:\/\/sawaqli.fra1.cdn.digitaloceanspaces.com\/55998\/Magnetic-BAND-2.jpg&quot;,&quot;width&quot;:1024}\" data-trix-content-type=\"image\"><img decoding=\"async\" class=\"aligncenter\" src=\"https:\/\/sawaqli.fra1.cdn.digitaloceanspaces.com\/55998\/Magnetic-BAND-2.jpg\" width=\"1024\" height=\"1024\" \/><figcaption class=\"attachment__caption\"><\/figcaption><\/figure>\n<p style=\"text-align: center;\">","protected":false},"excerpt":{"rendered":"<p>\ud83e\uddf2 \u0633\u0648\u0627\u0631 \u0645\u063a\u0646\u0627\u0637\u064a\u0633\u064a \u0639\u0645\u0644\u064a \u0648\u0627\u062d\u062a\u0631\u0627\u0641\u064a\ud83d\udc77\u200d\u2642\ufe0f \u062c\u0648\u062f\u0629 \u0639\u0627\u0644\u064a\u0629 : \u0645\u0635\u0646\u0648\u0639 \u0645\u0646 \u0642\u0645\u0627\u0634 \u0623\u0648\u0643\u0633\u0641\u0648\u0631\u062f 100%\u060c \u062e\u0641\u064a\u0641 \u0627\u0644\u0648\u0632\u0646\u060c \u0645\u062a\u064a\u0646\u060c \u0639\u0645\u0644\u064a \u0648\u0645\u0642\u0627\u0648\u0645 \u0644\u0644\u0645\u0627\u0621\u060c \u0635\u0627\u0644\u062d \u0644\u0644\u0627\u0633\u062a\u0639\u0645\u0627\u0644 \u0641\u064a \u0623\u064a \u0628\u064a\u0626\u0629 \u0639\u0645\u0644.\ud83d\udee0\ufe0f \u0645\u0633\u0627\u0639\u062f\u0629 \u0625\u0636\u0627\u0641\u064a\u0629 : \u0647\u0630\u0627 \u0627\u0644\u0633\u0648\u0627\u0631 \u0627\u0644\u0627\u062d\u062a\u0631\u0627\u0641\u064a \u0645\u0642\u0627\u0633 \u0648\u0627\u062d\u062f \u064a\u0646\u0627\u0633\u0628 \u0627\u0644\u062c\u0645\u064a\u0639\u060c \u064a\u0633\u0647\u0651\u0644 \u0639\u0644\u064a\u0643 \u0625\u0646\u062c\u0627\u0632 \u0627\u0644\u0645\u0647\u0627\u0645 \u0627\u0644\u0645\u062e\u062a\u0644\u0641\u0629 \u0648\u064a\u0639\u0637\u064a\u0643 &#8220;\u064a\u062f \u062b\u0627\u0644\u062b\u0629&#8221; \u0648\u0642\u062a \u0627\u0644\u062d\u0627\u062c\u0629.\ud83d\udd29 \u0631\u0627\u062d\u0629 \u0648\u0633\u0631\u0639\u0629 \u0641\u064a \u0627\u0644\u0639\u0645\u0644 : \u0628\u0641\u0636\u0644 \u0642\u0648\u0629 \u0627\u0644\u0645\u063a\u0646\u0627\u0637\u064a\u0633\u060c \u064a\u062b\u0628\u062a \u0627\u0644\u0645\u0633\u0627\u0645\u064a\u0631\u060c \u0627\u0644\u0628\u0631\u0627\u063a\u064a\u060c \u0627\u0644\u0645\u0641\u0627\u062a\u064a\u062d \u0648\u0627\u0644\u0623\u062f\u0648\u0627\u062a \u0627\u0644\u0635\u063a\u064a\u0631\u0629 \u0645\u0628\u0627\u0634\u0631\u0629 \u0639\u0644\u0649 \u0645\u0639\u0635\u0645\u0643. \u0645\u0627 \u064a\u0637\u064a\u062d\u0648\u0634 \u0648\u0645\u0627 \u064a\u0636\u064a\u0639\u0648\u0634 \u0641\u064a \u0627\u0644\u0623\u0631\u0636 \u279d \u062a\u0643\u0645\u0644 \u062e\u062f\u0645\u062a\u0643 \u0623\u0633\u0631\u0639 \u0648\u062a\u0631\u0628\u062d \u0627\u0644\u0648\u0642\u062a.\ud83c\udfe1 \u0645\u062a\u0639\u062f\u062f \u0627\u0644\u0627\u0633\u062a\u0639\u0645\u0627\u0644\u0627\u062a : \u0645\u062b\u0627\u0644\u064a \u0644\u0640 :\u0645\u0634\u0627\u0631\u064a\u0639 \u0627\u0644\u062a\u0631\u0645\u064a\u0645 \u0627\u0644\u0645\u0646\u0632\u0644\u064a\u0627\u0644\u0646\u062c\u0627\u0631\u0629 \ud83e\udeb5\u0627\u0644\u0623\u0634\u063a\u0627\u0644 \u0627\u0644\u064a\u062f\u0648\u064a\u0629 \u0648 \u0627\u0644\u0640DIY\u0625\u0635\u0644\u0627\u062d \u0627\u0644\u0633\u064a\u0627\u0631\u0627\u062a \ud83d\ude97\u0627\u0644\u0628\u0646\u0627\u0621 \u0648\u0627\u0644\u0635\u064a\u0627\u0646\u0629\ud83d\udccf \u0627\u0644\u0645\u0648\u0627\u0635\u0641\u0627\u062a :\u0627\u0644\u0623\u0628\u0639\u0627\u062f : 6 \u00d7 6 \u00d7 8 \u0633\u0645\u0627\u0644\u0648\u0632\u0646 : 20 \u063a\u0631\u0627\u0645\u0627\u0644\u0645\u0627\u062f\u0629 : \u0642\u0645\u0627\u0634 Oxford \u0645\u0642\u0627\u0648\u0645 \u0644\u0644\u0645\u0627\u0621<\/p>","protected":false},"featured_media":49168,"comment_status":"open","ping_status":"closed","template":"","meta":[],"product_brand":[],"product_cat":[2466],"product_tag":[],"class_list":{"0":"post-49169","1":"product","2":"type-product","3":"status-publish","4":"has-post-thumbnail","6":"product_cat-outillage-et-bricolage","8":"first","9":"instock","10":"sale","11":"taxable","12":"shipping-taxable","13":"purchasable","14":"product-type-simple"},"jetpack_sharing_enabled":true,"_links":{"self":[{"href":"https:\/\/shoponlinedz.com\/en\/wp-json\/wp\/v2\/product\/49169","targetHints":{"allow":["GET"]}}],"collection":[{"href":"https:\/\/shoponlinedz.com\/en\/wp-json\/wp\/v2\/product"}],"about":[{"href":"https:\/\/shoponlinedz.com\/en\/wp-json\/wp\/v2\/types\/product"}],"replies":[{"embeddable":true,"href":"https:\/\/shoponlinedz.com\/en\/wp-json\/wp\/v2\/comments?post=49169"}],"version-history":[{"count":0,"href":"https:\/\/shoponlinedz.com\/en\/wp-json\/wp\/v2\/product\/49169\/revisions"}],"wp:featuredmedia":[{"embeddable":true,"href":"https:\/\/shoponlinedz.com\/en\/wp-json\/wp\/v2\/media\/49168"}],"wp:attachment":[{"href":"https:\/\/shoponlinedz.com\/en\/wp-json\/wp\/v2\/media?parent=49169"}],"wp:term":[{"taxonomy":"product_brand","embeddable":true,"href":"https:\/\/shoponlinedz.com\/en\/wp-json\/wp\/v2\/product_brand?post=49169"},{"taxonomy":"product_cat","embeddable":true,"href":"https:\/\/shoponlinedz.com\/en\/wp-json\/wp\/v2\/product_cat?post=49169"},{"taxonomy":"product_tag","embeddable":true,"href":"https:\/\/shoponlinedz.com\/en\/wp-json\/wp\/v2\/product_tag?post=49169"}],"curies":[{"name":"wp","href":"https:\/\/api.w.org\/{rel}","templated":true}]}}