{"id":49153,"date":"2026-01-05T16:44:17","date_gmt":"2026-01-05T16:44:17","guid":{"rendered":"https:\/\/shoponlinedz.com\/product\/enzo-fer-a-friser-professionel-en-ceramique-a-5-barils-%d9%85%d8%ac%d8%b9%d8%af-%d8%b4%d8%b9%d8%b1-%d8%a3%d8%b5%d9%84%d9%8a-%d9%85%d9%86-%d8%a5%d9%8a%d9%86%d8%b2%d9%88\/"},"modified":"2026-01-28T12:14:57","modified_gmt":"2026-01-28T12:14:57","slug":"enzo-fer-a-friser-professionel-en-ceramique-a-5-barils-%d9%85%d8%ac%d8%b9%d8%af-%d8%b4%d8%b9%d8%b1-%d8%a3%d8%b5%d9%84%d9%8a-%d9%85%d9%86-%d8%a5%d9%8a%d9%86%d8%b2%d9%88","status":"publish","type":"product","link":"https:\/\/shoponlinedz.com\/en\/product\/enzo-fer-a-friser-professionel-en-ceramique-a-5-barils-%d9%85%d8%ac%d8%b9%d8%af-%d8%b4%d8%b9%d8%b1-%d8%a3%d8%b5%d9%84%d9%8a-%d9%85%d9%86-%d8%a5%d9%8a%d9%86%d8%b2%d9%88\/","title":{"rendered":"Enzo Fer \u00e0 Friser Professionel en C\u00e9ramique \u00e0 5 Barils \u2013 \u0645\u062c\u0639\u062f \u0634\u0639\u0631 \u0623\u0635\u0644\u064a \u0645\u0646 \u0625\u064a\u0646\u0632\u0648"},"content":{"rendered":"<figure class=\"attachment attachment--preview\" data-trix-attachment=\"{&quot;contentType&quot;:&quot;image&quot;,&quot;height&quot;:1024,&quot;url&quot;:&quot;https:\/\/sawaqli.fra1.cdn.digitaloceanspaces.com\/56022\/en-1971-cnc.jpg&quot;,&quot;width&quot;:1024}\" data-trix-content-type=\"image\"><img decoding=\"async\" class=\"aligncenter\" src=\"https:\/\/sawaqli.fra1.cdn.digitaloceanspaces.com\/56022\/en-1971-cnc.jpg\" width=\"1024\" height=\"1024\" \/><figcaption class=\"attachment__caption\"><\/figcaption><\/figure>\n<figure class=\"attachment attachment--preview\" data-trix-attachment=\"{&quot;contentType&quot;:&quot;image&quot;,&quot;height&quot;:1024,&quot;url&quot;:&quot;https:\/\/sawaqli.fra1.cdn.digitaloceanspaces.com\/56023\/en-1971-1.jpg&quot;,&quot;width&quot;:1024}\" data-trix-content-type=\"image\"><img decoding=\"async\" class=\"aligncenter\" src=\"https:\/\/sawaqli.fra1.cdn.digitaloceanspaces.com\/56023\/en-1971-1.jpg\" width=\"1024\" height=\"1024\" \/><figcaption class=\"attachment__caption\"><\/figcaption><\/figure>\n<figure class=\"attachment attachment--preview\" data-trix-attachment=\"{&quot;contentType&quot;:&quot;image&quot;,&quot;height&quot;:1024,&quot;url&quot;:&quot;https:\/\/sawaqli.fra1.cdn.digitaloceanspaces.com\/56024\/en-1971-2.jpg&quot;,&quot;width&quot;:1024}\" data-trix-content-type=\"image\"><img decoding=\"async\" class=\"aligncenter\" src=\"https:\/\/sawaqli.fra1.cdn.digitaloceanspaces.com\/56024\/en-1971-2.jpg\" width=\"1024\" height=\"1024\" \/><figcaption class=\"attachment__caption\"><\/figcaption><\/figure>\n<figure class=\"attachment attachment--preview\" data-trix-attachment=\"{&quot;contentType&quot;:&quot;image&quot;,&quot;height&quot;:1024,&quot;url&quot;:&quot;https:\/\/sawaqli.fra1.cdn.digitaloceanspaces.com\/56053\/DHEJ2222.jpeg&quot;,&quot;width&quot;:1024}\" data-trix-content-type=\"image\"><img decoding=\"async\" class=\"aligncenter\" src=\"https:\/\/sawaqli.fra1.cdn.digitaloceanspaces.com\/56053\/DHEJ2222.jpeg\" width=\"1024\" height=\"1024\" \/><figcaption class=\"attachment__caption\"><\/figcaption><\/figure>\n<figure class=\"attachment attachment--preview\" data-trix-attachment=\"{&quot;contentType&quot;:&quot;image&quot;,&quot;height&quot;:1024,&quot;url&quot;:&quot;https:\/\/sawaqli.fra1.cdn.digitaloceanspaces.com\/56056\/DHEJ222.jpeg&quot;,&quot;width&quot;:1024}\" data-trix-content-type=\"image\"><img decoding=\"async\" class=\"aligncenter\" src=\"https:\/\/sawaqli.fra1.cdn.digitaloceanspaces.com\/56056\/DHEJ222.jpeg\" width=\"1024\" height=\"1024\" \/><figcaption class=\"attachment__caption\"><\/figcaption><\/figure>\n<p style=\"text-align: center;\">","protected":false},"excerpt":{"rendered":"<p>\ud83d\udc86\u200d\u2640\ufe0f \u062c\u0647\u0627\u0632 \u062a\u0635\u0641\u064a\u0641 \u0627\u0644\u0634\u0639\u0631 3 \u0641\u064a 1\u2728 \u0627\u0644\u0645\u0645\u064a\u0632\u0627\u062a :\u064a\u062c\u0645\u0639 \u0628\u064a\u0646 \u0645\u062c\u0641\u0641 \u0627\u0644\u0634\u0639\u0631\u060c \u0627\u0644\u0645\u0645\u0644\u0633\u060c \u0648\u062c\u0647\u0627\u0632 \u0627\u0644\u062a\u062c\u0639\u064a\u062f \u0641\u064a \u062e\u0637\u0648\u0629 \u0648\u062d\u062f\u0629 \u2714\ufe0f \u279d \u064a\u062c\u0641\u0641 \u0627\u0644\u0634\u0639\u0631 \u0628\u0633\u0631\u0639\u0629\u060c \u064a\u0645\u0644\u0633\u0647 \u0648\u064a\u0642\u0644\u0644 \u0645\u0646 \u0627\u0644\u0623\u0636\u0631\u0627\u0631 \u0627\u0644\u062d\u0631\u0627\u0631\u064a\u0629.\u064a\u0645\u0646\u062d\u0643 \u0634\u0639\u0631 \u0646\u0627\u0639\u0645\u060c \u0635\u062d\u064a \u0648\u0637\u0628\u064a\u0639\u064a \u0628\u062f\u0644 \u0627\u0644\u0645\u0638\u0647\u0631 \u0627\u0644\u0645\u0633\u0637\u062d \u0648\u0627\u0644\u0639\u0627\u062f\u064a.\ud83d\udd25 \u062a\u0633\u062e\u064a\u0646 \u0633\u0631\u064a\u0639 \u0628\u0627\u0644\u0623\u064a\u0648\u0646\u0627\u062a \u0627\u0644\u0633\u0627\u0644\u0628\u0629 :\u064a\u0637\u0644\u0642 \u0623\u064a\u0648\u0646\u0627\u062a \u0633\u0627\u0644\u0628\u0629 \u0623\u062b\u0646\u0627\u0621 \u0627\u0644\u0627\u0633\u062a\u0639\u0645\u0627\u0644 \u062a\u062e\u062a\u0631\u0642 \u0627\u0644\u0634\u0639\u0631 \u0627\u0644\u0643\u062b\u064a\u0641 \u0648\u0627\u0644\u0637\u0648\u064a\u0644 \u0628\u0633\u0631\u0639\u0629.\u062a\u0639\u0645\u0644 \u0639\u0644\u0649 \u0625\u0635\u0644\u0627\u062d \u0627\u0644\u0634\u0639\u0631 \u0648\u062d\u0645\u0627\u064a\u062a\u0647 \u0645\u0646 \u0627\u0644\u062a\u0644\u0641.\u064a\u0633\u062e\u0646 \u0645\u0646 0\u00b0 \u0625\u0644\u0649 210\u00b0C \u062e\u0644\u0627\u0644 60 \u062b\u0627\u0646\u064a\u0629 \u0641\u0642\u0637 \u279d \u062a\u0635\u0641\u064a\u0641\u0629 \u0643\u0627\u0645\u0644\u0629 \u0641\u064a \u062f\u0642\u0627\u0626\u0642.\ud83c\udf38 \u062a\u0642\u0646\u064a\u0629 \u0627\u0644\u0633\u064a\u0631\u0627\u0645\u064a\u0643 \u0627\u0644\u0627\u062d\u062a\u0631\u0627\u0641\u064a\u0629 :\u064a\u0639\u062a\u0645\u062f \u0639\u0644\u0649 \u062a\u0643\u0646\u0648\u0644\u0648\u062c\u064a\u0627 \u062a\u0633\u062e\u064a\u0646 PTC \u0627\u0644\u0645\u0646\u0627\u0633\u0628\u0629 \u0644\u0643\u0644 \u0623\u0646\u0648\u0627\u0639 \u0627\u0644\u0634\u0639\u0631 (\u0643\u062b\u064a\u0641 \/ \u0631\u0642\u064a\u0642).\u0627\u0644\u0633\u064a\u0631\u0627\u0645\u064a\u0643 \u064a\u0633\u062e\u0646 \u0648\u064a\u0648\u0632\u0639 \u0627\u0644\u062d\u0631\u0627\u0631\u0629 \u0628\u0627\u0644\u062a\u0633\u0627\u0648\u064a \u0644\u0625\u0646\u062a\u0627\u062c \u0623\u064a\u0648\u0646\u0627\u062a \u0633\u0627\u0644\u0628\u0629 \u062a\u0639\u0637\u064a\u0643 \u062a\u0645\u0648\u062c\u0627\u062a \u0646\u0627\u0639\u0645\u0629 \u0648\u0644\u0645\u0651\u0627\u0639\u0629.\u0627\u0644\u0646\u062a\u064a\u062c\u0629 \u279d \u062a\u062c\u0639\u064a\u062f\u0627\u062a \u0637\u0628\u064a\u0639\u064a\u0629 \u0648\u0623\u0646\u064a\u0642\u0629 \u062a\u062f\u0648\u0645 \u0637\u0648\u0627\u0644 \u0627\u0644\u064a\u0648\u0645.\u26a1 \u0633\u0647\u0644 \u0627\u0644\u0627\u0633\u062a\u0639\u0645\u0627\u0644 :\u0645\u062c\u0647\u0632 \u0628\u0643\u0627\u0628\u0644 \u062f\u0648\u0627\u0631 360\u00b0 \u0648\u0645\u0642\u0628\u0633 \u0643\u0647\u0631\u0628\u0627\u0626\u064a (110-120V).\u0644\u0627 \u0645\u0632\u064a\u062f \u0645\u0646 \u062a\u0634\u0627\u0628\u0643 \u0627\u0644\u0623\u0633\u0644\u0627\u0643.\u062a\u0635\u0645\u064a\u0645 \u0645\u0639\u062f\u0646\u064a \u0623\u0646\u064a\u0642 + \u0637\u0628\u0642\u0629 \u0633\u064a\u0631\u0627\u0645\u064a\u0643 \u0639\u0627\u0644\u064a\u0629 \u0627\u0644\u062c\u0648\u062f\u0629.\u0645\u062b\u0627\u0644\u064a \u0644\u0644\u0627\u0633\u062a\u0639\u0645\u0627\u0644 \u0627\u0644\u064a\u0648\u0645\u064a \u0623\u0648 \u0644\u0644\u0633\u0641\u0631 \u2708\ufe0f.\u0647\u062f\u064a\u0629 \u0645\u0645\u062a\u0627\u0632\u0629 \u0644\u0644\u0623\u062d\u0628\u0627\u0628 \u0641\u064a \u0639\u064a\u062f \u0645\u064a\u0644\u0627\u062f\u060c \u0641\u0627\u0644\u0627\u0646\u062a\u0627\u064a\u0646 \u0623\u0648 \u0645\u0646\u0627\u0633\u0628\u0627\u062a \u062e\u0627\u0635\u0629 \ud83c\udf81.\ud83c\udf21\ufe0f \u0623\u0642\u0635\u0649 \u062f\u0631\u062c\u0629 \u062d\u0631\u0627\u0631\u0629 : 980\u00b0F (\u2248 210\u00b0C).<\/p>","protected":false},"featured_media":49152,"comment_status":"open","ping_status":"closed","template":"","meta":[],"product_brand":[],"product_cat":[2457],"product_tag":[],"class_list":{"0":"post-49153","1":"product","2":"type-product","3":"status-publish","4":"has-post-thumbnail","6":"product_cat-soins-et-beaute","8":"first","9":"instock","10":"sale","11":"taxable","12":"shipping-taxable","13":"purchasable","14":"product-type-simple"},"jetpack_sharing_enabled":true,"_links":{"self":[{"href":"https:\/\/shoponlinedz.com\/en\/wp-json\/wp\/v2\/product\/49153","targetHints":{"allow":["GET"]}}],"collection":[{"href":"https:\/\/shoponlinedz.com\/en\/wp-json\/wp\/v2\/product"}],"about":[{"href":"https:\/\/shoponlinedz.com\/en\/wp-json\/wp\/v2\/types\/product"}],"replies":[{"embeddable":true,"href":"https:\/\/shoponlinedz.com\/en\/wp-json\/wp\/v2\/comments?post=49153"}],"version-history":[{"count":0,"href":"https:\/\/shoponlinedz.com\/en\/wp-json\/wp\/v2\/product\/49153\/revisions"}],"wp:featuredmedia":[{"embeddable":true,"href":"https:\/\/shoponlinedz.com\/en\/wp-json\/wp\/v2\/media\/49152"}],"wp:attachment":[{"href":"https:\/\/shoponlinedz.com\/en\/wp-json\/wp\/v2\/media?parent=49153"}],"wp:term":[{"taxonomy":"product_brand","embeddable":true,"href":"https:\/\/shoponlinedz.com\/en\/wp-json\/wp\/v2\/product_brand?post=49153"},{"taxonomy":"product_cat","embeddable":true,"href":"https:\/\/shoponlinedz.com\/en\/wp-json\/wp\/v2\/product_cat?post=49153"},{"taxonomy":"product_tag","embeddable":true,"href":"https:\/\/shoponlinedz.com\/en\/wp-json\/wp\/v2\/product_tag?post=49153"}],"curies":[{"name":"wp","href":"https:\/\/api.w.org\/{rel}","templated":true}]}}