{"id":49142,"date":"2026-01-05T16:43:52","date_gmt":"2026-01-05T16:43:52","guid":{"rendered":"https:\/\/shoponlinedz.com\/product\/diffuseur-dhuiles-essentielles-ultrasonique-350-ml-avec-telecommande-et-lumieres-%d8%ac%d9%87%d8%a7%d8%b2-%d8%aa%d8%b9%d8%b7%d9%8a%d8%b1-%d8%a7%d9%84%d8%ac%d9%88\/"},"modified":"2026-01-28T12:14:57","modified_gmt":"2026-01-28T12:14:57","slug":"diffuseur-dhuiles-essentielles-ultrasonique-350-ml-avec-telecommande-et-lumieres-%d8%ac%d9%87%d8%a7%d8%b2-%d8%aa%d8%b9%d8%b7%d9%8a%d8%b1-%d8%a7%d9%84%d8%ac%d9%88","status":"publish","type":"product","link":"https:\/\/shoponlinedz.com\/en\/product\/diffuseur-dhuiles-essentielles-ultrasonique-350-ml-avec-telecommande-et-lumieres-%d8%ac%d9%87%d8%a7%d8%b2-%d8%aa%d8%b9%d8%b7%d9%8a%d8%b1-%d8%a7%d9%84%d8%ac%d9%88\/","title":{"rendered":"Diffuseur d\u2019huiles essentielles ultrasonique 350 ml avec t\u00e9l\u00e9commande et lumi\u00e8res \u2013 \u062c\u0647\u0627\u0632 \u062a\u0639\u0637\u064a\u0631 \u0627\u0644\u062c\u0648"},"content":{"rendered":"<figure class=\"attachment attachment--preview\" data-trix-attachment=\"{&quot;contentType&quot;:&quot;image&quot;,&quot;height&quot;:1024,&quot;url&quot;:&quot;https:\/\/sawaqli.fra1.cdn.digitaloceanspaces.com\/56311\/Aroma-291-cnc.jpg&quot;,&quot;width&quot;:1024}\" data-trix-content-type=\"image\"><img decoding=\"async\" class=\"aligncenter\" src=\"https:\/\/sawaqli.fra1.cdn.digitaloceanspaces.com\/56311\/Aroma-291-cnc.jpg\" width=\"1024\" height=\"1024\" \/><figcaption class=\"attachment__caption\"><\/figcaption><\/figure>\n<figure class=\"attachment attachment--preview\" data-trix-attachment=\"{&quot;contentType&quot;:&quot;image&quot;,&quot;height&quot;:1024,&quot;url&quot;:&quot;https:\/\/sawaqli.fra1.cdn.digitaloceanspaces.com\/56312\/Aroma-291-3.jpg&quot;,&quot;width&quot;:1024}\" data-trix-content-type=\"image\"><img decoding=\"async\" class=\"aligncenter\" src=\"https:\/\/sawaqli.fra1.cdn.digitaloceanspaces.com\/56312\/Aroma-291-3.jpg\" width=\"1024\" height=\"1024\" \/><figcaption class=\"attachment__caption\"><\/figcaption><\/figure>\n<figure class=\"attachment attachment--preview\" data-trix-attachment=\"{&quot;contentType&quot;:&quot;image&quot;,&quot;height&quot;:1024,&quot;url&quot;:&quot;https:\/\/sawaqli.fra1.cdn.digitaloceanspaces.com\/56313\/Aroma-291-6.jpg&quot;,&quot;width&quot;:1024}\" data-trix-content-type=\"image\"><img decoding=\"async\" class=\"aligncenter\" src=\"https:\/\/sawaqli.fra1.cdn.digitaloceanspaces.com\/56313\/Aroma-291-6.jpg\" width=\"1024\" height=\"1024\" \/><figcaption class=\"attachment__caption\"><\/figcaption><\/figure>\n<figure class=\"attachment attachment--preview\" data-trix-attachment=\"{&quot;contentType&quot;:&quot;image&quot;,&quot;height&quot;:1024,&quot;url&quot;:&quot;https:\/\/sawaqli.fra1.cdn.digitaloceanspaces.com\/56314\/Aroma-291-2.jpg&quot;,&quot;width&quot;:1024}\" data-trix-content-type=\"image\"><img decoding=\"async\" class=\"aligncenter\" src=\"https:\/\/sawaqli.fra1.cdn.digitaloceanspaces.com\/56314\/Aroma-291-2.jpg\" width=\"1024\" height=\"1024\" \/><figcaption class=\"attachment__caption\"><\/figcaption><\/figure>\n<figure class=\"attachment attachment--preview\" data-trix-attachment=\"{&quot;contentType&quot;:&quot;image&quot;,&quot;height&quot;:1024,&quot;url&quot;:&quot;https:\/\/sawaqli.fra1.cdn.digitaloceanspaces.com\/56315\/Aroma-291-4.jpg&quot;,&quot;width&quot;:1024}\" data-trix-content-type=\"image\"><img decoding=\"async\" class=\"aligncenter\" src=\"https:\/\/sawaqli.fra1.cdn.digitaloceanspaces.com\/56315\/Aroma-291-4.jpg\" width=\"1024\" height=\"1024\" \/><figcaption class=\"attachment__caption\"><\/figcaption><\/figure>\n<p style=\"text-align: center;\">","protected":false},"excerpt":{"rendered":"<p>\ud83c\udf3f \u062c\u0647\u0627\u0632 2 \u0641\u064a 1 : \u0646\u0627\u0634\u0631 \u0632\u064a\u0648\u062a \u0639\u0637\u0631\u064a\u0629 + \u0645\u0631\u0637\u0628 \u0647\u0648\u0627\u0621 (350ml) \ud83c\udf3f\u2714\ufe0f \u0645\u062a\u0639\u062f\u062f \u0627\u0644\u0648\u0638\u0627\u0626\u0641 : \u064a\u062c\u0645\u0639 \u0628\u064a\u0646 \u0641\u0648\u0627\u0626\u062f \u0627\u0644\u0639\u0644\u0627\u062c \u0628\u0627\u0644\u0631\u0648\u0627\u0626\u062d \u0648\u062a\u0631\u0637\u064a\u0628 \u0627\u0644\u062c\u0648 \u0641\u064a \u0646\u0641\u0633 \u0627\u0644\u0648\u0642\u062a. \u0628\u062e\u0632\u0627\u0646 \u0628\u0633\u0639\u0629 350 \u0645\u0644 \u064a\u063a\u0637\u064a \u0645\u0633\u0627\u062d\u0629 \u0645\u0646 20 \u0625\u0644\u0649 25 \u0645\u00b2\u060c \u0645\u062b\u0627\u0644\u064a \u0644\u0644\u063a\u0631\u0641 \u0623\u0648 \u0627\u0644\u0645\u0643\u0627\u062a\u0628.\u2714\ufe0f \u0622\u0645\u0646 24\/24 : \u0645\u062c\u0647\u0632 \u0628\u062a\u0642\u0646\u064a\u0629 \u0627\u0644\u062a\u0648\u0642\u0641 \u0627\u0644\u062a\u0644\u0642\u0627\u0626\u064a \u0639\u0646\u062f \u0646\u0641\u0627\u062f \u0627\u0644\u0645\u0627\u0621 \u0644\u0636\u0645\u0627\u0646 \u0623\u0645\u0627\u0646 \u0627\u0644\u0639\u0627\u0626\u0644\u0629 \u0637\u0648\u0627\u0644 \u0627\u0644\u0648\u0642\u062a.\ud83d\udca7 \u0648\u0636\u0639\u064a\u062a\u064a\u0646 \u0644\u0644\u0636\u0628\u0627\u0628 + \u0647\u062f\u0648\u0621 \u0627\u0633\u062a\u062b\u0646\u0627\u0626\u064a (< 23 \u062f\u064a\u0633\u064a\u0628\u0644)\u0636\u0628\u0627\u0628 \u062e\u0641\u064a\u0641 30ml\/h : \u0646\u0634\u0631 \u0631\u0627\u0626\u062d\u0629 \u0647\u0627\u062f\u0626\u0629 \u0648\u0645\u0631\u064a\u062d\u0629.\u0636\u0628\u0627\u0628 \u0642\u0648\u064a 60ml\/h : \u062a\u0631\u0637\u064a\u0628 \u0633\u0631\u064a\u0639 \u0648\u0641\u0639\u0651\u0627\u0644 \u0644\u0644\u062c\u0648. \ud83d\udd07 \u0635\u0648\u062a\u0647 \u0623\u062e\u0641\u0636 \u062d\u062a\u0649 \u0645\u0646 \u0627\u0644\u062a\u0646\u0641\u0633 \u2192 \u0645\u062b\u0627\u0644\u064a \u0644\u0644\u0646\u0648\u0645 \u0627\u0644\u0647\u0627\u062f\u0626 \u0641\u064a \u063a\u0631\u0641\u0629 \u0627\u0644\u0646\u0648\u0645.\u2728 \u0625\u0636\u0627\u0621\u0629 LED \u0628\u0640 7 \u0623\u0644\u0648\u0627\u0646 \u062d\u0648\u0651\u0644 \u0627\u0644\u0645\u0643\u0627\u0646 \u0644\u0623\u062c\u0648\u0627\u0621 \u0631\u0627\u0642\u064a\u0629 \u0645\u0639 7 \u0623\u0644\u0648\u0627\u0646 \u062b\u0627\u0628\u062a\u0629 + 7 \u062a\u0623\u062b\u064a\u0631\u0627\u062a \u0645\u062a\u063a\u064a\u0631\u0629. \u064a\u0645\u0643\u0646 \u0627\u0633\u062a\u0639\u0645\u0627\u0644\u0647 \u0643\u0640 :\u0645\u0635\u0628\u0627\u062d \u0644\u064a\u0644\u064a \ud83c\udf19\u0642\u0637\u0639\u0629 \u062f\u064a\u0643\u0648\u0631 \u0623\u0646\u064a\u0642\u0629 \ud83c\udfe0\u0623\u062f\u0627\u0629 \u0644\u062e\u0644\u0642 \u0623\u062c\u0648\u0627\u0621 \u0645\u0631\u064a\u062d\u0629 \u2728\u0627\u0644\u062a\u062d\u0643\u0645 \u0628\u0627\u0644\u0623\u0644\u0648\u0627\u0646 (\u062f\u0627\u0641\u0626\u0629\/\u0628\u0627\u0631\u062f\u0629) \u0639\u0628\u0631 \u0627\u0644\u0631\u064a\u0645\u0648\u062a \u0643\u0646\u062a\u0631\u0648\u0644.\ud83d\udd52 \u0645\u0624\u0642\u062a \u0630\u0643\u064a \u0628\u0640 4 \u062e\u064a\u0627\u0631\u0627\u062a \u0627\u062e\u062a\u0631 \u0627\u0644\u0645\u062f\u0629 \u0627\u0644\u062a\u064a \u062a\u0646\u0627\u0633\u0628\u0643 : \u0645\u0633\u062a\u0645\u0631 \/ 4 \u0633\u0627\u0639\u0627\u062a \/ 8 \u0633\u0627\u0639\u0627\u062a \u0628\u0633\u0647\u0648\u0644\u0629 \u0645\u0646 \u062e\u0644\u0627\u0644 \u062c\u0647\u0627\u0632 \u0627\u0644\u062a\u062d\u0643\u0645 \u0639\u0646 \u0628\u0639\u062f.\ud83d\udc76 \u0622\u0645\u0646 \u0644\u0644\u0623\u0637\u0641\u0627\u0644 + \u0647\u062f\u064a\u0629 \u0645\u062b\u0627\u0644\u064a\u0629 \ud83c\udf81 \u0645\u0635\u0646\u0648\u0639 \u0645\u0646 \u0628\u0644\u0627\u0633\u062a\u064a\u0643 PP \u0622\u0645\u0646 \u0648\u062e\u0627\u0644\u064a \u0645\u0646 \u0627\u0644\u0640BPA\u060c \u0645\u0639 \u0646\u0638\u0627\u0645 \u0625\u064a\u0642\u0627\u0641 \u062a\u0644\u0642\u0627\u0626\u064a \u0639\u0646\u062f \u0646\u0641\u0627\u062f \u0627\u0644\u0645\u0627\u0621. \u062a\u0635\u0645\u064a\u0645 \u0639\u0635\u0631\u064a \u0648\u0623\u0646\u064a\u0642 \u2192 \u062e\u064a\u0627\u0631 \u0631\u0627\u0626\u0639 \u0643\u0647\u062f\u064a\u0629 (\u0623\u0639\u0631\u0627\u0633\u060c \u0645\u0646\u0627\u0633\u0628\u0627\u062a\u060c \u0645\u0646\u0632\u0644 \u062c\u062f\u064a\u062f).\ud83d\udccc \u0627\u0644\u0645\u0648\u0627\u0635\u0641\u0627\u062a \u0627\u0644\u062a\u0642\u0646\u064a\u0629 :\u0627\u0644\u0633\u0639\u0629 : 350 \u0645\u0644\u0627\u0644\u0645\u062f\u0629 : \u062d\u062a\u0649 8 \u0633\u0627\u0639\u0627\u062a\u0627\u0644\u0637\u0627\u0642\u0629 : 10 \u0648\u0627\u0637\u0627\u0644\u062d\u062c\u0645 : 16 \u00d7 16 \u00d7 14 \u0633\u0645\u0627\u0644\u0634\u0643\u0644 : \u062f\u0627\u0626\u0631\u064a \u26aa\u0627\u0644\u0644\u0648\u0646 : \u0623\u0628\u064a\u0636\n<\/p>","protected":false},"featured_media":49141,"comment_status":"open","ping_status":"closed","template":"","meta":[],"product_brand":[],"product_cat":[2463],"product_tag":[],"class_list":{"0":"post-49142","1":"product","2":"type-product","3":"status-publish","4":"has-post-thumbnail","6":"product_cat-electronique","8":"first","9":"instock","10":"sale","11":"taxable","12":"shipping-taxable","13":"purchasable","14":"product-type-simple"},"jetpack_sharing_enabled":true,"_links":{"self":[{"href":"https:\/\/shoponlinedz.com\/en\/wp-json\/wp\/v2\/product\/49142","targetHints":{"allow":["GET"]}}],"collection":[{"href":"https:\/\/shoponlinedz.com\/en\/wp-json\/wp\/v2\/product"}],"about":[{"href":"https:\/\/shoponlinedz.com\/en\/wp-json\/wp\/v2\/types\/product"}],"replies":[{"embeddable":true,"href":"https:\/\/shoponlinedz.com\/en\/wp-json\/wp\/v2\/comments?post=49142"}],"version-history":[{"count":0,"href":"https:\/\/shoponlinedz.com\/en\/wp-json\/wp\/v2\/product\/49142\/revisions"}],"wp:featuredmedia":[{"embeddable":true,"href":"https:\/\/shoponlinedz.com\/en\/wp-json\/wp\/v2\/media\/49141"}],"wp:attachment":[{"href":"https:\/\/shoponlinedz.com\/en\/wp-json\/wp\/v2\/media?parent=49142"}],"wp:term":[{"taxonomy":"product_brand","embeddable":true,"href":"https:\/\/shoponlinedz.com\/en\/wp-json\/wp\/v2\/product_brand?post=49142"},{"taxonomy":"product_cat","embeddable":true,"href":"https:\/\/shoponlinedz.com\/en\/wp-json\/wp\/v2\/product_cat?post=49142"},{"taxonomy":"product_tag","embeddable":true,"href":"https:\/\/shoponlinedz.com\/en\/wp-json\/wp\/v2\/product_tag?post=49142"}],"curies":[{"name":"wp","href":"https:\/\/api.w.org\/{rel}","templated":true}]}}