{"id":49002,"date":"2026-01-05T16:39:20","date_gmt":"2026-01-05T16:39:20","guid":{"rendered":"https:\/\/shoponlinedz.com\/product\/ecouteurs-sans-fil-valdus-a13-tws-3en1-avec-boitier-de-charge-1000mah-et-allume-ci-gare-integre-%d8%b3%d9%85%d8%a7%d8%b9%d8%a9-%d9%84%d8%a7%d8%b3%d9%84%d9%83%d9%8a%d8%a9-%d9%88%d8%a8%d8%a7%d9%88\/"},"modified":"2026-01-28T12:15:02","modified_gmt":"2026-01-28T12:15:02","slug":"ecouteurs-sans-fil-valdus-a13-tws-3en1-avec-boitier-de-charge-1000mah-et-allume-ci-gare-integre-%d8%b3%d9%85%d8%a7%d8%b9%d8%a9-%d9%84%d8%a7%d8%b3%d9%84%d9%83%d9%8a%d8%a9-%d9%88%d8%a8%d8%a7%d9%88","status":"publish","type":"product","link":"https:\/\/shoponlinedz.com\/en\/product\/ecouteurs-sans-fil-valdus-a13-tws-3en1-avec-boitier-de-charge-1000mah-et-allume-ci-gare-integre-%d8%b3%d9%85%d8%a7%d8%b9%d8%a9-%d9%84%d8%a7%d8%b3%d9%84%d9%83%d9%8a%d8%a9-%d9%88%d8%a8%d8%a7%d9%88\/","title":{"rendered":"\u00c9couteurs Sans Fil VALDUS A13 TWS 3EN1 avec Bo\u00eetier de Charge 1000mAh et Allume Ci-gare Int\u00e9gr\u00e9- \u0633\u0645\u0627\u0639\u0629 \u0644\u0627\u0633\u0644\u0643\u064a\u0629 \u0648\u0628\u0627\u0648\u0631 \u0628\u0627\u0646\u0643 \u0645\u0639 \u0645\u0634\u0639\u0644"},"content":{"rendered":"<figure class=\"attachment attachment--preview\" data-trix-attachment=\"{&quot;contentType&quot;:&quot;image&quot;,&quot;height&quot;:1024,&quot;url&quot;:&quot;https:\/\/sawaqli.fra1.cdn.digitaloceanspaces.com\/56513\/A13-Lighter-cnc-600x600.jpg&quot;,&quot;width&quot;:1024}\" data-trix-content-type=\"image\"><img decoding=\"async\" class=\"aligncenter\" src=\"https:\/\/sawaqli.fra1.cdn.digitaloceanspaces.com\/56513\/A13-Lighter-cnc-600x600.jpg\" width=\"1024\" height=\"1024\" \/><figcaption class=\"attachment__caption\"><\/figcaption><\/figure>\n<figure class=\"attachment attachment--preview\" data-trix-attachment=\"{&quot;contentType&quot;:&quot;image&quot;,&quot;height&quot;:1024,&quot;url&quot;:&quot;https:\/\/sawaqli.fra1.cdn.digitaloceanspaces.com\/56514\/A13-Lighter-6.jpg&quot;,&quot;width&quot;:1024}\" data-trix-content-type=\"image\"><img decoding=\"async\" class=\"aligncenter\" src=\"https:\/\/sawaqli.fra1.cdn.digitaloceanspaces.com\/56514\/A13-Lighter-6.jpg\" width=\"1024\" height=\"1024\" \/><figcaption class=\"attachment__caption\"><\/figcaption><\/figure>\n<figure class=\"attachment attachment--preview\" data-trix-attachment=\"{&quot;contentType&quot;:&quot;image&quot;,&quot;height&quot;:1024,&quot;url&quot;:&quot;https:\/\/sawaqli.fra1.cdn.digitaloceanspaces.com\/56515\/A13-Lighter-7.jpg&quot;,&quot;width&quot;:1024}\" data-trix-content-type=\"image\"><img decoding=\"async\" class=\"aligncenter\" src=\"https:\/\/sawaqli.fra1.cdn.digitaloceanspaces.com\/56515\/A13-Lighter-7.jpg\" width=\"1024\" height=\"1024\" \/><figcaption class=\"attachment__caption\"><\/figcaption><\/figure>\n<figure class=\"attachment attachment--preview\" data-trix-attachment=\"{&quot;contentType&quot;:&quot;image&quot;,&quot;height&quot;:1024,&quot;url&quot;:&quot;https:\/\/sawaqli.fra1.cdn.digitaloceanspaces.com\/56551\/BDH3.jpeg&quot;,&quot;width&quot;:1024}\" data-trix-content-type=\"image\"><img decoding=\"async\" class=\"aligncenter\" src=\"https:\/\/sawaqli.fra1.cdn.digitaloceanspaces.com\/56551\/BDH3.jpeg\" width=\"1024\" height=\"1024\" \/><figcaption class=\"attachment__caption\"><\/figcaption><\/figure>\n<figure class=\"attachment attachment--preview\" data-trix-attachment=\"{&quot;contentType&quot;:&quot;image&quot;,&quot;height&quot;:1024,&quot;url&quot;:&quot;https:\/\/sawaqli.fra1.cdn.digitaloceanspaces.com\/56552\/BDH33.jpeg&quot;,&quot;width&quot;:1024}\" data-trix-content-type=\"image\"><img decoding=\"async\" class=\"aligncenter\" src=\"https:\/\/sawaqli.fra1.cdn.digitaloceanspaces.com\/56552\/BDH33.jpeg\" width=\"1024\" height=\"1024\" \/><figcaption class=\"attachment__caption\"><\/figcaption><\/figure>\n<p style=\"text-align: center;\">","protected":false},"excerpt":{"rendered":"<p>\ud83c\udfa7 \u0633\u0645\u0627\u0639\u0627\u062a VALDUS A13 \u2013 \u0627\u0628\u062a\u0643\u0627\u0631\u060c \u0623\u062f\u0627\u0621 \u0648 \u062a\u0639\u062f\u062f\u064a\u0629 \u0627\u0644\u0627\u0633\u062a\u0639\u0645\u0627\u0644\u0633\u0645\u0627\u0639\u0627\u062a VALDUS A13 \u0644\u064a\u0633\u062a \u0645\u062c\u0631\u062f \u0633\u0645\u0627\u0639\u0627\u062a \u0639\u0627\u062f\u064a\u0629\u060c \u0628\u0644 \u0647\u064a \u0645\u0632\u064a\u062c \u0628\u064a\u0646 \u0627\u0644\u062a\u0643\u0646\u0648\u0644\u0648\u062c\u064a\u0627 \u0627\u0644\u062d\u062f\u064a\u062b\u0629 \u0648 \u0627\u0644\u0631\u0627\u062d\u0629 \u0627\u0644\u064a\u0648\u0645\u064a\u0629 \u0645\u0639 \u062e\u0635\u0627\u0626\u0635 \u0641\u0631\u064a\u062f\u0629 \u062a\u062c\u0639\u0644\u0647\u0627 \u0627\u0644\u0631\u0641\u064a\u0642 \u0627\u0644\u0645\u062b\u0627\u0644\u064a \u0641\u064a \u0627\u0644\u0639\u0645\u0644\u060c \u0627\u0644\u0633\u0641\u0631 \u0623\u0648 \u0627\u0644\u0627\u0633\u062a\u0639\u0645\u0627\u0644 \u0627\u0644\u064a\u0648\u0645\u064a.\u2705 \u0627\u0644\u0645\u0645\u064a\u0632\u0627\u062a \u0627\u0644\u0631\u0626\u064a\u0633\u064a\u0629 :\u062a\u0642\u0646\u064a\u0629 TWS (True Wireless Stereo) : \u0627\u0633\u062a\u0645\u062a\u0639 \u0628\u0635\u0648\u062a \u0646\u0642\u064a\u060c \u0642\u0648\u064a \u0648\u063a\u0627\u0645\u0631 \u0628\u062f\u0648\u0646 \u0623\u064a \u0623\u0633\u0644\u0627\u0643.\u0639\u0644\u0628\u0629 \u0634\u062d\u0646 \u0628\u0633\u0639\u0629 1000mAh : \u062a\u0645\u0646\u062d\u0643 \u0639\u062f\u0629 \u0634\u062d\u0646\u0627\u062a \u0643\u0627\u0645\u0644\u0629 \u0644\u0639\u0645\u0631 \u0628\u0637\u0627\u0631\u064a\u0629 \u0623\u0637\u0648\u0644 \u0645\u062b\u0627\u0644\u064a \u0644\u0644\u064a\u0648\u0645 \u0627\u0644\u0643\u0627\u0645\u0644.\u0648\u0638\u064a\u0641\u0629 \u0648\u0644\u0627\u0639\u0629 \u0633\u062c\u0627\u0626\u0631 \u0645\u062f\u0645\u062c\u0629 : \u062a\u0635\u0645\u064a\u0645 \u0630\u0643\u064a \u064a\u062c\u0645\u0639 \u0628\u064a\u0646 \u0627\u0644\u0639\u0645\u0644\u064a\u0629 \u0648\u0627\u0644\u0641\u0627\u0626\u062f\u0629\u060c \u0645\u062b\u0627\u0644\u064a \u0644\u0644\u0627\u0633\u062a\u0639\u0645\u0627\u0644 \u0641\u064a \u0627\u0644\u0633\u064a\u0627\u0631\u0629.\u0627\u062a\u0635\u0627\u0644 Bluetooth \u0633\u0631\u064a\u0639 \u0648\u0645\u0633\u062a\u0642\u0631 : \u0645\u062a\u0648\u0627\u0641\u0642 \u0645\u0639 \u0623\u063a\u0644\u0628 \u0627\u0644\u0647\u0648\u0627\u062a\u0641 \u0627\u0644\u0630\u0643\u064a\u0629 \u0648\u0627\u0644\u0623\u062c\u0647\u0632\u0629 \u0627\u0644\u062d\u062f\u064a\u062b\u0629.\u062a\u0635\u0645\u064a\u0645 \u0645\u0631\u064a\u062d \u0648\u0635\u063a\u064a\u0631 \u0627\u0644\u062d\u062c\u0645 : \u0633\u0647\u0644 \u0627\u0644\u062d\u0645\u0644 \u0648\u064a\u0648\u0641\u0631 \u0631\u0627\u062d\u0629 \u0623\u062b\u0646\u0627\u0621 \u0627\u0644\u0627\u0633\u062a\u0639\u0645\u0627\u0644 \u0627\u0644\u0637\u0648\u064a\u0644.\u0627\u0633\u062a\u0639\u0645\u0627\u0644\u0627\u062a \u0645\u062a\u0639\u062f\u062f\u0629 : \u0645\u062b\u0627\u0644\u064a\u0629 \u0644\u0644\u0645\u0643\u0627\u0644\u0645\u0627\u062a\u060c \u0627\u0644\u0645\u0648\u0633\u064a\u0642\u0649\u060c \u0627\u0644\u062a\u0646\u0642\u0644\u0627\u062a \u0648\u062d\u062a\u0649 \u0628\u064a\u0626\u0629 \u0627\u0644\u0639\u0645\u0644.\ud83d\udc49 \u0645\u0639 VALDUS A13\u060c \u0623\u0646\u062a \u062a\u0645\u062a\u0644\u0643 \u0633\u0645\u0627\u0639\u0627\u062a \u0639\u0627\u0644\u064a\u0629 \u0627\u0644\u062c\u0648\u062f\u0629\u060c \u0639\u0644\u0628\u0629 \u0634\u062d\u0646 \u0642\u0648\u064a\u0629 \u0648 \u0623\u062f\u0627\u0629 \u0639\u0645\u0644\u064a\u0629 \u0641\u064a \u0646\u0641\u0633 \u0627\u0644\u0648\u0642\u062a.<\/p>","protected":false},"featured_media":49001,"comment_status":"open","ping_status":"closed","template":"","meta":[],"product_brand":[],"product_cat":[2463],"product_tag":[],"class_list":{"0":"post-49002","1":"product","2":"type-product","3":"status-publish","4":"has-post-thumbnail","6":"product_cat-electronique","8":"first","9":"instock","10":"sale","11":"taxable","12":"shipping-taxable","13":"purchasable","14":"product-type-simple"},"jetpack_sharing_enabled":true,"_links":{"self":[{"href":"https:\/\/shoponlinedz.com\/en\/wp-json\/wp\/v2\/product\/49002","targetHints":{"allow":["GET"]}}],"collection":[{"href":"https:\/\/shoponlinedz.com\/en\/wp-json\/wp\/v2\/product"}],"about":[{"href":"https:\/\/shoponlinedz.com\/en\/wp-json\/wp\/v2\/types\/product"}],"replies":[{"embeddable":true,"href":"https:\/\/shoponlinedz.com\/en\/wp-json\/wp\/v2\/comments?post=49002"}],"version-history":[{"count":0,"href":"https:\/\/shoponlinedz.com\/en\/wp-json\/wp\/v2\/product\/49002\/revisions"}],"wp:featuredmedia":[{"embeddable":true,"href":"https:\/\/shoponlinedz.com\/en\/wp-json\/wp\/v2\/media\/49001"}],"wp:attachment":[{"href":"https:\/\/shoponlinedz.com\/en\/wp-json\/wp\/v2\/media?parent=49002"}],"wp:term":[{"taxonomy":"product_brand","embeddable":true,"href":"https:\/\/shoponlinedz.com\/en\/wp-json\/wp\/v2\/product_brand?post=49002"},{"taxonomy":"product_cat","embeddable":true,"href":"https:\/\/shoponlinedz.com\/en\/wp-json\/wp\/v2\/product_cat?post=49002"},{"taxonomy":"product_tag","embeddable":true,"href":"https:\/\/shoponlinedz.com\/en\/wp-json\/wp\/v2\/product_tag?post=49002"}],"curies":[{"name":"wp","href":"https:\/\/api.w.org\/{rel}","templated":true}]}}