{"id":48993,"date":"2026-01-05T16:39:06","date_gmt":"2026-01-05T16:39:06","guid":{"rendered":"https:\/\/shoponlinedz.com\/product\/lampe-de-camping-a-energie-solaire-a-3-modes-%d9%85%d8%b5%d8%a8%d8%a7%d8%ad-%d9%8a%d8%af%d9%88%d9%8a-%d9%84%d9%84%d8%aa%d8%ae%d9%8a%d9%8a%d9%85-%d8%a8-3-%d8%a3%d9%88%d8%b6%d8%a7%d8%b9-%d9%8a\/"},"modified":"2026-01-28T12:15:03","modified_gmt":"2026-01-28T12:15:03","slug":"lampe-de-camping-a-energie-solaire-a-3-modes-%d9%85%d8%b5%d8%a8%d8%a7%d8%ad-%d9%8a%d8%af%d9%88%d9%8a-%d9%84%d9%84%d8%aa%d8%ae%d9%8a%d9%8a%d9%85-%d8%a8-3-%d8%a3%d9%88%d8%b6%d8%a7%d8%b9-%d9%8a","status":"publish","type":"product","link":"https:\/\/shoponlinedz.com\/en\/product\/lampe-de-camping-a-energie-solaire-a-3-modes-%d9%85%d8%b5%d8%a8%d8%a7%d8%ad-%d9%8a%d8%af%d9%88%d9%8a-%d9%84%d9%84%d8%aa%d8%ae%d9%8a%d9%8a%d9%85-%d8%a8-3-%d8%a3%d9%88%d8%b6%d8%a7%d8%b9-%d9%8a\/","title":{"rendered":"Lampe de camping \u00e0 \u00e9nergie solaire \u00e0 3 modes \u2013 \u0645\u0635\u0628\u0627\u062d \u064a\u062f\u0648\u064a \u0644\u0644\u062a\u062e\u064a\u064a\u0645 \u0628 3 \u0623\u0648\u0636\u0627\u0639 \u064a\u0639\u0645\u0644 \u0628\u0627\u0644\u0637\u0627\u0642\u0629 \u0627\u0644\u0634\u0645\u0633\u064a\u0629"},"content":{"rendered":"<figure class=\"attachment attachment--preview\" data-trix-attachment=\"{&quot;contentType&quot;:&quot;image&quot;,&quot;height&quot;:1024,&quot;url&quot;:&quot;https:\/\/sawaqli.fra1.cdn.digitaloceanspaces.com\/31051\/%D9%85%D8%B5%D8%A8%D8%A7%D8%AD-%D9%8A%D8%AF%D9%88%D9%8A-%D9%84%D9%84%D8%AA%D8%AE%D9%8A%D9%8A%D9%85-%D8%A8-3-%D8%A3%D9%88%D8%B6%D8%A7%D8%B9-%D9%8A%D8%B9%D9%85%D9%84-%D8%A8%D8%A7%D9%84%D8%B7%D8%A7%D9%82%D8%A9-%D8%A7%D9%84%D8%B4%D9%85%D8%B3%D9%8A%D8%A9.jpg&quot;,&quot;width&quot;:1024}\" data-trix-content-type=\"image\"><img decoding=\"async\" class=\"aligncenter\" src=\"https:\/\/sawaqli.fra1.cdn.digitaloceanspaces.com\/31051\/%D9%85%D8%B5%D8%A8%D8%A7%D8%AD-%D9%8A%D8%AF%D9%88%D9%8A-%D9%84%D9%84%D8%AA%D8%AE%D9%8A%D9%8A%D9%85-%D8%A8-3-%D8%A3%D9%88%D8%B6%D8%A7%D8%B9-%D9%8A%D8%B9%D9%85%D9%84-%D8%A8%D8%A7%D9%84%D8%B7%D8%A7%D9%82%D8%A9-%D8%A7%D9%84%D8%B4%D9%85%D8%B3%D9%8A%D8%A9.jpg\" width=\"1024\" height=\"1024\" \/><figcaption class=\"attachment__caption\"><\/figcaption><\/figure>\n<figure class=\"attachment attachment--preview\" data-trix-attachment=\"{&quot;contentType&quot;:&quot;image&quot;,&quot;height&quot;:1024,&quot;url&quot;:&quot;https:\/\/sawaqli.fra1.cdn.digitaloceanspaces.com\/31049\/vhYGa0iumVlWJgUr.jpg&quot;,&quot;width&quot;:1024}\" data-trix-content-type=\"image\"><img decoding=\"async\" class=\"aligncenter\" src=\"https:\/\/sawaqli.fra1.cdn.digitaloceanspaces.com\/31049\/vhYGa0iumVlWJgUr.jpg\" width=\"1024\" height=\"1024\" \/><figcaption class=\"attachment__caption\"><\/figcaption><\/figure>\n<figure class=\"attachment attachment--preview\" data-trix-attachment=\"{&quot;contentType&quot;:&quot;image&quot;,&quot;height&quot;:1024,&quot;url&quot;:&quot;https:\/\/sawaqli.fra1.cdn.digitaloceanspaces.com\/31050\/x7791o1xkFUStO5O.jpg&quot;,&quot;width&quot;:1024}\" data-trix-content-type=\"image\"><img decoding=\"async\" class=\"aligncenter\" src=\"https:\/\/sawaqli.fra1.cdn.digitaloceanspaces.com\/31050\/x7791o1xkFUStO5O.jpg\" width=\"1024\" height=\"1024\" \/><figcaption class=\"attachment__caption\"><\/figcaption><\/figure>\n<figure class=\"attachment attachment--preview\" data-trix-attachment=\"{&quot;contentType&quot;:&quot;image&quot;,&quot;height&quot;:1024,&quot;url&quot;:&quot;https:\/\/sawaqli.fra1.cdn.digitaloceanspaces.com\/31309\/4ea8dfb9-0655-4768-a273-9ae904fa438c.jfif&quot;,&quot;width&quot;:1024}\" data-trix-content-type=\"image\"><img decoding=\"async\" class=\"aligncenter\" src=\"https:\/\/sawaqli.fra1.cdn.digitaloceanspaces.com\/31309\/4ea8dfb9-0655-4768-a273-9ae904fa438c.jfif\" width=\"1024\" height=\"1024\" \/><figcaption class=\"attachment__caption\"><\/figcaption><\/figure>\n<figure class=\"attachment attachment--preview\" data-trix-attachment=\"{&quot;contentType&quot;:&quot;image&quot;,&quot;height&quot;:1024,&quot;url&quot;:&quot;https:\/\/sawaqli.fra1.cdn.digitaloceanspaces.com\/31310\/e9a09ebe-3e80-4ed1-9b17-255c7c11eb48.jfif&quot;,&quot;width&quot;:1024}\" data-trix-content-type=\"image\"><img decoding=\"async\" class=\"aligncenter\" src=\"https:\/\/sawaqli.fra1.cdn.digitaloceanspaces.com\/31310\/e9a09ebe-3e80-4ed1-9b17-255c7c11eb48.jfif\" width=\"1024\" height=\"1024\" \/><figcaption class=\"attachment__caption\"><\/figcaption><\/figure>\n<p style=\"text-align: center;\">","protected":false},"excerpt":{"rendered":"<p>\u0645\u0635\u0628\u0627\u062d \u062a\u062e\u064a\u064a\u0645 \u0645\u062a\u0639\u062f\u062f \u0627\u0644\u0648\u0638\u0627\u0626\u0641 \u064a\u0639\u0645\u0644 \u0628\u0627\u0644\u0637\u0627\u0642\u0629 \u0627\u0644\u0634\u0645\u0633\u064a\u06293 \u0623\u0648\u0636\u0627\u0639 \u0625\u0636\u0627\u0621\u0629: \u0625\u0636\u0627\u0621\u0629 \u0623\u0645\u0627\u0645\u064a\u0629\u060c \u062c\u0627\u0646\u0628\u064a\u0629 \u0628\u064036 LED\u060c \u0648\u0625\u0636\u0627\u0621\u0629 \u0645\u0648\u0632\u0639\u0629 \u0644\u0644\u0645\u0633\u0627\u062d\u0627\u062a \u0627\u0644\u0648\u0627\u0633\u0639\u0629.\u0628\u0637\u0627\u0631\u064a\u0629 \u0642\u0627\u0628\u0644\u0629 \u0644\u0644\u0634\u062d\u0646: \u0639\u0628\u0631 \u0645\u0646\u0641\u0630 USB (\u0643\u0627\u0628\u0644 \u0645\u0631\u0641\u0642) \u0623\u0648 \u0628\u0627\u0644\u0637\u0627\u0642\u0629 \u0627\u0644\u0634\u0645\u0633\u064a\u0629 \u0627\u0644\u0645\u062f\u0645\u062c\u0629.\u0645\u0646\u0641\u0630 USB \u0644\u0634\u062d\u0646 \u0627\u0644\u0623\u062c\u0647\u0632\u0629: \u064a\u0645\u0643\u0646 \u0627\u0633\u062a\u062e\u062f\u0627\u0645\u0647 \u0643\u0628\u0627\u0648\u0631 \u0628\u0627\u0646\u0643 \u0641\u064a \u062d\u0627\u0644\u0627\u062a \u0627\u0644\u0637\u0648\u0627\u0631\u0626.\u062a\u0635\u0645\u064a\u0645 \u0639\u0645\u0644\u064a: \u0645\u0632\u0648\u062f \u0628\u0645\u0642\u0628\u0636 \u0645\u0631\u064a\u062d \u0648\u0642\u0627\u0639\u062f\u0629 \u062b\u0627\u0628\u062a\u0629 \u0644\u062a\u0633\u0647\u064a\u0644 \u0627\u0644\u062d\u0645\u0644 \u0648\u0627\u0644\u0627\u0633\u062a\u062e\u062f\u0627\u0645 \u0641\u064a \u0623\u064a \u0645\u0643\u0627\u0646.\u0645\u0648\u0627\u0635\u0641\u0627\u062a: \u0627\u0631\u062a\u0641\u0627\u0639 18.5 \u0633\u0645 \u00d7 \u0637\u0648\u0644 11.5 \u0633\u0645 \u00d7 \u0639\u0631\u0636 10 \u0633\u0645.<\/p>","protected":false},"featured_media":48992,"comment_status":"open","ping_status":"closed","template":"","meta":[],"product_brand":[],"product_cat":[2464],"product_tag":[],"class_list":{"0":"post-48993","1":"product","2":"type-product","3":"status-publish","4":"has-post-thumbnail","6":"product_cat-camping-et-randonnee","8":"first","9":"instock","10":"sale","11":"taxable","12":"shipping-taxable","13":"purchasable","14":"product-type-simple"},"jetpack_sharing_enabled":true,"_links":{"self":[{"href":"https:\/\/shoponlinedz.com\/en\/wp-json\/wp\/v2\/product\/48993","targetHints":{"allow":["GET"]}}],"collection":[{"href":"https:\/\/shoponlinedz.com\/en\/wp-json\/wp\/v2\/product"}],"about":[{"href":"https:\/\/shoponlinedz.com\/en\/wp-json\/wp\/v2\/types\/product"}],"replies":[{"embeddable":true,"href":"https:\/\/shoponlinedz.com\/en\/wp-json\/wp\/v2\/comments?post=48993"}],"version-history":[{"count":0,"href":"https:\/\/shoponlinedz.com\/en\/wp-json\/wp\/v2\/product\/48993\/revisions"}],"wp:featuredmedia":[{"embeddable":true,"href":"https:\/\/shoponlinedz.com\/en\/wp-json\/wp\/v2\/media\/48992"}],"wp:attachment":[{"href":"https:\/\/shoponlinedz.com\/en\/wp-json\/wp\/v2\/media?parent=48993"}],"wp:term":[{"taxonomy":"product_brand","embeddable":true,"href":"https:\/\/shoponlinedz.com\/en\/wp-json\/wp\/v2\/product_brand?post=48993"},{"taxonomy":"product_cat","embeddable":true,"href":"https:\/\/shoponlinedz.com\/en\/wp-json\/wp\/v2\/product_cat?post=48993"},{"taxonomy":"product_tag","embeddable":true,"href":"https:\/\/shoponlinedz.com\/en\/wp-json\/wp\/v2\/product_tag?post=48993"}],"curies":[{"name":"wp","href":"https:\/\/api.w.org\/{rel}","templated":true}]}}