{"id":48981,"date":"2026-01-05T16:38:40","date_gmt":"2026-01-05T16:38:40","guid":{"rendered":"https:\/\/shoponlinedz.com\/product\/support-mural-magnetique-pour-telecommande-et-accessoires-6pcs-%d8%ad%d8%a7%d9%85%d9%84-%d8%a3%d9%83%d8%b3%d8%b3%d9%88%d8%a7%d8%b1%d8%a7%d8%aa-%d9%85%d8%ba%d9%86%d8%a7%d8%b7%d9%8a%d8%b3\/"},"modified":"2026-01-28T12:15:03","modified_gmt":"2026-01-28T12:15:03","slug":"support-mural-magnetique-pour-telecommande-et-accessoires-6pcs-%d8%ad%d8%a7%d9%85%d9%84-%d8%a3%d9%83%d8%b3%d8%b3%d9%88%d8%a7%d8%b1%d8%a7%d8%aa-%d9%85%d8%ba%d9%86%d8%a7%d8%b7%d9%8a%d8%b3","status":"publish","type":"product","link":"https:\/\/shoponlinedz.com\/en\/product\/support-mural-magnetique-pour-telecommande-et-accessoires-6pcs-%d8%ad%d8%a7%d9%85%d9%84-%d8%a3%d9%83%d8%b3%d8%b3%d9%88%d8%a7%d8%b1%d8%a7%d8%aa-%d9%85%d8%ba%d9%86%d8%a7%d8%b7%d9%8a%d8%b3\/","title":{"rendered":"Support mural magn\u00e9tique pour t\u00e9l\u00e9commande et Accessoires 6Pcs \u2013 \u062d\u0627\u0645\u0644 \u0623\u0643\u0633\u0633\u0648\u0627\u0631\u0627\u062a \u0645\u063a\u0646\u0627\u0637\u064a\u0633\u064a"},"content":{"rendered":"<figure class=\"attachment attachment--preview\" data-trix-attachment=\"{&quot;contentType&quot;:&quot;image&quot;,&quot;height&quot;:1024,&quot;url&quot;:&quot;https:\/\/sawaqli.fra1.cdn.digitaloceanspaces.com\/56519\/MAGNATIC-Hook-6Pcs-cnc.jpg&quot;,&quot;width&quot;:1024}\" data-trix-content-type=\"image\"><img decoding=\"async\" class=\"aligncenter\" src=\"https:\/\/sawaqli.fra1.cdn.digitaloceanspaces.com\/56519\/MAGNATIC-Hook-6Pcs-cnc.jpg\" width=\"1024\" height=\"1024\" \/><figcaption class=\"attachment__caption\"><\/figcaption><\/figure>\n<figure class=\"attachment attachment--preview\" data-trix-attachment=\"{&quot;contentType&quot;:&quot;image&quot;,&quot;height&quot;:1024,&quot;url&quot;:&quot;https:\/\/sawaqli.fra1.cdn.digitaloceanspaces.com\/56520\/MAGNATIC-Hook-6Pcs-5.jpg&quot;,&quot;width&quot;:1024}\" data-trix-content-type=\"image\"><img decoding=\"async\" class=\"aligncenter\" src=\"https:\/\/sawaqli.fra1.cdn.digitaloceanspaces.com\/56520\/MAGNATIC-Hook-6Pcs-5.jpg\" width=\"1024\" height=\"1024\" \/><figcaption class=\"attachment__caption\"><\/figcaption><\/figure>\n<figure class=\"attachment attachment--preview\" data-trix-attachment=\"{&quot;contentType&quot;:&quot;image&quot;,&quot;height&quot;:1024,&quot;url&quot;:&quot;https:\/\/sawaqli.fra1.cdn.digitaloceanspaces.com\/56521\/MAGNATIC-Hook-6Pcs-8.jpg&quot;,&quot;width&quot;:1024}\" data-trix-content-type=\"image\"><img decoding=\"async\" class=\"aligncenter\" src=\"https:\/\/sawaqli.fra1.cdn.digitaloceanspaces.com\/56521\/MAGNATIC-Hook-6Pcs-8.jpg\" width=\"1024\" height=\"1024\" \/><figcaption class=\"attachment__caption\"><\/figcaption><\/figure>\n<figure class=\"attachment attachment--preview\" data-trix-attachment=\"{&quot;contentType&quot;:&quot;image&quot;,&quot;height&quot;:1024,&quot;url&quot;:&quot;https:\/\/sawaqli.fra1.cdn.digitaloceanspaces.com\/56522\/MAGNATIC-Hook-6Pcs-2.jpg&quot;,&quot;width&quot;:1024}\" data-trix-content-type=\"image\"><img decoding=\"async\" class=\"aligncenter\" src=\"https:\/\/sawaqli.fra1.cdn.digitaloceanspaces.com\/56522\/MAGNATIC-Hook-6Pcs-2.jpg\" width=\"1024\" height=\"1024\" \/><figcaption class=\"attachment__caption\"><\/figcaption><\/figure>\n<figure class=\"attachment attachment--preview\" data-trix-attachment=\"{&quot;contentType&quot;:&quot;image&quot;,&quot;height&quot;:1024,&quot;url&quot;:&quot;https:\/\/sawaqli.fra1.cdn.digitaloceanspaces.com\/56523\/MAGNATIC-Hook-6Pcs-6.jpg&quot;,&quot;width&quot;:1024}\" data-trix-content-type=\"image\"><img decoding=\"async\" class=\"aligncenter\" src=\"https:\/\/sawaqli.fra1.cdn.digitaloceanspaces.com\/56523\/MAGNATIC-Hook-6Pcs-6.jpg\" width=\"1024\" height=\"1024\" \/><figcaption class=\"attachment__caption\"><\/figcaption><\/figure>\n<p style=\"text-align: center;\">","protected":false},"excerpt":{"rendered":"<p>\ud83e\uddf2 \u062d\u0648\u0627\u0645\u0644 \u0645\u063a\u0646\u0627\u0637\u064a\u0633\u064a\u0629 \u0644\u0644\u062a\u062d\u0643\u0645 \u0639\u0646 \u0628\u064f\u0639\u062f \u2013 \u0639\u0645\u0644\u064a\u0629\u060c \u0623\u0646\u064a\u0642\u0629\u060c \u0648\u062f\u0627\u0639\u064b\u0627 \u0644\u0641\u0648\u0636\u0649 \u0627\u0644\u0636\u064a\u0627\u0639\u0645\u062d\u062a\u0648\u0649 \u0627\u0644\u0639\u0644\u0628\u0629 : \u0633\u062a\u062d\u0635\u0644 \u0639\u0644\u0649 6 \u062d\u0648\u0627\u0645\u0644 \u0645\u063a\u0646\u0627\u0637\u064a\u0633\u064a\u0629 \u0628\u064a\u0636\u0627\u0621 \u0645\u062e\u0635\u0651\u0635\u0629 \u0644\u0644\u062a\u062d\u0643\u0645 \u0639\u0646 \u0628\u064f\u0639\u062f \u0645\u0639 \u062e\u0637\u0627\u0641\u0627\u062a \u0645\u063a\u0646\u0627\u0637\u064a\u0633\u064a\u0629 \u0642\u0648\u064a\u0629. \u0644\u0646 \u062a\u0641\u0642\u062f \u0623\u062c\u0647\u0632\u0629 \u0627\u0644\u062a\u062d\u0643\u0645 \u0628\u0627\u0644\u062a\u0644\u0641\u0627\u0632 \u0628\u0639\u062f \u0627\u0644\u064a\u0648\u0645\u060c \u0628\u0641\u0636\u0644 \u0647\u0630\u0647 \u0627\u0644\u0625\u0643\u0633\u0633\u0648\u0627\u0631\u0627\u062a \u0627\u0644\u0639\u0645\u0644\u064a\u0629 \u0648\u0627\u0644\u062d\u062f\u064a\u062b\u0629 \u0644\u062a\u0646\u0638\u064a\u0645 \u0645\u0646\u0632\u0644\u0643.\u2705 \u0627\u0644\u0645\u0645\u064a\u0632\u0627\u062a \u0627\u0644\u0631\u0626\u064a\u0633\u064a\u0629 :\u062e\u0627\u0645\u0629 \u0639\u0627\u0644\u064a\u0629 \u0627\u0644\u062c\u0648\u062f\u0629 : \u0645\u0635\u0646\u0648\u0639\u0629 \u0645\u0646 \u0628\u0644\u0627\u0633\u062a\u064a\u0643 \u0645\u0645\u062a\u0627\u0632 \u0648\u0644\u0627\u0635\u0642 \u0642\u0648\u064a\u060c \u0635\u0644\u0628\u0629 \u0648\u0645\u062a\u064a\u0646\u0629 \u0644\u0644\u0627\u0633\u062a\u062e\u062f\u0627\u0645 \u0627\u0644\u0637\u0648\u064a\u0644. \u0642\u0648\u0629 \u0627\u0644\u0627\u0644\u062a\u0635\u0627\u0642 \u0648\u0627\u0644\u0645\u063a\u0646\u0627\u0637\u064a\u0633\u064a\u0629 \u062a\u0636\u0645\u0646 \u062b\u0628\u0627\u062a \u0623\u062c\u0647\u0632\u0629 \u0627\u0644\u062a\u062d\u0643\u0645 \u062f\u0648\u0646 \u0623\u0646 \u062a\u0633\u0642\u0637.\u0633\u0647\u0644 \u0627\u0644\u062a\u0631\u0643\u064a\u0628 : \u0641\u0642\u0637 \u0642\u0645 \u0628\u062a\u0646\u0638\u064a\u0641 \u0627\u0644\u0633\u0637\u062d \u0627\u0644\u0645\u0631\u0627\u062f \u0644\u0635\u0642\u0647\u060c \u062b\u0645 \u062b\u0628\u0651\u062a \u0627\u0644\u062d\u0627\u0645\u0644 \u0645\u0628\u0627\u0634\u0631\u0629 \u0628\u0641\u0636\u0644 \u0627\u0644\u0644\u0627\u0635\u0642 \u0627\u0644\u0630\u0627\u062a\u064a\u060c \u0628\u062f\u0648\u0646 \u062d\u0641\u0631 \u0623\u0648 \u0645\u0633\u0627\u0645\u064a\u0631\u060c \u064a\u062d\u0627\u0641\u0638 \u0639\u0644\u0649 \u062c\u0645\u0627\u0644 \u062c\u062f\u0631\u0627\u0646\u0643. \u0643\u0645\u0627 \u064a\u0645\u0643\u0646 \u0625\u0632\u0627\u0644\u0629 \u0627\u0644\u0644\u0627\u0635\u0642 \u0628\u0633\u0647\u0648\u0644\u0629 \u0639\u0628\u0631 \u0633\u062d\u0628 \u0627\u0644\u0634\u0631\u064a\u0637.\u062a\u0648\u0627\u0641\u0642 \u0648\u0627\u0633\u0639 : \u064a\u0646\u0627\u0633\u0628 \u0645\u0639\u0638\u0645 \u0623\u062c\u0647\u0632\u0629 \u0627\u0644\u062a\u062d\u0643\u0645 (\u0627\u0644\u062a\u0644\u0641\u0627\u0632\u060c \u0627\u0644\u0645\u0631\u0648\u062d\u0629\u060c \u0627\u0644\u0645\u0643\u064a\u0651\u0641&#8230;) \u0643\u0645\u0627 \u064a\u0645\u0643\u0646 \u0627\u0633\u062a\u062e\u062f\u0627\u0645\u0647 \u0644\u062a\u0646\u0638\u064a\u0645 \u0627\u0644\u0645\u0641\u0627\u062a\u064a\u062d\u060c \u0627\u0644\u0643\u0627\u0628\u0644\u0627\u062a\u060c \u0648\u063a\u064a\u0631\u0647\u0627 \u0645\u0646 \u0627\u0644\u0623\u062f\u0648\u0627\u062a \u0627\u0644\u0635\u063a\u064a\u0631\u0629.\u0645\u062a\u0639\u062f\u062f \u0627\u0644\u0627\u0633\u062a\u062e\u062f\u0627\u0645 : \u0645\u062b\u0627\u0644\u064a \u0644\u0644\u062c\u062f\u0631\u0627\u0646\u060c \u0627\u0644\u0632\u062c\u0627\u062c\u060c \u0627\u0644\u0633\u064a\u0631\u0627\u0645\u064a\u0643\u060c \u0627\u0644\u062e\u0634\u0628 \u0648\u0627\u0644\u0623\u0633\u0637\u062d \u0627\u0644\u0645\u0644\u0633\u0627\u0621. \u0645\u0646\u0627\u0633\u0628 \u0644\u0644\u0645\u0646\u0632\u0644\u060c \u0627\u0644\u0645\u0643\u062a\u0628\u060c \u0627\u0644\u0645\u062f\u0631\u0633\u0629\u060c \u0627\u0644\u0641\u0646\u062f\u0642 \u0623\u0648 \u062d\u062a\u0649 \u0627\u0644\u0645\u062d\u0644\u0627\u062a \u0627\u0644\u062a\u062c\u0627\u0631\u064a\u0629.\ud83d\udce6 \u062a\u0641\u0627\u0635\u064a\u0644 \u0627\u0644\u0645\u0646\u062a\u062c :\u0627\u0644\u0644\u0648\u0646 : \u0623\u0628\u064a\u0636\u0627\u0644\u0645\u0627\u062f\u0629 : \u0628\u0644\u0627\u0633\u062a\u064a\u0643 + \u0644\u0627\u0635\u0642 \u0642\u0648\u064a\u0627\u0644\u0623\u0628\u0639\u0627\u062f : 1 \u0633\u0645\u0645\u062d\u062a\u0648\u064a\u0627\u062a \u0627\u0644\u0639\u0628\u0648\u0629 : 6 \u062d\u0648\u0627\u0645\u0644 \u0645\u063a\u0646\u0627\u0637\u064a\u0633\u064a\u0629 \u0644\u0644\u062a\u062d\u0643\u0645 \u0639\u0646 \u0628\u064f\u0639\u062f<\/p>","protected":false},"featured_media":48980,"comment_status":"open","ping_status":"closed","template":"","meta":[],"product_brand":[],"product_cat":[2461],"product_tag":[],"class_list":{"0":"post-48981","1":"product","2":"type-product","3":"status-publish","4":"has-post-thumbnail","6":"product_cat-divers","8":"first","9":"instock","10":"sale","11":"taxable","12":"shipping-taxable","13":"purchasable","14":"product-type-simple"},"jetpack_sharing_enabled":true,"_links":{"self":[{"href":"https:\/\/shoponlinedz.com\/en\/wp-json\/wp\/v2\/product\/48981","targetHints":{"allow":["GET"]}}],"collection":[{"href":"https:\/\/shoponlinedz.com\/en\/wp-json\/wp\/v2\/product"}],"about":[{"href":"https:\/\/shoponlinedz.com\/en\/wp-json\/wp\/v2\/types\/product"}],"replies":[{"embeddable":true,"href":"https:\/\/shoponlinedz.com\/en\/wp-json\/wp\/v2\/comments?post=48981"}],"version-history":[{"count":0,"href":"https:\/\/shoponlinedz.com\/en\/wp-json\/wp\/v2\/product\/48981\/revisions"}],"wp:featuredmedia":[{"embeddable":true,"href":"https:\/\/shoponlinedz.com\/en\/wp-json\/wp\/v2\/media\/48980"}],"wp:attachment":[{"href":"https:\/\/shoponlinedz.com\/en\/wp-json\/wp\/v2\/media?parent=48981"}],"wp:term":[{"taxonomy":"product_brand","embeddable":true,"href":"https:\/\/shoponlinedz.com\/en\/wp-json\/wp\/v2\/product_brand?post=48981"},{"taxonomy":"product_cat","embeddable":true,"href":"https:\/\/shoponlinedz.com\/en\/wp-json\/wp\/v2\/product_cat?post=48981"},{"taxonomy":"product_tag","embeddable":true,"href":"https:\/\/shoponlinedz.com\/en\/wp-json\/wp\/v2\/product_tag?post=48981"}],"curies":[{"name":"wp","href":"https:\/\/api.w.org\/{rel}","templated":true}]}}