{"id":48871,"date":"2026-01-05T16:34:29","date_gmt":"2026-01-05T16:34:29","guid":{"rendered":"https:\/\/shoponlinedz.com\/product\/lampe-de-travail-led-rechargeable-eclairage-ultra-puissant-avec-panneau-solaire-integre-%d9%85%d8%b5%d8%a8%d8%a7%d8%ad-%d8%b9%d9%85%d9%84-%d9%82%d8%a7%d8%a8%d9%84-%d9%84%d9%84%d8%b4%d8%ad\/"},"modified":"2026-01-28T12:15:14","modified_gmt":"2026-01-28T12:15:14","slug":"lampe-de-travail-led-rechargeable-eclairage-ultra-puissant-avec-panneau-solaire-integre-%d9%85%d8%b5%d8%a8%d8%a7%d8%ad-%d8%b9%d9%85%d9%84-%d9%82%d8%a7%d8%a8%d9%84-%d9%84%d9%84%d8%b4%d8%ad","status":"publish","type":"product","link":"https:\/\/shoponlinedz.com\/en\/product\/lampe-de-travail-led-rechargeable-eclairage-ultra-puissant-avec-panneau-solaire-integre-%d9%85%d8%b5%d8%a8%d8%a7%d8%ad-%d8%b9%d9%85%d9%84-%d9%82%d8%a7%d8%a8%d9%84-%d9%84%d9%84%d8%b4%d8%ad\/","title":{"rendered":"Lampe de Travail LED Rechargeable \u00c9clairage Ultra-Puissant avec Panneau Solaire Int\u00e9gr\u00e9 \u2013 \u0645\u0635\u0628\u0627\u062d \u0639\u0645\u0644 \u0642\u0627\u0628\u0644 \u0644\u0644\u0634\u062d\u0646"},"content":{"rendered":"<figure class=\"attachment attachment--preview\" data-trix-attachment=\"{&quot;contentType&quot;:&quot;image&quot;,&quot;height&quot;:1024,&quot;url&quot;:&quot;https:\/\/sawaqli.fra1.cdn.digitaloceanspaces.com\/56674\/Working-Lamp-cnc.jpg&quot;,&quot;width&quot;:1024}\" data-trix-content-type=\"image\"><img decoding=\"async\" class=\"aligncenter\" src=\"https:\/\/sawaqli.fra1.cdn.digitaloceanspaces.com\/56674\/Working-Lamp-cnc.jpg\" width=\"1024\" height=\"1024\" \/><figcaption class=\"attachment__caption\"><\/figcaption><\/figure>\n<figure class=\"attachment attachment--preview\" data-trix-attachment=\"{&quot;contentType&quot;:&quot;image&quot;,&quot;height&quot;:1024,&quot;url&quot;:&quot;https:\/\/sawaqli.fra1.cdn.digitaloceanspaces.com\/56675\/Working-Lamp-3.jpg&quot;,&quot;width&quot;:1024}\" data-trix-content-type=\"image\"><img decoding=\"async\" class=\"aligncenter\" src=\"https:\/\/sawaqli.fra1.cdn.digitaloceanspaces.com\/56675\/Working-Lamp-3.jpg\" width=\"1024\" height=\"1024\" \/><figcaption class=\"attachment__caption\"><\/figcaption><\/figure>\n<figure class=\"attachment attachment--preview\" data-trix-attachment=\"{&quot;contentType&quot;:&quot;image&quot;,&quot;height&quot;:1024,&quot;url&quot;:&quot;https:\/\/sawaqli.fra1.cdn.digitaloceanspaces.com\/56676\/Working-Lamp-5.jpg&quot;,&quot;width&quot;:1024}\" data-trix-content-type=\"image\"><img decoding=\"async\" class=\"aligncenter\" src=\"https:\/\/sawaqli.fra1.cdn.digitaloceanspaces.com\/56676\/Working-Lamp-5.jpg\" width=\"1024\" height=\"1024\" \/><figcaption class=\"attachment__caption\"><\/figcaption><\/figure>\n<figure class=\"attachment attachment--preview\" data-trix-attachment=\"{&quot;contentType&quot;:&quot;image&quot;,&quot;height&quot;:1024,&quot;url&quot;:&quot;https:\/\/sawaqli.fra1.cdn.digitaloceanspaces.com\/56677\/Working-Lamp-6.jpg&quot;,&quot;width&quot;:1024}\" data-trix-content-type=\"image\"><img decoding=\"async\" class=\"aligncenter\" src=\"https:\/\/sawaqli.fra1.cdn.digitaloceanspaces.com\/56677\/Working-Lamp-6.jpg\" width=\"1024\" height=\"1024\" \/><figcaption class=\"attachment__caption\"><\/figcaption><\/figure>\n<figure class=\"attachment attachment--preview\" data-trix-attachment=\"{&quot;contentType&quot;:&quot;image&quot;,&quot;height&quot;:1024,&quot;url&quot;:&quot;https:\/\/sawaqli.fra1.cdn.digitaloceanspaces.com\/56744\/KDJ9.jpeg&quot;,&quot;width&quot;:1024}\" data-trix-content-type=\"image\"><img decoding=\"async\" class=\"aligncenter\" src=\"https:\/\/sawaqli.fra1.cdn.digitaloceanspaces.com\/56744\/KDJ9.jpeg\" width=\"1024\" height=\"1024\" \/><figcaption class=\"attachment__caption\"><\/figcaption><\/figure>\n<p style=\"text-align: center;\">","protected":false},"excerpt":{"rendered":"<p>\ud83d\udca1\ud83d\udd0b \u0645\u0635\u0628\u0627\u062d \u0639\u0645\u0644 LED \u0628\u0627\u0644\u0637\u0627\u0642\u0629 \u0627\u0644\u0634\u0645\u0633\u064a\u0629\u26a1 \u0627\u0644\u0645\u0645\u064a\u0632\u0627\u062a \u0627\u0644\u0631\u0626\u064a\u0633\u064a\u0629 :\ud83c\udf1f \u0625\u0636\u0627\u0621\u0629 LED \u0639\u0627\u0644\u064a\u0629 \u0627\u0644\u0643\u062b\u0627\u0641\u0629 \u0644\u0636\u0645\u0627\u0646 \u0631\u0624\u064a\u0629 \u0648\u0627\u0633\u0639\u0629 \u0648\u062f\u0642\u064a\u0642\u0629 \u0641\u064a \u0627\u0644\u0628\u064a\u0626\u0627\u062a \u0627\u0644\u0645\u0638\u0644\u0645\u0629.\u2600\ufe0f \u0634\u062d\u0646 \u0634\u0645\u0633\u064a \u0645\u062f\u0645\u062c\u060c \u0645\u062b\u0627\u0644\u064a \u0644\u0644\u0627\u0633\u062a\u0639\u0645\u0627\u0644 \u0627\u0644\u062e\u0627\u0631\u062c\u064a \u0627\u0644\u0645\u0633\u062a\u0642\u0644 \u062f\u0648\u0646 \u0627\u0644\u062d\u0627\u062c\u0629 \u0625\u0644\u0649 \u0627\u0644\u0643\u0647\u0631\u0628\u0627\u0621.\ud83d\udce6 \u062a\u0635\u0645\u064a\u0645 \u0645\u062f\u0645\u062c \u0648\u0642\u0648\u064a\u060c \u0633\u0647\u0644 \u0627\u0644\u062d\u0645\u0644 \u0648\u0627\u0644\u0648\u0636\u0639 \u0641\u064a \u0623\u064a \u0645\u0643\u0627\u0646.\ud83d\ude97 \u0645\u062a\u0639\u062f\u062f \u0627\u0644\u0627\u0633\u062a\u062e\u062f\u0627\u0645\u0627\u062a: \u0645\u0646\u0627\u0633\u0628 \u0644\u0625\u0635\u0644\u0627\u062d \u0627\u0644\u0633\u064a\u0627\u0631\u0627\u062a\u060c \u0627\u0644\u062a\u062e\u064a\u064a\u0645\u060c \u062d\u0627\u0644\u0627\u062a \u0627\u0644\u0637\u0648\u0627\u0631\u0626 \u0623\u0648 \u0627\u0644\u0623\u0634\u063a\u0627\u0644 \u0641\u064a \u0627\u0644\u0623\u0645\u0627\u0643\u0646 \u0627\u0644\u0645\u0638\u0644\u0645\u0629.\ud83d\udd0b \u0628\u0637\u0627\u0631\u064a\u0629 \u0637\u0648\u064a\u0644\u0629 \u0627\u0644\u0623\u0645\u062f \u0645\u0639 \u0632\u0631 \u062a\u0634\u063a\u064a\u0644 \u0639\u0645\u0644\u064a \u0648\u0633\u0647\u0644 \u0627\u0644\u0627\u0633\u062a\u0639\u0645\u0627\u0644.\ud83d\udccf \u0627\u0644\u0623\u0628\u0639\u0627\u062f: 22 \u00d7 5 \u0633\u0645.<\/p>","protected":false},"featured_media":48870,"comment_status":"open","ping_status":"closed","template":"","meta":[],"product_brand":[],"product_cat":[2466],"product_tag":[],"class_list":{"0":"post-48871","1":"product","2":"type-product","3":"status-publish","4":"has-post-thumbnail","6":"product_cat-outillage-et-bricolage","8":"first","9":"instock","10":"sale","11":"taxable","12":"shipping-taxable","13":"purchasable","14":"product-type-simple"},"jetpack_sharing_enabled":true,"_links":{"self":[{"href":"https:\/\/shoponlinedz.com\/en\/wp-json\/wp\/v2\/product\/48871","targetHints":{"allow":["GET"]}}],"collection":[{"href":"https:\/\/shoponlinedz.com\/en\/wp-json\/wp\/v2\/product"}],"about":[{"href":"https:\/\/shoponlinedz.com\/en\/wp-json\/wp\/v2\/types\/product"}],"replies":[{"embeddable":true,"href":"https:\/\/shoponlinedz.com\/en\/wp-json\/wp\/v2\/comments?post=48871"}],"version-history":[{"count":0,"href":"https:\/\/shoponlinedz.com\/en\/wp-json\/wp\/v2\/product\/48871\/revisions"}],"wp:featuredmedia":[{"embeddable":true,"href":"https:\/\/shoponlinedz.com\/en\/wp-json\/wp\/v2\/media\/48870"}],"wp:attachment":[{"href":"https:\/\/shoponlinedz.com\/en\/wp-json\/wp\/v2\/media?parent=48871"}],"wp:term":[{"taxonomy":"product_brand","embeddable":true,"href":"https:\/\/shoponlinedz.com\/en\/wp-json\/wp\/v2\/product_brand?post=48871"},{"taxonomy":"product_cat","embeddable":true,"href":"https:\/\/shoponlinedz.com\/en\/wp-json\/wp\/v2\/product_cat?post=48871"},{"taxonomy":"product_tag","embeddable":true,"href":"https:\/\/shoponlinedz.com\/en\/wp-json\/wp\/v2\/product_tag?post=48871"}],"curies":[{"name":"wp","href":"https:\/\/api.w.org\/{rel}","templated":true}]}}