{"id":48795,"date":"2026-01-05T16:31:53","date_gmt":"2026-01-05T16:31:53","guid":{"rendered":"https:\/\/shoponlinedz.com\/product\/horloge-murale-numerique-forme-carree-grand-ecran-jh2301-%d8%b3%d8%a7%d8%b9%d8%a9-%d8%ad%d8%a7%d8%a6%d8%b7-%d8%b1%d9%82%d9%85%d9%8a%d8%a9\/"},"modified":"2026-01-28T12:15:18","modified_gmt":"2026-01-28T12:15:18","slug":"horloge-murale-numerique-forme-carree-grand-ecran-jh2301-%d8%b3%d8%a7%d8%b9%d8%a9-%d8%ad%d8%a7%d8%a6%d8%b7-%d8%b1%d9%82%d9%85%d9%8a%d8%a9","status":"publish","type":"product","link":"https:\/\/shoponlinedz.com\/en\/product\/horloge-murale-numerique-forme-carree-grand-ecran-jh2301-%d8%b3%d8%a7%d8%b9%d8%a9-%d8%ad%d8%a7%d8%a6%d8%b7-%d8%b1%d9%82%d9%85%d9%8a%d8%a9\/","title":{"rendered":"Horloge murale num\u00e9rique forme carr\u00e9e grand \u00e9cran JH2301 \u2013 \u0633\u0627\u0639\u0629 \u062d\u0627\u0626\u0637 \u0631\u0642\u0645\u064a\u0629"},"content":{"rendered":"<figure class=\"attachment attachment--preview\" data-trix-attachment=\"{&quot;contentType&quot;:&quot;image&quot;,&quot;height&quot;:1024,&quot;url&quot;:&quot;https:\/\/sawaqli.fra1.cdn.digitaloceanspaces.com\/56440\/JH2301-CNC.jpg&quot;,&quot;width&quot;:1024}\" data-trix-content-type=\"image\"><img decoding=\"async\" class=\"aligncenter\" src=\"https:\/\/sawaqli.fra1.cdn.digitaloceanspaces.com\/56440\/JH2301-CNC.jpg\" width=\"1024\" height=\"1024\" \/><figcaption class=\"attachment__caption\"><\/figcaption><\/figure>\n<figure class=\"attachment attachment--preview\" data-trix-attachment=\"{&quot;contentType&quot;:&quot;image&quot;,&quot;height&quot;:1024,&quot;url&quot;:&quot;https:\/\/sawaqli.fra1.cdn.digitaloceanspaces.com\/56441\/JH2301-1.jpg&quot;,&quot;width&quot;:1024}\" data-trix-content-type=\"image\"><img decoding=\"async\" class=\"aligncenter\" src=\"https:\/\/sawaqli.fra1.cdn.digitaloceanspaces.com\/56441\/JH2301-1.jpg\" width=\"1024\" height=\"1024\" \/><figcaption class=\"attachment__caption\"><\/figcaption><\/figure>\n<figure class=\"attachment attachment--preview\" data-trix-attachment=\"{&quot;contentType&quot;:&quot;image&quot;,&quot;height&quot;:1024,&quot;url&quot;:&quot;https:\/\/sawaqli.fra1.cdn.digitaloceanspaces.com\/56442\/JH2301-4.jpg&quot;,&quot;width&quot;:1024}\" data-trix-content-type=\"image\"><img decoding=\"async\" class=\"aligncenter\" src=\"https:\/\/sawaqli.fra1.cdn.digitaloceanspaces.com\/56442\/JH2301-4.jpg\" width=\"1024\" height=\"1024\" \/><figcaption class=\"attachment__caption\"><\/figcaption><\/figure>\n<figure class=\"attachment attachment--preview\" data-trix-attachment=\"{&quot;contentType&quot;:&quot;image&quot;,&quot;height&quot;:1024,&quot;url&quot;:&quot;https:\/\/sawaqli.fra1.cdn.digitaloceanspaces.com\/56443\/JH2301-5.jpg&quot;,&quot;width&quot;:1024}\" data-trix-content-type=\"image\"><img decoding=\"async\" class=\"aligncenter\" src=\"https:\/\/sawaqli.fra1.cdn.digitaloceanspaces.com\/56443\/JH2301-5.jpg\" width=\"1024\" height=\"1024\" \/><figcaption class=\"attachment__caption\"><\/figcaption><\/figure>\n<figure class=\"attachment attachment--preview\" data-trix-attachment=\"{&quot;contentType&quot;:&quot;image&quot;,&quot;height&quot;:1024,&quot;url&quot;:&quot;https:\/\/sawaqli.fra1.cdn.digitaloceanspaces.com\/56492\/KE55.jpeg&quot;,&quot;width&quot;:1024}\" data-trix-content-type=\"image\"><img decoding=\"async\" class=\"aligncenter\" src=\"https:\/\/sawaqli.fra1.cdn.digitaloceanspaces.com\/56492\/KE55.jpeg\" width=\"1024\" height=\"1024\" \/><figcaption class=\"attachment__caption\"><\/figcaption><\/figure>\n<p style=\"text-align: center;\">","protected":false},"excerpt":{"rendered":"<p>\u23f0 \u0627\u0644\u0645\u0646\u0628\u0651\u0647 \u0627\u0644\u0630\u0643\u064a \u0627\u0644\u0643\u0628\u064a\u0631 \u0628\u0634\u0627\u0634\u0629 LED \u0645\u062a\u0639\u062f\u062f\u0629 \u0627\u0644\u0648\u0638\u0627\u0626\u0641\u2728 \u0627\u0633\u062a\u0645\u062a\u0639 \u0628\u062a\u062c\u0631\u0628\u0629 \u062d\u062f\u064a\u062b\u0629 \u0648\u0645\u0631\u064a\u062d\u0629 \u0645\u0639 \u0647\u0630\u0627 \u0627\u0644\u0645\u0646\u0628\u0651\u0647 \u0627\u0644\u0631\u0642\u0645\u064a \u0627\u0644\u0639\u0635\u0631\u064a\u060c \u0627\u0644\u0630\u064a \u064a\u062c\u0645\u0639 \u0628\u064a\u0646 \u0627\u0644\u0623\u0646\u0627\u0642\u0629 \u0648\u0627\u0644\u0648\u0638\u0627\u0626\u0641 \u0627\u0644\u0639\u0645\u0644\u064a\u0629 \u0644\u064a\u0643\u0648\u0646 \u0631\u0641\u064a\u0642\u0643 \u0627\u0644\u0645\u062b\u0627\u0644\u064a \u0641\u064a \u062d\u064a\u0627\u062a\u0643 \u0627\u0644\u064a\u0648\u0645\u064a\u0629.\ud83d\udccc \u0627\u0644\u062e\u0635\u0627\u0626\u0635 \u0627\u0644\u0645\u0645\u064a\u0632\u0629\u0645\u0646\u0628\u0651\u0647 \u0645\u0632\u062f\u0648\u062c : \u064a\u0645\u0643\u0646\u0643 \u0636\u0628\u0637 \u0645\u0646\u0628\u0651\u0647\u064a\u0646 \u0641\u064a \u0623\u0648\u0642\u0627\u062a \u0645\u062e\u062a\u0644\u0641\u0629 (\u0645\u062b\u0644\u0627\u064b: \u0645\u0646\u0628\u0651\u0647 \u0644\u0644\u0639\u0645\u0644 \u062e\u0644\u0627\u0644 \u0627\u0644\u0623\u0633\u0628\u0648\u0639 \u0648\u0645\u0646\u0628\u0651\u0647 \u0622\u062e\u0631 \u0644\u0639\u0637\u0644\u0629 \u0646\u0647\u0627\u064a\u0629 \u0627\u0644\u0623\u0633\u0628\u0648\u0639).\u0634\u0627\u0634\u0629 \u0645\u062a\u0639\u062f\u062f\u0629 \u0627\u0644\u0645\u0639\u0644\u0648\u0645\u0627\u062a : \u062a\u0639\u0631\u0636 \u0627\u0644\u0648\u0642\u062a\u060c \u0627\u0644\u062a\u0627\u0631\u064a\u062e\u060c \u0627\u0644\u064a\u0648\u0645\u060c \u062f\u0631\u062c\u0629 \u0627\u0644\u062d\u0631\u0627\u0631\u0629 \u0648\u0627\u0644\u0631\u0637\u0648\u0628\u0629 \u0641\u064a \u0646\u0641\u0633 \u0627\u0644\u0634\u0627\u0634\u0629 \u0628\u0648\u0636\u0648\u062d \u062a\u0627\u0645.\u062f\u0631\u062c\u0627\u062a \u062d\u0631\u0627\u0631\u0629 \u0645\u0631\u0646\u0629 : \u0625\u0645\u0643\u0627\u0646\u064a\u0629 \u0627\u0644\u062a\u0628\u062f\u064a\u0644 \u0628\u064a\u0646 \u0648\u062d\u062f\u0629 \u00b0C \/ \u00b0F \u062d\u0633\u0628 \u0631\u063a\u0628\u062a\u0643.\u0646\u0638\u0627\u0645 12\/24 \u0633\u0627\u0639\u0629 : \u0627\u062e\u062a\u064a\u0627\u0631 \u0627\u0644\u062a\u0646\u0633\u064a\u0642 \u0627\u0644\u0623\u0646\u0633\u0628 \u0644\u0639\u0631\u0636 \u0627\u0644\u0648\u0642\u062a.\u0625\u0645\u0643\u0627\u0646\u064a\u0629 \u0627\u0644\u062a\u0639\u0644\u064a\u0642 \u0623\u0648 \u0627\u0644\u0648\u0636\u0639 \u0639\u0644\u0649 \u0627\u0644\u0637\u0627\u0648\u0644\u0629 : \u062a\u0635\u0645\u064a\u0645 \u0639\u0645\u0644\u064a \u064a\u0646\u0627\u0633\u0628 \u0645\u062e\u062a\u0644\u0641 \u0627\u0644\u0623\u0645\u0627\u0643\u0646.\u0647\u062f\u064a\u0629 \u0645\u062b\u0627\u0644\u064a\u0629 : \u0644\u064a\u0633 \u0645\u062c\u0631\u062f \u0633\u0627\u0639\u0629\u060c \u0628\u0644 \u062f\u064a\u0643\u0648\u0631 \u0623\u0646\u064a\u0642 \u064a\u0636\u0641\u064a \u0644\u0645\u0633\u0629 \u0639\u0635\u0631\u064a\u0629 \u0639\u0644\u0649 \u063a\u0631\u0641\u062a\u0643. \u0645\u0638\u0647\u0631\u0647 \u0627\u0644\u062c\u0630\u0627\u0628 \u0648\u0648\u0638\u0627\u0626\u0641\u0647 \u0627\u0644\u0645\u062a\u0639\u062f\u062f\u0629 \u064a\u062c\u0639\u0644\u0627\u0646 \u0645\u0646\u0647 \u0647\u062f\u064a\u0629 \u0631\u0627\u0626\u0639\u0629 \u0644\u0644\u0623\u0635\u062f\u0642\u0627\u0621 \u0648\u0627\u0644\u0639\u0627\u0626\u0644\u0629.\ud83d\udccc \u0627\u0644\u0645\u0648\u0627\u0635\u0641\u0627\u062a \u0627\u0644\u062a\u0642\u0646\u064a\u0629\u0627\u0644\u0627\u0633\u0645 : \u0645\u0646\u0628\u0651\u0647 \u0630\u0643\u064a \u0643\u0628\u064a\u0631 LED\u0646\u0648\u0639 \u0627\u0644\u0639\u0631\u0636 : \u0631\u0642\u0645\u064a\u0627\u0644\u0648\u0638\u064a\u0641\u0629 \u0627\u0644\u062e\u0627\u0635\u0629 : \u062f\u064a\u0643\u0648\u0631 + \u0645\u0646\u0628\u0651\u0647 \u0639\u0645\u0644\u064a\u0645\u0642\u0627\u0648\u0645 \u0644\u0644\u0645\u0627\u0621 : \u274c \u063a\u064a\u0631 \u0645\u0642\u0627\u0648\u0645\u0645\u0635\u062f\u0631 \u0627\u0644\u0637\u0627\u0642\u0629 : \u062a\u063a\u0630\u064a\u0629 \u0639\u0628\u0631 \u0643\u0627\u0628\u0644 USB (\u0637\u0627\u0642\u0629 \u062e\u0627\u0631\u062c\u064a\u0629)\u0627\u0644\u0623\u0644\u0648\u0627\u0646 \u0627\u0644\u0645\u062a\u0627\u062d\u0629 : \u0623\u062d\u0645\u0631 \u2013 \u0648\u0631\u062f\u064a \u2013 \u0623\u0632\u0631\u0642 \u2013 \u0623\u062e\u0636\u0631 (\u0642\u062f \u062a\u062e\u062a\u0644\u0641 \u0642\u0644\u064a\u0644\u0627\u064b \u062d\u0633\u0628 \u0627\u0644\u0648\u0627\u0642\u0639)\u0627\u0644\u0623\u0633\u0644\u0648\u0628 : \u0639\u0635\u0631\u064a \u0648\u0628\u0633\u064a\u0637\u0627\u0644\u0644\u063a\u0627\u062a \u0627\u0644\u0645\u062a\u0627\u062d\u0629 : \u0627\u0644\u0625\u0646\u062c\u0644\u064a\u0632\u064a\u0629 (ENG)\u060c \u0627\u0644\u0625\u064a\u0637\u0627\u0644\u064a\u0629 (ITR)\u060c \u0627\u0644\u0625\u0633\u0628\u0627\u0646\u064a\u0629 (ESP)\u060c \u0627\u0644\u0628\u0631\u062a\u063a\u0627\u0644\u064a\u0629 (POR)\u060c \u0627\u0644\u0623\u0644\u0645\u0627\u0646\u064a\u0629 (DEU)\u060c \u0627\u0644\u0641\u0631\u0646\u0633\u064a\u0629 (FRA) \u2013 6 \u0644\u063a\u0627\u062a \u064a\u0645\u0643\u0646 \u0627\u0644\u062a\u0628\u062f\u064a\u0644 \u0628\u064a\u0646\u0647\u0627 \u0628\u062d\u0631\u064a\u0629\u0627\u0644\u0623\u0628\u0639\u0627\u062f : 23 \u00d7 23 \u00d7 3 \u0633\u0645\ud83d\udce6 \u0645\u062d\u062a\u0648\u064a\u0627\u062a \u0627\u0644\u0639\u0644\u0628\u06291 \u00d7 \u0645\u0646\u0628\u0651\u0647 LED \u0630\u0643\u064a1 \u00d7 \u0643\u0627\u0628\u0644 USB\ud83d\udca1 \u0647\u0630\u0627 \u0627\u0644\u0645\u0646\u0628\u0651\u0647 \u0627\u0644\u0630\u0643\u064a \u0627\u0644\u0639\u0635\u0631\u064a \u064a\u062c\u0645\u0639 \u0628\u064a\u0646 \u0627\u0644\u0639\u0645\u0644\u064a\u0629 \u0648\u0627\u0644\u0623\u0646\u0627\u0642\u0629 \u0644\u064a\u0645\u0646\u062d\u0643 \u062a\u062c\u0631\u0628\u0629 \u0627\u0633\u062a\u062e\u062f\u0627\u0645 \u0645\u062a\u0643\u0627\u0645\u0644\u0629 \u0645\u0639 \u0644\u0645\u0633\u0629 \u062f\u064a\u0643\u0648\u0631 \u0631\u0627\u0642\u064a\u0629.<\/p>","protected":false},"featured_media":48794,"comment_status":"open","ping_status":"closed","template":"","meta":[],"product_brand":[],"product_cat":[2460],"product_tag":[],"class_list":{"0":"post-48795","1":"product","2":"type-product","3":"status-publish","4":"has-post-thumbnail","6":"product_cat-decoration","8":"first","9":"instock","10":"sale","11":"taxable","12":"shipping-taxable","13":"purchasable","14":"product-type-simple"},"jetpack_sharing_enabled":true,"_links":{"self":[{"href":"https:\/\/shoponlinedz.com\/en\/wp-json\/wp\/v2\/product\/48795","targetHints":{"allow":["GET"]}}],"collection":[{"href":"https:\/\/shoponlinedz.com\/en\/wp-json\/wp\/v2\/product"}],"about":[{"href":"https:\/\/shoponlinedz.com\/en\/wp-json\/wp\/v2\/types\/product"}],"replies":[{"embeddable":true,"href":"https:\/\/shoponlinedz.com\/en\/wp-json\/wp\/v2\/comments?post=48795"}],"version-history":[{"count":0,"href":"https:\/\/shoponlinedz.com\/en\/wp-json\/wp\/v2\/product\/48795\/revisions"}],"wp:featuredmedia":[{"embeddable":true,"href":"https:\/\/shoponlinedz.com\/en\/wp-json\/wp\/v2\/media\/48794"}],"wp:attachment":[{"href":"https:\/\/shoponlinedz.com\/en\/wp-json\/wp\/v2\/media?parent=48795"}],"wp:term":[{"taxonomy":"product_brand","embeddable":true,"href":"https:\/\/shoponlinedz.com\/en\/wp-json\/wp\/v2\/product_brand?post=48795"},{"taxonomy":"product_cat","embeddable":true,"href":"https:\/\/shoponlinedz.com\/en\/wp-json\/wp\/v2\/product_cat?post=48795"},{"taxonomy":"product_tag","embeddable":true,"href":"https:\/\/shoponlinedz.com\/en\/wp-json\/wp\/v2\/product_tag?post=48795"}],"curies":[{"name":"wp","href":"https:\/\/api.w.org\/{rel}","templated":true}]}}