{"id":48745,"date":"2026-01-05T16:30:13","date_gmt":"2026-01-05T16:30:13","guid":{"rendered":"https:\/\/shoponlinedz.com\/product\/miroir-de-reflexion-pour-camera-arriere-compatible-avec-tout-les-smartphones-%d9%85%d8%b1%d8%a2%d8%a9-%d8%aa%d8%b5%d9%88%d9%8a%d8%b1-%d8%b9%d8%a7%d9%83%d8%b3%d8%a9\/"},"modified":"2026-01-28T12:15:23","modified_gmt":"2026-01-28T12:15:23","slug":"miroir-de-reflexion-pour-camera-arriere-compatible-avec-tout-les-smartphones-%d9%85%d8%b1%d8%a2%d8%a9-%d8%aa%d8%b5%d9%88%d9%8a%d8%b1-%d8%b9%d8%a7%d9%83%d8%b3%d8%a9","status":"publish","type":"product","link":"https:\/\/shoponlinedz.com\/en\/product\/miroir-de-reflexion-pour-camera-arriere-compatible-avec-tout-les-smartphones-%d9%85%d8%b1%d8%a2%d8%a9-%d8%aa%d8%b5%d9%88%d9%8a%d8%b1-%d8%b9%d8%a7%d9%83%d8%b3%d8%a9\/","title":{"rendered":"Miroir de R\u00e9flexion pour Cam\u00e9ra Arri\u00e8re compatible avec tout les smartphones \u2013 \u0645\u0631\u0622\u0629 \u062a\u0635\u0648\u064a\u0631 \u0639\u0627\u0643\u0633\u0629"},"content":{"rendered":"<figure class=\"attachment attachment--preview\" data-trix-attachment=\"{&quot;contentType&quot;:&quot;image&quot;,&quot;height&quot;:1024,&quot;url&quot;:&quot;https:\/\/sawaqli.fra1.cdn.digitaloceanspaces.com\/57019\/Miroir-reflect-cnc.jpg&quot;,&quot;width&quot;:1024}\" data-trix-content-type=\"image\"><img decoding=\"async\" class=\"aligncenter\" src=\"https:\/\/sawaqli.fra1.cdn.digitaloceanspaces.com\/57019\/Miroir-reflect-cnc.jpg\" width=\"1024\" height=\"1024\" \/><figcaption class=\"attachment__caption\"><\/figcaption><\/figure>\n<figure class=\"attachment attachment--preview\" data-trix-attachment=\"{&quot;contentType&quot;:&quot;image&quot;,&quot;height&quot;:1024,&quot;url&quot;:&quot;https:\/\/sawaqli.fra1.cdn.digitaloceanspaces.com\/57020\/Miroir-reflect-2.jpg&quot;,&quot;width&quot;:1024}\" data-trix-content-type=\"image\"><img decoding=\"async\" class=\"aligncenter\" src=\"https:\/\/sawaqli.fra1.cdn.digitaloceanspaces.com\/57020\/Miroir-reflect-2.jpg\" width=\"1024\" height=\"1024\" \/><figcaption class=\"attachment__caption\"><\/figcaption><\/figure>\n<figure class=\"attachment attachment--preview\" data-trix-attachment=\"{&quot;contentType&quot;:&quot;image&quot;,&quot;height&quot;:1024,&quot;url&quot;:&quot;https:\/\/sawaqli.fra1.cdn.digitaloceanspaces.com\/57021\/Miroir-reflect-8.jpg&quot;,&quot;width&quot;:1024}\" data-trix-content-type=\"image\"><img decoding=\"async\" class=\"aligncenter\" src=\"https:\/\/sawaqli.fra1.cdn.digitaloceanspaces.com\/57021\/Miroir-reflect-8.jpg\" width=\"1024\" height=\"1024\" \/><figcaption class=\"attachment__caption\"><\/figcaption><\/figure>\n<figure class=\"attachment attachment--preview\" data-trix-attachment=\"{&quot;contentType&quot;:&quot;image&quot;,&quot;height&quot;:1024,&quot;url&quot;:&quot;https:\/\/sawaqli.fra1.cdn.digitaloceanspaces.com\/57022\/Miroir-reflect-7.jpg&quot;,&quot;width&quot;:1024}\" data-trix-content-type=\"image\"><img decoding=\"async\" class=\"aligncenter\" src=\"https:\/\/sawaqli.fra1.cdn.digitaloceanspaces.com\/57022\/Miroir-reflect-7.jpg\" width=\"1024\" height=\"1024\" \/><figcaption class=\"attachment__caption\"><\/figcaption><\/figure>\n<figure class=\"attachment attachment--preview\" data-trix-attachment=\"{&quot;contentType&quot;:&quot;image&quot;,&quot;height&quot;:1024,&quot;url&quot;:&quot;https:\/\/sawaqli.fra1.cdn.digitaloceanspaces.com\/57023\/Miroir-reflect-9.jpg&quot;,&quot;width&quot;:1024}\" data-trix-content-type=\"image\"><img decoding=\"async\" class=\"aligncenter\" src=\"https:\/\/sawaqli.fra1.cdn.digitaloceanspaces.com\/57023\/Miroir-reflect-9.jpg\" width=\"1024\" height=\"1024\" \/><figcaption class=\"attachment__caption\"><\/figcaption><\/figure>\n<p style=\"text-align: center;\">","protected":false},"excerpt":{"rendered":"<p>\ud83d\udcf8\u2728 \u0645\u0644\u0642\u0637 \u0645\u0631\u0622\u0629 Sky Mirror \u0644\u0644\u062a\u0635\u0648\u064a\u0631 \u2013 \u0635\u0648\u0631 \u0625\u0628\u062f\u0627\u0639\u064a\u0629 \u0648\u0627\u0646\u0639\u0643\u0627\u0633\u0627\u062a \u0633\u0627\u062d\u0631\u0629 \u0645\u0646 \u0647\u0627\u062a\u0641\u0643 \u2728\ud83d\udcf8\u2b50 \u0627\u0644\u0645\u0645\u064a\u0632\u0627\u062a \u0627\u0644\u0631\u0626\u064a\u0633\u064a\u0629 :\ud83c\udf0c \u0635\u0648\u0631 \u0633\u062d\u0631\u064a\u0629 \u0628\u0627\u0646\u0639\u0643\u0627\u0633 \u0627\u0644\u0633\u0645\u0627\u0621 : \u062d\u0648\u0651\u0644 \u0647\u0627\u062a\u0641\u0643 \u0644\u0623\u062f\u0627\u0629 \u062a\u0635\u0648\u064a\u0631 \u0645\u0628\u062a\u0643\u0631\u0629 \u0648\u0627\u0644\u062a\u0642\u0637 \u0645\u0624\u062b\u0631\u0627\u062a \u0645\u0631\u0622\u0629 \u0631\u0627\u0626\u0639\u0629 \u0628\u062f\u0648\u0646 \u0641\u0644\u0627\u062a\u0631 \u0648\u0644\u0627 \u062a\u0637\u0628\u064a\u0642\u0627\u062a. \u0645\u062b\u0627\u0644\u064a \u0644\u062a\u0635\u0648\u064a\u0631 \u0627\u0644\u0637\u0628\u064a\u0639\u0629\u060c TikTok \u0648 Reels \u0625\u0646\u0633\u062a\u063a\u0631\u0627\u0645.\ud83e\ude9e \u0645\u0631\u0622\u0629 + \u0641\u0644\u062a\u0631 \u0627\u0646\u0639\u0643\u0627\u0633 2 \u0641\u064a 1 :\u0645\u0631\u0622\u0629 \u0648\u0627\u0636\u062d\u0629 \u0644\u0627\u0644\u062a\u0642\u0627\u0637 \u0635\u0648\u0631 \u0633\u064a\u0644\u0641\u064a \u0645\u062b\u0627\u0644\u064a\u0629 \u0628\u0627\u0644\u0643\u0627\u0645\u064a\u0631\u0627 \u0627\u0644\u062e\u0644\u0641\u064a\u0629.\u0641\u0644\u062a\u0631 \u0627\u0646\u0639\u0643\u0627\u0633\u064a \u064a\u0645\u0646\u062d \u0635\u0648\u0631\u0643 \u0644\u0645\u0633\u0629 \u0641\u0646\u064a\u0629.\u0648\u062f\u0651\u0639 \u0635\u0648\u0631 \u0627\u0644\u0633\u064a\u0644\u0641\u064a \u0627\u0644\u063a\u0627\u0645\u0642\u0629 \u0645\u0646 \u0627\u0644\u0643\u0627\u0645\u064a\u0631\u0627 \u0627\u0644\u0623\u0645\u0627\u0645\u064a\u0629 \u0648\u0627\u0633\u062a\u0645\u062a\u0639 \u0628\u062c\u0648\u062f\u0629 \u0639\u0627\u0644\u064a\u0629.\ud83d\udcf1 \u0645\u0644\u0642\u0637 \u0639\u0627\u0644\u0645\u064a : \u0645\u062a\u0648\u0627\u0641\u0642 \u0645\u0639 \u0623\u063a\u0644\u0628 \u0627\u0644\u0647\u0648\u0627\u062a\u0641 (iPhone, Samsung, Android). \u0645\u0631\u0646\u060c \u062b\u0627\u0628\u062a \u0648\u0622\u0645\u0646 \u0628\u062f\u0648\u0646 \u0645\u0627 \u064a\u0636\u0631 \u0627\u0644\u0643\u0627\u0645\u064a\u0631\u0627. \u0645\u0646\u0627\u0633\u0628 \u0644\u0644\u0643\u0627\u0645\u064a\u0631\u0627\u062a \u0630\u0627\u062a \u0627\u0644\u0639\u062f\u0633\u0629 \u0627\u0644\u0648\u0627\u062d\u062f\u0629 \u0623\u0648 \u0627\u0644\u0645\u062a\u0639\u062f\u062f\u0629.\ud83c\udf92 \u062e\u0641\u064a\u0641 \u0648\u0633\u0647\u0644 \u0627\u0644\u062d\u0645\u0644 : \u062d\u062c\u0645\u0647 \u0635\u063a\u064a\u0631 \u064a\u062a\u0646\u0627\u0633\u0628 \u0645\u0639 \u0627\u0644\u062c\u064a\u0628 \u0623\u0648 \u062d\u0642\u064a\u0628\u0629 \u0627\u0644\u064a\u062f. \u0645\u062b\u0627\u0644\u064a \u0644\u062a\u0635\u0648\u064a\u0631 \u0627\u0644\u0645\u0646\u0627\u0638\u0631 \u0627\u0644\u0637\u0628\u064a\u0639\u064a\u0629\u060c \u0627\u0644\u0628\u062d\u064a\u0631\u0627\u062a\u060c \u0627\u0644\u0645\u0628\u0627\u0646\u064a \u0623\u0648 \u0627\u0644\u0641\u0644\u0648\u063a. \u0627\u0633\u062a\u0639\u0645\u0644\u0647 \u0641\u064a \u0623\u064a \u0648\u0642\u062a \u0628\u0644\u0627 \u0645\u0639\u062f\u0627\u062a \u062b\u0642\u064a\u0644\u0629.\ud83d\udccf \u0627\u0644\u0645\u0648\u0627\u0635\u0641\u0627\u062a :\u0627\u0633\u0645 \u0627\u0644\u0645\u0646\u062a\u062c : \u0645\u0631\u0622\u0629 \u0633\u064a\u0644\u0641\u064a \u0644\u0644\u0647\u0627\u062a\u0641.\u0627\u0644\u0645\u0627\u062f\u0629 : ABS.\u0627\u0644\u0623\u0644\u0648\u0627\u0646 : \u0623\u0633\u0648\u062f \u2013 \u0623\u0628\u064a\u0636.\u0627\u0644\u062d\u062c\u0645 : \u200e9 \u00d7 7 \u0633\u0645.\u0627\u0644\u062a\u062b\u0628\u064a\u062a : \u0639\u0628\u0631 \u0645\u0634\u0628\u0643 (Clip).\u0645\u062a\u0648\u0627\u0641\u0642 \u0645\u0639 : \u062c\u0645\u064a\u0639 \u0627\u0644\u0647\u0648\u0627\u062a\u0641 \u0627\u0644\u0630\u0643\u064a\u0629.<\/p>","protected":false},"featured_media":48744,"comment_status":"open","ping_status":"closed","template":"","meta":[],"product_brand":[],"product_cat":[2470],"product_tag":[],"class_list":{"0":"post-48745","1":"product","2":"type-product","3":"status-publish","4":"has-post-thumbnail","6":"product_cat-accessoires","8":"first","9":"instock","10":"sale","11":"taxable","12":"shipping-taxable","13":"purchasable","14":"product-type-simple"},"jetpack_sharing_enabled":true,"_links":{"self":[{"href":"https:\/\/shoponlinedz.com\/en\/wp-json\/wp\/v2\/product\/48745","targetHints":{"allow":["GET"]}}],"collection":[{"href":"https:\/\/shoponlinedz.com\/en\/wp-json\/wp\/v2\/product"}],"about":[{"href":"https:\/\/shoponlinedz.com\/en\/wp-json\/wp\/v2\/types\/product"}],"replies":[{"embeddable":true,"href":"https:\/\/shoponlinedz.com\/en\/wp-json\/wp\/v2\/comments?post=48745"}],"version-history":[{"count":0,"href":"https:\/\/shoponlinedz.com\/en\/wp-json\/wp\/v2\/product\/48745\/revisions"}],"wp:featuredmedia":[{"embeddable":true,"href":"https:\/\/shoponlinedz.com\/en\/wp-json\/wp\/v2\/media\/48744"}],"wp:attachment":[{"href":"https:\/\/shoponlinedz.com\/en\/wp-json\/wp\/v2\/media?parent=48745"}],"wp:term":[{"taxonomy":"product_brand","embeddable":true,"href":"https:\/\/shoponlinedz.com\/en\/wp-json\/wp\/v2\/product_brand?post=48745"},{"taxonomy":"product_cat","embeddable":true,"href":"https:\/\/shoponlinedz.com\/en\/wp-json\/wp\/v2\/product_cat?post=48745"},{"taxonomy":"product_tag","embeddable":true,"href":"https:\/\/shoponlinedz.com\/en\/wp-json\/wp\/v2\/product_tag?post=48745"}],"curies":[{"name":"wp","href":"https:\/\/api.w.org\/{rel}","templated":true}]}}