{"id":48544,"date":"2026-01-05T16:24:03","date_gmt":"2026-01-05T16:24:03","guid":{"rendered":"https:\/\/shoponlinedz.com\/product\/pantoufles-de-massage-usb-pour-therapie-electrique-a-impulsions\/"},"modified":"2026-01-28T12:15:29","modified_gmt":"2026-01-28T12:15:29","slug":"pantoufles-de-massage-usb-pour-therapie-electrique-a-impulsions","status":"publish","type":"product","link":"https:\/\/shoponlinedz.com\/en\/product\/pantoufles-de-massage-usb-pour-therapie-electrique-a-impulsions\/","title":{"rendered":"Pantoufles de massage USB pour th\u00e9rapie \u00e9lectrique \u00e0 impulsions"},"content":{"rendered":"<figure class=\"attachment attachment--preview\" data-trix-attachment=\"{&quot;contentType&quot;:&quot;image&quot;,&quot;height&quot;:1024,&quot;url&quot;:&quot;https:\/\/sawaqli.fra1.cdn.digitaloceanspaces.com\/57370\/massage-shoes-cnc.jpg&quot;,&quot;width&quot;:1024}\" data-trix-content-type=\"image\"><img decoding=\"async\" class=\"aligncenter\" src=\"https:\/\/sawaqli.fra1.cdn.digitaloceanspaces.com\/57370\/massage-shoes-cnc.jpg\" width=\"1024\" height=\"1024\" \/><figcaption class=\"attachment__caption\"><\/figcaption><\/figure>\n<figure class=\"attachment attachment--preview\" data-trix-attachment=\"{&quot;contentType&quot;:&quot;image&quot;,&quot;height&quot;:1024,&quot;url&quot;:&quot;https:\/\/sawaqli.fra1.cdn.digitaloceanspaces.com\/57371\/massage-shoes-3.jpeg&quot;,&quot;width&quot;:1024}\" data-trix-content-type=\"image\"><img decoding=\"async\" class=\"aligncenter\" src=\"https:\/\/sawaqli.fra1.cdn.digitaloceanspaces.com\/57371\/massage-shoes-3.jpeg\" width=\"1024\" height=\"1024\" \/><figcaption class=\"attachment__caption\"><\/figcaption><\/figure>\n<figure class=\"attachment attachment--preview\" data-trix-attachment=\"{&quot;contentType&quot;:&quot;image&quot;,&quot;height&quot;:1024,&quot;url&quot;:&quot;https:\/\/sawaqli.fra1.cdn.digitaloceanspaces.com\/57372\/massage-shoes-4.jpeg&quot;,&quot;width&quot;:1024}\" data-trix-content-type=\"image\"><img decoding=\"async\" class=\"aligncenter\" src=\"https:\/\/sawaqli.fra1.cdn.digitaloceanspaces.com\/57372\/massage-shoes-4.jpeg\" width=\"1024\" height=\"1024\" \/><figcaption class=\"attachment__caption\"><\/figcaption><\/figure>\n<figure class=\"attachment attachment--preview\" data-trix-attachment=\"{&quot;contentType&quot;:&quot;image&quot;,&quot;height&quot;:1024,&quot;url&quot;:&quot;https:\/\/sawaqli.fra1.cdn.digitaloceanspaces.com\/57373\/massage-shoes-2.jpeg&quot;,&quot;width&quot;:1024}\" data-trix-content-type=\"image\"><img decoding=\"async\" class=\"aligncenter\" src=\"https:\/\/sawaqli.fra1.cdn.digitaloceanspaces.com\/57373\/massage-shoes-2.jpeg\" width=\"1024\" height=\"1024\" \/><figcaption class=\"attachment__caption\"><\/figcaption><\/figure>\n<figure class=\"attachment attachment--preview\" data-trix-attachment=\"{&quot;contentType&quot;:&quot;image&quot;,&quot;height&quot;:1024,&quot;url&quot;:&quot;https:\/\/sawaqli.fra1.cdn.digitaloceanspaces.com\/57374\/massage-shoes-5.jpeg&quot;,&quot;width&quot;:1024}\" data-trix-content-type=\"image\"><img decoding=\"async\" class=\"aligncenter\" src=\"https:\/\/sawaqli.fra1.cdn.digitaloceanspaces.com\/57374\/massage-shoes-5.jpeg\" width=\"1024\" height=\"1024\" \/><figcaption class=\"attachment__caption\"><\/figcaption><\/figure>\n<p style=\"text-align: center;\">","protected":false},"excerpt":{"rendered":"<p>\ud83e\uddb6\u2728 \u0623\u062d\u0630\u064a\u0629 \u0627\u0644\u062a\u062f\u0644\u064a\u0643 \u0627\u0644\u0630\u0643\u064a\u0629 \u0628\u062a\u0642\u0646\u064a\u0629 EMS \u2013 \u0627\u0633\u062a\u0631\u062e\u0627\u0621\u060c \u0639\u0644\u0627\u062c \u0648\u062a\u062d\u0641\u064a\u0632 \u0627\u0644\u062f\u0648\u0631\u0629 \u0627\u0644\u062f\u0645\u0648\u064a\u0629 ! \u2728\ud83e\uddb6\u0627\u0633\u062a\u0645\u062a\u0639 \u0628\u062a\u062c\u0631\u0628\u0629 \u0639\u0646\u0627\u064a\u0629 \u0635\u062d\u064a\u0629 \u0645\u062a\u0637\u0648\u0631\u0629 \u0628\u0641\u0636\u0644 \u0623\u062d\u0630\u064a\u0629 \u0627\u0644\u062a\u062f\u0644\u064a\u0643 \u0627\u0644\u0631\u0642\u0645\u064a\u0629 \u0627\u0644\u0645\u062c\u0647\u0632\u0629 \u0628\u062a\u0642\u0646\u064a\u0629 \u0627\u0644\u0639\u0644\u0627\u062c \u0627\u0644\u0641\u064a\u0632\u064a\u0627\u0626\u064a \u0627\u0644\u0631\u0642\u0645\u064a\u060c \u0648\u0627\u0644\u062a\u064a \u062a\u062c\u0645\u0639 \u0628\u064a\u0646 \u0627\u0644\u0646\u0628\u0636\u0627\u062a \u0627\u0644\u0643\u0647\u0631\u0628\u0627\u0626\u064a\u0629 EMS\u060c \u0627\u0644\u062a\u062f\u0641\u0626\u0629 \u0648\u062e\u064a\u0627\u0631\u0627\u062a \u0645\u062a\u0639\u062f\u062f\u0629 \u0644\u0644\u0645\u0633\u0627\u062c \u0644\u062a\u0645\u0646\u062d\u0643 \u0631\u0627\u062d\u0629 \u0641\u0648\u0631\u064a\u0629 \u0648\u0639\u0644\u0627\u062c\u0627\u064b \u0641\u0639\u0651\u0627\u0644\u0627\u064b \u0644\u0622\u0644\u0627\u0645 \u0627\u0644\u0642\u062f\u0645\u064a\u0646 \u0648\u0627\u0644\u0633\u0627\u0642\u064a\u0646.\u2b50 \u0627\u0644\u0645\u0645\u064a\u0632\u0627\u062a \u0627\u0644\u0631\u0626\u064a\u0633\u064a\u0629 :\ud83d\udca1 \u062a\u0642\u0646\u064a\u0629 \u0627\u0644\u0639\u0644\u0627\u062c \u0627\u0644\u0631\u0642\u0645\u064a : \u0634\u0627\u0634\u0629 \u0639\u0631\u0636 \u0630\u0643\u064a\u0629 \u062a\u0639\u0631\u0636 \u0627\u0644\u0648\u0636\u0639 \u0648\u0627\u0644\u0633\u0631\u0639\u0629.\u26a1 19 \u0645\u0633\u062a\u0648\u0649 \u0634\u062f\u0629 + 8 \u0623\u0648\u0636\u0627\u0639 \u0645\u0633\u0627\u062c : \u0644\u0644\u062a\u062d\u0643\u0645 \u0627\u0644\u0645\u062b\u0627\u0644\u064a \u062d\u0633\u0628 \u062d\u0627\u062c\u062a\u0643.\ud83c\udf00 \u0645\u0648\u062c\u0627\u062a EMS : \u062a\u062d\u0641\u0651\u0632 \u0646\u0642\u0627\u0637 \u0627\u0644\u0636\u063a\u0637\u060c \u062a\u062d\u0633\u0646 \u0627\u0644\u062f\u0648\u0631\u0629 \u0627\u0644\u062f\u0645\u0648\u064a\u0629\u060c \u0648\u062a\u062e\u0641\u0641 \u0645\u0646 \u0622\u0644\u0627\u0645 \u0623\u0633\u0641\u0644 \u0627\u0644\u0638\u0647\u0631\u060c \u0627\u0644\u0635\u062f\u0627\u0639 \u0627\u0644\u0646\u0635\u0641\u064a\u060c \u0627\u0644\u062a\u0647\u0627\u0628 \u0627\u0644\u0623\u0639\u0635\u0627\u0628\u060c \u0627\u0644\u0641\u0627\u0634\u064a\u0629 \u0627\u0644\u0623\u062e\u0645\u0635\u064a\u0629 \u0648\u0627\u0644\u062a\u0648\u0631\u0645.\ud83d\udc63 \u0645\u0631\u064a\u062d \u0628\u0639\u062f \u0627\u0644\u062a\u0639\u0628 : \u0645\u062b\u0627\u0644\u064a \u0628\u0639\u062f \u064a\u0648\u0645 \u0637\u0648\u064a\u0644 \u0645\u0646 \u0627\u0644\u0639\u0645\u0644\u060c \u0627\u0631\u062a\u062f\u0627\u0621 \u0627\u0644\u0643\u0639\u0628 \u0627\u0644\u0639\u0627\u0644\u064a \u0623\u0648 \u0645\u0645\u0627\u0631\u0633\u0629 \u0627\u0644\u0631\u064a\u0627\u0636\u0629.\ud83c\udfae \u0631\u064a\u0645\u0648\u062a \u0644\u0627\u0633\u0644\u0643\u064a \u0645\u0631\u0641\u0642 : \u062a\u062d\u0643\u0645 \u0633\u0647\u0644 \u0641\u064a \u0627\u0644\u0623\u0648\u0636\u0627\u0639 \u0648\u0627\u0644\u0634\u062f\u0629 \u0628\u062f\u0648\u0646 \u0627\u0644\u062d\u0627\u062c\u0629 \u0644\u0644\u0627\u0646\u062d\u0646\u0627\u0621.\ud83d\udee1\ufe0f \u062a\u0635\u0645\u064a\u0645 \u0622\u0645\u0646 \u0648\u0645\u0636\u0627\u062f \u0644\u0644\u0627\u0646\u0632\u0644\u0627\u0642 : \u064a\u0648\u0641\u0631 \u062b\u0628\u0627\u062a\u0627\u064b \u0643\u0627\u0645\u0644\u0627\u064b \u0623\u062b\u0646\u0627\u0621 \u0627\u0644\u0627\u0633\u062a\u062e\u062f\u0627\u0645.\ud83d\udccf \u0627\u0644\u0645\u0642\u0627\u0633 : \u200e29 \u0633\u0645 (\u064a\u0639\u0627\u062f\u0644 \u0645\u0642\u0627\u0633 43).\ud83d\udcd6 \u0637\u0631\u064a\u0642\u0629 \u0627\u0644\u0627\u0633\u062a\u062e\u062f\u0627\u0645 :\ud83d\udd1b \u0627\u0644\u062a\u0634\u063a\u064a\u0644 : \u0627\u0636\u063a\u0637 \u0645\u0637\u0648\u0644\u0627\u064b \u0639\u0644\u0649 \u0632\u0631 \u0627\u0644\u062a\u0634\u063a\u064a\u0644\/\u0627\u0644\u0625\u064a\u0642\u0627\u0641\u060c \u0633\u062a\u0638\u0647\u0631 \u0643\u0644\u0645\u0629 Thump \u062b\u0645 &#8220;00&#8221;. \u0628\u0639\u062f \u062b\u0648\u0627\u0646\u064d \u0645\u0646 \u0639\u062f\u0645 \u0627\u0644\u062a\u063a\u064a\u064a\u0631 \u062a\u0646\u0637\u0641\u0626 \u0627\u0644\u0634\u0627\u0634\u0629 \u062a\u0644\u0642\u0627\u0626\u064a\u0627\u064b.\u23f9\ufe0f \u0627\u0644\u0625\u064a\u0642\u0627\u0641 : \u0627\u0636\u063a\u0637 \u0645\u0637\u0648\u0644\u0627\u064b \u0639\u0644\u0649 \u0632\u0631 \u0627\u0644\u062a\u0634\u063a\u064a\u0644\/\u0627\u0644\u0625\u064a\u0642\u0627\u0641 \u062d\u062a\u0649 \u062a\u0646\u0637\u0641\u0626 \u0627\u0644\u0634\u0627\u0634\u0629.\u2699\ufe0f \u062a\u063a\u064a\u064a\u0631 \u0627\u0644\u0633\u0631\u0639\u0629 : \u0628\u0627\u0644\u0636\u063a\u0637 \u0627\u0644\u0642\u0635\u064a\u0631 \u0639\u0644\u0649 \u0632\u0631 \u0627\u0644\u062a\u0634\u063a\u064a\u0644\u060c \u064a\u0645\u0643\u0646\u0643 \u0627\u0644\u062a\u0646\u0642\u0644 \u0628\u064a\u0646 19 \u0645\u0633\u062a\u0648\u0649 \u0633\u0631\u0639\u0629.<\/p>","protected":false},"featured_media":48543,"comment_status":"open","ping_status":"closed","template":"","meta":[],"product_brand":[],"product_cat":[2455],"product_tag":[],"class_list":{"0":"post-48544","1":"product","2":"type-product","3":"status-publish","4":"has-post-thumbnail","6":"product_cat-maison","8":"first","9":"instock","10":"sale","11":"taxable","12":"shipping-taxable","13":"purchasable","14":"product-type-simple"},"jetpack_sharing_enabled":true,"_links":{"self":[{"href":"https:\/\/shoponlinedz.com\/en\/wp-json\/wp\/v2\/product\/48544","targetHints":{"allow":["GET"]}}],"collection":[{"href":"https:\/\/shoponlinedz.com\/en\/wp-json\/wp\/v2\/product"}],"about":[{"href":"https:\/\/shoponlinedz.com\/en\/wp-json\/wp\/v2\/types\/product"}],"replies":[{"embeddable":true,"href":"https:\/\/shoponlinedz.com\/en\/wp-json\/wp\/v2\/comments?post=48544"}],"version-history":[{"count":0,"href":"https:\/\/shoponlinedz.com\/en\/wp-json\/wp\/v2\/product\/48544\/revisions"}],"wp:featuredmedia":[{"embeddable":true,"href":"https:\/\/shoponlinedz.com\/en\/wp-json\/wp\/v2\/media\/48543"}],"wp:attachment":[{"href":"https:\/\/shoponlinedz.com\/en\/wp-json\/wp\/v2\/media?parent=48544"}],"wp:term":[{"taxonomy":"product_brand","embeddable":true,"href":"https:\/\/shoponlinedz.com\/en\/wp-json\/wp\/v2\/product_brand?post=48544"},{"taxonomy":"product_cat","embeddable":true,"href":"https:\/\/shoponlinedz.com\/en\/wp-json\/wp\/v2\/product_cat?post=48544"},{"taxonomy":"product_tag","embeddable":true,"href":"https:\/\/shoponlinedz.com\/en\/wp-json\/wp\/v2\/product_tag?post=48544"}],"curies":[{"name":"wp","href":"https:\/\/api.w.org\/{rel}","templated":true}]}}