{"id":48503,"date":"2026-01-05T16:22:58","date_gmt":"2026-01-05T16:22:58","guid":{"rendered":"https:\/\/shoponlinedz.com\/product\/mini-brosse-a-lisser-electrique-sans-fil-avec-3-reglages-de-chaleur-%d9%85%d8%b4%d8%b7-%d8%ad%d8%b1%d8%a7%d8%b1%d9%8a-%d8%ad%d8%ac%d9%85-%d8%b5%d8%ba%d9%8a%d8%b1-%d9%88%d9%85%d8%ad%d9%85\/"},"modified":"2026-01-28T12:15:32","modified_gmt":"2026-01-28T12:15:32","slug":"mini-brosse-a-lisser-electrique-sans-fil-avec-3-reglages-de-chaleur-%d9%85%d8%b4%d8%b7-%d8%ad%d8%b1%d8%a7%d8%b1%d9%8a-%d8%ad%d8%ac%d9%85-%d8%b5%d8%ba%d9%8a%d8%b1-%d9%88%d9%85%d8%ad%d9%85","status":"publish","type":"product","link":"https:\/\/shoponlinedz.com\/en\/product\/mini-brosse-a-lisser-electrique-sans-fil-avec-3-reglages-de-chaleur-%d9%85%d8%b4%d8%b7-%d8%ad%d8%b1%d8%a7%d8%b1%d9%8a-%d8%ad%d8%ac%d9%85-%d8%b5%d8%ba%d9%8a%d8%b1-%d9%88%d9%85%d8%ad%d9%85\/","title":{"rendered":"Mini Brosse \u00e0 lisser \u00e9lectrique sans fil avec 3 r\u00e9glages de chaleur \u2013 \u0645\u0634\u0637 \u062d\u0631\u0627\u0631\u064a \u062d\u062c\u0645 \u0635\u063a\u064a\u0631 \u0648\u0645\u062d\u0645\u0648\u0644"},"content":{"rendered":"<figure class=\"attachment attachment--preview\" data-trix-attachment=\"{&quot;contentType&quot;:&quot;image&quot;,&quot;height&quot;:1024,&quot;url&quot;:&quot;https:\/\/sawaqli.fra1.cdn.digitaloceanspaces.com\/56961\/Rond-Hair-Comb-cnc.jpg&quot;,&quot;width&quot;:1024}\" data-trix-content-type=\"image\"><img decoding=\"async\" class=\"aligncenter\" src=\"https:\/\/sawaqli.fra1.cdn.digitaloceanspaces.com\/56961\/Rond-Hair-Comb-cnc.jpg\" width=\"1024\" height=\"1024\" \/><figcaption class=\"attachment__caption\"><\/figcaption><\/figure>\n<figure class=\"attachment attachment--preview\" data-trix-attachment=\"{&quot;contentType&quot;:&quot;image&quot;,&quot;height&quot;:1024,&quot;url&quot;:&quot;https:\/\/sawaqli.fra1.cdn.digitaloceanspaces.com\/56957\/Rond-Hair-Comb-4.jpeg&quot;,&quot;width&quot;:1024}\" data-trix-content-type=\"image\"><img decoding=\"async\" class=\"aligncenter\" src=\"https:\/\/sawaqli.fra1.cdn.digitaloceanspaces.com\/56957\/Rond-Hair-Comb-4.jpeg\" width=\"1024\" height=\"1024\" \/><figcaption class=\"attachment__caption\"><\/figcaption><\/figure>\n<figure class=\"attachment attachment--preview\" data-trix-attachment=\"{&quot;contentType&quot;:&quot;image&quot;,&quot;height&quot;:1024,&quot;url&quot;:&quot;https:\/\/sawaqli.fra1.cdn.digitaloceanspaces.com\/56958\/Rond-Hair-Comb-1.jpeg&quot;,&quot;width&quot;:1024}\" data-trix-content-type=\"image\"><img decoding=\"async\" class=\"aligncenter\" src=\"https:\/\/sawaqli.fra1.cdn.digitaloceanspaces.com\/56958\/Rond-Hair-Comb-1.jpeg\" width=\"1024\" height=\"1024\" \/><figcaption class=\"attachment__caption\"><\/figcaption><\/figure>\n<figure class=\"attachment attachment--preview\" data-trix-attachment=\"{&quot;contentType&quot;:&quot;image&quot;,&quot;height&quot;:1024,&quot;url&quot;:&quot;https:\/\/sawaqli.fra1.cdn.digitaloceanspaces.com\/56959\/Rond-Hair-Comb-3.jpeg&quot;,&quot;width&quot;:1024}\" data-trix-content-type=\"image\"><img decoding=\"async\" class=\"aligncenter\" src=\"https:\/\/sawaqli.fra1.cdn.digitaloceanspaces.com\/56959\/Rond-Hair-Comb-3.jpeg\" width=\"1024\" height=\"1024\" \/><figcaption class=\"attachment__caption\"><\/figcaption><\/figure>\n<figure class=\"attachment attachment--preview\" data-trix-attachment=\"{&quot;contentType&quot;:&quot;image&quot;,&quot;height&quot;:1024,&quot;url&quot;:&quot;https:\/\/sawaqli.fra1.cdn.digitaloceanspaces.com\/56960\/Rond-Hair-Comb-7.jpeg&quot;,&quot;width&quot;:1024}\" data-trix-content-type=\"image\"><img decoding=\"async\" class=\"aligncenter\" src=\"https:\/\/sawaqli.fra1.cdn.digitaloceanspaces.com\/56960\/Rond-Hair-Comb-7.jpeg\" width=\"1024\" height=\"1024\" \/><figcaption class=\"attachment__caption\"><\/figcaption><\/figure>\n<p style=\"text-align: center;\">","protected":false},"excerpt":{"rendered":"<p>\u2728 \u0645\u0634\u0637 \u0643\u0647\u0631\u0628\u0627\u0626\u064a \u0644\u062a\u0646\u0639\u064a\u0645 \u0627\u0644\u0644\u062d\u064a\u0629 \u0648\u0627\u0644\u0634\u0639\u0631 \u2013 \u0635\u063a\u064a\u0631\u060c \u0639\u0645\u0644\u064a \u0648\u0642\u0648\u064a \u2728\u2b50 \u0627\u0644\u0645\u064a\u0632\u0627\u062a \u0627\u0644\u0631\u0626\u064a\u0633\u064a\u0629 :\ud83e\uddf3 \u0645\u0646\u0627\u0633\u0628 \u0644\u0644\u0633\u0641\u0631 : \u0635\u063a\u064a\u0631 \u0627\u0644\u062d\u062c\u0645 \u0648\u0633\u0647\u0644 \u0627\u0644\u062d\u0645\u0644\u060c \u064a\u0645\u0643\u0646 \u0648\u0636\u0639\u0647 \u0641\u064a \u062d\u0642\u064a\u0628\u0629 \u0627\u0644\u064a\u062f \u0644\u0644\u0639\u0645\u0644\u060c \u0644\u0644\u0639\u0628 \u0623\u0648 \u0644\u0644\u0627\u0633\u062a\u062e\u062f\u0627\u0645 \u0627\u0644\u064a\u0648\u0645\u064a.\ud83d\udd25 3 \u062f\u0631\u062c\u0627\u062a \u062d\u0631\u0627\u0631\u0629 \u0642\u0627\u0628\u0644\u0629 \u0644\u0644\u062a\u0639\u062f\u064a\u0644 :55\u00b0C \u0644\u0644\u0634\u0639\u0631 \u0627\u0644\u0646\u0627\u0639\u0645 \u0648\u0627\u0644\u062e\u0641\u064a\u0641.65\u00b0C \u0644\u0644\u0634\u0639\u0631 \u0627\u0644\u0639\u0627\u062f\u064a.75\u00b0C \u0644\u0644\u0634\u0639\u0631 \u0627\u0644\u062e\u0634\u0646 \u0648\u0627\u0644\u0633\u0645\u064a\u0643.\ud83e\ude9e \u062a\u0635\u0645\u064a\u0645 \u0645\u062a\u0637\u0648\u0631 :\u0645\u0634\u0637 \u0645\u062f\u0645\u062c \u0644\u0644\u062a\u0635\u0641\u064a\u0641 \u0627\u0644\u0633\u0644\u0633.\u0623\u0633\u0646\u0627\u0646 \u0645\u0636\u0627\u062f\u0629 \u0644\u0644\u062d\u0631\u0648\u0642 \u0644\u0633\u0644\u0627\u0645\u0629 \u0623\u0643\u0628\u0631.\u064a\u062d\u0627\u0641\u0638 \u0639\u0644\u0649 \u062d\u0631\u0627\u0631\u0629 \u062b\u0627\u0628\u062a\u0629 \u0644\u062a\u0646\u0639\u064a\u0645 \u0645\u062b\u0627\u0644\u064a.\ud83d\udca8 \u062a\u0633\u062e\u064a\u0646 \u0633\u0631\u064a\u0639 : \u064a\u0633\u062e\u0646 \u0641\u064a 10 \u062b\u0648\u0627\u0646\u064d \u0641\u0642\u0637\u060c \u0648\u064a\u0645\u0646\u062d\u0643 \u062a\u0633\u0631\u064a\u062d\u0629 \u0643\u0627\u0645\u0644\u0629 \u0641\u064a 3 \u0625\u0644\u0649 4 \u062f\u0642\u0627\u0626\u0642.\ud83c\udf1f \u0637\u0644\u0627\u0621 \u0633\u064a\u0631\u0627\u0645\u064a\u0643 + \u0646\u0627\u0646\u0648 \u062a\u064a\u062a\u0627\u0646\u064a\u0648\u0645 : \u064a\u0648\u0632\u0639 \u0627\u0644\u062d\u0631\u0627\u0631\u0629 \u0628\u0633\u0631\u0639\u0629 \u0648\u0628\u0634\u0643\u0644 \u0645\u062a\u0633\u0627\u0648\u064d \u0645\u0646 \u0627\u0644\u062c\u0630\u0648\u0631 \u062d\u062a\u0649 \u0627\u0644\u0623\u0637\u0631\u0627\u0641.\ud83d\udd0b \u0628\u0637\u0627\u0631\u064a\u0629 \u0642\u0648\u064a\u0629 : \u0628\u0637\u0627\u0631\u064a\u0629 \u0644\u064a\u062b\u064a\u0648\u0645 1500mAh \u0642\u0627\u0628\u0644\u0629 \u0644\u0644\u0634\u062d\u0646 \u0639\u0628\u0631 USB\u060c \u062a\u062f\u0648\u0645 \u0637\u0648\u064a\u0644\u0627\u064b.\ud83c\udf9b\ufe0f \u0633\u0647\u0644 \u0627\u0644\u0627\u0633\u062a\u062e\u062f\u0627\u0645 : \u0636\u063a\u0637\u0629 \u0645\u0637\u0648\u0644\u0629 \u0644\u0628\u062f\u0621 \u0627\u0644\u062a\u0634\u063a\u064a\u0644 (3 \u062b\u0648\u0627\u0646\u064d) \u0645\u0639 \u062a\u062d\u0643\u0645 \u0645\u0631\u064a\u062d \u0641\u064a \u062a\u063a\u064a\u064a\u0631 \u0627\u0644\u0633\u0631\u0639\u0627\u062a.\ud83d\udccf \u0627\u0644\u0645\u0648\u0627\u0635\u0641\u0627\u062a :\u0627\u0644\u0644\u0648\u0646 : \u0645\u062a\u0639\u062f\u062f \u0627\u0644\u0623\u0644\u0648\u0627\u0646.\u0627\u0644\u062d\u062c\u0645 : \u200e8.8 \u00d7 8.8 \u00d7 4 \u0633\u0645.\u0627\u0644\u062a\u062d\u0643\u0645 \u0641\u064a \u0627\u0644\u062d\u0631\u0627\u0631\u0629 : 3 \u0633\u0631\u0639\u0627\u062a.\u0627\u0644\u0642\u062f\u0631\u0629 : \u200e27W.\u0627\u0644\u062c\u0647\u062f : \u200e3.7V.\u0645\u0627\u062f\u0629 \u0627\u0644\u0635\u0646\u0639 : ABS.\u0646\u0648\u0639 \u0627\u0644\u0628\u0637\u0627\u0631\u064a\u0629 : \u0644\u064a\u062b\u064a\u0648\u0645 \u200e18650.\ud83d\udce6 \u0645\u062d\u062a\u0648\u064a\u0627\u062a \u0627\u0644\u0639\u0644\u0628\u0629 :1 \u00d7 \u0645\u0634\u0637 \u0643\u0647\u0631\u0628\u0627\u0626\u064a \u0644\u062a\u0646\u0639\u064a\u0645 \u0627\u0644\u0634\u0639\u0631 \u0648\u0627\u0644\u0644\u062d\u064a\u0629.1 \u00d7 \u0643\u0627\u0628\u0644 \u0634\u062d\u0646 USB.1 \u00d7 \u062d\u0642\u064a\u0628\u0629 \u062a\u062e\u0632\u064a\u0646.1 \u00d7 \u062f\u0644\u064a\u0644 \u0627\u0644\u0627\u0633\u062a\u062e\u062f\u0627\u0645.<\/p>","protected":false},"featured_media":48502,"comment_status":"open","ping_status":"closed","template":"","meta":[],"product_brand":[],"product_cat":[2457],"product_tag":[],"class_list":{"0":"post-48503","1":"product","2":"type-product","3":"status-publish","4":"has-post-thumbnail","6":"product_cat-soins-et-beaute","8":"first","9":"instock","10":"sale","11":"taxable","12":"shipping-taxable","13":"purchasable","14":"product-type-simple"},"jetpack_sharing_enabled":true,"_links":{"self":[{"href":"https:\/\/shoponlinedz.com\/en\/wp-json\/wp\/v2\/product\/48503","targetHints":{"allow":["GET"]}}],"collection":[{"href":"https:\/\/shoponlinedz.com\/en\/wp-json\/wp\/v2\/product"}],"about":[{"href":"https:\/\/shoponlinedz.com\/en\/wp-json\/wp\/v2\/types\/product"}],"replies":[{"embeddable":true,"href":"https:\/\/shoponlinedz.com\/en\/wp-json\/wp\/v2\/comments?post=48503"}],"version-history":[{"count":0,"href":"https:\/\/shoponlinedz.com\/en\/wp-json\/wp\/v2\/product\/48503\/revisions"}],"wp:featuredmedia":[{"embeddable":true,"href":"https:\/\/shoponlinedz.com\/en\/wp-json\/wp\/v2\/media\/48502"}],"wp:attachment":[{"href":"https:\/\/shoponlinedz.com\/en\/wp-json\/wp\/v2\/media?parent=48503"}],"wp:term":[{"taxonomy":"product_brand","embeddable":true,"href":"https:\/\/shoponlinedz.com\/en\/wp-json\/wp\/v2\/product_brand?post=48503"},{"taxonomy":"product_cat","embeddable":true,"href":"https:\/\/shoponlinedz.com\/en\/wp-json\/wp\/v2\/product_cat?post=48503"},{"taxonomy":"product_tag","embeddable":true,"href":"https:\/\/shoponlinedz.com\/en\/wp-json\/wp\/v2\/product_tag?post=48503"}],"curies":[{"name":"wp","href":"https:\/\/api.w.org\/{rel}","templated":true}]}}