{"id":48473,"date":"2026-01-05T16:22:08","date_gmt":"2026-01-05T16:22:08","guid":{"rendered":"https:\/\/shoponlinedz.com\/product\/organisateur-de-garde-robe-pour-le-ranger-des-vetements-6-etageres-%d8%b9%d9%84%d8%a7%d9%82%d8%a9-%d9%84%d8%aa%d9%86%d8%b8%d9%8a%d9%85-%d8%a7%d9%84%d9%85%d9%84%d8%a7%d8%a8%d8%b3-%d9%81%d9%8a\/"},"modified":"2026-01-28T12:15:33","modified_gmt":"2026-01-28T12:15:33","slug":"organisateur-de-garde-robe-pour-le-ranger-des-vetements-6-etageres-%d8%b9%d9%84%d8%a7%d9%82%d8%a9-%d9%84%d8%aa%d9%86%d8%b8%d9%8a%d9%85-%d8%a7%d9%84%d9%85%d9%84%d8%a7%d8%a8%d8%b3-%d9%81%d9%8a","status":"publish","type":"product","link":"https:\/\/shoponlinedz.com\/en\/product\/organisateur-de-garde-robe-pour-le-ranger-des-vetements-6-etageres-%d8%b9%d9%84%d8%a7%d9%82%d8%a9-%d9%84%d8%aa%d9%86%d8%b8%d9%8a%d9%85-%d8%a7%d9%84%d9%85%d9%84%d8%a7%d8%a8%d8%b3-%d9%81%d9%8a\/","title":{"rendered":"Organisateur de garde-robe pour le ranger des v\u00eatements 6 \u00e9tag\u00e8res \u2013 \u0639\u0644\u0627\u0642\u0629 \u0644\u062a\u0646\u0638\u064a\u0645 \u0627\u0644\u0645\u0644\u0627\u0628\u0633 \u0641\u064a \u0627\u0644\u062e\u0632\u0627\u0646\u0629"},"content":{"rendered":"<figure class=\"attachment attachment--preview\" data-trix-attachment=\"{&quot;contentType&quot;:&quot;image&quot;,&quot;height&quot;:1024,&quot;url&quot;:&quot;https:\/\/sawaqli.fra1.cdn.digitaloceanspaces.com\/57433\/6-Layer-Organizer-cnc-1.jpg&quot;,&quot;width&quot;:1024}\" data-trix-content-type=\"image\"><img decoding=\"async\" class=\"aligncenter\" src=\"https:\/\/sawaqli.fra1.cdn.digitaloceanspaces.com\/57433\/6-Layer-Organizer-cnc-1.jpg\" width=\"1024\" height=\"1024\" \/><figcaption class=\"attachment__caption\"><\/figcaption><\/figure>\n<figure class=\"attachment attachment--preview\" data-trix-attachment=\"{&quot;contentType&quot;:&quot;image&quot;,&quot;height&quot;:1024,&quot;url&quot;:&quot;https:\/\/sawaqli.fra1.cdn.digitaloceanspaces.com\/57434\/6-Layer-Organizer-8.jpg&quot;,&quot;width&quot;:1024}\" data-trix-content-type=\"image\"><img decoding=\"async\" class=\"aligncenter\" src=\"https:\/\/sawaqli.fra1.cdn.digitaloceanspaces.com\/57434\/6-Layer-Organizer-8.jpg\" width=\"1024\" height=\"1024\" \/><figcaption class=\"attachment__caption\"><\/figcaption><\/figure>\n<figure class=\"attachment attachment--preview\" data-trix-attachment=\"{&quot;contentType&quot;:&quot;image&quot;,&quot;height&quot;:1024,&quot;url&quot;:&quot;https:\/\/sawaqli.fra1.cdn.digitaloceanspaces.com\/57435\/6-Layer-Organizer-9.jpg&quot;,&quot;width&quot;:1024}\" data-trix-content-type=\"image\"><img decoding=\"async\" class=\"aligncenter\" src=\"https:\/\/sawaqli.fra1.cdn.digitaloceanspaces.com\/57435\/6-Layer-Organizer-9.jpg\" width=\"1024\" height=\"1024\" \/><figcaption class=\"attachment__caption\"><\/figcaption><\/figure>\n<figure class=\"attachment attachment--preview\" data-trix-attachment=\"{&quot;contentType&quot;:&quot;image&quot;,&quot;height&quot;:1024,&quot;url&quot;:&quot;https:\/\/sawaqli.fra1.cdn.digitaloceanspaces.com\/57436\/6-Layer-Organizer-10.jpg&quot;,&quot;width&quot;:1024}\" data-trix-content-type=\"image\"><img decoding=\"async\" class=\"aligncenter\" src=\"https:\/\/sawaqli.fra1.cdn.digitaloceanspaces.com\/57436\/6-Layer-Organizer-10.jpg\" width=\"1024\" height=\"1024\" \/><figcaption class=\"attachment__caption\"><\/figcaption><\/figure>\n<figure class=\"attachment attachment--preview\" data-trix-attachment=\"{&quot;contentType&quot;:&quot;image&quot;,&quot;height&quot;:1024,&quot;url&quot;:&quot;https:\/\/sawaqli.fra1.cdn.digitaloceanspaces.com\/57593\/PEI55.jpeg&quot;,&quot;width&quot;:1024}\" data-trix-content-type=\"image\"><img decoding=\"async\" class=\"aligncenter\" src=\"https:\/\/sawaqli.fra1.cdn.digitaloceanspaces.com\/57593\/PEI55.jpeg\" width=\"1024\" height=\"1024\" \/><figcaption class=\"attachment__caption\"><\/figcaption><\/figure>\n<p style=\"text-align: center;\">","protected":false},"excerpt":{"rendered":"<p>\ud83d\udce6\ud83d\udc55 \u0645\u0646\u0638\u0645 \u0645\u0644\u0627\u0628\u0633 \u0645\u0639\u0644\u0642 \u0628\u0640 6 \u0637\u0628\u0642\u0627\u062a \u2013 \u0627\u0644\u062d\u0644 \u0627\u0644\u0623\u0645\u062b\u0644 \u0644\u062a\u0631\u062a\u064a\u0628 \u062e\u0632\u0627\u0646\u0629 \u0627\u0644\u0645\u0644\u0627\u0628\u0633\u062d\u0627\u0641\u0638 \u0639\u0644\u0649 \u062e\u0632\u0627\u0646\u0629 \u0645\u0631\u062a\u0628\u0629 \u0648\u0645\u0646\u0638\u0645\u0629 \u0645\u0639 \u0647\u0630\u0627 \u0627\u0644\u0645\u0646\u0638\u0645 \u0627\u0644\u0645\u0639\u0644\u0642 \u0627\u0644\u0639\u0645\u0644\u064a \u0627\u0644\u0630\u064a \u064a\u0648\u0641\u0631 \u0644\u0643 6 \u0645\u0633\u0627\u062d\u0627\u062a \u0648\u0627\u0633\u0639\u0629 \u0644\u062a\u062e\u0632\u064a\u0646 \u0627\u0644\u0645\u0644\u0627\u0628\u0633 \u0648\u0627\u0644\u0625\u0643\u0633\u0633\u0648\u0627\u0631\u0627\u062a \u0628\u0633\u0647\u0648\u0644\u0629 \u0648\u0628\u062f\u0648\u0646 \u0641\u0648\u0636\u0649.\u2705 \u0627\u0644\u0645\u0645\u064a\u0632\u0627\u062a \u0627\u0644\u0631\u0626\u064a\u0633\u064a\u0629\ud83e\ude9c 6 \u0637\u0628\u0642\u0627\u062a \u0648\u0627\u0633\u0639\u0629: \u0645\u062b\u0627\u0644\u064a\u0629 \u0644\u062a\u0631\u062a\u064a\u0628 \u0627\u0644\u0642\u0645\u0635\u0627\u0646\u060c \u0627\u0644\u062c\u064a\u0646\u0632\u060c \u0627\u0644\u0645\u0646\u0627\u0634\u0641\u060c \u0627\u0644\u0628\u064a\u062c\u0627\u0645\u0627\u062a \u0648\u0623\u0643\u062b\u0631.\ud83e\ude9f \u0648\u0627\u062c\u0647\u0629 \u0628\u0633\u062d\u0627\u0628 \u0634\u0641\u0627\u0641: \u062a\u062d\u0627\u0641\u0638 \u0639\u0644\u0649 \u0627\u0644\u0645\u0644\u0627\u0628\u0633 \u0645\u062d\u0645\u064a\u0629 \u0645\u0646 \u0627\u0644\u063a\u0628\u0627\u0631.\ud83d\udd27 \u0633\u0647\u0644 \u0627\u0644\u062a\u062b\u0628\u064a\u062a: \u064a\u0639\u0644\u0642 \u0645\u0628\u0627\u0634\u0631\u0629 \u0639\u0644\u0649 \u0642\u0636\u064a\u0628 \u0627\u0644\u062a\u0639\u0644\u064a\u0642 \u0641\u064a \u0627\u0644\u062e\u0632\u0627\u0646\u0629.\ud83d\udcaa \u0645\u062a\u064a\u0646 \u0648\u0639\u0645\u0644\u064a: \u064a\u062a\u062d\u0645\u0644 \u0627\u0644\u0623\u0648\u0632\u0627\u0646 \u0627\u0644\u062b\u0642\u064a\u0644\u0629 \u062f\u0648\u0646 \u0623\u0646 \u064a\u062a\u0631\u0647\u0644.\ud83d\udc76 \u0645\u062a\u0639\u062f\u062f \u0627\u0644\u0627\u0633\u062a\u062e\u062f\u0627\u0645\u0627\u062a: \u0645\u0646\u0627\u0633\u0628 \u0644\u063a\u0631\u0641 \u0627\u0644\u0646\u0648\u0645\u060c \u0627\u0644\u0623\u0637\u0641\u0627\u0644 \u0648\u062d\u062a\u0649 \u0627\u0644\u0631\u0636\u0639.\ud83d\udccf \u0627\u0644\u0623\u0628\u0639\u0627\u062f: 30 \u00d7 30 \u00d7 120 \u0633\u0645\ud83d\udeab \u063a\u064a\u0631 \u0642\u0627\u0628\u0644 \u0644\u0644\u063a\u0633\u0644 \u2013 \u064a\u0646\u0638\u0641 \u0628\u0642\u0637\u0639\u0629 \u0642\u0645\u0627\u0634 \u062c\u0627\u0641\u0629 \u0641\u0642\u0637.\u2728 \u0627\u0633\u062a\u063a\u0644 \u0645\u0633\u0627\u062d\u0629 \u062e\u0632\u0627\u0646\u0629 \u0645\u0644\u0627\u0628\u0633\u0643\u060c \u0631\u062a\u0628 \u0623\u063a\u0631\u0627\u0636\u0643 \u0648\u0627\u0628\u0642\u0650 \u0643\u0644 \u0634\u064a\u0621 \u0641\u064a \u0645\u062a\u0646\u0627\u0648\u0644 \u0627\u0644\u064a\u062f!<\/p>","protected":false},"featured_media":48472,"comment_status":"open","ping_status":"closed","template":"","meta":[],"product_brand":[],"product_cat":[2455],"product_tag":[],"class_list":{"0":"post-48473","1":"product","2":"type-product","3":"status-publish","4":"has-post-thumbnail","6":"product_cat-maison","8":"first","9":"instock","10":"sale","11":"taxable","12":"shipping-taxable","13":"purchasable","14":"product-type-simple"},"jetpack_sharing_enabled":true,"_links":{"self":[{"href":"https:\/\/shoponlinedz.com\/en\/wp-json\/wp\/v2\/product\/48473","targetHints":{"allow":["GET"]}}],"collection":[{"href":"https:\/\/shoponlinedz.com\/en\/wp-json\/wp\/v2\/product"}],"about":[{"href":"https:\/\/shoponlinedz.com\/en\/wp-json\/wp\/v2\/types\/product"}],"replies":[{"embeddable":true,"href":"https:\/\/shoponlinedz.com\/en\/wp-json\/wp\/v2\/comments?post=48473"}],"version-history":[{"count":0,"href":"https:\/\/shoponlinedz.com\/en\/wp-json\/wp\/v2\/product\/48473\/revisions"}],"wp:featuredmedia":[{"embeddable":true,"href":"https:\/\/shoponlinedz.com\/en\/wp-json\/wp\/v2\/media\/48472"}],"wp:attachment":[{"href":"https:\/\/shoponlinedz.com\/en\/wp-json\/wp\/v2\/media?parent=48473"}],"wp:term":[{"taxonomy":"product_brand","embeddable":true,"href":"https:\/\/shoponlinedz.com\/en\/wp-json\/wp\/v2\/product_brand?post=48473"},{"taxonomy":"product_cat","embeddable":true,"href":"https:\/\/shoponlinedz.com\/en\/wp-json\/wp\/v2\/product_cat?post=48473"},{"taxonomy":"product_tag","embeddable":true,"href":"https:\/\/shoponlinedz.com\/en\/wp-json\/wp\/v2\/product_tag?post=48473"}],"curies":[{"name":"wp","href":"https:\/\/api.w.org\/{rel}","templated":true}]}}