{"id":48321,"date":"2026-01-05T16:17:35","date_gmt":"2026-01-05T16:17:35","guid":{"rendered":"https:\/\/shoponlinedz.com\/product\/projecteur-galaxie-astronaute-eclairage-etoile-reglable-a-360-avec-telecommande-%d8%ac%d9%87%d8%a7%d8%b2-%d8%b9%d8%b1%d8%b6-%d9%86%d8%ac%d9%88%d9%85-%d9%88%d9%85%d9%83%d8%a8%d8%b1\/"},"modified":"2026-01-28T12:15:40","modified_gmt":"2026-01-28T12:15:40","slug":"projecteur-galaxie-astronaute-eclairage-etoile-reglable-a-360-avec-telecommande-%d8%ac%d9%87%d8%a7%d8%b2-%d8%b9%d8%b1%d8%b6-%d9%86%d8%ac%d9%88%d9%85-%d9%88%d9%85%d9%83%d8%a8%d8%b1","status":"publish","type":"product","link":"https:\/\/shoponlinedz.com\/en\/product\/projecteur-galaxie-astronaute-eclairage-etoile-reglable-a-360-avec-telecommande-%d8%ac%d9%87%d8%a7%d8%b2-%d8%b9%d8%b1%d8%b6-%d9%86%d8%ac%d9%88%d9%85-%d9%88%d9%85%d9%83%d8%a8%d8%b1\/","title":{"rendered":"Projecteur Galaxie Astronaute \u00e9clairage \u00e9toil\u00e9 r\u00e9glable \u00e0 360\u00b0 avec t\u00e9l\u00e9commande \u2013 \u062c\u0647\u0627\u0632 \u0639\u0631\u0636 \u0646\u062c\u0648\u0645 \u0648\u0645\u0643\u0628\u0631 \u0635\u0648\u062a"},"content":{"rendered":"<figure class=\"attachment attachment--preview\" data-trix-attachment=\"{&quot;contentType&quot;:&quot;image&quot;,&quot;height&quot;:1024,&quot;url&quot;:&quot;https:\/\/sawaqli.fra1.cdn.digitaloceanspaces.com\/57824\/Astro-Night-Light-cnc.jpg&quot;,&quot;width&quot;:1024}\" data-trix-content-type=\"image\"><img decoding=\"async\" class=\"aligncenter\" src=\"https:\/\/sawaqli.fra1.cdn.digitaloceanspaces.com\/57824\/Astro-Night-Light-cnc.jpg\" width=\"1024\" height=\"1024\" \/><figcaption class=\"attachment__caption\"><\/figcaption><\/figure>\n<figure class=\"attachment attachment--preview\" data-trix-attachment=\"{&quot;contentType&quot;:&quot;image&quot;,&quot;height&quot;:1024,&quot;url&quot;:&quot;https:\/\/sawaqli.fra1.cdn.digitaloceanspaces.com\/57823\/Astro-Night-Light-1.jpg&quot;,&quot;width&quot;:1024}\" data-trix-content-type=\"image\"><img decoding=\"async\" class=\"aligncenter\" src=\"https:\/\/sawaqli.fra1.cdn.digitaloceanspaces.com\/57823\/Astro-Night-Light-1.jpg\" width=\"1024\" height=\"1024\" \/><figcaption class=\"attachment__caption\"><\/figcaption><\/figure>\n<figure class=\"attachment attachment--preview\" data-trix-attachment=\"{&quot;contentType&quot;:&quot;image&quot;,&quot;height&quot;:1024,&quot;url&quot;:&quot;https:\/\/sawaqli.fra1.cdn.digitaloceanspaces.com\/57822\/Astro-Night-Light-2.jpg&quot;,&quot;width&quot;:1024}\" data-trix-content-type=\"image\"><img decoding=\"async\" class=\"aligncenter\" src=\"https:\/\/sawaqli.fra1.cdn.digitaloceanspaces.com\/57822\/Astro-Night-Light-2.jpg\" width=\"1024\" height=\"1024\" \/><figcaption class=\"attachment__caption\"><\/figcaption><\/figure>\n<figure class=\"attachment attachment--preview\" data-trix-attachment=\"{&quot;contentType&quot;:&quot;image&quot;,&quot;height&quot;:1024,&quot;url&quot;:&quot;https:\/\/sawaqli.fra1.cdn.digitaloceanspaces.com\/57821\/Astro-Night-Light-3.jpg&quot;,&quot;width&quot;:1024}\" data-trix-content-type=\"image\"><img decoding=\"async\" class=\"aligncenter\" src=\"https:\/\/sawaqli.fra1.cdn.digitaloceanspaces.com\/57821\/Astro-Night-Light-3.jpg\" width=\"1024\" height=\"1024\" \/><figcaption class=\"attachment__caption\"><\/figcaption><\/figure>\n<figure class=\"attachment attachment--preview\" data-trix-attachment=\"{&quot;contentType&quot;:&quot;image&quot;,&quot;height&quot;:1024,&quot;url&quot;:&quot;https:\/\/sawaqli.fra1.cdn.digitaloceanspaces.com\/57820\/Astro-Night-Light-4.jpg&quot;,&quot;width&quot;:1024}\" data-trix-content-type=\"image\"><img decoding=\"async\" class=\"aligncenter\" src=\"https:\/\/sawaqli.fra1.cdn.digitaloceanspaces.com\/57820\/Astro-Night-Light-4.jpg\" width=\"1024\" height=\"1024\" \/><figcaption class=\"attachment__caption\"><\/figcaption><\/figure>\n<p style=\"text-align: center;\">","protected":false},"excerpt":{"rendered":"<p>\ud83c\udf0c\u2728 \u0628\u0631\u0648\u062c\u0643\u062a\u0648\u0631 \u0627\u0644\u0646\u062c\u0648\u0645 \u0627\u0644\u0644\u064a\u0644\u064a \u2013 \u0633\u0645\u0627\u0621 \u062d\u0627\u0644\u0645\u0629 \u0628\u064a\u0646 \u064a\u062f\u064a\u0643 \u2728\ud83c\udf0c\u0639\u0650\u0634 \u062a\u062c\u0631\u0628\u0629 \u0641\u0631\u064a\u062f\u0629 \u0645\u0639 \u0628\u0631\u0648\u062c\u0643\u062a\u0648\u0631 \u0627\u0644\u0645\u062c\u0631\u0651\u0629 \u0627\u0644\u0630\u064a \u064a\u062c\u0645\u0639 \u0628\u064a\u0646 \u0627\u0644\u0646\u062c\u0648\u0645 \u0627\u0644\u0645\u062a\u0644\u0623\u0644\u0626\u0629 \u0648\u0627\u0644\u0633\u062d\u0628 \u0627\u0644\u0646\u064a\u0628\u0648\u0644\u064a\u0629 \u0627\u0644\u0645\u0636\u064a\u0626\u0629 \u0644\u064a\u062d\u0648\u0651\u0644 \u063a\u0631\u0641\u062a\u0643 \u0625\u0644\u0649 \u0645\u0634\u0647\u062f \u0633\u0645\u0627\u0648\u064a \u0631\u0648\u0645\u0627\u0646\u0633\u064a \u0648\u0645\u0631\u064a\u062d\u060c \u0645\u062b\u0627\u0644\u064a \u0644\u0644\u0627\u0633\u062a\u0631\u062e\u0627\u0621 \u0623\u0648 \u0627\u0644\u0646\u0648\u0645 \u0627\u0644\u0647\u0627\u062f\u0626.\u2b50 \u0627\u0644\u0645\u0645\u064a\u0632\u0627\u062a \u0627\u0644\u0631\u0626\u064a\u0633\u064a\u0629 :\ud83c\udf20 \u062a\u062d\u0643\u0645 \u0643\u0627\u0645\u0644 \u0628\u0627\u0644\u0631\u064a\u0645\u0648\u062a: \u0627\u062e\u062a\u0631 \u0627\u0644\u0633\u0637\u0648\u0639\u060c \u0627\u0644\u0633\u0631\u0639\u0629\u060c \u0648\u0627\u0644\u0623\u0644\u0648\u0627\u0646 \u0628\u0636\u063a\u0637\u0629 \u0632\u0631\u060c \u0645\u0639 \u0625\u0645\u0643\u0627\u0646\u064a\u0629 \u0627\u0644\u062a\u0628\u062f\u064a\u0644 \u0628\u064a\u0646 \u0623\u0646\u0645\u0627\u0637 \u0636\u0648\u0626\u064a\u0629 \u0645\u062a\u0639\u062f\u062f\u0629.\ud83d\udd04 \u0625\u0633\u0642\u0627\u0637 \u0628\u0632\u0627\u0648\u064a\u0629 360\u00b0: \u062a\u0635\u0645\u064a\u0645 \u0643\u0631\u0648\u064a \u0645\u0628\u062a\u0643\u0631 \u0645\u0639 \u0642\u0627\u0639\u062f\u0629 \u0642\u0627\u0628\u0644\u0629 \u0644\u0644\u062a\u0639\u062f\u064a\u0644\u060c \u064a\u0645\u0646\u062d\u0643 \u0645\u0624\u062b\u0631\u0627\u062a \u0636\u0648\u0626\u064a\u0629 \u0633\u0627\u062d\u0631\u0629 \u0648\u0632\u064a\u0646\u0629 \u0623\u0646\u064a\u0642\u0629 \u0644\u063a\u0631\u0641\u062a\u0643.\ud83c\udfa8 \u0625\u0636\u0627\u0621\u0629 RGB \u0645\u062a\u0639\u062f\u062f\u0629 \u0627\u0644\u0623\u0644\u0648\u0627\u0646: \u0627\u0633\u062a\u0645\u062a\u0639 \u0628\u0645\u0632\u064a\u062c \u0645\u062f\u0647\u0634 \u0645\u0646 \u0627\u0644\u0623\u0636\u0648\u0627\u0621 \u0644\u062a\u0646\u0627\u0633\u0628 \u062c\u0645\u064a\u0639 \u0627\u0644\u0623\u062c\u0648\u0627\u0621.\ud83d\udca4 \u0625\u0636\u0627\u0621\u0629 \u0647\u0627\u062f\u0626\u0629 \u0645\u062b\u0627\u0644\u064a\u0629 \u0644\u0644\u0646\u0648\u0645: \u062a\u0634\u063a\u064a\u0644 \u0635\u0627\u0645\u062a \u0645\u0639 \u0625\u0645\u0643\u0627\u0646\u064a\u0629 \u0627\u0644\u062a\u062d\u0643\u0645 \u0628\u0627\u0644\u0633\u0637\u0648\u0639\u060c \u0644\u062c\u0648 \u0645\u0631\u064a\u062d \u0644\u0644\u0623\u0637\u0641\u0627\u0644 \u0648\u0627\u0644\u0643\u0628\u0627\u0631 \u0639\u0644\u0649 \u062d\u062f \u0633\u0648\u0627\u0621.\ud83c\udf81 \u0647\u062f\u064a\u0629 \u0645\u062b\u0627\u0644\u064a\u0629: \u062e\u064a\u0627\u0631 \u0631\u0627\u0626\u0639 \u0643\u062f\u064a\u0643\u0648\u0631 \u0644\u063a\u0631\u0641\u0629 \u0627\u0644\u0646\u0648\u0645 \u0623\u0648 \u0643\u0647\u062f\u064a\u0651\u0629 \u0645\u0645\u064a\u0632\u0629 \u0644\u0645\u062d\u0628\u064a \u0627\u0644\u0623\u062c\u0648\u0627\u0621 \u0627\u0644\u062d\u0627\u0644\u0645\u0629.\ud83d\udccf \u0627\u0644\u0645\u0648\u0627\u0635\u0641\u0627\u062a \u0627\u0644\u062a\u0642\u0646\u064a\u0629 :\u0627\u0644\u0623\u0628\u0639\u0627\u062f: \u200e17 \u00d7 15 \u00d7 14 \u0633\u0645\u0627\u0644\u0648\u0632\u0646: 400 \u063a\u0631\u0627\u0645<\/p>","protected":false},"featured_media":48320,"comment_status":"open","ping_status":"closed","template":"","meta":[],"product_brand":[],"product_cat":[2463],"product_tag":[],"class_list":{"0":"post-48321","1":"product","2":"type-product","3":"status-publish","4":"has-post-thumbnail","6":"product_cat-electronique","8":"first","9":"instock","10":"sale","11":"taxable","12":"shipping-taxable","13":"purchasable","14":"product-type-simple"},"jetpack_sharing_enabled":true,"_links":{"self":[{"href":"https:\/\/shoponlinedz.com\/en\/wp-json\/wp\/v2\/product\/48321","targetHints":{"allow":["GET"]}}],"collection":[{"href":"https:\/\/shoponlinedz.com\/en\/wp-json\/wp\/v2\/product"}],"about":[{"href":"https:\/\/shoponlinedz.com\/en\/wp-json\/wp\/v2\/types\/product"}],"replies":[{"embeddable":true,"href":"https:\/\/shoponlinedz.com\/en\/wp-json\/wp\/v2\/comments?post=48321"}],"version-history":[{"count":0,"href":"https:\/\/shoponlinedz.com\/en\/wp-json\/wp\/v2\/product\/48321\/revisions"}],"wp:featuredmedia":[{"embeddable":true,"href":"https:\/\/shoponlinedz.com\/en\/wp-json\/wp\/v2\/media\/48320"}],"wp:attachment":[{"href":"https:\/\/shoponlinedz.com\/en\/wp-json\/wp\/v2\/media?parent=48321"}],"wp:term":[{"taxonomy":"product_brand","embeddable":true,"href":"https:\/\/shoponlinedz.com\/en\/wp-json\/wp\/v2\/product_brand?post=48321"},{"taxonomy":"product_cat","embeddable":true,"href":"https:\/\/shoponlinedz.com\/en\/wp-json\/wp\/v2\/product_cat?post=48321"},{"taxonomy":"product_tag","embeddable":true,"href":"https:\/\/shoponlinedz.com\/en\/wp-json\/wp\/v2\/product_tag?post=48321"}],"curies":[{"name":"wp","href":"https:\/\/api.w.org\/{rel}","templated":true}]}}