{"id":48241,"date":"2026-01-05T16:14:51","date_gmt":"2026-01-05T16:14:51","guid":{"rendered":"https:\/\/shoponlinedz.com\/product\/baby-boom-mouche-bebe-par-aspiration-nouveau-ne-enfant\/"},"modified":"2026-01-28T12:15:44","modified_gmt":"2026-01-28T12:15:44","slug":"baby-boom-mouche-bebe-par-aspiration-nouveau-ne-enfant","status":"publish","type":"product","link":"https:\/\/shoponlinedz.com\/en\/product\/baby-boom-mouche-bebe-par-aspiration-nouveau-ne-enfant\/","title":{"rendered":"Baby Boom Mouche B\u00e9b\u00e9 Par Aspiration-Nouveau-N\u00e9 \/ Enfant"},"content":{"rendered":"<figure class=\"attachment attachment--preview\" data-trix-attachment=\"{&quot;contentType&quot;:&quot;image&quot;,&quot;height&quot;:1024,&quot;url&quot;:&quot;https:\/\/sawaqli.fra1.cdn.digitaloceanspaces.com\/23138\/baby-boom.jpg&quot;,&quot;width&quot;:1024}\" data-trix-content-type=\"image\"><img decoding=\"async\" class=\"aligncenter\" src=\"https:\/\/sawaqli.fra1.cdn.digitaloceanspaces.com\/23138\/baby-boom.jpg\" width=\"1024\" height=\"1024\" \/><figcaption class=\"attachment__caption\"><\/figcaption><\/figure>\n<figure class=\"attachment attachment--preview\" data-trix-attachment=\"{&quot;contentType&quot;:&quot;image&quot;,&quot;height&quot;:1024,&quot;url&quot;:&quot;https:\/\/sawaqli.fra1.cdn.digitaloceanspaces.com\/23347\/photo_2_2024-07-11_10-54-28.jpg&quot;,&quot;width&quot;:1024}\" data-trix-content-type=\"image\"><img decoding=\"async\" class=\"aligncenter\" src=\"https:\/\/sawaqli.fra1.cdn.digitaloceanspaces.com\/23347\/photo_2_2024-07-11_10-54-28.jpg\" width=\"1024\" height=\"1024\" \/><figcaption class=\"attachment__caption\"><\/figcaption><\/figure>\n<figure class=\"attachment attachment--preview\" data-trix-attachment=\"{&quot;contentType&quot;:&quot;image&quot;,&quot;height&quot;:1024,&quot;url&quot;:&quot;https:\/\/sawaqli.fra1.cdn.digitaloceanspaces.com\/23348\/photo_1_2024-07-11_10-54-28.jpg&quot;,&quot;width&quot;:1024}\" data-trix-content-type=\"image\"><img decoding=\"async\" class=\"aligncenter\" src=\"https:\/\/sawaqli.fra1.cdn.digitaloceanspaces.com\/23348\/photo_1_2024-07-11_10-54-28.jpg\" width=\"1024\" height=\"1024\" \/><figcaption class=\"attachment__caption\"><\/figcaption><\/figure>\n<p style=\"text-align: center;\">","protected":false},"excerpt":{"rendered":"<p>BabyBoom \u0645\u064e\u062c\u0652\u0631\u064e\u0641 \u0623\u0646\u0641 \u0644\u0644\u0623\u0637\u0641\u0627\u0644\u064a\u0633\u0627\u0639\u062f \u0639\u0644\u0649 \u0625\u0632\u0627\u0644\u0629 \u0627\u0644\u0625\u0641\u0631\u0627\u0632\u0627\u062a \u0627\u0644\u0623\u0646\u0641\u064a\u0629 \u0627\u0644\u0645\u0632\u0639\u062c\u0629 \u0628\u0633\u0647\u0648\u0644\u0629.\u062a\u0635\u0645\u064a\u0645 \u0645\u0631\u064a\u062d \u064a\u0633\u0647\u0651\u0644 \u0627\u0644\u0625\u0645\u0633\u0627\u0643 \u0648\u0627\u0644\u0627\u0633\u062a\u062e\u062f\u0627\u0645.<\/p>","protected":false},"featured_media":48240,"comment_status":"open","ping_status":"closed","template":"","meta":[],"product_brand":[],"product_cat":[2467],"product_tag":[],"class_list":{"0":"post-48241","1":"product","2":"type-product","3":"status-publish","4":"has-post-thumbnail","6":"product_cat-maternite","8":"first","9":"instock","10":"sale","11":"taxable","12":"shipping-taxable","13":"purchasable","14":"product-type-simple"},"jetpack_sharing_enabled":true,"_links":{"self":[{"href":"https:\/\/shoponlinedz.com\/en\/wp-json\/wp\/v2\/product\/48241","targetHints":{"allow":["GET"]}}],"collection":[{"href":"https:\/\/shoponlinedz.com\/en\/wp-json\/wp\/v2\/product"}],"about":[{"href":"https:\/\/shoponlinedz.com\/en\/wp-json\/wp\/v2\/types\/product"}],"replies":[{"embeddable":true,"href":"https:\/\/shoponlinedz.com\/en\/wp-json\/wp\/v2\/comments?post=48241"}],"version-history":[{"count":0,"href":"https:\/\/shoponlinedz.com\/en\/wp-json\/wp\/v2\/product\/48241\/revisions"}],"wp:featuredmedia":[{"embeddable":true,"href":"https:\/\/shoponlinedz.com\/en\/wp-json\/wp\/v2\/media\/48240"}],"wp:attachment":[{"href":"https:\/\/shoponlinedz.com\/en\/wp-json\/wp\/v2\/media?parent=48241"}],"wp:term":[{"taxonomy":"product_brand","embeddable":true,"href":"https:\/\/shoponlinedz.com\/en\/wp-json\/wp\/v2\/product_brand?post=48241"},{"taxonomy":"product_cat","embeddable":true,"href":"https:\/\/shoponlinedz.com\/en\/wp-json\/wp\/v2\/product_cat?post=48241"},{"taxonomy":"product_tag","embeddable":true,"href":"https:\/\/shoponlinedz.com\/en\/wp-json\/wp\/v2\/product_tag?post=48241"}],"curies":[{"name":"wp","href":"https:\/\/api.w.org\/{rel}","templated":true}]}}