{"id":48198,"date":"2026-01-05T16:13:31","date_gmt":"2026-01-05T16:13:31","guid":{"rendered":"https:\/\/shoponlinedz.com\/product\/double-penderie-a-vetements-portable-a-roulettes-en-acier-inoxydable-%d8%b9%d9%84%d8%a7%d9%82%d8%a9-%d9%85%d9%84%d8%a7%d8%a8%d8%b3-%d9%85%d8%aa%d9%86%d9%82%d9%84%d8%a9\/"},"modified":"2026-01-28T12:15:46","modified_gmt":"2026-01-28T12:15:46","slug":"double-penderie-a-vetements-portable-a-roulettes-en-acier-inoxydable-%d8%b9%d9%84%d8%a7%d9%82%d8%a9-%d9%85%d9%84%d8%a7%d8%a8%d8%b3-%d9%85%d8%aa%d9%86%d9%82%d9%84%d8%a9","status":"publish","type":"product","link":"https:\/\/shoponlinedz.com\/en\/product\/double-penderie-a-vetements-portable-a-roulettes-en-acier-inoxydable-%d8%b9%d9%84%d8%a7%d9%82%d8%a9-%d9%85%d9%84%d8%a7%d8%a8%d8%b3-%d9%85%d8%aa%d9%86%d9%82%d9%84%d8%a9\/","title":{"rendered":"Double Penderie \u00e0 v\u00eatements portable \u00e0 roulettes en Acier Inoxydable \u2013 \u0639\u0644\u0627\u0642\u0629 \u0645\u0644\u0627\u0628\u0633 \u0645\u062a\u0646\u0642\u0644\u0629"},"content":{"rendered":"<figure class=\"attachment attachment--preview\" data-trix-attachment=\"{&quot;contentType&quot;:&quot;image&quot;,&quot;height&quot;:1024,&quot;url&quot;:&quot;https:\/\/sawaqli.fra1.cdn.digitaloceanspaces.com\/58218\/Double-Pole-cnc.jpg&quot;,&quot;width&quot;:1024}\" data-trix-content-type=\"image\"><img decoding=\"async\" class=\"aligncenter\" src=\"https:\/\/sawaqli.fra1.cdn.digitaloceanspaces.com\/58218\/Double-Pole-cnc.jpg\" width=\"1024\" height=\"1024\" \/><figcaption class=\"attachment__caption\"><\/figcaption><\/figure>\n<figure class=\"attachment attachment--preview\" data-trix-attachment=\"{&quot;contentType&quot;:&quot;image&quot;,&quot;height&quot;:1024,&quot;url&quot;:&quot;https:\/\/sawaqli.fra1.cdn.digitaloceanspaces.com\/58219\/Double-Pole-1.jpg&quot;,&quot;width&quot;:1024}\" data-trix-content-type=\"image\"><img decoding=\"async\" class=\"aligncenter\" src=\"https:\/\/sawaqli.fra1.cdn.digitaloceanspaces.com\/58219\/Double-Pole-1.jpg\" width=\"1024\" height=\"1024\" \/><figcaption class=\"attachment__caption\"><\/figcaption><\/figure>\n<figure class=\"attachment attachment--preview\" data-trix-attachment=\"{&quot;contentType&quot;:&quot;image&quot;,&quot;height&quot;:1024,&quot;url&quot;:&quot;https:\/\/sawaqli.fra1.cdn.digitaloceanspaces.com\/58220\/Double-Pole-2.jpg&quot;,&quot;width&quot;:1024}\" data-trix-content-type=\"image\"><img decoding=\"async\" class=\"aligncenter\" src=\"https:\/\/sawaqli.fra1.cdn.digitaloceanspaces.com\/58220\/Double-Pole-2.jpg\" width=\"1024\" height=\"1024\" \/><figcaption class=\"attachment__caption\"><\/figcaption><\/figure>\n<figure class=\"attachment attachment--preview\" data-trix-attachment=\"{&quot;contentType&quot;:&quot;image&quot;,&quot;height&quot;:1024,&quot;url&quot;:&quot;https:\/\/sawaqli.fra1.cdn.digitaloceanspaces.com\/58221\/Double-Pole-3.jpg&quot;,&quot;width&quot;:1024}\" data-trix-content-type=\"image\"><img decoding=\"async\" class=\"aligncenter\" src=\"https:\/\/sawaqli.fra1.cdn.digitaloceanspaces.com\/58221\/Double-Pole-3.jpg\" width=\"1024\" height=\"1024\" \/><figcaption class=\"attachment__caption\"><\/figcaption><\/figure>\n<figure class=\"attachment attachment--preview\" data-trix-attachment=\"{&quot;contentType&quot;:&quot;image&quot;,&quot;height&quot;:1024,&quot;url&quot;:&quot;https:\/\/sawaqli.fra1.cdn.digitaloceanspaces.com\/58222\/Double-Pole-6.jpg&quot;,&quot;width&quot;:1024}\" data-trix-content-type=\"image\"><img decoding=\"async\" class=\"aligncenter\" src=\"https:\/\/sawaqli.fra1.cdn.digitaloceanspaces.com\/58222\/Double-Pole-6.jpg\" width=\"1024\" height=\"1024\" \/><figcaption class=\"attachment__caption\"><\/figcaption><\/figure>\n<p style=\"text-align: center;\">","protected":false},"excerpt":{"rendered":"<p>\ud83d\udc54\ud83d\udc57 \u0639\u0644\u0627\u0642 \u0645\u0644\u0627\u0628\u0633 \u0639\u0635\u0631\u064a \u0645\u062a\u0639\u062f\u062f \u0627\u0644\u0627\u0633\u062a\u062e\u062f\u0627\u0645\u0627\u062a\u062d\u0627\u0641\u0638 \u0639\u0644\u0649 \u0645\u0644\u0627\u0628\u0633\u0643 \u0645\u0646\u0638\u0645\u0629 \u062f\u0627\u0626\u0645\u064b\u0627 \u0645\u0639 \u0647\u0630\u0627 \u0627\u0644\u0631\u0641 \u0627\u0644\u0639\u0645\u0644\u064a \u0627\u0644\u0630\u064a \u064a\u062c\u0645\u0639 \u0628\u064a\u0646 \u0627\u0644\u0633\u0639\u0629 \u0627\u0644\u0643\u0628\u064a\u0631\u0629 \u0648\u0627\u0644\u062a\u0635\u0645\u064a\u0645 \u0627\u0644\u0639\u0635\u0631\u064a \u0627\u0644\u0642\u0648\u064a. \u0645\u062b\u0627\u0644\u064a \u0644\u063a\u0631\u0641\u0629 \u0627\u0644\u0646\u0648\u0645\u060c \u0645\u062f\u062e\u0644 \u0627\u0644\u0645\u0646\u0632\u0644 \u0623\u0648 \u062d\u062a\u0649 \u0645\u0643\u0627\u0646 \u0627\u0644\u0639\u0645\u0644.\u2705 \u0627\u0644\u0645\u0645\u064a\u0632\u0627\u062a\ud83e\udde5 \u0633\u0639\u0629 \u0643\u0628\u064a\u0631\u0629: \u064a\u062d\u062a\u0648\u064a \u0639\u0644\u0649 \u0642\u0636\u064a\u0628\u064a\u0646 \u0644\u062a\u0639\u0644\u064a\u0642 \u0627\u0644\u0645\u0644\u0627\u0628\u0633 \u0627\u0644\u064a\u0648\u0645\u064a\u0629 \u0623\u0648 \u0627\u0644\u0645\u0648\u0633\u0645\u064a\u0629 + \u0631\u0641\u0651\u064a\u0646 \u0633\u0641\u0644\u064a\u064a\u0646 \u0644\u062a\u062e\u0632\u064a\u0646 \u0627\u0644\u0623\u062d\u0630\u064a\u0629 \u0648\u0627\u0644\u0639\u0644\u0628.\ud83d\udccf \u0642\u0627\u0628\u0644 \u0644\u0644\u062a\u0645\u062f\u064a\u062f: \u0627\u0644\u0642\u0636\u064a\u0628 \u0627\u0644\u0639\u0644\u0648\u064a \u064a\u0645\u062a\u062f \u0645\u0646 90 \u0633\u0645 \u0625\u0644\u0649 150 \u0633\u0645 \u0644\u064a\u0645\u0646\u062d\u0643 \u0645\u0633\u0627\u062d\u0629 \u0623\u0643\u0628\u0631 \u0644\u062a\u0639\u0644\u064a\u0642 \u0627\u0644\u0645\u0644\u0627\u0628\u0633.\ud83d\udda4 \u062a\u0635\u0645\u064a\u0645 \u0639\u0635\u0631\u064a \u0635\u0646\u0627\u0639\u064a: \u0645\u0638\u0647\u0631 \u0623\u0646\u064a\u0642 \u0648\u0628\u0633\u064a\u0637 \u064a\u0646\u062f\u0645\u062c \u0628\u0633\u0647\u0648\u0644\u0629 \u0645\u0639 \u0623\u064a \u062f\u064a\u0643\u0648\u0631 \u062f\u0627\u062e\u0644\u064a.\ud83d\udd04 \u0645\u0632\u0648\u062f \u0628\u0639\u062c\u0644\u0627\u062a \u0645\u062a\u062d\u0631\u0643\u0629: 4 \u0639\u062c\u0644\u0627\u062a \u0639\u0645\u0644\u064a\u0629 \u0644\u0633\u0647\u0648\u0644\u0629 \u0627\u0644\u0646\u0642\u0644\u060c \u0645\u0639 \u0625\u0645\u0643\u0627\u0646\u064a\u0629 \u0627\u0644\u0642\u0641\u0644 \u0644\u062a\u062b\u0628\u064a\u062a \u0627\u0644\u0631\u0641 \u0641\u064a \u0645\u0643\u0627\u0646\u0647.\ud83d\udee0 \u0633\u0647\u0644 \u0627\u0644\u062a\u0631\u0643\u064a\u0628: \u064a\u0623\u062a\u064a \u0645\u0639 \u062c\u0645\u064a\u0639 \u0627\u0644\u0623\u062f\u0648\u0627\u062a \u0648\u0627\u0644\u0625\u0643\u0633\u0633\u0648\u0627\u0631\u0627\u062a \u0627\u0644\u0644\u0627\u0632\u0645\u0629 \u0644\u0644\u062a\u062c\u0645\u064a\u0639 \u0641\u064a \u062f\u0642\u0627\u0626\u0642.\u2728 \u062d\u0644 \u0645\u062b\u0627\u0644\u064a \u0644\u062a\u0646\u0638\u064a\u0645 \u0645\u0644\u0627\u0628\u0633\u0643 \u0648\u0623\u062d\u0630\u064a\u062a\u0643 \u0645\u0639 \u0644\u0645\u0633\u0629 \u0623\u0646\u064a\u0642\u0629 \u0648\u0639\u0645\u0644\u064a\u0629 \u0641\u064a \u0645\u0646\u0632\u0644\u0643.<\/p>","protected":false},"featured_media":48197,"comment_status":"open","ping_status":"closed","template":"","meta":[],"product_brand":[],"product_cat":[2455],"product_tag":[],"class_list":{"0":"post-48198","1":"product","2":"type-product","3":"status-publish","4":"has-post-thumbnail","6":"product_cat-maison","8":"first","9":"instock","10":"sale","11":"taxable","12":"shipping-taxable","13":"purchasable","14":"product-type-simple"},"jetpack_sharing_enabled":true,"_links":{"self":[{"href":"https:\/\/shoponlinedz.com\/en\/wp-json\/wp\/v2\/product\/48198","targetHints":{"allow":["GET"]}}],"collection":[{"href":"https:\/\/shoponlinedz.com\/en\/wp-json\/wp\/v2\/product"}],"about":[{"href":"https:\/\/shoponlinedz.com\/en\/wp-json\/wp\/v2\/types\/product"}],"replies":[{"embeddable":true,"href":"https:\/\/shoponlinedz.com\/en\/wp-json\/wp\/v2\/comments?post=48198"}],"version-history":[{"count":0,"href":"https:\/\/shoponlinedz.com\/en\/wp-json\/wp\/v2\/product\/48198\/revisions"}],"wp:featuredmedia":[{"embeddable":true,"href":"https:\/\/shoponlinedz.com\/en\/wp-json\/wp\/v2\/media\/48197"}],"wp:attachment":[{"href":"https:\/\/shoponlinedz.com\/en\/wp-json\/wp\/v2\/media?parent=48198"}],"wp:term":[{"taxonomy":"product_brand","embeddable":true,"href":"https:\/\/shoponlinedz.com\/en\/wp-json\/wp\/v2\/product_brand?post=48198"},{"taxonomy":"product_cat","embeddable":true,"href":"https:\/\/shoponlinedz.com\/en\/wp-json\/wp\/v2\/product_cat?post=48198"},{"taxonomy":"product_tag","embeddable":true,"href":"https:\/\/shoponlinedz.com\/en\/wp-json\/wp\/v2\/product_tag?post=48198"}],"curies":[{"name":"wp","href":"https:\/\/api.w.org\/{rel}","templated":true}]}}