{"id":48181,"date":"2026-01-05T16:12:56","date_gmt":"2026-01-05T16:12:56","guid":{"rendered":"https:\/\/shoponlinedz.com\/product\/pistolet-de-massage-poignee-allongee-avec-4-tetes-3-modes-et-6-niveaux-%d8%ac%d9%87%d8%a7%d8%b2-%d8%aa%d8%af%d9%84%d9%8a%d9%83-%d8%a7%d9%84%d8%ac%d8%b3%d9%85\/"},"modified":"2026-01-28T12:15:47","modified_gmt":"2026-01-28T12:15:47","slug":"pistolet-de-massage-poignee-allongee-avec-4-tetes-3-modes-et-6-niveaux-%d8%ac%d9%87%d8%a7%d8%b2-%d8%aa%d8%af%d9%84%d9%8a%d9%83-%d8%a7%d9%84%d8%ac%d8%b3%d9%85","status":"publish","type":"product","link":"https:\/\/shoponlinedz.com\/en\/product\/pistolet-de-massage-poignee-allongee-avec-4-tetes-3-modes-et-6-niveaux-%d8%ac%d9%87%d8%a7%d8%b2-%d8%aa%d8%af%d9%84%d9%8a%d9%83-%d8%a7%d9%84%d8%ac%d8%b3%d9%85\/","title":{"rendered":"Pistolet de massage poign\u00e9e allong\u00e9e avec 4 t\u00eates, 3 modes et 6 niveaux \u2013 \u062c\u0647\u0627\u0632 \u062a\u062f\u0644\u064a\u0643 \u0627\u0644\u062c\u0633\u0645"},"content":{"rendered":"<figure class=\"attachment attachment--preview\" data-trix-attachment=\"{&quot;contentType&quot;:&quot;image&quot;,&quot;height&quot;:1024,&quot;url&quot;:&quot;https:\/\/sawaqli.fra1.cdn.digitaloceanspaces.com\/57468\/massage-head-cnc.jpg&quot;,&quot;width&quot;:1024}\" data-trix-content-type=\"image\"><img decoding=\"async\" class=\"aligncenter\" src=\"https:\/\/sawaqli.fra1.cdn.digitaloceanspaces.com\/57468\/massage-head-cnc.jpg\" width=\"1024\" height=\"1024\" \/><figcaption class=\"attachment__caption\"><\/figcaption><\/figure>\n<figure class=\"attachment attachment--preview\" data-trix-attachment=\"{&quot;contentType&quot;:&quot;image&quot;,&quot;height&quot;:1024,&quot;url&quot;:&quot;https:\/\/sawaqli.fra1.cdn.digitaloceanspaces.com\/57469\/massage-head-1.jpg&quot;,&quot;width&quot;:1024}\" data-trix-content-type=\"image\"><img decoding=\"async\" class=\"aligncenter\" src=\"https:\/\/sawaqli.fra1.cdn.digitaloceanspaces.com\/57469\/massage-head-1.jpg\" width=\"1024\" height=\"1024\" \/><figcaption class=\"attachment__caption\"><\/figcaption><\/figure>\n<figure class=\"attachment attachment--preview\" data-trix-attachment=\"{&quot;contentType&quot;:&quot;image&quot;,&quot;height&quot;:1024,&quot;url&quot;:&quot;https:\/\/sawaqli.fra1.cdn.digitaloceanspaces.com\/57470\/massage-head-2.jpg&quot;,&quot;width&quot;:1024}\" data-trix-content-type=\"image\"><img decoding=\"async\" class=\"aligncenter\" src=\"https:\/\/sawaqli.fra1.cdn.digitaloceanspaces.com\/57470\/massage-head-2.jpg\" width=\"1024\" height=\"1024\" \/><figcaption class=\"attachment__caption\"><\/figcaption><\/figure>\n<figure class=\"attachment attachment--preview\" data-trix-attachment=\"{&quot;contentType&quot;:&quot;image&quot;,&quot;height&quot;:1024,&quot;url&quot;:&quot;https:\/\/sawaqli.fra1.cdn.digitaloceanspaces.com\/57471\/massage-head-3.jpg&quot;,&quot;width&quot;:1024}\" data-trix-content-type=\"image\"><img decoding=\"async\" class=\"aligncenter\" src=\"https:\/\/sawaqli.fra1.cdn.digitaloceanspaces.com\/57471\/massage-head-3.jpg\" width=\"1024\" height=\"1024\" \/><figcaption class=\"attachment__caption\"><\/figcaption><\/figure>\n<figure class=\"attachment attachment--preview\" data-trix-attachment=\"{&quot;contentType&quot;:&quot;image&quot;,&quot;height&quot;:1024,&quot;url&quot;:&quot;https:\/\/sawaqli.fra1.cdn.digitaloceanspaces.com\/57472\/massage-head-4.jpg&quot;,&quot;width&quot;:1024}\" data-trix-content-type=\"image\"><img decoding=\"async\" class=\"aligncenter\" src=\"https:\/\/sawaqli.fra1.cdn.digitaloceanspaces.com\/57472\/massage-head-4.jpg\" width=\"1024\" height=\"1024\" \/><figcaption class=\"attachment__caption\"><\/figcaption><\/figure>\n<p style=\"text-align: center;\">","protected":false},"excerpt":{"rendered":"<p>\ud83d\udc86\u200d\u2642\ufe0f \u0645\u0633\u062f\u0633 \u062a\u062f\u0644\u064a\u0643 \u0639\u0645\u064a\u0642 \u0644\u0644\u0639\u0636\u0644\u0627\u062a \u2013 \u062a\u0635\u0645\u064a\u0645 \u0630\u0643\u064a \u0644\u062a\u062e\u0641\u064a\u0641 \u0627\u0644\u0623\u0644\u0645 \u0628\u0633\u0631\u0639\u0629 \ud83d\udc86\u200d\u2640\ufe0f\u0648\u062f\u0651\u0639 \u0622\u0644\u0627\u0645 \u0627\u0644\u0639\u0636\u0644\u0627\u062a \u0648\u0627\u0644\u062a\u0639\u0628 \u0645\u0639 \u0647\u0630\u0627 \u0627\u0644\u0645\u0633\u062f\u0633 \u0627\u0644\u0627\u062d\u062a\u0631\u0627\u0641\u064a \u0644\u0644\u062a\u062f\u0644\u064a\u0643 \u0627\u0644\u0645\u0632\u0648\u062f \u0628\u0645\u0642\u0628\u0636 \u0637\u0648\u064a\u0644 \u0648\u0645\u0646\u062d\u0646\u064a \u0628\u0632\u0627\u0648\u064a\u0629 120\u00b0\u060c \u0628\u0627\u0634 \u062a\u0648\u0635\u0644 \u0628\u0633\u0647\u0648\u0644\u0629 \u0644\u0643\u0644 \u0627\u0644\u0645\u0646\u0627\u0637\u0642 \u0627\u0644\u0635\u0639\u064a\u0628\u0629: \u0627\u0644\u0638\u0647\u0631\u060c \u0627\u0644\u0631\u0642\u0628\u0629\u060c \u0627\u0644\u0643\u062a\u0641\u064a\u0646\u060c \u0627\u0644\u0630\u0631\u0627\u0639\u064a\u0646 \u0648\u062d\u062a\u0649 \u0627\u0644\u0633\u0627\u0642\u064a\u0646. \u0645\u062b\u0627\u0644\u064a \u0644\u0644\u0627\u0633\u062a\u0631\u062e\u0627\u0621\u060c \u062a\u0633\u0631\u064a\u0639 \u0627\u0644\u062a\u0639\u0627\u0641\u064a \u0628\u0639\u062f \u0627\u0644\u0631\u064a\u0627\u0636\u0629\u060c \u0648\u062a\u062c\u062f\u064a\u062f \u0646\u0634\u0627\u0637 \u0627\u0644\u062c\u0633\u0645.\u2b50 \u0627\u0644\u0645\u0645\u064a\u0632\u0627\u062a \u0627\u0644\u0631\u0626\u064a\u0633\u064a\u0629 :\ud83e\udd32 \u0645\u0642\u0628\u0636 \u0645\u0631\u064a\u062d \u0648\u0645\u0637\u0648\u0651\u0644 : \u064a\u0633\u0647\u0644 \u0645\u0633\u0643 \u0627\u0644\u062c\u0647\u0627\u0632 \u0648\u0627\u0644\u0648\u0635\u0648\u0644 \u0644\u0623\u0635\u0639\u0628 \u0627\u0644\u0646\u0642\u0627\u0637 \u0641\u064a \u0627\u0644\u062c\u0633\u0645.\ud83d\udcdf \u0634\u0627\u0634\u0629 LCD \u0630\u0643\u064a\u0629 : \u062a\u0639\u0631\u0636 \u0627\u0644\u0648\u0636\u0639\u064a\u0627\u062a\u060c \u0627\u0644\u0633\u0631\u0639\u0629 \u0648\u0646\u0633\u0628\u0629 \u0634\u062d\u0646 \u0627\u0644\u0628\u0637\u0627\u0631\u064a\u0629.\ud83d\udd04 4 \u0631\u0624\u0648\u0633 \u062a\u062f\u0644\u064a\u0643 \u0645\u062e\u062a\u0644\u0641\u0629 : \u0644\u062a\u0644\u0628\u064a\u0629 \u0643\u0644 \u0627\u062d\u062a\u064a\u0627\u062c\u0627\u062a\u0643 (\u0627\u0644\u0638\u0647\u0631\u060c \u0627\u0644\u0645\u0641\u0627\u0635\u0644\u060c \u0627\u0644\u0639\u0636\u0644\u0627\u062a\u2026).\u26a1 3 \u0623\u0648\u0636\u0627\u0639 \u06486 \u0633\u0631\u0639\u0627\u062a :\u0627\u0644\u0648\u0636\u0639 P1 : \u0645\u0646 1000 \u062d\u062a\u0649 3000 \u062f\u0648\u0631\u0629\/\u062f\u0642\u064a\u0642\u0629 (6 \u0645\u0633\u062a\u0648\u064a\u0627\u062a).\u0627\u0644\u0648\u0636\u0639 P2 : 3200 \u062f\u0648\u0631\u0629\/\u062f\u0642\u064a\u0642\u0629 \u062b\u0627\u0628\u062a\u0629.\u0627\u0644\u0648\u0636\u0639 P3 : 3500 \u062f\u0648\u0631\u0629\/\u062f\u0642\u064a\u0642\u0629 \u062b\u0627\u0628\u062a\u0629.\ud83d\udd0b \u0628\u0637\u0627\u0631\u064a\u0629 \u0637\u0648\u064a\u0644\u0629 \u0627\u0644\u0645\u062f\u0649 : \u0634\u062d\u0646 \u0633\u0631\u064a\u0639 \u0641\u064a 90 \u062f\u0642\u064a\u0642\u0629 \u0641\u0642\u0637 \u0639\u0628\u0631 USB-C\u060c \u064a\u0643\u0641\u064a\u0643 \u062d\u062a\u0649 15 \u064a\u0648\u0645 \u0628\u0627\u0633\u062a\u0639\u0645\u0627\u0644 15 \u062f\u0642\u064a\u0642\u0629 \u064a\u0648\u0645\u064a\u0627\u064b.\ud83d\udccf \u0627\u0644\u0623\u0628\u0639\u0627\u062f : \u200e33 \u00d7 22.8 \u00d7 5.08 \u0633\u0645.\u2696\ufe0f \u0627\u0644\u0648\u0632\u0646 : 930 \u063a\u0631\u0627\u0645 \u0641\u0642\u0637 \u2013 \u062e\u0641\u064a\u0641 \u0648\u0633\u0647\u0644 \u0627\u0644\u0627\u0633\u062a\u0639\u0645\u0627\u0644.\u2705 \u0627\u0644\u062d\u0644 \u0627\u0644\u0645\u062b\u0627\u0644\u064a \u0644\u0644\u0631\u064a\u0627\u0636\u064a\u064a\u0646\u060c \u0627\u0644\u0639\u0627\u0645\u0644\u064a\u0646\u060c \u0623\u0648 \u0623\u064a \u0634\u062e\u0635 \u064a\u0628\u062d\u062b \u0639\u0646 \u0627\u0633\u062a\u0631\u062e\u0627\u0621 \u0633\u0631\u064a\u0639 \u0648\u0641\u0639\u0651\u0627\u0644.<\/p>","protected":false},"featured_media":48180,"comment_status":"open","ping_status":"closed","template":"","meta":[],"product_brand":[],"product_cat":[2457],"product_tag":[],"class_list":{"0":"post-48181","1":"product","2":"type-product","3":"status-publish","4":"has-post-thumbnail","6":"product_cat-soins-et-beaute","8":"first","9":"instock","10":"sale","11":"taxable","12":"shipping-taxable","13":"purchasable","14":"product-type-simple"},"jetpack_sharing_enabled":true,"_links":{"self":[{"href":"https:\/\/shoponlinedz.com\/en\/wp-json\/wp\/v2\/product\/48181","targetHints":{"allow":["GET"]}}],"collection":[{"href":"https:\/\/shoponlinedz.com\/en\/wp-json\/wp\/v2\/product"}],"about":[{"href":"https:\/\/shoponlinedz.com\/en\/wp-json\/wp\/v2\/types\/product"}],"replies":[{"embeddable":true,"href":"https:\/\/shoponlinedz.com\/en\/wp-json\/wp\/v2\/comments?post=48181"}],"version-history":[{"count":0,"href":"https:\/\/shoponlinedz.com\/en\/wp-json\/wp\/v2\/product\/48181\/revisions"}],"wp:featuredmedia":[{"embeddable":true,"href":"https:\/\/shoponlinedz.com\/en\/wp-json\/wp\/v2\/media\/48180"}],"wp:attachment":[{"href":"https:\/\/shoponlinedz.com\/en\/wp-json\/wp\/v2\/media?parent=48181"}],"wp:term":[{"taxonomy":"product_brand","embeddable":true,"href":"https:\/\/shoponlinedz.com\/en\/wp-json\/wp\/v2\/product_brand?post=48181"},{"taxonomy":"product_cat","embeddable":true,"href":"https:\/\/shoponlinedz.com\/en\/wp-json\/wp\/v2\/product_cat?post=48181"},{"taxonomy":"product_tag","embeddable":true,"href":"https:\/\/shoponlinedz.com\/en\/wp-json\/wp\/v2\/product_tag?post=48181"}],"curies":[{"name":"wp","href":"https:\/\/api.w.org\/{rel}","templated":true}]}}