{"id":47708,"date":"2026-01-05T15:58:15","date_gmt":"2026-01-05T15:58:15","guid":{"rendered":"https:\/\/shoponlinedz.com\/product\/veilleuse-a-projection-de-lumiere-de-lune-avec-telecommande-%d8%ac%d9%87%d8%a7%d8%b2-%d8%b9%d8%b1%d8%b6-%d8%b6%d9%88%d8%a1-%d8%a7%d9%84%d9%82%d9%85%d8%b1\/"},"modified":"2026-01-28T12:16:14","modified_gmt":"2026-01-28T12:16:14","slug":"veilleuse-a-projection-de-lumiere-de-lune-avec-telecommande-%d8%ac%d9%87%d8%a7%d8%b2-%d8%b9%d8%b1%d8%b6-%d8%b6%d9%88%d8%a1-%d8%a7%d9%84%d9%82%d9%85%d8%b1","status":"publish","type":"product","link":"https:\/\/shoponlinedz.com\/en\/product\/veilleuse-a-projection-de-lumiere-de-lune-avec-telecommande-%d8%ac%d9%87%d8%a7%d8%b2-%d8%b9%d8%b1%d8%b6-%d8%b6%d9%88%d8%a1-%d8%a7%d9%84%d9%82%d9%85%d8%b1\/","title":{"rendered":"Veilleuse \u00e0 Projection de Lumi\u00e8re de Lune avec T\u00e9l\u00e9commande \u2013 \u062c\u0647\u0627\u0632 \u0639\u0631\u0636 \u0636\u0648\u0621 \u0627\u0644\u0642\u0645\u0631"},"content":{"rendered":"<figure class=\"attachment attachment--preview\" data-trix-attachment=\"{&quot;contentType&quot;:&quot;image&quot;,&quot;height&quot;:1024,&quot;url&quot;:&quot;https:\/\/sawaqli.fra1.cdn.digitaloceanspaces.com\/59134\/Moonlit-cnc.jpg&quot;,&quot;width&quot;:1024}\" data-trix-content-type=\"image\"><img decoding=\"async\" class=\"aligncenter\" src=\"https:\/\/sawaqli.fra1.cdn.digitaloceanspaces.com\/59134\/Moonlit-cnc.jpg\" width=\"1024\" height=\"1024\" \/><figcaption class=\"attachment__caption\"><\/figcaption><\/figure>\n<figure class=\"attachment attachment--preview\" data-trix-attachment=\"{&quot;contentType&quot;:&quot;image&quot;,&quot;height&quot;:1024,&quot;url&quot;:&quot;https:\/\/sawaqli.fra1.cdn.digitaloceanspaces.com\/59135\/Moonlit-6.jpg&quot;,&quot;width&quot;:1024}\" data-trix-content-type=\"image\"><img decoding=\"async\" class=\"aligncenter\" src=\"https:\/\/sawaqli.fra1.cdn.digitaloceanspaces.com\/59135\/Moonlit-6.jpg\" width=\"1024\" height=\"1024\" \/><figcaption class=\"attachment__caption\"><\/figcaption><\/figure>\n<figure class=\"attachment attachment--preview\" data-trix-attachment=\"{&quot;contentType&quot;:&quot;image&quot;,&quot;height&quot;:1024,&quot;url&quot;:&quot;https:\/\/sawaqli.fra1.cdn.digitaloceanspaces.com\/59136\/Moonlit-4.jpg&quot;,&quot;width&quot;:1024}\" data-trix-content-type=\"image\"><img decoding=\"async\" class=\"aligncenter\" src=\"https:\/\/sawaqli.fra1.cdn.digitaloceanspaces.com\/59136\/Moonlit-4.jpg\" width=\"1024\" height=\"1024\" \/><figcaption class=\"attachment__caption\"><\/figcaption><\/figure>\n<figure class=\"attachment attachment--preview\" data-trix-attachment=\"{&quot;contentType&quot;:&quot;image&quot;,&quot;height&quot;:1024,&quot;url&quot;:&quot;https:\/\/sawaqli.fra1.cdn.digitaloceanspaces.com\/59137\/Moonlit-5.jpg&quot;,&quot;width&quot;:1024}\" data-trix-content-type=\"image\"><img decoding=\"async\" class=\"aligncenter\" src=\"https:\/\/sawaqli.fra1.cdn.digitaloceanspaces.com\/59137\/Moonlit-5.jpg\" width=\"1024\" height=\"1024\" \/><figcaption class=\"attachment__caption\"><\/figcaption><\/figure>\n<figure class=\"attachment attachment--preview\" data-trix-attachment=\"{&quot;contentType&quot;:&quot;image&quot;,&quot;height&quot;:1024,&quot;url&quot;:&quot;https:\/\/sawaqli.fra1.cdn.digitaloceanspaces.com\/59138\/Moonlit-3.jpg&quot;,&quot;width&quot;:1024}\" data-trix-content-type=\"image\"><img decoding=\"async\" class=\"aligncenter\" src=\"https:\/\/sawaqli.fra1.cdn.digitaloceanspaces.com\/59138\/Moonlit-3.jpg\" width=\"1024\" height=\"1024\" \/><figcaption class=\"attachment__caption\"><\/figcaption><\/figure>\n<p style=\"text-align: center;\">","protected":false},"excerpt":{"rendered":"<p>\ud83c\udf19\ud83c\udfe0 \u0641\u064a\u064a\u0651\u0648\u0632 \u0641\u0627\u0646\u062a\u0627\u0632\u064a \u0639\u0644\u0649 \u0634\u0643\u0644 \u0645\u0646\u0627\u0631\u0629 \u2013 \u062f\u064a\u0643\u0648\u0631 + \u0631\u0627\u062d\u0629 + \u0623\u062c\u0648\u0627\u0621 \u0633\u0627\u062d\u0631\u0629 \ud83c\udfe0\ud83c\udf19\u2b50 \u0627\u0644\u0645\u0645\u064a\u0632\u0627\u062a :\u0623\u062c\u0648\u0627\u0621 \u0633\u0627\u062d\u0631\u0629 \u0648\u0645\u0631\u064a\u062d\u0629 \u2728\u062a\u062d\u0648\u0651\u0644 \u063a\u0631\u0641\u062a\u0643 \u0648\u0644\u0627 \u0627\u0644\u0635\u0627\u0644\u0648\u0646 \u062f\u064a\u0627\u0644\u0643 \u0644\u0645\u0644\u062c\u0623 \u0647\u0627\u062f\u0626 \u062a\u062d\u062a \u0636\u0648\u0621 \u0627\u0644\u0642\u0645\u0631.\u0645\u062b\u0627\u0644\u064a\u0629 \u0644\u0644\u0627\u0633\u062a\u0631\u062e\u0627\u0621 \u0642\u0628\u0644 \u0627\u0644\u0646\u0648\u0645 \u0648\u0644\u0627 \u0643\u062f\u064a\u0643\u0648\u0631 \u0623\u0646\u064a\u0642 \u0641\u0648\u0642 \u0627\u0644\u0637\u0627\u0628\u0644\u0629.\u0623\u062f\u0627\u0621 \u0639\u0627\u0644\u064a \ud83d\udd0b\u0643\u064a\u062a\u0645\u0644\u064a \u0627\u0644\u0634\u062d\u0646 \u0641\u064a 3-4 \u0633\u0627\u0639\u0627\u062a \u064a\u0639\u0637\u064a\u0643 \u0633\u0627\u0639\u0627\u062a \u0637\u0648\u064a\u0644\u0629 \u0645\u0646 \u0627\u0644\u0625\u0636\u0627\u0621\u0629 \u0627\u0644\u0645\u062a\u0648\u0627\u0635\u0644\u0629.\u0645\u0639 \u0631\u064a\u0645\u0648\u062a \u0643\u0648\u0646\u062a\u0631\u0648\u0644 (3-5 \u0645\u062a\u0631) \u0628\u0627\u0634 \u062a\u062a\u062d\u0643\u0645 \u0641\u0627\u0644\u0636\u0648\u0621 \u0628\u0633\u0647\u0648\u0644\u0629.\u062a\u0635\u0645\u064a\u0645 \u0641\u0631\u064a\u062f \u0648\u0623\u0646\u064a\u0642 \ud83c\udfd6\ufe0f\u0639\u0644\u0649 \u0634\u0643\u0644 \u0645\u0646\u0627\u0631\u0629 \u0635\u063a\u064a\u0631\u0629\u060c \u064a\u0636\u0648\u064a \u0639\u0644\u0649 \u0634\u0643\u0644 \u0642\u0645\u0631 \u0648\u0627\u0642\u0639\u064a.\u064a\u062e\u0644\u0642 \u062c\u0648 \u0631\u0648\u0645\u0627\u0646\u0633\u064a \u0648\u0623\u062d\u0644\u0627\u0645\u064a \u0641\u0627\u0644\u062f\u0627\u0631.\u0642\u0648\u0629 5W = \u0636\u0648\u0621 \u0627\u0642\u062a\u0635\u0627\u062f\u064a \u0648\u0645\u062b\u0627\u0644\u064a.\u062c\u0648\u062f\u0629 \u0639\u0627\u0644\u064a\u0629 \ud83d\udee0\ufe0f\u0645\u0635\u0646\u0648\u0639 \u0645\u0646 \u0628\u0648\u0644\u064a \u0628\u0631\u0648\u0628\u064a\u0644\u064a\u0646 \u0642\u0648\u064a \u0648\u0645\u062a\u064a\u0646.\u0627\u0644\u062d\u062c\u0645: \u200e72 \u00d7 242 \u0645\u0645 \u2013 \u062f\u064a\u0643\u0648\u0631 \u0623\u0646\u064a\u0642 \u0648\u0635\u063a\u064a\u0631 \u0645\u0627 \u064a\u0627\u062e\u0630\u0634 \u0628\u0644\u0627\u0635\u0629.\u0628\u0627\u0643 \u0643\u0627\u0645\u0644 \ud83c\udf81\u0641\u064a\u064a\u0651\u0648\u0632 \u0639\u0644\u0649 \u0634\u0643\u0644 \u0645\u0646\u0627\u0631\u0629.\u0631\u064a\u0645\u0648\u062a \u0643\u0648\u0646\u062a\u0631\u0648\u0644.\u0643\u0627\u0628\u0644 \u0634\u062d\u0646.\u0643\u062a\u0627\u0628 \u062a\u0639\u0644\u064a\u0645\u0627\u062a.\u0643\u0627\u0645\u0644 \u0641\u064a \u0639\u0644\u0628\u0629 \u0623\u0646\u064a\u0642\u0629 = \u0647\u062f\u064a\u0629 \u0645\u062b\u0627\u0644\u064a\u0629 \u0644\u0644\u0623\u0637\u0641\u0627\u0644 \u0648\u0644\u0627 \u0627\u0644\u0623\u062d\u0628\u0627\u0628.\u2705 \u0644\u0645\u0633\u0629 \u062f\u064a\u0643\u0648\u0631 \u0623\u0646\u064a\u0642\u0629 + \u0636\u0648\u0621 \u0647\u0627\u062f\u0626 + \u062c\u0648 \u0631\u0648\u0645\u0627\u0646\u0633\u064a = \u0641\u064a\u064a\u0651\u0648\u0632 \u0627\u0644\u0645\u0646\u0627\u0631\u0629 \u0647\u0648 \u0627\u0644\u0627\u062e\u062a\u064a\u0627\u0631 \u0627\u0644\u0635\u062d \u0644\u062f\u0627\u0631\u0643!<\/p>","protected":false},"featured_media":47707,"comment_status":"open","ping_status":"closed","template":"","meta":[],"product_brand":[],"product_cat":[2460],"product_tag":[],"class_list":{"0":"post-47708","1":"product","2":"type-product","3":"status-publish","4":"has-post-thumbnail","6":"product_cat-decoration","8":"first","9":"instock","10":"sale","11":"taxable","12":"shipping-taxable","13":"purchasable","14":"product-type-simple"},"jetpack_sharing_enabled":true,"_links":{"self":[{"href":"https:\/\/shoponlinedz.com\/en\/wp-json\/wp\/v2\/product\/47708","targetHints":{"allow":["GET"]}}],"collection":[{"href":"https:\/\/shoponlinedz.com\/en\/wp-json\/wp\/v2\/product"}],"about":[{"href":"https:\/\/shoponlinedz.com\/en\/wp-json\/wp\/v2\/types\/product"}],"replies":[{"embeddable":true,"href":"https:\/\/shoponlinedz.com\/en\/wp-json\/wp\/v2\/comments?post=47708"}],"version-history":[{"count":0,"href":"https:\/\/shoponlinedz.com\/en\/wp-json\/wp\/v2\/product\/47708\/revisions"}],"wp:featuredmedia":[{"embeddable":true,"href":"https:\/\/shoponlinedz.com\/en\/wp-json\/wp\/v2\/media\/47707"}],"wp:attachment":[{"href":"https:\/\/shoponlinedz.com\/en\/wp-json\/wp\/v2\/media?parent=47708"}],"wp:term":[{"taxonomy":"product_brand","embeddable":true,"href":"https:\/\/shoponlinedz.com\/en\/wp-json\/wp\/v2\/product_brand?post=47708"},{"taxonomy":"product_cat","embeddable":true,"href":"https:\/\/shoponlinedz.com\/en\/wp-json\/wp\/v2\/product_cat?post=47708"},{"taxonomy":"product_tag","embeddable":true,"href":"https:\/\/shoponlinedz.com\/en\/wp-json\/wp\/v2\/product_tag?post=47708"}],"curies":[{"name":"wp","href":"https:\/\/api.w.org\/{rel}","templated":true}]}}