{"id":47617,"date":"2026-01-05T15:55:45","date_gmt":"2026-01-05T15:55:45","guid":{"rendered":"https:\/\/shoponlinedz.com\/product\/ecouteurs-bluetooth-sans-fil-labubu-edition-limitee-avec-etui-et-porte-cles-%d8%b7%d9%82%d9%85-%d8%b3%d9%85%d8%a7%d8%b9%d8%a7%d8%aa-%d9%85%d8%b9-%d8%ad%d8%a7%d9%85%d9%84-%d9%85\/"},"modified":"2026-01-28T12:16:25","modified_gmt":"2026-01-28T12:16:25","slug":"ecouteurs-bluetooth-sans-fil-labubu-edition-limitee-avec-etui-et-porte-cles-%d8%b7%d9%82%d9%85-%d8%b3%d9%85%d8%a7%d8%b9%d8%a7%d8%aa-%d9%85%d8%b9-%d8%ad%d8%a7%d9%85%d9%84-%d9%85","status":"publish","type":"product","link":"https:\/\/shoponlinedz.com\/en\/product\/ecouteurs-bluetooth-sans-fil-labubu-edition-limitee-avec-etui-et-porte-cles-%d8%b7%d9%82%d9%85-%d8%b3%d9%85%d8%a7%d8%b9%d8%a7%d8%aa-%d9%85%d8%b9-%d8%ad%d8%a7%d9%85%d9%84-%d9%85\/","title":{"rendered":"\u00c9couteurs Bluetooth sans fil LABUBU \u2013 \u00c9dition limit\u00e9e avec \u00e9tui et porte-cl\u00e9s \u2013 \u0637\u0642\u0645 \u0633\u0645\u0627\u0639\u0627\u062a \u0645\u0639 \u062d\u0627\u0645\u0644 \u0645\u0641\u0627\u062a\u064a\u062d"},"content":{"rendered":"<figure class=\"attachment attachment--preview\" data-trix-attachment=\"{&quot;contentType&quot;:&quot;image&quot;,&quot;height&quot;:1024,&quot;url&quot;:&quot;https:\/\/sawaqli.fra1.cdn.digitaloceanspaces.com\/50718\/labubukit-CNC.jpg&quot;,&quot;width&quot;:1024}\" data-trix-content-type=\"image\"><img decoding=\"async\" class=\"aligncenter\" src=\"https:\/\/sawaqli.fra1.cdn.digitaloceanspaces.com\/50718\/labubukit-CNC.jpg\" width=\"1024\" height=\"1024\" \/><figcaption class=\"attachment__caption\"><\/figcaption><\/figure>\n<figure class=\"attachment attachment--preview\" data-trix-attachment=\"{&quot;contentType&quot;:&quot;image&quot;,&quot;height&quot;:1024,&quot;url&quot;:&quot;https:\/\/sawaqli.fra1.cdn.digitaloceanspaces.com\/50719\/labubukit-7.jpg&quot;,&quot;width&quot;:1024}\" data-trix-content-type=\"image\"><img decoding=\"async\" class=\"aligncenter\" src=\"https:\/\/sawaqli.fra1.cdn.digitaloceanspaces.com\/50719\/labubukit-7.jpg\" width=\"1024\" height=\"1024\" \/><figcaption class=\"attachment__caption\"><\/figcaption><\/figure>\n<figure class=\"attachment attachment--preview\" data-trix-attachment=\"{&quot;contentType&quot;:&quot;image&quot;,&quot;height&quot;:1024,&quot;url&quot;:&quot;https:\/\/sawaqli.fra1.cdn.digitaloceanspaces.com\/50720\/labubukit-2.jpg&quot;,&quot;width&quot;:1024}\" data-trix-content-type=\"image\"><img decoding=\"async\" class=\"aligncenter\" src=\"https:\/\/sawaqli.fra1.cdn.digitaloceanspaces.com\/50720\/labubukit-2.jpg\" width=\"1024\" height=\"1024\" \/><figcaption class=\"attachment__caption\"><\/figcaption><\/figure>\n<figure class=\"attachment attachment--preview\" data-trix-attachment=\"{&quot;contentType&quot;:&quot;image&quot;,&quot;height&quot;:1024,&quot;url&quot;:&quot;https:\/\/sawaqli.fra1.cdn.digitaloceanspaces.com\/50721\/labubukit-3.jpg&quot;,&quot;width&quot;:1024}\" data-trix-content-type=\"image\"><img decoding=\"async\" class=\"aligncenter\" src=\"https:\/\/sawaqli.fra1.cdn.digitaloceanspaces.com\/50721\/labubukit-3.jpg\" width=\"1024\" height=\"1024\" \/><figcaption class=\"attachment__caption\"><\/figcaption><\/figure>\n<figure class=\"attachment attachment--preview\" data-trix-attachment=\"{&quot;contentType&quot;:&quot;image&quot;,&quot;height&quot;:1024,&quot;url&quot;:&quot;https:\/\/sawaqli.fra1.cdn.digitaloceanspaces.com\/50722\/labubukit-4.jpg&quot;,&quot;width&quot;:1024}\" data-trix-content-type=\"image\"><img decoding=\"async\" class=\"aligncenter\" src=\"https:\/\/sawaqli.fra1.cdn.digitaloceanspaces.com\/50722\/labubukit-4.jpg\" width=\"1024\" height=\"1024\" \/><figcaption class=\"attachment__caption\"><\/figcaption><\/figure>\n<p style=\"text-align: center;\">","protected":false},"excerpt":{"rendered":"<p>4. \u0633\u0645\u0627\u0639\u0627\u062a \u0628\u0644\u0648\u062a\u0648\u062b \u0628\u062a\u0635\u0645\u064a\u0645 LABUBU:\u0627\u0633\u062a\u0645\u062a\u0639 \u0628\u062a\u062c\u0631\u0628\u0629 \u0635\u0648\u062a\u064a\u0629 \u0641\u0631\u064a\u062f\u0629 \u0645\u0639 \u0647\u0630\u0647 \u0627\u0644\u0633\u0645\u0627\u0639\u0627\u062a \u0627\u0644\u0644\u0627\u0633\u0644\u0643\u064a\u0629 \u0627\u0644\u0645\u0633\u062a\u0648\u062d\u0627\u0629 \u0645\u0646 \u0634\u062e\u0635\u064a\u0629 LABUBU \u0627\u0644\u0634\u0647\u064a\u0631\u0629.\u062a\u062c\u0645\u0639 \u0628\u064a\u0646 \u0627\u0644\u062a\u0635\u0645\u064a\u0645 \u0627\u0644\u0643\u064a\u0648\u062a\u060c \u0627\u0644\u0631\u0627\u062d\u0629\u060c \u0648\u0627\u0644\u0623\u062f\u0627\u0621\u060c \u0648\u0647\u064a \u0645\u062b\u0627\u0644\u064a\u0629 \u0644\u0645\u062d\u0628\u064a \u0627\u0644\u062b\u0642\u0627\u0641\u0629 \u0627\u0644\u0622\u0633\u064a\u0648\u064a\u0629.\u0627\u0644\u0645\u062d\u062a\u0648\u0649:\u0632\u0648\u062c \u0645\u0646 \u0633\u0645\u0627\u0639\u0627\u062a \u0627\u0644\u0628\u0644\u0648\u062a\u0648\u062b\u0639\u0644\u0628\u0629 \u0634\u062d\u0646 \u0645\u0632\u062e\u0631\u0641\u0629\u062a\u0645\u062b\u0627\u0644 LABUBU \u0645\u0639 \u0639\u0644\u0627\u0642\u0629 \u0645\u0641\u0627\u062a\u064a\u062d<\/p>","protected":false},"featured_media":47616,"comment_status":"open","ping_status":"closed","template":"","meta":[],"product_brand":[],"product_cat":[2463],"product_tag":[],"class_list":{"0":"post-47617","1":"product","2":"type-product","3":"status-publish","4":"has-post-thumbnail","6":"product_cat-electronique","8":"first","9":"instock","10":"sale","11":"taxable","12":"shipping-taxable","13":"purchasable","14":"product-type-simple"},"jetpack_sharing_enabled":true,"_links":{"self":[{"href":"https:\/\/shoponlinedz.com\/en\/wp-json\/wp\/v2\/product\/47617","targetHints":{"allow":["GET"]}}],"collection":[{"href":"https:\/\/shoponlinedz.com\/en\/wp-json\/wp\/v2\/product"}],"about":[{"href":"https:\/\/shoponlinedz.com\/en\/wp-json\/wp\/v2\/types\/product"}],"replies":[{"embeddable":true,"href":"https:\/\/shoponlinedz.com\/en\/wp-json\/wp\/v2\/comments?post=47617"}],"version-history":[{"count":0,"href":"https:\/\/shoponlinedz.com\/en\/wp-json\/wp\/v2\/product\/47617\/revisions"}],"wp:featuredmedia":[{"embeddable":true,"href":"https:\/\/shoponlinedz.com\/en\/wp-json\/wp\/v2\/media\/47616"}],"wp:attachment":[{"href":"https:\/\/shoponlinedz.com\/en\/wp-json\/wp\/v2\/media?parent=47617"}],"wp:term":[{"taxonomy":"product_brand","embeddable":true,"href":"https:\/\/shoponlinedz.com\/en\/wp-json\/wp\/v2\/product_brand?post=47617"},{"taxonomy":"product_cat","embeddable":true,"href":"https:\/\/shoponlinedz.com\/en\/wp-json\/wp\/v2\/product_cat?post=47617"},{"taxonomy":"product_tag","embeddable":true,"href":"https:\/\/shoponlinedz.com\/en\/wp-json\/wp\/v2\/product_tag?post=47617"}],"curies":[{"name":"wp","href":"https:\/\/api.w.org\/{rel}","templated":true}]}}