{"id":47494,"date":"2026-01-05T15:52:15","date_gmt":"2026-01-05T15:52:15","guid":{"rendered":"https:\/\/shoponlinedz.com\/product\/couvercle-de-poignee-de-casserole-3pcs-en-silicone-resistant-a-la-chaleur-%d8%ba%d8%b7%d8%a7%d8%a1-%d9%85%d9%82%d8%a8%d8%b6-%d8%a7%d9%84%d9%85%d9%82%d9%84%d8%a7%d8%a9-%d9%85%d8%b6%d8%a7\/"},"modified":"2026-01-28T12:16:29","modified_gmt":"2026-01-28T12:16:29","slug":"couvercle-de-poignee-de-casserole-3pcs-en-silicone-resistant-a-la-chaleur-%d8%ba%d8%b7%d8%a7%d8%a1-%d9%85%d9%82%d8%a8%d8%b6-%d8%a7%d9%84%d9%85%d9%82%d9%84%d8%a7%d8%a9-%d9%85%d8%b6%d8%a7","status":"publish","type":"product","link":"https:\/\/shoponlinedz.com\/en\/product\/couvercle-de-poignee-de-casserole-3pcs-en-silicone-resistant-a-la-chaleur-%d8%ba%d8%b7%d8%a7%d8%a1-%d9%85%d9%82%d8%a8%d8%b6-%d8%a7%d9%84%d9%85%d9%82%d9%84%d8%a7%d8%a9-%d9%85%d8%b6%d8%a7\/","title":{"rendered":"Couvercle de poign\u00e9e de casserole 3PCS en silicone r\u00e9sistant \u00e0 la chaleur \u2013 \u063a\u0637\u0627\u0621 \u0645\u0642\u0628\u0636 \u0627\u0644\u0645\u0642\u0644\u0627\u0629 \u0645\u0636\u0627\u062f \u0644\u0644\u062d\u0631\u0627\u0631\u0629"},"content":{"rendered":"<figure class=\"attachment attachment--preview\" data-trix-attachment=\"{&quot;contentType&quot;:&quot;image&quot;,&quot;height&quot;:1024,&quot;url&quot;:&quot;https:\/\/sawaqli.fra1.cdn.digitaloceanspaces.com\/59538\/Iron-Handle-Cover-1.jpg&quot;,&quot;width&quot;:1024}\" data-trix-content-type=\"image\"><img decoding=\"async\" class=\"aligncenter\" src=\"https:\/\/sawaqli.fra1.cdn.digitaloceanspaces.com\/59538\/Iron-Handle-Cover-1.jpg\" width=\"1024\" height=\"1024\" \/><figcaption class=\"attachment__caption\"><\/figcaption><\/figure>\n<figure class=\"attachment attachment--preview\" data-trix-attachment=\"{&quot;contentType&quot;:&quot;image&quot;,&quot;height&quot;:1024,&quot;url&quot;:&quot;https:\/\/sawaqli.fra1.cdn.digitaloceanspaces.com\/59539\/Iron-Handle-Cover-2.jpg&quot;,&quot;width&quot;:1024}\" data-trix-content-type=\"image\"><img decoding=\"async\" class=\"aligncenter\" src=\"https:\/\/sawaqli.fra1.cdn.digitaloceanspaces.com\/59539\/Iron-Handle-Cover-2.jpg\" width=\"1024\" height=\"1024\" \/><figcaption class=\"attachment__caption\"><\/figcaption><\/figure>\n<figure class=\"attachment attachment--preview\" data-trix-attachment=\"{&quot;contentType&quot;:&quot;image&quot;,&quot;height&quot;:1024,&quot;url&quot;:&quot;https:\/\/sawaqli.fra1.cdn.digitaloceanspaces.com\/59540\/Iron-Handle-Cover-3.jpg&quot;,&quot;width&quot;:1024}\" data-trix-content-type=\"image\"><img decoding=\"async\" class=\"aligncenter\" src=\"https:\/\/sawaqli.fra1.cdn.digitaloceanspaces.com\/59540\/Iron-Handle-Cover-3.jpg\" width=\"1024\" height=\"1024\" \/><figcaption class=\"attachment__caption\"><\/figcaption><\/figure>\n<figure class=\"attachment attachment--preview\" data-trix-attachment=\"{&quot;contentType&quot;:&quot;image&quot;,&quot;height&quot;:1024,&quot;url&quot;:&quot;https:\/\/sawaqli.fra1.cdn.digitaloceanspaces.com\/59541\/Iron-Handle-Cover-4.jpg&quot;,&quot;width&quot;:1024}\" data-trix-content-type=\"image\"><img decoding=\"async\" class=\"aligncenter\" src=\"https:\/\/sawaqli.fra1.cdn.digitaloceanspaces.com\/59541\/Iron-Handle-Cover-4.jpg\" width=\"1024\" height=\"1024\" \/><figcaption class=\"attachment__caption\"><\/figcaption><\/figure>\n<figure class=\"attachment attachment--preview\" data-trix-attachment=\"{&quot;contentType&quot;:&quot;image&quot;,&quot;height&quot;:1024,&quot;url&quot;:&quot;https:\/\/sawaqli.fra1.cdn.digitaloceanspaces.com\/59542\/Iron-Handle-Cover-6.jpg&quot;,&quot;width&quot;:1024}\" data-trix-content-type=\"image\"><img decoding=\"async\" class=\"aligncenter\" src=\"https:\/\/sawaqli.fra1.cdn.digitaloceanspaces.com\/59542\/Iron-Handle-Cover-6.jpg\" width=\"1024\" height=\"1024\" \/><figcaption class=\"attachment__caption\"><\/figcaption><\/figure>\n<p style=\"text-align: center;\">","protected":false},"excerpt":{"rendered":"<p>\u0645\u0642\u0627\u0648\u0645\u0629 \u0644\u062f\u0631\u062c\u0627\u062a \u0627\u0644\u062d\u0631\u0627\u0631\u0629 \u0627\u0644\u0639\u0627\u0644\u064a\u0629: \u0645\u0635\u0646\u0648\u0639\u0629 \u0645\u0646 \u0633\u064a\u0644\u064a\u0643\u0648\u0646 \u063a\u0630\u0627\u0626\u064a \u0645\u062a\u064a\u0646\u060c \u062a\u062a\u0645\u064a\u0632 \u0623\u063a\u0637\u064a\u062a\u0646\u0627 \u0628\u0642\u062f\u0631\u0629 \u0645\u0630\u0647\u0644\u0629 \u0639\u0644\u0649 \u0645\u0642\u0627\u0648\u0645\u0629 \u0627\u0644\u062d\u0631\u0627\u0631\u0629 \u062d\u062a\u0649 240 \u062f\u0631\u062c\u0629 \u0645\u0626\u0648\u064a\u0629. \u062a\u0634\u0643\u0651\u0644 \u062d\u0627\u062c\u0632\u064b\u0627 \u0648\u0627\u0642\u064a\u064b\u0627 \u0645\u0648\u062b\u0648\u0642\u064b\u0627 \u064a\u0642\u0627\u0648\u0645 \u062f\u0631\u062c\u0627\u062a \u062d\u0631\u0627\u0631\u0629 \u0627\u0644\u0637\u0647\u064a \u0627\u0644\u0645\u0631\u062a\u0641\u0639\u0629 \u062f\u0648\u0646 \u0625\u0637\u0644\u0627\u0642 \u0645\u0648\u0627\u062f \u0643\u064a\u0645\u064a\u0627\u0626\u064a\u0629 \u0636\u0627\u0631\u0629 \u0623\u0648 \u0627\u0644\u0630\u0648\u0628\u0627\u0646\u060c \u0645\u0645\u0627 \u064a\u0636\u0645\u0646 \u0633\u0644\u0627\u0645\u0629 \u0648\u0646\u0638\u0627\u0641\u0629 \u0645\u0637\u0628\u062e\u0643.\u062a\u0648\u0627\u0641\u0642 \u0639\u0627\u0644\u0645\u064a: \u062a\u0645 \u062a\u0635\u0645\u064a\u0645 \u0623\u063a\u0637\u064a\u062a\u0646\u0627 \u0627\u0644\u0645\u0635\u0646\u0648\u0639\u0629 \u0645\u0646 \u0627\u0644\u0633\u064a\u0644\u064a\u0643\u0648\u0646 \u0644\u062a\u0646\u0627\u0633\u0628 \u0645\u062c\u0645\u0648\u0639\u0629 \u0648\u0627\u0633\u0639\u0629 \u0645\u0646 \u0623\u062d\u062c\u0627\u0645 \u0645\u0642\u0627\u0628\u0636 \u0627\u0644\u0642\u062f\u0648\u0631 \u0648\u0627\u0644\u0645\u0642\u0627\u0644\u064a\u060c \u0645\u0645\u0627 \u064a\u0645\u0646\u062d\u0647\u0627 \u0645\u0631\u0648\u0646\u0629 \u0648\u062a\u0639\u062f\u062f \u0627\u0633\u062a\u062e\u062f\u0627\u0645\u0627\u062a. \u0633\u0648\u0627\u0621 \u0643\u0646\u062a \u062a\u0633\u062a\u062e\u062f\u0645 \u0645\u0642\u0627\u0644\u064a \u0645\u0646 \u0627\u0644\u062d\u062f\u064a\u062f \u0627\u0644\u0632\u0647\u0631 \u0623\u0648 \u0642\u062f\u0648\u0631\u064b\u0627 \u0630\u0627\u062a \u0642\u0627\u0639\u062f\u0629 \u0645\u0633\u0637\u062d\u0629\u060c \u0641\u0625\u0646 \u0647\u0630\u0647 \u0627\u0644\u0623\u063a\u0637\u064a\u0629 \u0627\u0644\u0639\u0627\u0644\u0645\u064a\u0629 \u062a\u064f\u0639\u062f\u0651 \u0645\u0646 \u0627\u0644\u0625\u0643\u0633\u0633\u0648\u0627\u0631\u0627\u062a \u0627\u0644\u0623\u0633\u0627\u0633\u064a\u0629 \u0641\u064a \u0627\u0644\u0645\u0637\u0628\u062e.\u0623\u0645\u0627\u0646 \u0645\u0639\u0632\u0651\u0632: \u0627\u0637\u0628\u062e \u0628\u062b\u0642\u0629 \u0645\u0639 \u0648\u0627\u0642\u064a\u0627\u062a \u0627\u0644\u0645\u0642\u0627\u0628\u0636 \u0627\u0644\u0645\u0635\u0646\u0648\u0639\u0629 \u0645\u0646 \u0627\u0644\u0633\u064a\u0644\u064a\u0643\u0648\u0646\u060c \u0627\u0644\u0628\u0627\u0631\u062f\u0629 \u0627\u0644\u0645\u0644\u0645\u0633. \u0647\u0630\u0647 \u0627\u0644\u0648\u0627\u0642\u064a\u0627\u062a \u062a\u0639\u0632\u0644 \u0627\u0644\u062d\u0631\u0627\u0631\u0629 \u0639\u0646 \u0645\u0642\u0627\u0628\u0636 \u0627\u0644\u0642\u062f\u0648\u0631 \u0648\u0627\u0644\u0645\u0642\u0627\u0644\u064a \u0628\u0641\u0639\u0627\u0644\u064a\u0629\u060c \u0645\u0645\u0627 \u064a\u0645\u0646\u0639 \u0627\u0644\u062d\u0631\u0648\u0642 \u0648\u0627\u0644\u062d\u0648\u0627\u062f\u062b \u0648\u064a\u0645\u0646\u062d\u0643 \u0631\u0627\u062d\u0629 \u0648\u0623\u0645\u0627\u0646\u064b\u0627 \u0623\u062b\u0646\u0627\u0621 \u0627\u0644\u0637\u0647\u064a.\u0628\u0627\u0631\u062f\u0629 \u0627\u0644\u0645\u0644\u0645\u0633: \u0637\u0628\u0642\u0629 \u0627\u0644\u0633\u064a\u0644\u064a\u0643\u0648\u0646 \u0627\u0644\u0639\u0627\u0632\u0644\u0629 \u0644\u0645\u0642\u0628\u0636 \u0627\u0644\u0645\u0642\u0644\u0627\u0629 \u062a\u0648\u0641\u0631 \u0639\u0632\u0644\u064b\u0627 \u0645\u0645\u062a\u0627\u0632\u064b\u0627 \u0648\u062a\u062d\u0627\u0641\u0638 \u0639\u0644\u0649 \u0628\u0631\u0648\u062f\u062a\u0647\u0627 \u062d\u062a\u0649 \u0623\u062b\u0646\u0627\u0621 \u0627\u0644\u0637\u0647\u064a \u0628\u062f\u0631\u062c\u0627\u062a \u062d\u0631\u0627\u0631\u0629 \u0645\u0631\u062a\u0641\u0639\u0629. \u0648\u062f\u0651\u0639 \u0627\u0644\u062d\u0631\u0648\u0642 \u0648\u0627\u0644\u062d\u0648\u0627\u062f\u062b \u0627\u0644\u0645\u0624\u0644\u0645\u0629.\u0633\u0647\u0648\u0644\u0629 \u0627\u0644\u062a\u0631\u0643\u064a\u0628: \u0628\u062e\u0637\u0648\u0627\u062a \u0628\u0633\u064a\u0637\u0629 \u2014 \u0636\u0639 \u0648\u0627\u0642\u064a \u0627\u0644\u0645\u0642\u0628\u0636 \u0627\u0644\u0645\u0635\u0646\u0648\u0639 \u0645\u0646 \u0627\u0644\u0633\u064a\u0644\u064a\u0643\u0648\u0646 \u0639\u0644\u0649 \u0645\u0642\u0628\u0636 \u0627\u0644\u0645\u0642\u0644\u0627\u0629 \u0648\u0627\u0633\u062d\u0628 \u0628\u0631\u0641\u0642 \u0627\u0644\u062d\u0644\u0642\u0629 \u0644\u062a\u062b\u0628\u064a\u062a\u0647. \u064a\u0646\u0643\u0645\u0634 \u0627\u0644\u0648\u0627\u0642\u064a \u062a\u0644\u0642\u0627\u0626\u064a\u064b\u0627 \u0644\u064a\u062a\u0646\u0627\u0633\u0628 \u0645\u0639 \u062c\u0645\u064a\u0639 \u0623\u0634\u0643\u0627\u0644 \u0627\u0644\u0645\u0642\u0627\u0628\u0636\u060c \u0645\u0645\u0627 \u064a\u0648\u0641\u0651\u0631 \u062d\u0645\u0627\u064a\u0629 \u0645\u062b\u0627\u0644\u064a\u0629.\u0627\u0644\u0623\u0628\u0639\u0627\u062f: 11\u00d73 \u0633\u0645.<\/p>","protected":false},"featured_media":47493,"comment_status":"open","ping_status":"closed","template":"","meta":[],"product_brand":[],"product_cat":[2456],"product_tag":[],"class_list":{"0":"post-47494","1":"product","2":"type-product","3":"status-publish","4":"has-post-thumbnail","6":"product_cat-cuisine","8":"first","9":"instock","10":"sale","11":"taxable","12":"shipping-taxable","13":"purchasable","14":"product-type-simple"},"jetpack_sharing_enabled":true,"_links":{"self":[{"href":"https:\/\/shoponlinedz.com\/en\/wp-json\/wp\/v2\/product\/47494","targetHints":{"allow":["GET"]}}],"collection":[{"href":"https:\/\/shoponlinedz.com\/en\/wp-json\/wp\/v2\/product"}],"about":[{"href":"https:\/\/shoponlinedz.com\/en\/wp-json\/wp\/v2\/types\/product"}],"replies":[{"embeddable":true,"href":"https:\/\/shoponlinedz.com\/en\/wp-json\/wp\/v2\/comments?post=47494"}],"version-history":[{"count":0,"href":"https:\/\/shoponlinedz.com\/en\/wp-json\/wp\/v2\/product\/47494\/revisions"}],"wp:featuredmedia":[{"embeddable":true,"href":"https:\/\/shoponlinedz.com\/en\/wp-json\/wp\/v2\/media\/47493"}],"wp:attachment":[{"href":"https:\/\/shoponlinedz.com\/en\/wp-json\/wp\/v2\/media?parent=47494"}],"wp:term":[{"taxonomy":"product_brand","embeddable":true,"href":"https:\/\/shoponlinedz.com\/en\/wp-json\/wp\/v2\/product_brand?post=47494"},{"taxonomy":"product_cat","embeddable":true,"href":"https:\/\/shoponlinedz.com\/en\/wp-json\/wp\/v2\/product_cat?post=47494"},{"taxonomy":"product_tag","embeddable":true,"href":"https:\/\/shoponlinedz.com\/en\/wp-json\/wp\/v2\/product_tag?post=47494"}],"curies":[{"name":"wp","href":"https:\/\/api.w.org\/{rel}","templated":true}]}}