{"id":47471,"date":"2026-01-05T15:51:35","date_gmt":"2026-01-05T15:51:35","guid":{"rendered":"https:\/\/shoponlinedz.com\/product\/lampe-de-bureau-led-retro-a-double-tete-rotative-a-360-degre-%d9%85%d8%b5%d8%a8%d8%a7%d8%ad-%d9%85%d9%83%d8%aa%d8%a8-%d8%a8%d8%b9%d8%af%d8%a9-%d8%a3%d9%88%d8%b6%d8%a7%d8%b9-%d8%a5%d8%b6\/"},"modified":"2026-01-28T12:16:30","modified_gmt":"2026-01-28T12:16:30","slug":"lampe-de-bureau-led-retro-a-double-tete-rotative-a-360-degre-%d9%85%d8%b5%d8%a8%d8%a7%d8%ad-%d9%85%d9%83%d8%aa%d8%a8-%d8%a8%d8%b9%d8%af%d8%a9-%d8%a3%d9%88%d8%b6%d8%a7%d8%b9-%d8%a5%d8%b6","status":"publish","type":"product","link":"https:\/\/shoponlinedz.com\/en\/product\/lampe-de-bureau-led-retro-a-double-tete-rotative-a-360-degre-%d9%85%d8%b5%d8%a8%d8%a7%d8%ad-%d9%85%d9%83%d8%aa%d8%a8-%d8%a8%d8%b9%d8%af%d8%a9-%d8%a3%d9%88%d8%b6%d8%a7%d8%b9-%d8%a5%d8%b6\/","title":{"rendered":"Lampe de bureau LED r\u00e9tro \u00e0 double t\u00eate rotative \u00e0 360 degr\u00e9 \u2013 \u0645\u0635\u0628\u0627\u062d \u0645\u0643\u062a\u0628 \u0628\u0639\u062f\u0629 \u0623\u0648\u0636\u0627\u0639 \u0625\u0636\u0627\u0621\u0629"},"content":{"rendered":"<figure class=\"attachment attachment--preview\" data-trix-attachment=\"{&quot;contentType&quot;:&quot;image&quot;,&quot;height&quot;:1024,&quot;url&quot;:&quot;https:\/\/sawaqli.fra1.cdn.digitaloceanspaces.com\/59586\/Bar-Touch-cnc-1.jpg&quot;,&quot;width&quot;:1024}\" data-trix-content-type=\"image\"><img decoding=\"async\" class=\"aligncenter\" src=\"https:\/\/sawaqli.fra1.cdn.digitaloceanspaces.com\/59586\/Bar-Touch-cnc-1.jpg\" width=\"1024\" height=\"1024\" \/><figcaption class=\"attachment__caption\"><\/figcaption><\/figure>\n<figure class=\"attachment attachment--preview\" data-trix-attachment=\"{&quot;contentType&quot;:&quot;image&quot;,&quot;height&quot;:1024,&quot;url&quot;:&quot;https:\/\/sawaqli.fra1.cdn.digitaloceanspaces.com\/59587\/Bar-Touch-2.jpg&quot;,&quot;width&quot;:1024}\" data-trix-content-type=\"image\"><img decoding=\"async\" class=\"aligncenter\" src=\"https:\/\/sawaqli.fra1.cdn.digitaloceanspaces.com\/59587\/Bar-Touch-2.jpg\" width=\"1024\" height=\"1024\" \/><figcaption class=\"attachment__caption\"><\/figcaption><\/figure>\n<figure class=\"attachment attachment--preview\" data-trix-attachment=\"{&quot;contentType&quot;:&quot;image&quot;,&quot;height&quot;:1024,&quot;url&quot;:&quot;https:\/\/sawaqli.fra1.cdn.digitaloceanspaces.com\/59588\/Bar-Touch-3.jpg&quot;,&quot;width&quot;:1024}\" data-trix-content-type=\"image\"><img decoding=\"async\" class=\"aligncenter\" src=\"https:\/\/sawaqli.fra1.cdn.digitaloceanspaces.com\/59588\/Bar-Touch-3.jpg\" width=\"1024\" height=\"1024\" \/><figcaption class=\"attachment__caption\"><\/figcaption><\/figure>\n<figure class=\"attachment attachment--preview\" data-trix-attachment=\"{&quot;contentType&quot;:&quot;image&quot;,&quot;height&quot;:1024,&quot;url&quot;:&quot;https:\/\/sawaqli.fra1.cdn.digitaloceanspaces.com\/59589\/Bar-Touch-4.jpg&quot;,&quot;width&quot;:1024}\" data-trix-content-type=\"image\"><img decoding=\"async\" class=\"aligncenter\" src=\"https:\/\/sawaqli.fra1.cdn.digitaloceanspaces.com\/59589\/Bar-Touch-4.jpg\" width=\"1024\" height=\"1024\" \/><figcaption class=\"attachment__caption\"><\/figcaption><\/figure>\n<figure class=\"attachment attachment--preview\" data-trix-attachment=\"{&quot;contentType&quot;:&quot;image&quot;,&quot;height&quot;:1024,&quot;url&quot;:&quot;https:\/\/sawaqli.fra1.cdn.digitaloceanspaces.com\/59590\/Bar-Touch-7.jpg&quot;,&quot;width&quot;:1024}\" data-trix-content-type=\"image\"><img decoding=\"async\" class=\"aligncenter\" src=\"https:\/\/sawaqli.fra1.cdn.digitaloceanspaces.com\/59590\/Bar-Touch-7.jpg\" width=\"1024\" height=\"1024\" \/><figcaption class=\"attachment__caption\"><\/figcaption><\/figure>\n<p style=\"text-align: center;\">","protected":false},"excerpt":{"rendered":"<p>\ud83d\udca1 \u062a\u0635\u0645\u064a\u0645 \u0645\u0631\u0646 \u0648\u0639\u0635\u0631\u064a \u0628\u0644\u0645\u0633\u0629 \u0643\u0644\u0627\u0633\u064a\u0643\u064a\u0629 \u064a\u062a\u0645\u064a\u0632 \u0647\u0630\u0627 \u0627\u0644\u0645\u0635\u0628\u0627\u062d \u0627\u0644\u0632\u062e\u0631\u0641\u064a \u0630\u0648 \u0627\u0644\u0637\u0627\u0628\u0639 \u0627\u0644\u0631\u064a\u062a\u0631\u0648 (\u0627\u0644\u0643\u0644\u0627\u0633\u064a\u0643\u064a) \u0648\u0627\u0644\u0645\u0646\u0627\u0633\u0628 \u0644\u0644\u0645\u0642\u0627\u0647\u064a \u0648\u0627\u0644\u0645\u0637\u0627\u0639\u0645 \u0628\u062a\u0635\u0645\u064a\u0645 \u0645\u0631\u0646 \u0645\u0639 \u0631\u0624\u0648\u0633 \u0625\u0636\u0627\u0621\u0629 \u062f\u0648\u0651\u0627\u0631\u0629 \u0628\u0632\u0627\u0648\u064a\u0629 360\u00b0\u060c \u0645\u062a\u0648\u0641\u0631 \u0628\u0646\u0633\u062e\u062a\u064a\u0646: \u0631\u0623\u0633 \u0648\u0627\u062d\u062f \u0623\u0648 \u0645\u0632\u062f\u0648\u062c. \u064a\u0633\u0645\u062d \u0627\u0644\u0631\u0623\u0633 \u0627\u0644\u0642\u0627\u0628\u0644 \u0644\u0644\u062f\u0648\u0631\u0627\u0646 \u0628\u062a\u0648\u062c\u064a\u0647 \u0627\u0644\u0625\u0636\u0627\u0621\u0629 \u0628\u062d\u0631\u064a\u0629 \u0644\u0625\u0646\u0634\u0627\u0621 \u0627\u0644\u062c\u0648 \u0627\u0644\u0645\u062b\u0627\u0644\u064a \u0648\u0641\u0642\u064b\u0627 \u0644\u0631\u063a\u0628\u062a\u0643.\u2728 \u0625\u0636\u0627\u0621\u0629 \u0645\u062a\u0639\u062f\u062f\u0629 \u0627\u0644\u0627\u0633\u062a\u062e\u062f\u0627\u0645\u0627\u062a \u064a\u0648\u0641\u0631 \u0647\u0630\u0627 \u0627\u0644\u0645\u0635\u0628\u0627\u062d \u0627\u0644\u0645\u0643\u062a\u0628\u064a \u0628\u062a\u0642\u0646\u064a\u0629 \u0627\u0644\u0644\u0645\u0633 \u062d\u0644\u0627\u064b \u0641\u0631\u064a\u062f\u064b\u0627 \u0648\u0623\u0646\u064a\u0642\u064b\u0627 \u0644\u0644\u0625\u0636\u0627\u0621\u0629\u060c \u0645\u062b\u0627\u0644\u064a \u0644\u0625\u0636\u0641\u0627\u0621 \u062c\u0648 \u062f\u0627\u0641\u0626 \u0648\u0643\u0644\u0627\u0633\u064a\u0643\u064a \u0641\u064a \u0627\u0644\u0628\u0627\u0631\u0627\u062a\u060c \u0627\u0644\u0645\u0637\u0627\u0639\u0645 \u0623\u0648 \u0623\u064a \u0645\u0633\u0627\u062d\u0629 \u062a\u062d\u062a\u0627\u062c \u0625\u0644\u0649 \u0644\u0645\u0633\u0629 \u0645\u0645\u064a\u0632\u0629 \u0645\u0646 \u0627\u0644\u0636\u0648\u0621 \u0648\u0627\u0644\u0623\u0646\u0627\u0642\u0629.\ud83e\uddf1 \u0645\u062a\u064a\u0646 \u0648\u0645\u0642\u0627\u0648\u0645 \u0644\u0644\u0645\u0627\u0621 \u062a\u0645 \u062a\u0635\u0645\u064a\u0645 \u0647\u0630\u0627 \u0627\u0644\u0645\u0635\u0628\u0627\u062d \u0627\u0644\u0635\u063a\u064a\u0631 \u0628\u0639\u0646\u0627\u064a\u0629 \u0644\u064a\u0643\u0648\u0646 \u0642\u0648\u064a\u064b\u0627 \u0648\u0645\u062a\u064a\u0646\u064b\u0627\u060c \u0645\u0642\u0627\u0648\u0645\u064b\u0627 \u0644\u0644\u0633\u0642\u0648\u0637 \u0648\u0627\u0644\u0635\u062f\u0645\u0627\u062a \u0648\u0645\u0632\u0648\u062f\u064b\u0627 \u0628\u062e\u0627\u0635\u064a\u0629 \u0645\u0642\u0627\u0648\u0645\u0629 \u0627\u0644\u0645\u0627\u0621\u060c \u0645\u0645\u0627 \u064a\u062c\u0639\u0644\u0647 \u0645\u0646\u0627\u0633\u0628\u064b\u0627 \u0644\u0645\u062e\u062a\u0644\u0641 \u0627\u0644\u0628\u064a\u0626\u0627\u062a \u0627\u0644\u062f\u0627\u062e\u0644\u064a\u0629 \u0648\u0627\u0644\u062e\u0627\u0631\u062c\u064a\u0629.\ud83d\udd0b \u062a\u0635\u0645\u064a\u0645 \u0644\u0627\u0633\u0644\u0643\u064a \u0639\u0645\u0644\u064a \u0628\u0641\u0636\u0644 \u062a\u0635\u0645\u064a\u0645\u0647 \u0627\u0644\u0644\u0627\u0633\u0644\u0643\u064a \u0648\u0647\u064a\u0643\u0644\u0647 \u0627\u0644\u0645\u0639\u062f\u0646\u064a \u0627\u0644\u0623\u0646\u064a\u0642\u060c \u064a\u0645\u0643\u0646 \u0627\u0633\u062a\u062e\u062f\u0627\u0645 \u0627\u0644\u0645\u0635\u0628\u0627\u062d \u0641\u064a \u0623\u064a \u0645\u0643\u0627\u0646: \u063a\u0631\u0641\u0629 \u0627\u0644\u0645\u0639\u064a\u0634\u0629\u060c \u063a\u0631\u0641\u0629 \u0627\u0644\u0646\u0648\u0645\u060c \u0627\u0644\u0645\u0643\u062a\u0628\u060c \u0627\u0644\u0645\u0637\u0639\u0645\u060c \u0627\u0644\u0645\u0642\u0647\u0649\u060c \u0627\u0644\u0641\u0646\u0627\u062f\u0642\u060c \u0623\u0648 \u062d\u062a\u0649 \u0623\u062b\u0646\u0627\u0621 \u0627\u0644\u062a\u062e\u064a\u064a\u0645 \u0641\u064a \u0627\u0644\u0647\u0648\u0627\u0621 \u0627\u0644\u0637\u0644\u0642.\ud83d\udd90\ufe0f \u0633\u0647\u0644 \u0627\u0644\u0627\u0633\u062a\u062e\u062f\u0627\u0645 \u0648\u0627\u0644\u062a\u062d\u0643\u0645 \u0628\u0627\u0644\u0644\u0645\u0633 \u062a\u0645 \u062a\u0635\u0645\u064a\u0645\u0647 \u0644\u064a\u0648\u0641\u0631 \u0633\u0647\u0648\u0644\u0629 \u0641\u064a \u0627\u0644\u062a\u062d\u0643\u0645 \u2014 \u0644\u0645\u0633\u0629 \u062e\u0641\u064a\u0641\u0629 \u0648\u0627\u062d\u062f\u0629 \u0643\u0627\u0641\u064a\u0629 \u0644\u062a\u0634\u063a\u064a\u0644 \u0627\u0644\u0645\u0635\u0628\u0627\u062d \u0623\u0648 \u0625\u064a\u0642\u0627\u0641\u0647\u060c \u0648\u064a\u0645\u0643\u0646\u0643 \u0623\u064a\u0636\u064b\u0627 \u062a\u063a\u064a\u064a\u0631 \u0644\u0648\u0646 \u0627\u0644\u0625\u0636\u0627\u0621\u0629 \u0628\u0645\u062c\u0631\u062f \u0627\u0644\u0636\u063a\u0637 \u0627\u0644\u0642\u0635\u064a\u0631 \u0639\u0644\u0649 \u0627\u0644\u0632\u0631.\ud83d\udcf8 \u0627\u0644\u0623\u0628\u0639\u0627\u062f \u0645\u0648\u0636\u062d\u0629 \u0641\u064a \u0627\u0644\u0635\u0648\u0631\ud83d\udd6f\ufe0f \u0645\u062b\u0627\u0644\u064a \u0644\u0639\u0634\u0627\u0642 \u0627\u0644\u062a\u0635\u0645\u064a\u0645\u0627\u062a \u0627\u0644\u0643\u0644\u0627\u0633\u064a\u0643\u064a\u0629 \u0627\u0644\u0630\u064a\u0646 \u064a\u0628\u062d\u062b\u0648\u0646 \u0639\u0646 \u0625\u0636\u0627\u0621\u0629 \u0639\u0645\u0644\u064a\u0629 \u0648\u0623\u0646\u064a\u0642\u0629 \u062a\u062c\u0645\u0639 \u0628\u064a\u0646 \u0627\u0644\u062f\u0641\u0621 \u0648\u0627\u0644\u0631\u0627\u062d\u0629 \u0648\u0627\u0644\u0645\u0631\u0648\u0646\u0629.<\/p>","protected":false},"featured_media":47470,"comment_status":"open","ping_status":"closed","template":"","meta":[],"product_brand":[],"product_cat":[2460],"product_tag":[],"class_list":{"0":"post-47471","1":"product","2":"type-product","3":"status-publish","4":"has-post-thumbnail","6":"product_cat-decoration","8":"first","9":"instock","10":"sale","11":"taxable","12":"shipping-taxable","13":"purchasable","14":"product-type-simple"},"jetpack_sharing_enabled":true,"_links":{"self":[{"href":"https:\/\/shoponlinedz.com\/en\/wp-json\/wp\/v2\/product\/47471","targetHints":{"allow":["GET"]}}],"collection":[{"href":"https:\/\/shoponlinedz.com\/en\/wp-json\/wp\/v2\/product"}],"about":[{"href":"https:\/\/shoponlinedz.com\/en\/wp-json\/wp\/v2\/types\/product"}],"replies":[{"embeddable":true,"href":"https:\/\/shoponlinedz.com\/en\/wp-json\/wp\/v2\/comments?post=47471"}],"version-history":[{"count":0,"href":"https:\/\/shoponlinedz.com\/en\/wp-json\/wp\/v2\/product\/47471\/revisions"}],"wp:featuredmedia":[{"embeddable":true,"href":"https:\/\/shoponlinedz.com\/en\/wp-json\/wp\/v2\/media\/47470"}],"wp:attachment":[{"href":"https:\/\/shoponlinedz.com\/en\/wp-json\/wp\/v2\/media?parent=47471"}],"wp:term":[{"taxonomy":"product_brand","embeddable":true,"href":"https:\/\/shoponlinedz.com\/en\/wp-json\/wp\/v2\/product_brand?post=47471"},{"taxonomy":"product_cat","embeddable":true,"href":"https:\/\/shoponlinedz.com\/en\/wp-json\/wp\/v2\/product_cat?post=47471"},{"taxonomy":"product_tag","embeddable":true,"href":"https:\/\/shoponlinedz.com\/en\/wp-json\/wp\/v2\/product_tag?post=47471"}],"curies":[{"name":"wp","href":"https:\/\/api.w.org\/{rel}","templated":true}]}}