{"id":47375,"date":"2026-01-05T15:48:33","date_gmt":"2026-01-05T15:48:33","guid":{"rendered":"https:\/\/shoponlinedz.com\/product\/tapis-de-jeu-pour-bebe-pliable-mousse-xpe-double-face-impermeable-2\/"},"modified":"2026-01-28T12:16:34","modified_gmt":"2026-01-28T12:16:34","slug":"tapis-de-jeu-pour-bebe-pliable-mousse-xpe-double-face-impermeable-2","status":"publish","type":"product","link":"https:\/\/shoponlinedz.com\/en\/product\/tapis-de-jeu-pour-bebe-pliable-mousse-xpe-double-face-impermeable-2\/","title":{"rendered":"Tapis de jeu pour b\u00e9b\u00e9 pliable mousse XPE double face imperm\u00e9able"},"content":{"rendered":"<figure class=\"attachment attachment--preview\" data-trix-attachment=\"{&quot;contentType&quot;:&quot;image&quot;,&quot;height&quot;:1024,&quot;url&quot;:&quot;https:\/\/sawaqli.fra1.cdn.digitaloceanspaces.com\/59747\/sdfsdfsddbbcvgffgdfg1.jpg&quot;,&quot;width&quot;:1024}\" data-trix-content-type=\"image\"><img decoding=\"async\" class=\"aligncenter\" src=\"https:\/\/sawaqli.fra1.cdn.digitaloceanspaces.com\/59747\/sdfsdfsddbbcvgffgdfg1.jpg\" width=\"1024\" height=\"1024\" \/><figcaption class=\"attachment__caption\"><\/figcaption><\/figure>\n<figure class=\"attachment attachment--preview\" data-trix-attachment=\"{&quot;contentType&quot;:&quot;image&quot;,&quot;height&quot;:1024,&quot;url&quot;:&quot;https:\/\/sawaqli.fra1.cdn.digitaloceanspaces.com\/59680\/tapis-jouets-cnc2.jpg&quot;,&quot;width&quot;:1024}\" data-trix-content-type=\"image\"><img decoding=\"async\" class=\"aligncenter\" src=\"https:\/\/sawaqli.fra1.cdn.digitaloceanspaces.com\/59680\/tapis-jouets-cnc2.jpg\" width=\"1024\" height=\"1024\" \/><figcaption class=\"attachment__caption\"><\/figcaption><\/figure>\n<figure class=\"attachment attachment--preview\" data-trix-attachment=\"{&quot;contentType&quot;:&quot;image&quot;,&quot;height&quot;:1024,&quot;url&quot;:&quot;https:\/\/sawaqli.fra1.cdn.digitaloceanspaces.com\/59677\/tapis-jouets-1.jpg&quot;,&quot;width&quot;:1024}\" data-trix-content-type=\"image\"><img decoding=\"async\" class=\"aligncenter\" src=\"https:\/\/sawaqli.fra1.cdn.digitaloceanspaces.com\/59677\/tapis-jouets-1.jpg\" width=\"1024\" height=\"1024\" \/><figcaption class=\"attachment__caption\"><\/figcaption><\/figure>\n<figure class=\"attachment attachment--preview\" data-trix-attachment=\"{&quot;contentType&quot;:&quot;image&quot;,&quot;height&quot;:1024,&quot;url&quot;:&quot;https:\/\/sawaqli.fra1.cdn.digitaloceanspaces.com\/59678\/6f852005-ef98-4112-b62c-ddeef9402094.jfif&quot;,&quot;width&quot;:1024}\" data-trix-content-type=\"image\"><img decoding=\"async\" class=\"aligncenter\" src=\"https:\/\/sawaqli.fra1.cdn.digitaloceanspaces.com\/59678\/6f852005-ef98-4112-b62c-ddeef9402094.jfif\" width=\"1024\" height=\"1024\" \/><figcaption class=\"attachment__caption\"><\/figcaption><\/figure>\n<figure class=\"attachment attachment--preview\" data-trix-attachment=\"{&quot;contentType&quot;:&quot;image&quot;,&quot;height&quot;:1024,&quot;url&quot;:&quot;https:\/\/sawaqli.fra1.cdn.digitaloceanspaces.com\/59679\/a4b36c44-db65-4d6c-affe-df1d65297cf5.jfif&quot;,&quot;width&quot;:1024}\" data-trix-content-type=\"image\"><img decoding=\"async\" class=\"aligncenter\" src=\"https:\/\/sawaqli.fra1.cdn.digitaloceanspaces.com\/59679\/a4b36c44-db65-4d6c-affe-df1d65297cf5.jfif\" width=\"1024\" height=\"1024\" \/><figcaption class=\"attachment__caption\"><\/figcaption><\/figure>\n<p style=\"text-align: center;\">","protected":false},"excerpt":{"rendered":"<p>\u0633\u062c\u0627\u062f\u0629 \u0644\u0639\u0628 \u062a\u0639\u0644\u064a\u0645\u064a\u0629 \u0644\u0644\u0623\u0637\u0641\u0627\u0644 \u0645\u0646 Humbi\u0627\u0644\u0645\u0627\u062f\u0629: \u0645\u0635\u0646\u0648\u0639\u0629 \u0645\u0646 \u0631\u063a\u0648\u0629 XPE \u063a\u064a\u0631 \u0633\u0627\u0645\u0629 \u0648\u0622\u0645\u0646\u0629 100%.\u0627\u0644\u0623\u0628\u0639\u0627\u062f: 200 \u00d7 180 \u00d7 1 \u0633\u0645 \u062a\u0648\u0641\u0631 \u0645\u0633\u0627\u062d\u0629 \u0648\u0627\u0633\u0639\u0629 \u0648\u0622\u0645\u0646\u0629 \u0644\u0644\u0639\u0628.\u0627\u0644\u0645\u0645\u064a\u0632\u0627\u062a: \u0642\u0627\u0628\u0644\u0629 \u0644\u0644\u0637\u064a\u060c \u0628\u0637\u0628\u0639\u0629 \u0645\u0632\u062f\u0648\u062c\u0629\u060c \u0645\u0642\u0627\u0648\u0645\u0629 \u0644\u0644\u0645\u0627\u0621\u060c \u0639\u0627\u0632\u0644\u0629 \u0644\u0644\u062d\u0631\u0627\u0631\u0629\u060c \u062e\u0627\u0644\u064a\u0629 \u0645\u0646 PVC \u0648\u0627\u0644\u0641\u062b\u0627\u0644\u0627\u062a.\u0627\u0644\u062a\u0635\u0645\u064a\u0645: \u0648\u062c\u0647 \u064a\u062d\u062a\u0648\u064a \u0639\u0644\u0649 \u0631\u0633\u0648\u0645\u0627\u062a \u062d\u064a\u0648\u0627\u0646\u0627\u062a \u062c\u0645\u064a\u0644\u0629\u060c \u0648\u0627\u0644\u0648\u062c\u0647 \u0627\u0644\u0622\u062e\u0631 \u0634\u0648\u0627\u0631\u0639 \u0645\u0644\u0648\u0646\u0629 \u0644\u062a\u0639\u0644\u064a\u0645 \u0627\u0644\u0623\u0637\u0641\u0627\u0644.\u0627\u0644\u062a\u0639\u0628\u0626\u0629: \u062a\u0623\u062a\u064a \u0641\u064a \u062d\u0642\u064a\u0628\u0629 \u0628\u0633\u062d\u0651\u0627\u0628 \u0648\u0635\u0646\u062f\u0648\u0642 \u0643\u0631\u062a\u0648\u0646\u064a \u0642\u0648\u064a.\u0627\u0644\u0627\u0633\u062a\u062e\u062f\u0627\u0645: \u0645\u0646\u0627\u0633\u0628\u0629 \u0645\u0646\u0630 \u0627\u0644\u0623\u064a\u0627\u0645 \u0627\u0644\u0623\u0648\u0644\u0649 \u0644\u0644\u0637\u0641\u0644 \u0644\u062a\u0648\u0641\u064a\u0631 \u0645\u0643\u0627\u0646 \u0622\u0645\u0646 \u0648\u0646\u0627\u0639\u0645 \u0644\u0644\u0632\u062d\u0641 \u0648\u0627\u0644\u0644\u0639\u0628 \u0648\u0627\u0644\u062a\u0639\u0644\u0651\u0645.<\/p>","protected":false},"featured_media":47374,"comment_status":"open","ping_status":"closed","template":"","meta":[],"product_brand":[],"product_cat":[2467],"product_tag":[],"class_list":{"0":"post-47375","1":"product","2":"type-product","3":"status-publish","4":"has-post-thumbnail","6":"product_cat-maternite","8":"first","9":"instock","10":"sale","11":"taxable","12":"shipping-taxable","13":"purchasable","14":"product-type-simple"},"jetpack_sharing_enabled":true,"_links":{"self":[{"href":"https:\/\/shoponlinedz.com\/en\/wp-json\/wp\/v2\/product\/47375","targetHints":{"allow":["GET"]}}],"collection":[{"href":"https:\/\/shoponlinedz.com\/en\/wp-json\/wp\/v2\/product"}],"about":[{"href":"https:\/\/shoponlinedz.com\/en\/wp-json\/wp\/v2\/types\/product"}],"replies":[{"embeddable":true,"href":"https:\/\/shoponlinedz.com\/en\/wp-json\/wp\/v2\/comments?post=47375"}],"version-history":[{"count":0,"href":"https:\/\/shoponlinedz.com\/en\/wp-json\/wp\/v2\/product\/47375\/revisions"}],"wp:featuredmedia":[{"embeddable":true,"href":"https:\/\/shoponlinedz.com\/en\/wp-json\/wp\/v2\/media\/47374"}],"wp:attachment":[{"href":"https:\/\/shoponlinedz.com\/en\/wp-json\/wp\/v2\/media?parent=47375"}],"wp:term":[{"taxonomy":"product_brand","embeddable":true,"href":"https:\/\/shoponlinedz.com\/en\/wp-json\/wp\/v2\/product_brand?post=47375"},{"taxonomy":"product_cat","embeddable":true,"href":"https:\/\/shoponlinedz.com\/en\/wp-json\/wp\/v2\/product_cat?post=47375"},{"taxonomy":"product_tag","embeddable":true,"href":"https:\/\/shoponlinedz.com\/en\/wp-json\/wp\/v2\/product_tag?post=47375"}],"curies":[{"name":"wp","href":"https:\/\/api.w.org\/{rel}","templated":true}]}}