{"id":47310,"date":"2026-01-05T15:46:31","date_gmt":"2026-01-05T15:46:31","guid":{"rendered":"https:\/\/shoponlinedz.com\/product\/projecteur-ciel-etoile-lapins-rotation-a-360-pour-chambre-denfants-%d8%ac%d9%87%d8%a7%d8%b2-%d8%aa%d9%86%d9%88%d9%8a%d9%85-%d8%a7%d9%84%d8%a3%d8%b7%d9%81%d8%a7%d9%84-%d8%a8\/"},"modified":"2026-01-31T13:19:54","modified_gmt":"2026-01-31T13:19:54","slug":"projecteur-ciel-etoile-lapins-rotation-a-360-pour-chambre-denfants-%d8%ac%d9%87%d8%a7%d8%b2-%d8%aa%d9%86%d9%88%d9%8a%d9%85-%d8%a7%d9%84%d8%a3%d8%b7%d9%81%d8%a7%d9%84-%d8%a8","status":"publish","type":"product","link":"https:\/\/shoponlinedz.com\/en\/product\/projecteur-ciel-etoile-lapins-rotation-a-360-pour-chambre-denfants-%d8%ac%d9%87%d8%a7%d8%b2-%d8%aa%d9%86%d9%88%d9%8a%d9%85-%d8%a7%d9%84%d8%a3%d8%b7%d9%81%d8%a7%d9%84-%d8%a8\/","title":{"rendered":"Projecteur ciel \u00e9toil\u00e9 lapins rotation \u00e0 360\u00b0 pour chambre d\u2019enfants \u2013 \u062c\u0647\u0627\u0632 \u062a\u0646\u0648\u064a\u0645 \u0627\u0644\u0623\u0637\u0641\u0627\u0644 \u0628\u0631\u0633\u0648\u0645\u0627\u062a \u0645\u0644\u0648\u0646\u0629"},"content":{"rendered":"<figure class=\"attachment attachment--preview\" data-trix-attachment=\"{&quot;contentType&quot;:&quot;image&quot;,&quot;height&quot;:1024,&quot;url&quot;:&quot;https:\/\/sawaqli.fra1.cdn.digitaloceanspaces.com\/60044\/Veilleuse-lapins-CNC-1.jpg&quot;,&quot;width&quot;:1024}\" data-trix-content-type=\"image\"><img decoding=\"async\" class=\"aligncenter\" src=\"https:\/\/sawaqli.fra1.cdn.digitaloceanspaces.com\/60044\/Veilleuse-lapins-CNC-1.jpg\" width=\"1024\" height=\"1024\" \/><figcaption class=\"attachment__caption\"><\/figcaption><\/figure>\n<figure class=\"attachment attachment--preview\" data-trix-attachment=\"{&quot;contentType&quot;:&quot;image&quot;,&quot;height&quot;:1024,&quot;url&quot;:&quot;https:\/\/sawaqli.fra1.cdn.digitaloceanspaces.com\/60045\/Veilleuse-lapins-4.jpg&quot;,&quot;width&quot;:1024}\" data-trix-content-type=\"image\"><img decoding=\"async\" class=\"aligncenter\" src=\"https:\/\/sawaqli.fra1.cdn.digitaloceanspaces.com\/60045\/Veilleuse-lapins-4.jpg\" width=\"1024\" height=\"1024\" \/><figcaption class=\"attachment__caption\"><\/figcaption><\/figure>\n<figure class=\"attachment attachment--preview\" data-trix-attachment=\"{&quot;contentType&quot;:&quot;image&quot;,&quot;height&quot;:1024,&quot;url&quot;:&quot;https:\/\/sawaqli.fra1.cdn.digitaloceanspaces.com\/60046\/Veilleuse-lapins-2.jpg&quot;,&quot;width&quot;:1024}\" data-trix-content-type=\"image\"><img decoding=\"async\" class=\"aligncenter\" src=\"https:\/\/sawaqli.fra1.cdn.digitaloceanspaces.com\/60046\/Veilleuse-lapins-2.jpg\" width=\"1024\" height=\"1024\" \/><figcaption class=\"attachment__caption\"><\/figcaption><\/figure>\n<figure class=\"attachment attachment--preview\" data-trix-attachment=\"{&quot;contentType&quot;:&quot;image&quot;,&quot;height&quot;:1024,&quot;url&quot;:&quot;https:\/\/sawaqli.fra1.cdn.digitaloceanspaces.com\/60047\/Veilleuse-lapins-6.jpg&quot;,&quot;width&quot;:1024}\" data-trix-content-type=\"image\"><img decoding=\"async\" class=\"aligncenter\" src=\"https:\/\/sawaqli.fra1.cdn.digitaloceanspaces.com\/60047\/Veilleuse-lapins-6.jpg\" width=\"1024\" height=\"1024\" \/><figcaption class=\"attachment__caption\"><\/figcaption><\/figure>\n<figure class=\"attachment attachment--preview\" data-trix-attachment=\"{&quot;contentType&quot;:&quot;image&quot;,&quot;height&quot;:1024,&quot;url&quot;:&quot;https:\/\/sawaqli.fra1.cdn.digitaloceanspaces.com\/60048\/Veilleuse-lapins-5.jpg&quot;,&quot;width&quot;:1024}\" data-trix-content-type=\"image\"><img decoding=\"async\" class=\"aligncenter\" src=\"https:\/\/sawaqli.fra1.cdn.digitaloceanspaces.com\/60048\/Veilleuse-lapins-5.jpg\" width=\"1024\" height=\"1024\" \/><figcaption class=\"attachment__caption\"><\/figcaption><\/figure>\n<p style=\"text-align: center\">","protected":false},"excerpt":{"rendered":"<p>\ud83c\udf1f \u062d\u0648\u0651\u0644 \u063a\u0631\u0641\u0629 \u0637\u0641\u0644\u0643 \u0625\u0644\u0649 \u0639\u0627\u0644\u0645 \u0633\u062d\u0631\u064a \u0645\u0646 \u0627\u0644\u0623\u0636\u0648\u0627\u0621 \u0648\u0627\u0644\u0623\u0644\u0648\u0627\u0646! \ud83d\udca4\u2728\u0627\u0633\u062a\u0645\u062a\u0639 \u0628\u0623\u062c\u0648\u0627\u0621 \u062d\u0627\u0644\u0645\u0629 \u0645\u0639 \u0645\u0635\u0628\u0627\u062d \u0627\u0644\u0646\u062c\u0648\u0645 \u0627\u0644\u062f\u0648\u0651\u0627\u0631 360\u00b0\u060c \u0627\u0644\u0630\u064a \u064a\u0645\u0644\u0623 \u0627\u0644\u063a\u0631\u0641\u0629 \u0628\u0645\u0646\u0627\u0638\u0631 \u062e\u0644\u0627\u0628\u0629 \u0645\u0646 \u0627\u0644\u0633\u0645\u0627\u0621 \u0648\u0627\u0644\u0628\u062d\u0631 \u0648\u0627\u0644\u062f\u064a\u0646\u0627\u0635\u0648\u0631\u0627\u062a \u0648\u062d\u062a\u0649 \u0623\u062c\u0648\u0627\u0621 \u0639\u064a\u062f \u0627\u0644\u0645\u064a\u0644\u0627\u062f! \ud83c\udf84\ud83e\udd95\ud83c\udf0a\ud83c\udf08 \u0645\u0645\u064a\u0632\u0627\u062a \u0627\u0644\u0645\u0646\u062a\u062c:\ud83d\udd04 \u0625\u0636\u0627\u0621\u0629 \u062f\u0648\u0651\u0627\u0631\u0629 \u0628\u0632\u0627\u0648\u064a\u0629 360\u00b0: \u0627\u062e\u062a\u0631 \u0628\u064a\u0646 \u0627\u0644\u062f\u0648\u0631\u0627\u0646 \u0627\u0644\u062a\u0644\u0642\u0627\u0626\u064a \u0623\u0648 \u0627\u0644\u062b\u0627\u0628\u062a \u0644\u0639\u0631\u0636 \u0645\u0634\u0627\u0647\u062f \u0633\u0627\u062d\u0631\u0629.\ud83c\udfa8 5 \u0623\u0646\u0645\u0627\u0637 \u0639\u0631\u0636 \u0645\u0645\u062a\u0639\u0629: \ud83e\udd8c \u063a\u0632\u0627\u0644 \u0627\u0644\u062d\u0638 \u2013 \ud83c\udf82 \u0639\u064a\u062f \u0645\u064a\u0644\u0627\u062f \u0633\u0639\u064a\u062f \u2013 \ud83c\udf0a \u0639\u0627\u0644\u0645 \u0627\u0644\u0645\u062d\u064a\u0637 \u2013 \ud83e\udd96 \u0639\u0627\u0644\u0645 \u0627\u0644\u062f\u064a\u0646\u0627\u0635\u0648\u0631\u0627\u062a \u2013 \ud83c\udf85 \u0623\u062c\u0648\u0627\u0621 \u0639\u064a\u062f \u0627\u0644\u0645\u064a\u0644\u0627\u062f.\ud83c\udf19 \u0645\u0635\u0628\u0627\u062d \u0646\u0648\u0645 \u0645\u0631\u064a\u062d: \u064a\u0645\u0643\u0646 \u0627\u0633\u062a\u062e\u062f\u0627\u0645\u0647 \u0643\u0636\u0648\u0621 \u062e\u0627\u0641\u062a \u0644\u0644\u0646\u0648\u0645 \u0645\u0639 \u0633\u0637\u0648\u0639 \u0642\u0627\u0628\u0644 \u0644\u0644\u062a\u0639\u062f\u064a\u0644 \u0644\u0631\u0627\u062d\u0629 \u062a\u0627\u0645\u0629.\ud83d\udd0b \u0642\u0627\u0628\u0644 \u0644\u0644\u0634\u062d\u0646 \u0639\u0628\u0631 USB-C: \u0627\u0634\u062d\u0646\u0647 \u0628\u0633\u0647\u0648\u0644\u0629 \u0645\u0646 \u0627\u0644\u062d\u0627\u0633\u0648\u0628 \u0623\u0648 \u0627\u0644\u0634\u0627\u062d\u0646 \u0627\u0644\u0645\u062d\u0645\u0648\u0644\u060c \u062f\u0648\u0646 \u0627\u0644\u062d\u0627\u062c\u0629 \u0625\u0644\u0649 \u0628\u0637\u0627\u0631\u064a\u0627\u062a.\ud83d\udc76 \u0622\u0645\u0646 \u0648\u0633\u0647\u0644 \u0627\u0644\u0627\u0633\u062a\u062e\u062f\u0627\u0645 \u0644\u0644\u0623\u0637\u0641\u0627\u0644: \u0645\u062b\u0627\u0644\u064a \u0644\u063a\u0631\u0641 \u0627\u0644\u0628\u0646\u0627\u062a \u0648\u0627\u0644\u0623\u0648\u0644\u0627\u062f\u060c \u064a\u0645\u0646\u062d\u0647\u0645 \u0646\u0648\u0645\u064b\u0627 \u0647\u0627\u062f\u0626\u064b\u0627 \u0648\u0623\u062d\u0644\u0627\u0645\u064b\u0627 \u062c\u0645\u064a\u0644\u0629.\ud83d\udcab \u0627\u0635\u0646\u0639 \u0644\u062d\u0638\u0627\u062a \u0644\u0627 \u062a\u064f\u0646\u0633\u0649 \u0642\u0628\u0644 \u0627\u0644\u0646\u0648\u0645 \u0645\u0639 \u0647\u0630\u0627 \u0627\u0644\u0645\u0635\u0628\u0627\u062d \u0627\u0644\u0633\u062d\u0631\u064a!<\/p>","protected":false},"featured_media":47309,"comment_status":"open","ping_status":"closed","template":"","meta":[],"product_brand":[],"product_cat":[2463],"product_tag":[],"class_list":{"0":"post-47310","1":"product","2":"type-product","3":"status-publish","4":"has-post-thumbnail","6":"product_cat-electronique","8":"first","9":"instock","10":"sale","11":"taxable","12":"shipping-taxable","13":"purchasable","14":"product-type-simple"},"jetpack_sharing_enabled":true,"_links":{"self":[{"href":"https:\/\/shoponlinedz.com\/en\/wp-json\/wp\/v2\/product\/47310","targetHints":{"allow":["GET"]}}],"collection":[{"href":"https:\/\/shoponlinedz.com\/en\/wp-json\/wp\/v2\/product"}],"about":[{"href":"https:\/\/shoponlinedz.com\/en\/wp-json\/wp\/v2\/types\/product"}],"replies":[{"embeddable":true,"href":"https:\/\/shoponlinedz.com\/en\/wp-json\/wp\/v2\/comments?post=47310"}],"version-history":[{"count":0,"href":"https:\/\/shoponlinedz.com\/en\/wp-json\/wp\/v2\/product\/47310\/revisions"}],"wp:featuredmedia":[{"embeddable":true,"href":"https:\/\/shoponlinedz.com\/en\/wp-json\/wp\/v2\/media\/47309"}],"wp:attachment":[{"href":"https:\/\/shoponlinedz.com\/en\/wp-json\/wp\/v2\/media?parent=47310"}],"wp:term":[{"taxonomy":"product_brand","embeddable":true,"href":"https:\/\/shoponlinedz.com\/en\/wp-json\/wp\/v2\/product_brand?post=47310"},{"taxonomy":"product_cat","embeddable":true,"href":"https:\/\/shoponlinedz.com\/en\/wp-json\/wp\/v2\/product_cat?post=47310"},{"taxonomy":"product_tag","embeddable":true,"href":"https:\/\/shoponlinedz.com\/en\/wp-json\/wp\/v2\/product_tag?post=47310"}],"curies":[{"name":"wp","href":"https:\/\/api.w.org\/{rel}","templated":true}]}}