{"id":47288,"date":"2026-01-05T15:45:51","date_gmt":"2026-01-05T15:45:51","guid":{"rendered":"https:\/\/shoponlinedz.com\/product\/support-de-telephone-portable-pour-siege-arriere-de-voiture-%d8%ad%d8%a7%d9%85%d9%84-%d9%87%d8%a7%d8%aa%d9%81-%d9%84%d9%84%d9%85%d9%82%d8%b9%d8%af-%d8%a7%d9%84%d8%ae%d9%84%d9%81%d9%8a-%d9%81\/"},"modified":"2026-01-28T12:16:38","modified_gmt":"2026-01-28T12:16:38","slug":"support-de-telephone-portable-pour-siege-arriere-de-voiture-%d8%ad%d8%a7%d9%85%d9%84-%d9%87%d8%a7%d8%aa%d9%81-%d9%84%d9%84%d9%85%d9%82%d8%b9%d8%af-%d8%a7%d9%84%d8%ae%d9%84%d9%81%d9%8a-%d9%81","status":"publish","type":"product","link":"https:\/\/shoponlinedz.com\/en\/product\/support-de-telephone-portable-pour-siege-arriere-de-voiture-%d8%ad%d8%a7%d9%85%d9%84-%d9%87%d8%a7%d8%aa%d9%81-%d9%84%d9%84%d9%85%d9%82%d8%b9%d8%af-%d8%a7%d9%84%d8%ae%d9%84%d9%81%d9%8a-%d9%81\/","title":{"rendered":"Support de t\u00e9l\u00e9phone portable pour si\u00e8ge arri\u00e8re de voiture \u2013 \u062d\u0627\u0645\u0644 \u0647\u0627\u062a\u0641 \u0644\u0644\u0645\u0642\u0639\u062f \u0627\u0644\u062e\u0644\u0641\u064a \u0641\u064a \u0627\u0644\u0633\u064a\u0627\u0631\u0629"},"content":{"rendered":"<figure class=\"attachment attachment--preview\" data-trix-attachment=\"{&quot;contentType&quot;:&quot;image&quot;,&quot;height&quot;:1024,&quot;url&quot;:&quot;https:\/\/sawaqli.fra1.cdn.digitaloceanspaces.com\/59980\/V6-Holder.jpg&quot;,&quot;width&quot;:1024}\" data-trix-content-type=\"image\"><img decoding=\"async\" class=\"aligncenter\" src=\"https:\/\/sawaqli.fra1.cdn.digitaloceanspaces.com\/59980\/V6-Holder.jpg\" width=\"1024\" height=\"1024\" \/><figcaption class=\"attachment__caption\"><\/figcaption><\/figure>\n<figure class=\"attachment attachment--preview\" data-trix-attachment=\"{&quot;contentType&quot;:&quot;image&quot;,&quot;height&quot;:1024,&quot;url&quot;:&quot;https:\/\/sawaqli.fra1.cdn.digitaloceanspaces.com\/59981\/V6-Holder-1.jpg&quot;,&quot;width&quot;:1024}\" data-trix-content-type=\"image\"><img decoding=\"async\" class=\"aligncenter\" src=\"https:\/\/sawaqli.fra1.cdn.digitaloceanspaces.com\/59981\/V6-Holder-1.jpg\" width=\"1024\" height=\"1024\" \/><figcaption class=\"attachment__caption\"><\/figcaption><\/figure>\n<figure class=\"attachment attachment--preview\" data-trix-attachment=\"{&quot;contentType&quot;:&quot;image&quot;,&quot;height&quot;:1024,&quot;url&quot;:&quot;https:\/\/sawaqli.fra1.cdn.digitaloceanspaces.com\/59982\/V6-Holder-8.jpg&quot;,&quot;width&quot;:1024}\" data-trix-content-type=\"image\"><img decoding=\"async\" class=\"aligncenter\" src=\"https:\/\/sawaqli.fra1.cdn.digitaloceanspaces.com\/59982\/V6-Holder-8.jpg\" width=\"1024\" height=\"1024\" \/><figcaption class=\"attachment__caption\"><\/figcaption><\/figure>\n<figure class=\"attachment attachment--preview\" data-trix-attachment=\"{&quot;contentType&quot;:&quot;image&quot;,&quot;height&quot;:1024,&quot;url&quot;:&quot;https:\/\/sawaqli.fra1.cdn.digitaloceanspaces.com\/59983\/V6-Holder-7.jpg&quot;,&quot;width&quot;:1024}\" data-trix-content-type=\"image\"><img decoding=\"async\" class=\"aligncenter\" src=\"https:\/\/sawaqli.fra1.cdn.digitaloceanspaces.com\/59983\/V6-Holder-7.jpg\" width=\"1024\" height=\"1024\" \/><figcaption class=\"attachment__caption\"><\/figcaption><\/figure>\n<figure class=\"attachment attachment--preview\" data-trix-attachment=\"{&quot;contentType&quot;:&quot;image&quot;,&quot;height&quot;:1024,&quot;url&quot;:&quot;https:\/\/sawaqli.fra1.cdn.digitaloceanspaces.com\/59984\/V6-Holder-3.jpg&quot;,&quot;width&quot;:1024}\" data-trix-content-type=\"image\"><img decoding=\"async\" class=\"aligncenter\" src=\"https:\/\/sawaqli.fra1.cdn.digitaloceanspaces.com\/59984\/V6-Holder-3.jpg\" width=\"1024\" height=\"1024\" \/><figcaption class=\"attachment__caption\"><\/figcaption><\/figure>\n<p style=\"text-align: center;\">","protected":false},"excerpt":{"rendered":"<p>\ud83d\udcf1 \u062f\u064e\u0639 \u0647\u0627\u062a\u0641\u0643 \u0641\u064a \u0645\u0643\u0627\u0646\u0647 \u0628\u0623\u0645\u0627\u0646 \u0623\u062b\u0646\u0627\u0621 \u0627\u0644\u0642\u064a\u0627\u062f\u0629! \ud83d\ude97\u2728\u062a\u0645\u062a\u0639 \u0628\u0627\u0644\u0631\u0627\u062d\u0629 \u0648\u0627\u0644\u0630\u0643\u0627\u0621 \u0645\u0639 \u062d\u0627\u0645\u0644 \u0627\u0644\u0647\u0627\u062a\u0641 \u0627\u0644\u0645\u0632\u0648\u062f \u0628\u062e\u064f\u0637\u0627\u0641 \u0644\u0644\u0645\u0633\u0646\u062f \u0627\u0644\u062e\u0644\u0641\u064a \u2014 \u0627\u0644\u062d\u0644 \u0627\u0644\u0623\u0645\u062b\u0644 \u0644\u0645\u0634\u0627\u0647\u062f\u0629 \u0627\u0644\u0641\u064a\u062f\u064a\u0648\u0647\u0627\u062a \u0623\u0648 \u062a\u062b\u0628\u064a\u062a \u0627\u0644\u0647\u0627\u062a\u0641 \u0644\u0623\u0637\u0641\u0627\u0644\u0643 \u0641\u064a \u0627\u0644\u0645\u0642\u0639\u062f \u0627\u0644\u062e\u0644\u0641\u064a \u0628\u0633\u0647\u0648\u0644\u0629 \u0648\u0623\u0645\u0627\u0646.\ud83d\udd12 \u062a\u062b\u0628\u064a\u062a \u0642\u0648\u064a \u0648\u0633\u0647\u0644\u064a\u064f\u0631\u0643\u0651\u0628 \u0641\u064a \u062b\u0648\u0627\u0646\u064d \u0641\u0642\u0637 \u0639\u0644\u0649 \u0645\u0633\u0646\u062f \u0627\u0644\u0631\u0623\u0633 \u062f\u0648\u0646 \u0627\u0644\u062d\u0627\u062c\u0629 \u0644\u0625\u0632\u0627\u0644\u062a\u0647\u060c \u0645\u0639 \u0646\u0638\u0627\u0645 \u0642\u0641\u0644 \u0645\u062d\u0643\u0645 \u064a\u0636\u0645\u0646 \u062b\u0628\u0627\u062a \u0627\u0644\u0647\u0627\u062a\u0641 \u062d\u062a\u0649 \u0641\u064a \u0627\u0644\u0637\u0631\u0642 \u0627\u0644\u0648\u0639\u0631\u0629.\ud83e\udd0d \u062d\u0645\u0627\u064a\u0629 \u0645\u062b\u0627\u0644\u064a\u0629\u0645\u0632\u0648\u062f \u0628\u062c\u0644\u0651 \u0633\u064a\u0644\u064a\u0643\u0648\u0646 \u0645\u0636\u0627\u062f \u0644\u0644\u0627\u0646\u0632\u0644\u0627\u0642 \u064a\u0645\u0646\u0639 \u0627\u0644\u062e\u062f\u0648\u0634 \u0639\u0644\u0649 \u0627\u0644\u0647\u0627\u062a\u0641 \u0648\u0639\u0644\u0649 \u0623\u0639\u0645\u062f\u0629 \u0627\u0644\u0645\u0633\u0646\u062f.\ud83d\udccf \u0645\u062a\u0648\u0627\u0641\u0642 \u0645\u0639 \u0645\u0639\u0638\u0645 \u0627\u0644\u0647\u0648\u0627\u062a\u0641\u064a\u0646\u0627\u0633\u0628 \u062c\u0645\u064a\u0639 \u0627\u0644\u0647\u0648\u0627\u062a\u0641 \u0630\u0627\u062a \u0627\u0644\u0639\u0631\u0636 \u0628\u064a\u0646 64 \u0645\u0645 \u064890 \u0645\u0645 \u2014 \u0645\u0646\u0627\u0633\u0628 \u0644\u0647\u0648\u0627\u062a\u0641 iPhone \u0648Samsung \u0648\u063a\u064a\u0631\u0647\u0627.\ud83e\uddf3 \u0627\u0633\u062a\u062e\u062f\u0627\u0645 \u0645\u0632\u062f\u0648\u062c \u0630\u0643\u064a\u0644\u0627 \u064a\u0642\u062a\u0635\u0631 \u062f\u0648\u0631\u0647 \u0639\u0644\u0649 \u062d\u0645\u0644 \u0627\u0644\u0647\u0627\u062a\u0641 \u0641\u0642\u0637! \ud83c\udf92 \u064a\u0645\u0643\u0646 \u0627\u0633\u062a\u062e\u062f\u0627\u0645\u0647 \u0643\u0640 \u062e\u064f\u0637\u0627\u0641 \u0642\u0648\u064a \u064a\u062a\u062d\u0645\u0644 \u062d\u062a\u0649 25 \u0643\u063a \u2014 \u0645\u062b\u0627\u0644\u064a \u0644\u062a\u0639\u0644\u064a\u0642 \u0627\u0644\u062d\u0642\u0627\u0626\u0628 \u0623\u0648 \u0627\u0644\u0645\u0634\u062a\u0631\u064a\u0627\u062a.\ud83c\udf1f \u0639\u0645\u0644\u064a \u0648\u0623\u0646\u064a\u0642\u0639\u0646\u062f \u0639\u062f\u0645 \u0627\u0644\u0627\u0633\u062a\u062e\u062f\u0627\u0645\u060c \u064a\u0645\u0643\u0646\u0643 \u0625\u062e\u0641\u0627\u0624\u0647 \u0628\u064a\u0646 \u0623\u0639\u0645\u062f\u0629 \u0627\u0644\u0645\u0633\u0646\u062f \u0644\u064a\u0645\u0646\u062d \u0633\u064a\u0627\u0631\u062a\u0643 \u0645\u0638\u0647\u0631\u0627\u064b \u0645\u0631\u062a\u0651\u0628\u0627\u064b \u0648\u0623\u0646\u064a\u0642\u0627\u064b.\ud83d\udca1 \u0627\u0644\u062d\u0627\u0645\u0644 \u0627\u0644\u0630\u0643\u064a \u0627\u0644\u0630\u064a \u064a\u062c\u0645\u0639 \u0628\u064a\u0646 \u0627\u0644\u0631\u0627\u062d\u0629\u060c \u0627\u0644\u0623\u0645\u0627\u0646\u060c \u0648\u0627\u0644\u062a\u0635\u0645\u064a\u0645 \u0627\u0644\u0639\u0635\u0631\u064a!<\/p>","protected":false},"featured_media":47287,"comment_status":"open","ping_status":"closed","template":"","meta":[],"product_brand":[],"product_cat":[2458],"product_tag":[],"class_list":{"0":"post-47288","1":"product","2":"type-product","3":"status-publish","4":"has-post-thumbnail","6":"product_cat-accessoires-auto-moto","8":"first","9":"instock","10":"sale","11":"taxable","12":"shipping-taxable","13":"purchasable","14":"product-type-simple"},"jetpack_sharing_enabled":true,"_links":{"self":[{"href":"https:\/\/shoponlinedz.com\/en\/wp-json\/wp\/v2\/product\/47288","targetHints":{"allow":["GET"]}}],"collection":[{"href":"https:\/\/shoponlinedz.com\/en\/wp-json\/wp\/v2\/product"}],"about":[{"href":"https:\/\/shoponlinedz.com\/en\/wp-json\/wp\/v2\/types\/product"}],"replies":[{"embeddable":true,"href":"https:\/\/shoponlinedz.com\/en\/wp-json\/wp\/v2\/comments?post=47288"}],"version-history":[{"count":0,"href":"https:\/\/shoponlinedz.com\/en\/wp-json\/wp\/v2\/product\/47288\/revisions"}],"wp:featuredmedia":[{"embeddable":true,"href":"https:\/\/shoponlinedz.com\/en\/wp-json\/wp\/v2\/media\/47287"}],"wp:attachment":[{"href":"https:\/\/shoponlinedz.com\/en\/wp-json\/wp\/v2\/media?parent=47288"}],"wp:term":[{"taxonomy":"product_brand","embeddable":true,"href":"https:\/\/shoponlinedz.com\/en\/wp-json\/wp\/v2\/product_brand?post=47288"},{"taxonomy":"product_cat","embeddable":true,"href":"https:\/\/shoponlinedz.com\/en\/wp-json\/wp\/v2\/product_cat?post=47288"},{"taxonomy":"product_tag","embeddable":true,"href":"https:\/\/shoponlinedz.com\/en\/wp-json\/wp\/v2\/product_tag?post=47288"}],"curies":[{"name":"wp","href":"https:\/\/api.w.org\/{rel}","templated":true}]}}