{"id":47165,"date":"2026-01-05T15:42:33","date_gmt":"2026-01-05T15:42:33","guid":{"rendered":"https:\/\/shoponlinedz.com\/product\/kit-denregistrement-video-pour-smartphone-et-appareil-photo-avec-microphone-a-led-integre-%d8%b7%d9%82%d9%85-%d8%aa%d8%b5%d9%88%d8%b1%d9%8a%d8%b1-%d8%a5%d8%ad%d8%aa%d8%b1%d8%a7\/"},"modified":"2026-01-28T12:21:45","modified_gmt":"2026-01-28T12:21:45","slug":"kit-denregistrement-video-pour-smartphone-et-appareil-photo-avec-microphone-a-led-integre-%d8%b7%d9%82%d9%85-%d8%aa%d8%b5%d9%88%d8%b1%d9%8a%d8%b1-%d8%a5%d8%ad%d8%aa%d8%b1%d8%a7","status":"publish","type":"product","link":"https:\/\/shoponlinedz.com\/en\/product\/kit-denregistrement-video-pour-smartphone-et-appareil-photo-avec-microphone-a-led-integre-%d8%b7%d9%82%d9%85-%d8%aa%d8%b5%d9%88%d8%b1%d9%8a%d8%b1-%d8%a5%d8%ad%d8%aa%d8%b1%d8%a7\/","title":{"rendered":"Kit d\u2019enregistrement vid\u00e9o pour smartphone et appareil photo avec microphone \u00e0 LED int\u00e9gr\u00e9 \u2013 \u0637\u0642\u0645 \u062a\u0635\u0648\u0631\u064a\u0631 \u0625\u062d\u062a\u0631\u0627\u0641\u064a \u0645\u0639 \u0645\u064a\u0643\u0631\u0648\u0641\u0648\u0646 \u0648\u0625\u0636\u0627\u0621\u0629 \u0645\u062f\u0645\u062c\u0629"},"content":{"rendered":"<figure class=\"attachment attachment--preview\" data-trix-attachment=\"{&quot;contentType&quot;:&quot;image&quot;,&quot;height&quot;:1024,&quot;url&quot;:&quot;https:\/\/sawaqli.fra1.cdn.digitaloceanspaces.com\/60320\/PK-771-cnc-1.jpg&quot;,&quot;width&quot;:1024}\" data-trix-content-type=\"image\"><img decoding=\"async\" class=\"aligncenter\" src=\"https:\/\/sawaqli.fra1.cdn.digitaloceanspaces.com\/60320\/PK-771-cnc-1.jpg\" width=\"1024\" height=\"1024\" \/><figcaption class=\"attachment__caption\"><\/figcaption><\/figure>\n<figure class=\"attachment attachment--preview\" data-trix-attachment=\"{&quot;contentType&quot;:&quot;image&quot;,&quot;height&quot;:1024,&quot;url&quot;:&quot;https:\/\/sawaqli.fra1.cdn.digitaloceanspaces.com\/60314\/PK-771-2.jpg&quot;,&quot;width&quot;:1024}\" data-trix-content-type=\"image\"><img decoding=\"async\" class=\"aligncenter\" src=\"https:\/\/sawaqli.fra1.cdn.digitaloceanspaces.com\/60314\/PK-771-2.jpg\" width=\"1024\" height=\"1024\" \/><figcaption class=\"attachment__caption\"><\/figcaption><\/figure>\n<figure class=\"attachment attachment--preview\" data-trix-attachment=\"{&quot;contentType&quot;:&quot;image&quot;,&quot;height&quot;:1024,&quot;url&quot;:&quot;https:\/\/sawaqli.fra1.cdn.digitaloceanspaces.com\/60315\/PK-771-3.jpg&quot;,&quot;width&quot;:1024}\" data-trix-content-type=\"image\"><img decoding=\"async\" class=\"aligncenter\" src=\"https:\/\/sawaqli.fra1.cdn.digitaloceanspaces.com\/60315\/PK-771-3.jpg\" width=\"1024\" height=\"1024\" \/><figcaption class=\"attachment__caption\"><\/figcaption><\/figure>\n<figure class=\"attachment attachment--preview\" data-trix-attachment=\"{&quot;contentType&quot;:&quot;image&quot;,&quot;height&quot;:1024,&quot;url&quot;:&quot;https:\/\/sawaqli.fra1.cdn.digitaloceanspaces.com\/60316\/PK-771-4.jpg&quot;,&quot;width&quot;:1024}\" data-trix-content-type=\"image\"><img decoding=\"async\" class=\"aligncenter\" src=\"https:\/\/sawaqli.fra1.cdn.digitaloceanspaces.com\/60316\/PK-771-4.jpg\" width=\"1024\" height=\"1024\" \/><figcaption class=\"attachment__caption\"><\/figcaption><\/figure>\n<figure class=\"attachment attachment--preview\" data-trix-attachment=\"{&quot;contentType&quot;:&quot;image&quot;,&quot;height&quot;:1024,&quot;url&quot;:&quot;https:\/\/sawaqli.fra1.cdn.digitaloceanspaces.com\/60317\/PK-771-1.jpg&quot;,&quot;width&quot;:1024}\" data-trix-content-type=\"image\"><img decoding=\"async\" class=\"aligncenter\" src=\"https:\/\/sawaqli.fra1.cdn.digitaloceanspaces.com\/60317\/PK-771-1.jpg\" width=\"1024\" height=\"1024\" \/><figcaption class=\"attachment__caption\"><\/figcaption><\/figure>\n<p style=\"text-align: center;\">","protected":false},"excerpt":{"rendered":"<p>\ud83d\udcf8 \u0645\u062c\u0645\u0648\u0639\u0629 \u062a\u0633\u062c\u064a\u0644 \u0627\u0644\u0641\u064a\u062f\u064a\u0648 \u0627\u0644\u0627\u062d\u062a\u0631\u0627\u0641\u064a\u0629 \u0644\u0644\u0647\u0627\u062a\u0641 \u0648\u0627\u0644\u0643\u0627\u0645\u064a\u0631\u0627 \ud83c\udfa5\u2728 \u0627\u0644\u062a\u0648\u0627\u0641\u0642 \u0627\u0644\u0648\u0627\u0633\u0639 \u0645\u062c\u0645\u0648\u0639\u0629 \u0627\u062d\u062a\u0631\u0627\u0641\u064a\u0629 \u0644\u062a\u0633\u062c\u064a\u0644 \u0627\u0644\u0641\u064a\u062f\u064a\u0648 \u0645\u0635\u0645\u0645\u0629 \u0644\u062a\u0639\u0645\u0644 \u0645\u0639 \u0623\u064a \u0647\u0627\u062a\u0641 \u0645\u062d\u0645\u0648\u0644 \u0623\u0648 \u0643\u0627\u0645\u064a\u0631\u0627 \u0631\u0642\u0645\u064a\u0629\u060c \u0644\u062a\u0645\u0646\u062d\u0643 \u062c\u0648\u062f\u0629 \u0625\u0646\u062a\u0627\u062c \u0627\u062d\u062a\u0631\u0627\u0641\u064a\u0629 \u0641\u064a \u0643\u0644 \u062a\u0635\u0648\u064a\u0631.\ud83d\udca1 \u0627\u0644\u0645\u062c\u0645\u0648\u0639\u0629 \u0627\u0644\u0643\u0627\u0645\u0644\u0629 \u062a\u0634\u0645\u0644 \u0646\u0638\u0627\u0645 \u0625\u0636\u0627\u0621\u0629 LED\u060c \u0645\u064a\u0643\u0631\u0648\u0641\u0648\u0646 \u0627\u062d\u062a\u0631\u0627\u0641\u064a\u060c \u0648\u062d\u0627\u0645\u0644 \u0647\u0627\u062a\u0641 \u0642\u0627\u0628\u0644 \u0644\u0644\u062a\u0639\u062f\u064a\u0644 \u2014 \u0625\u0639\u062f\u0627\u062f \u0645\u062a\u0643\u0627\u0645\u0644 \u0644\u062a\u0635\u0648\u064a\u0631 \u0641\u064a\u062f\u064a\u0648 \u0639\u0627\u0644\u064a \u0627\u0644\u062c\u0648\u062f\u0629 \u0641\u064a \u0623\u064a \u0645\u0643\u0627\u0646.\ud83d\udd26 \u0625\u0636\u0627\u0621\u0629 \u0645\u062b\u0627\u0644\u064a\u0629 \u0641\u064a \u0643\u0644 \u0627\u0644\u0638\u0631\u0648\u0641 \u064a\u0648\u0641\u0631 \u0636\u0648\u0621 \u0627\u0644\u0640LED \u0625\u0636\u0627\u0621\u0629 \u062b\u0627\u0628\u062a\u0629 \u0648\u0645\u0634\u0631\u0642\u0629 \u0644\u0644\u062d\u0635\u0648\u0644 \u0639\u0644\u0649 \u0644\u0642\u0637\u0627\u062a \u0648\u0627\u0636\u062d\u0629 \u0648\u0627\u062d\u062a\u0631\u0627\u0641\u064a\u0629 \u062d\u062a\u0649 \u0641\u064a \u0627\u0644\u0625\u0636\u0627\u0621\u0629 \u0627\u0644\u0636\u0639\u064a\u0641\u0629.\ud83d\udcf1 \u062a\u062b\u0628\u064a\u062a \u0645\u0633\u062a\u0642\u0631 \u0648\u0622\u0645\u0646 \u0627\u0644\u062d\u0627\u0645\u0644 \u0627\u0644\u0642\u0648\u064a \u0644\u0644\u0647\u0627\u062a\u0641 \u064a\u0636\u0645\u0646 \u062b\u0628\u0627\u062a \u062c\u0647\u0627\u0632\u0643 \u0623\u062b\u0646\u0627\u0621 \u0627\u0644\u062a\u0635\u0648\u064a\u0631\u060c \u0633\u0648\u0627\u0621 \u0641\u064a \u0627\u0644\u0645\u0643\u062a\u0628 \u0623\u0648 \u0641\u064a \u0627\u0644\u062e\u0627\u0631\u062c.\ud83c\udfa4 \u0635\u0648\u062a \u0648\u0627\u0636\u062d \u0648\u0627\u062d\u062a\u0631\u0627\u0641\u064a \u0627\u0644\u0645\u064a\u0643\u0631\u0648\u0641\u0648\u0646 \u0627\u0644\u0645\u062e\u0635\u0635 \u064a\u0644\u062a\u0642\u0637 \u0627\u0644\u0635\u0648\u062a \u0628\u062c\u0648\u062f\u0629 \u0639\u0627\u0644\u064a\u0629 \u0644\u064a\u0645\u0646\u062d\u0643 \u0646\u0642\u0627\u0621\u064b \u0648\u0648\u0636\u0648\u062d\u0627\u064b \u0641\u064a \u0643\u0644 \u062a\u0633\u062c\u064a\u0644.\ud83d\udccf \u0627\u0644\u0645\u0648\u0627\u0635\u0641\u0627\u062a \u0627\u0644\u0623\u0628\u0639\u0627\u062f: \u200e6 \u00d7 15 \u00d7 25 \u0633\u0645 \u0627\u0644\u0648\u0632\u0646: \u200e20 \u063a\ud83d\udd39 \u0645\u062b\u0627\u0644\u064a \u0644\u0635\u0646\u0627\u0639 \u0627\u0644\u0645\u062d\u062a\u0648\u0649\u060c \u0627\u0644\u064a\u0648\u062a\u064a\u0648\u0628\u0631\u0632\u060c \u0648\u0627\u0644\u0645\u0635\u0648\u0631\u064a\u0646 \u0627\u0644\u0630\u064a\u0646 \u064a\u0628\u062d\u062b\u0648\u0646 \u0639\u0646 \u062c\u0648\u062f\u0629 \u062a\u0635\u0648\u064a\u0631 \u0648\u0627\u062d\u062a\u0631\u0627\u0641\u064a\u0629 \u0641\u064a \u0643\u0644 \u0644\u0642\u0637\u0629!<\/p>","protected":false},"featured_media":47164,"comment_status":"open","ping_status":"closed","template":"","meta":[],"product_brand":[],"product_cat":[2463],"product_tag":[],"class_list":{"0":"post-47165","1":"product","2":"type-product","3":"status-publish","4":"has-post-thumbnail","6":"product_cat-electronique","8":"first","9":"instock","10":"sale","11":"taxable","12":"shipping-taxable","13":"purchasable","14":"product-type-simple"},"jetpack_sharing_enabled":true,"_links":{"self":[{"href":"https:\/\/shoponlinedz.com\/en\/wp-json\/wp\/v2\/product\/47165","targetHints":{"allow":["GET"]}}],"collection":[{"href":"https:\/\/shoponlinedz.com\/en\/wp-json\/wp\/v2\/product"}],"about":[{"href":"https:\/\/shoponlinedz.com\/en\/wp-json\/wp\/v2\/types\/product"}],"replies":[{"embeddable":true,"href":"https:\/\/shoponlinedz.com\/en\/wp-json\/wp\/v2\/comments?post=47165"}],"version-history":[{"count":0,"href":"https:\/\/shoponlinedz.com\/en\/wp-json\/wp\/v2\/product\/47165\/revisions"}],"wp:featuredmedia":[{"embeddable":true,"href":"https:\/\/shoponlinedz.com\/en\/wp-json\/wp\/v2\/media\/47164"}],"wp:attachment":[{"href":"https:\/\/shoponlinedz.com\/en\/wp-json\/wp\/v2\/media?parent=47165"}],"wp:term":[{"taxonomy":"product_brand","embeddable":true,"href":"https:\/\/shoponlinedz.com\/en\/wp-json\/wp\/v2\/product_brand?post=47165"},{"taxonomy":"product_cat","embeddable":true,"href":"https:\/\/shoponlinedz.com\/en\/wp-json\/wp\/v2\/product_cat?post=47165"},{"taxonomy":"product_tag","embeddable":true,"href":"https:\/\/shoponlinedz.com\/en\/wp-json\/wp\/v2\/product_tag?post=47165"}],"curies":[{"name":"wp","href":"https:\/\/api.w.org\/{rel}","templated":true}]}}