{"id":47094,"date":"2026-01-05T15:40:41","date_gmt":"2026-01-05T15:40:41","guid":{"rendered":"https:\/\/shoponlinedz.com\/product\/boite-a-manger-pour-enfants-avec-couvercle-illustre-design-ludique-%d8%b9%d9%84%d8%a8%d8%a9-%d8%ad%d9%81%d8%b8-%d8%a7%d9%84%d8%b7%d8%b9%d8%a7%d9%85-%d9%84%d9%84%d8%a3%d8%b7%d9%81%d8%a7%d9%84\/"},"modified":"2026-01-28T12:21:47","modified_gmt":"2026-01-28T12:21:47","slug":"boite-a-manger-pour-enfants-avec-couvercle-illustre-design-ludique-%d8%b9%d9%84%d8%a8%d8%a9-%d8%ad%d9%81%d8%b8-%d8%a7%d9%84%d8%b7%d8%b9%d8%a7%d9%85-%d9%84%d9%84%d8%a3%d8%b7%d9%81%d8%a7%d9%84","status":"publish","type":"product","link":"https:\/\/shoponlinedz.com\/en\/product\/boite-a-manger-pour-enfants-avec-couvercle-illustre-design-ludique-%d8%b9%d9%84%d8%a8%d8%a9-%d8%ad%d9%81%d8%b8-%d8%a7%d9%84%d8%b7%d8%b9%d8%a7%d9%85-%d9%84%d9%84%d8%a3%d8%b7%d9%81%d8%a7%d9%84\/","title":{"rendered":"Bo\u00eete \u00e0 Manger pour Enfants avec Couvercle Illustr\u00e9 Design Ludique \u2013 \u0639\u0644\u0628\u0629 \u062d\u0641\u0638 \u0627\u0644\u0637\u0639\u0627\u0645 \u0644\u0644\u0623\u0637\u0641\u0627\u0644"},"content":{"rendered":"<figure class=\"attachment attachment--preview\" data-trix-attachment=\"{&quot;contentType&quot;:&quot;image&quot;,&quot;height&quot;:1024,&quot;url&quot;:&quot;https:\/\/sawaqli.fra1.cdn.digitaloceanspaces.com\/60348\/Children-Bowl-cnc.jpg&quot;,&quot;width&quot;:1024}\" data-trix-content-type=\"image\"><img decoding=\"async\" class=\"aligncenter\" src=\"https:\/\/sawaqli.fra1.cdn.digitaloceanspaces.com\/60348\/Children-Bowl-cnc.jpg\" width=\"1024\" height=\"1024\" \/><figcaption class=\"attachment__caption\"><\/figcaption><\/figure>\n<figure class=\"attachment attachment--preview\" data-trix-attachment=\"{&quot;contentType&quot;:&quot;image&quot;,&quot;height&quot;:1024,&quot;url&quot;:&quot;https:\/\/sawaqli.fra1.cdn.digitaloceanspaces.com\/60349\/Children-Bowl-1.jpg&quot;,&quot;width&quot;:1024}\" data-trix-content-type=\"image\"><img decoding=\"async\" class=\"aligncenter\" src=\"https:\/\/sawaqli.fra1.cdn.digitaloceanspaces.com\/60349\/Children-Bowl-1.jpg\" width=\"1024\" height=\"1024\" \/><figcaption class=\"attachment__caption\"><\/figcaption><\/figure>\n<figure class=\"attachment attachment--preview\" data-trix-attachment=\"{&quot;contentType&quot;:&quot;image&quot;,&quot;height&quot;:1024,&quot;url&quot;:&quot;https:\/\/sawaqli.fra1.cdn.digitaloceanspaces.com\/60350\/Children-Bowl-4.jpg&quot;,&quot;width&quot;:1024}\" data-trix-content-type=\"image\"><img decoding=\"async\" class=\"aligncenter\" src=\"https:\/\/sawaqli.fra1.cdn.digitaloceanspaces.com\/60350\/Children-Bowl-4.jpg\" width=\"1024\" height=\"1024\" \/><figcaption class=\"attachment__caption\"><\/figcaption><\/figure>\n<figure class=\"attachment attachment--preview\" data-trix-attachment=\"{&quot;contentType&quot;:&quot;image&quot;,&quot;height&quot;:1024,&quot;url&quot;:&quot;https:\/\/sawaqli.fra1.cdn.digitaloceanspaces.com\/60351\/Children-Bowl-3.jpg&quot;,&quot;width&quot;:1024}\" data-trix-content-type=\"image\"><img decoding=\"async\" class=\"aligncenter\" src=\"https:\/\/sawaqli.fra1.cdn.digitaloceanspaces.com\/60351\/Children-Bowl-3.jpg\" width=\"1024\" height=\"1024\" \/><figcaption class=\"attachment__caption\"><\/figcaption><\/figure>\n<figure class=\"attachment attachment--preview\" data-trix-attachment=\"{&quot;contentType&quot;:&quot;image&quot;,&quot;height&quot;:1024,&quot;url&quot;:&quot;https:\/\/sawaqli.fra1.cdn.digitaloceanspaces.com\/60352\/Children-Bowl-2.jpg&quot;,&quot;width&quot;:1024}\" data-trix-content-type=\"image\"><img decoding=\"async\" class=\"aligncenter\" src=\"https:\/\/sawaqli.fra1.cdn.digitaloceanspaces.com\/60352\/Children-Bowl-2.jpg\" width=\"1024\" height=\"1024\" \/><figcaption class=\"attachment__caption\"><\/figcaption><\/figure>\n<p style=\"text-align: center;\">","protected":false},"excerpt":{"rendered":"<p>\ud83c\udf71\ud83d\udc38 \u0639\u0644\u0628 \u0637\u0639\u0627\u0645 \u0645\u0644\u0648\u0646\u0629 \u0648\u0645\u0645\u062a\u0639\u0629 \u0644\u0644\u0623\u0637\u0641\u0627\u0644 \u2013 \u0627\u0644\u0648\u062c\u0628\u0627\u062a \u062a\u0635\u0628\u062d \u0644\u062d\u0638\u0627\u062a \u0645\u0646 \u0627\u0644\u0645\u0631\u062d! \ud83d\udc2e\ud83d\udc31\u062d\u0648\u0651\u0644 \u0648\u0642\u062a \u0627\u0644\u0623\u0643\u0644 \u0625\u0644\u0649 \u0644\u062d\u0638\u0629 \u0645\u0644\u064a\u0626\u0629 \u0628\u0627\u0644\u0641\u0631\u062d \u0645\u0639 \u0639\u0644\u0628 \u0627\u0644\u0637\u0639\u0627\u0645 \u0627\u0644\u0645\u062e\u0635\u0635\u0629 \u0644\u0644\u0623\u0637\u0641\u0627\u0644\u060c \u0628\u062a\u0635\u0645\u064a\u0645 \u0639\u0645\u0644\u064a \u0648\u062c\u0630\u0627\u0628 \u064a\u062c\u0645\u0639 \u0628\u064a\u0646 \u0627\u0644\u0631\u0627\u062d\u0629 \u0648\u0627\u0644\u0623\u0645\u0627\u0646 \u0648\u0627\u0644\u0645\u0631\u062d! \ud83d\ude0b\u2728\ud83c\udf1f \u0627\u0644\u0645\u0645\u064a\u0632\u0627\u062a:\ud83d\udc30 \u062a\u0635\u0645\u064a\u0645 \u0637\u0641\u0648\u0644\u064a \u0644\u0637\u064a\u0641 \u2013 \u0623\u063a\u0637\u064a\u0629 \u0645\u0632\u064a\u0646\u0629 \u0628\u0635\u0648\u0631 \u062d\u064a\u0648\u0627\u0646\u0627\u062a \u062c\u0645\u064a\u0644\u0629 (\u0642\u0637\u0629\u060c \u0636\u0641\u062f\u0639\u060c \u0628\u0642\u0631\u0629&#8230;).\ud83d\udd90\ufe0f \u0645\u0642\u0627\u0628\u0636 \u062c\u0627\u0646\u0628\u064a\u0629 \u2013 \u0644\u062a\u0633\u0647\u064a\u0644 \u0627\u0644\u0625\u0645\u0633\u0627\u0643 \u0628\u0647\u0627 \u0645\u0646 \u0642\u0628\u0644 \u0627\u0644\u0623\u0637\u0641\u0627\u0644 \u0627\u0644\u0635\u063a\u0627\u0631.\ud83c\udf4e \u062d\u062c\u0645 \u0645\u062b\u0627\u0644\u064a \u2013 \u0645\u0646\u0627\u0633\u0628 \u0644\u0644\u0641\u0648\u0627\u0643\u0647\u060c \u0627\u0644\u062d\u0628\u0648\u0628\u060c \u0627\u0644\u0628\u0633\u0643\u0648\u064a\u062a \u0623\u0648 \u0648\u062c\u0628\u0629 \u062e\u0641\u064a\u0641\u0629 \u0645\u062f\u0631\u0633\u064a\u0629.\ud83e\uddf4 \u0645\u0635\u0646\u0648\u0639\u0629 \u0645\u0646 \u0628\u0644\u0627\u0633\u062a\u064a\u0643 \u0622\u0645\u0646 \u0628\u062f\u0648\u0646 BPA \u2013 \u0622\u0645\u0646\u0629 \u062a\u0645\u0627\u0645\u064b\u0627 \u0644\u0644\u0627\u0633\u062a\u0639\u0645\u0627\u0644 \u0627\u0644\u064a\u0648\u0645\u064a.\ud83e\uddca \u063a\u0637\u0627\u0621 \u0645\u062d\u0643\u0645 \u0627\u0644\u0625\u063a\u0644\u0627\u0642 \u2013 \u064a\u062d\u0627\u0641\u0638 \u0639\u0644\u0649 \u0646\u0636\u0627\u0631\u0629 \u0627\u0644\u0637\u0639\u0627\u0645 \u0648\u064a\u0645\u0646\u0639 \u0627\u0644\u062a\u0633\u0631\u0628.\ud83e\uddfc \u0633\u0647\u0644\u0629 \u0627\u0644\u062a\u0646\u0638\u064a\u0641 \u2013 \u0642\u0627\u0628\u0644\u0629 \u0644\u0644\u063a\u0633\u0644 \u0641\u064a \u063a\u0633\u0627\u0644\u0629 \u0627\u0644\u0635\u062d\u0648\u0646.\ud83c\udfa8 \u0623\u0644\u0648\u0627\u0646 \u0645\u062a\u0646\u0648\u0639\u0629 \u2013 \u0628\u0646\u0641\u0633\u062c\u064a \ud83d\udc9c \u0648\u0628\u0631\u062a\u0642\u0627\u0644\u064a \ud83e\udde1.\ud83d\udccf \u0627\u0644\u0623\u0628\u0639\u0627\u062f: 12\u00d77 \u0633\u0645.\u2728 \u0627\u062e\u062a\u064a\u0627\u0631 \u0645\u062b\u0627\u0644\u064a \u0644\u0644\u0623\u0637\u0641\u0627\u0644 \u0641\u064a \u0627\u0644\u0645\u0646\u0632\u0644 \u0623\u0648 \u0627\u0644\u0645\u062f\u0631\u0633\u0629 \u2013 \u0645\u0645\u062a\u0639\u0629\u060c \u0622\u0645\u0646\u0629\u060c \u0648\u0633\u0647\u0644\u0629 \u0627\u0644\u0627\u0633\u062a\u062e\u062f\u0627\u0645! \ud83c\udf92<\/p>","protected":false},"featured_media":47093,"comment_status":"open","ping_status":"closed","template":"","meta":[],"product_brand":[],"product_cat":[2456],"product_tag":[],"class_list":{"0":"post-47094","1":"product","2":"type-product","3":"status-publish","4":"has-post-thumbnail","6":"product_cat-cuisine","8":"first","9":"instock","10":"sale","11":"taxable","12":"shipping-taxable","13":"purchasable","14":"product-type-simple"},"jetpack_sharing_enabled":true,"_links":{"self":[{"href":"https:\/\/shoponlinedz.com\/en\/wp-json\/wp\/v2\/product\/47094","targetHints":{"allow":["GET"]}}],"collection":[{"href":"https:\/\/shoponlinedz.com\/en\/wp-json\/wp\/v2\/product"}],"about":[{"href":"https:\/\/shoponlinedz.com\/en\/wp-json\/wp\/v2\/types\/product"}],"replies":[{"embeddable":true,"href":"https:\/\/shoponlinedz.com\/en\/wp-json\/wp\/v2\/comments?post=47094"}],"version-history":[{"count":0,"href":"https:\/\/shoponlinedz.com\/en\/wp-json\/wp\/v2\/product\/47094\/revisions"}],"wp:featuredmedia":[{"embeddable":true,"href":"https:\/\/shoponlinedz.com\/en\/wp-json\/wp\/v2\/media\/47093"}],"wp:attachment":[{"href":"https:\/\/shoponlinedz.com\/en\/wp-json\/wp\/v2\/media?parent=47094"}],"wp:term":[{"taxonomy":"product_brand","embeddable":true,"href":"https:\/\/shoponlinedz.com\/en\/wp-json\/wp\/v2\/product_brand?post=47094"},{"taxonomy":"product_cat","embeddable":true,"href":"https:\/\/shoponlinedz.com\/en\/wp-json\/wp\/v2\/product_cat?post=47094"},{"taxonomy":"product_tag","embeddable":true,"href":"https:\/\/shoponlinedz.com\/en\/wp-json\/wp\/v2\/product_tag?post=47094"}],"curies":[{"name":"wp","href":"https:\/\/api.w.org\/{rel}","templated":true}]}}