{"id":47057,"date":"2026-01-05T15:39:37","date_gmt":"2026-01-05T15:39:37","guid":{"rendered":"https:\/\/shoponlinedz.com\/product\/chaise-de-camping-pliable-legere-et-durable-de-qualite-superieure-avec-porte-gobelet-%d9%83%d8%b1%d8%b3%d9%8a-%d8%aa%d8%ae%d9%8a%d9%8a%d9%85-%d8%ac%d9%88%d8%af%d8%a9-%d8%b9%d8%a7%d9%84%d9%8a\/"},"modified":"2026-01-28T12:21:48","modified_gmt":"2026-01-28T12:21:48","slug":"chaise-de-camping-pliable-legere-et-durable-de-qualite-superieure-avec-porte-gobelet-%d9%83%d8%b1%d8%b3%d9%8a-%d8%aa%d8%ae%d9%8a%d9%8a%d9%85-%d8%ac%d9%88%d8%af%d8%a9-%d8%b9%d8%a7%d9%84%d9%8a","status":"publish","type":"product","link":"https:\/\/shoponlinedz.com\/en\/product\/chaise-de-camping-pliable-legere-et-durable-de-qualite-superieure-avec-porte-gobelet-%d9%83%d8%b1%d8%b3%d9%8a-%d8%aa%d8%ae%d9%8a%d9%8a%d9%85-%d8%ac%d9%88%d8%af%d8%a9-%d8%b9%d8%a7%d9%84%d9%8a\/","title":{"rendered":"Chaise de camping pliable l\u00e9g\u00e8re et durable de qualit\u00e9 sup\u00e9rieure avec porte-gobelet \u2013 \u0643\u0631\u0633\u064a \u062a\u062e\u064a\u064a\u0645 \u062c\u0648\u062f\u0629 \u0639\u0627\u0644\u064a\u0629"},"content":{"rendered":"<figure class=\"attachment attachment--preview\" data-trix-attachment=\"{&quot;contentType&quot;:&quot;image&quot;,&quot;height&quot;:1024,&quot;url&quot;:&quot;https:\/\/sawaqli.fra1.cdn.digitaloceanspaces.com\/60442\/Chaise-AMR-CNC-1.jpg&quot;,&quot;width&quot;:1024}\" data-trix-content-type=\"image\"><img decoding=\"async\" class=\"aligncenter\" src=\"https:\/\/sawaqli.fra1.cdn.digitaloceanspaces.com\/60442\/Chaise-AMR-CNC-1.jpg\" width=\"1024\" height=\"1024\" \/><figcaption class=\"attachment__caption\"><\/figcaption><\/figure>\n<figure class=\"attachment attachment--preview\" data-trix-attachment=\"{&quot;contentType&quot;:&quot;image&quot;,&quot;height&quot;:1024,&quot;url&quot;:&quot;https:\/\/sawaqli.fra1.cdn.digitaloceanspaces.com\/60443\/Chaise-AMR-3.jpg&quot;,&quot;width&quot;:1024}\" data-trix-content-type=\"image\"><img decoding=\"async\" class=\"aligncenter\" src=\"https:\/\/sawaqli.fra1.cdn.digitaloceanspaces.com\/60443\/Chaise-AMR-3.jpg\" width=\"1024\" height=\"1024\" \/><figcaption class=\"attachment__caption\"><\/figcaption><\/figure>\n<figure class=\"attachment attachment--preview\" data-trix-attachment=\"{&quot;contentType&quot;:&quot;image&quot;,&quot;height&quot;:1024,&quot;url&quot;:&quot;https:\/\/sawaqli.fra1.cdn.digitaloceanspaces.com\/60444\/Chaise-AMR-2.jpg&quot;,&quot;width&quot;:1024}\" data-trix-content-type=\"image\"><img decoding=\"async\" class=\"aligncenter\" src=\"https:\/\/sawaqli.fra1.cdn.digitaloceanspaces.com\/60444\/Chaise-AMR-2.jpg\" width=\"1024\" height=\"1024\" \/><figcaption class=\"attachment__caption\"><\/figcaption><\/figure>\n<figure class=\"attachment attachment--preview\" data-trix-attachment=\"{&quot;contentType&quot;:&quot;image&quot;,&quot;height&quot;:1024,&quot;url&quot;:&quot;https:\/\/sawaqli.fra1.cdn.digitaloceanspaces.com\/60445\/Chaise-AMR-1.jpg&quot;,&quot;width&quot;:1024}\" data-trix-content-type=\"image\"><img decoding=\"async\" class=\"aligncenter\" src=\"https:\/\/sawaqli.fra1.cdn.digitaloceanspaces.com\/60445\/Chaise-AMR-1.jpg\" width=\"1024\" height=\"1024\" \/><figcaption class=\"attachment__caption\"><\/figcaption><\/figure>\n<figure class=\"attachment attachment--preview\" data-trix-attachment=\"{&quot;contentType&quot;:&quot;image&quot;,&quot;height&quot;:1024,&quot;url&quot;:&quot;https:\/\/sawaqli.fra1.cdn.digitaloceanspaces.com\/60527\/KS3.jpeg&quot;,&quot;width&quot;:1024}\" data-trix-content-type=\"image\"><img decoding=\"async\" class=\"aligncenter\" src=\"https:\/\/sawaqli.fra1.cdn.digitaloceanspaces.com\/60527\/KS3.jpeg\" width=\"1024\" height=\"1024\" \/><figcaption class=\"attachment__caption\"><\/figcaption><\/figure>\n<p style=\"text-align: center;\">","protected":false},"excerpt":{"rendered":"<p>\ud83c\udfd5\ufe0f \u0643\u0631\u0633\u064a \u0627\u0644\u062a\u062e\u064a\u064a\u0645 \u0627\u0644\u0642\u0627\u0628\u0644 \u0644\u0644\u0637\u064a \u2013 \u0627\u0644\u0631\u0627\u062d\u0629 \u0648\u0627\u0644\u0645\u062a\u0627\u0646\u0629 \u0623\u064a\u0646\u0645\u0627 \u0630\u0647\u0628\u062a! \ud83c\udf1e\u0627\u0631\u062a\u0642\u0650 \u0628\u062a\u062c\u0631\u0628\u062a\u0643 \u0641\u064a \u0627\u0644\u0647\u0648\u0627\u0621 \u0627\u0644\u0637\u0644\u0642 \u0645\u0639 \u0643\u0631\u0633\u064a \u0627\u0644\u062a\u062e\u064a\u064a\u0645 \u0627\u0644\u0641\u0627\u062e\u0631 \u0648\u0627\u0644\u062e\u0641\u064a\u0641\u060c \u0627\u0644\u0645\u0635\u0645\u0645 \u0644\u0639\u0634\u0627\u0642 \u0627\u0644\u0645\u063a\u0627\u0645\u0631\u0629 \u0648\u0627\u0644\u0627\u0633\u062a\u0631\u062e\u0627\u0621 \u0641\u064a \u0627\u0644\u0637\u0628\u064a\u0639\u0629. \u064a\u062c\u0645\u0639 \u0628\u064a\u0646 \u0627\u0644\u0631\u0627\u062d\u0629\u060c \u0627\u0644\u0642\u0627\u0628\u0644\u064a\u0629 \u0644\u0644\u062d\u0645\u0644\u060c \u0648\u0627\u0644\u0645\u062a\u0627\u0646\u0629 \u0644\u064a\u0643\u0648\u0646 \u0631\u0641\u064a\u0642\u0643 \u0627\u0644\u0645\u062b\u0627\u0644\u064a \u0641\u064a \u0627\u0644\u062a\u062e\u064a\u064a\u0645\u060c \u0627\u0644\u0635\u064a\u062f\u060c \u0627\u0644\u0634\u0627\u0637\u0626 \u0623\u0648 \u062d\u062a\u0649 \u0641\u064a \u062d\u062f\u064a\u0642\u0629 \u0627\u0644\u0645\u0646\u0632\u0644.\u2728 \u0627\u0644\u0645\u0645\u064a\u0632\u0627\u062a \u0627\u0644\u0631\u0626\u064a\u0633\u064a\u0629 :\ud83e\udeb6 \u062e\u0627\u0645\u0629 \u0639\u0627\u0644\u064a\u0629 \u0627\u0644\u062c\u0648\u062f\u0629 \u0645\u0635\u0646\u0648\u0639 \u0645\u0646 \u0642\u0645\u0627\u0634 \u0623\u0648\u0643\u0633\u0641\u0648\u0631\u062f \u0628\u0648\u0644\u064a\u0633\u062a\u0631 \u0645\u0645\u062a\u0627\u0632 \u0645\u0642\u0627\u0648\u0645 \u0644\u0644\u0639\u0648\u0627\u0645\u0644 \u0627\u0644\u062c\u0648\u064a\u0629\u060c \u0645\u0639 \u062e\u064a\u0627\u0637\u0629 \u0645\u0632\u062f\u0648\u062c\u0629 \u0642\u0648\u064a\u0629 \u0644\u0636\u0645\u0627\u0646 \u0645\u062a\u0627\u0646\u0629 \u0637\u0648\u064a\u0644\u0629 \u0627\u0644\u0623\u0645\u062f.\u2699\ufe0f \u0647\u064a\u0643\u0644 \u0641\u0648\u0644\u0627\u0630\u064a \u0635\u0644\u0628 \u0648\u0645\u062a\u064a\u0646 \u0625\u0637\u0627\u0631 \u0645\u0646 \u0623\u0646\u0627\u0628\u064a\u0628 \u0627\u0644\u0641\u0648\u0644\u0627\u0630 \u0627\u0644\u0645\u0642\u0627\u0648\u0645 \u0644\u0644\u0635\u062f\u0623 \u064a\u062a\u062d\u0645\u0644 \u0648\u0632\u0646\u064b\u0627 \u064a\u0635\u0644 \u0625\u0644\u0649 120 \u0643\u063a \u0645\u0639 \u0628\u0642\u0627\u0621 \u0627\u0644\u0643\u0631\u0633\u064a \u062e\u0641\u064a\u0641\u064b\u0627 \u0648\u0633\u0647\u0644 \u0627\u0644\u062d\u0645\u0644.\ud83e\ude91 \u0631\u0627\u062d\u0629 \u0627\u0633\u062a\u062b\u0646\u0627\u0626\u064a\u0629 \u062a\u0635\u0645\u064a\u0645 \u0645\u0631\u064a\u062d \u0645\u0632\u0648\u0651\u062f \u0628\u0640 \u0645\u0633\u0646\u062f \u0630\u0631\u0627\u0639\u064a\u0646 \u0645\u0628\u0637\u0651\u0646 \u0648\u062d\u0627\u0645\u0644 \u0643\u0648\u0628 \u0645\u062f\u0645\u062c \u0644\u0632\u064a\u0627\u062f\u0629 \u0627\u0644\u0631\u0627\u062d\u0629 \u0623\u062b\u0646\u0627\u0621 \u0627\u0644\u062c\u0644\u0648\u0633\u060c \u0628\u0627\u0644\u0625\u0636\u0627\u0641\u0629 \u0625\u0644\u0649 \u0634\u0628\u0643\u0629 \u062a\u0647\u0648\u064a\u0629 \u062e\u0644\u0641\u064a\u0629 \u062a\u0645\u0646\u062d\u0643 \u0625\u062d\u0633\u0627\u0633\u064b\u0627 \u0628\u0627\u0644\u0627\u0646\u062a\u0639\u0627\u0634 \u0641\u064a \u0627\u0644\u0623\u064a\u0627\u0645 \u0627\u0644\u062d\u0627\u0631\u0629.\ud83c\udf92 \u0642\u0627\u0628\u0644 \u0644\u0644\u0637\u064a \u0648\u0633\u0647\u0644 \u0627\u0644\u0646\u0642\u0644 \u064a\u064f\u0637\u0648\u0649 \u0641\u064a \u062b\u0648\u0627\u0646\u064d \u0644\u064a\u0635\u0628\u062d \u0628\u062d\u062c\u0645 \u0635\u063a\u064a\u0631 \u0645\u062f\u0645\u062c \u064a\u0645\u0643\u0646 \u0648\u0636\u0639\u0647 \u062f\u0627\u062e\u0644 \u062d\u0642\u064a\u0628\u0629 \u062d\u0645\u0644 \u0645\u062a\u064a\u0646\u0629 \u0645\u0632\u0648\u0651\u062f\u0629 \u0628\u0645\u0642\u0628\u0636 \u0644\u0633\u0647\u0648\u0644\u0629 \u0627\u0644\u062a\u0646\u0642\u0644 \u0648\u0627\u0644\u062a\u062e\u0632\u064a\u0646.\ud83e\uddcd\u200d\u2642\ufe0f \u062c\u0627\u0647\u0632 \u0644\u0644\u0627\u0633\u062a\u062e\u062f\u0627\u0645 \u0641\u0648\u0631\u064b\u0627 \u0644\u0627 \u064a\u062d\u062a\u0627\u062c \u0625\u0644\u0649 \u062a\u0631\u0643\u064a\u0628 \u2013 \u0627\u0641\u062a\u062d\u0647 \u0648\u0627\u0633\u062a\u062e\u062f\u0645\u0647 \u0645\u0628\u0627\u0634\u0631\u0629 \u0645\u0646 \u0627\u0644\u062d\u0642\u064a\u0628\u0629!\ud83c\udf08 \u0623\u0644\u0648\u0627\u0646 \u062c\u0630\u0627\u0628\u0629 \u0648\u0633\u0647\u0644\u0629 \u0627\u0644\u062a\u0645\u064a\u064a\u0632 \u062a\u0645\u0646\u062d \u0644\u0645\u0633\u0629 \u062d\u064a\u0648\u064a\u0629 \u0644\u0645\u0643\u0627\u0646\u0643 \u0648\u062a\u064f\u0633\u0647\u0644 \u0627\u0644\u0639\u062b\u0648\u0631 \u0639\u0644\u064a\u0647 \u0641\u064a \u0623\u064a \u0628\u064a\u0626\u0629.\ud83d\udccf \u0627\u0644\u0645\u0648\u0627\u0635\u0641\u0627\u062a \u0627\u0644\u062a\u0642\u0646\u064a\u0629 :\u0627\u0644\u0623\u0628\u0639\u0627\u062f (\u0645\u0641\u062a\u0648\u062d): 65 \u00d7 57 \u00d7 93 \u0633\u0645\u0627\u0644\u0623\u0628\u0639\u0627\u062f (\u0645\u0637\u0648\u064a): \u0645\u0636\u063a\u0648\u0637 \u0648\u0633\u0647\u0644 \u0627\u0644\u062a\u062e\u0632\u064a\u0646\u0627\u0644\u0645\u0627\u062f\u0629: \u0642\u0645\u0627\u0634 \u0623\u0648\u0643\u0633\u0641\u0648\u0631\u062f \u0628\u0648\u0644\u064a\u0633\u062a\u0631 + \u0647\u064a\u0643\u0644 \u0641\u0648\u0644\u0627\u0630\u064a\u0627\u0644\u062d\u0645\u0648\u0644\u0629 \u0627\u0644\u0642\u0635\u0648\u0649: \u062d\u062a\u0649 120 \u0643\u063a\u0627\u0644\u0645\u0644\u062d\u0642\u0627\u062a: \u062d\u0642\u064a\u0628\u0629 \u062d\u0645\u0644 \u0645\u062a\u064a\u0646\u0629 \u0628\u062d\u0628\u0644 \u0634\u062f \u0648\u0645\u0642\u0627\u0628\u0636\u0627\u0644\u0648\u0632\u0646: \u062e\u0641\u064a\u0641 \u0648\u0633\u0647\u0644 \u0627\u0644\u062d\u0645\u0644\ud83d\udd25 \u0627\u0644\u0645\u062b\u0627\u0644\u064a \u0644\u0643\u0644 \u0627\u0644\u0645\u0646\u0627\u0633\u0628\u0627\u062a \u0627\u0644\u062e\u0627\u0631\u062c\u064a\u0629 : \u0631\u062d\u0644\u0627\u062a \u0627\u0644\u062a\u062e\u064a\u064a\u0645 \u26fa | \u0627\u0644\u0635\u064a\u062f \ud83c\udfa3 | \u0627\u0644\u0634\u0627\u0637\u0626 \ud83c\udfd6\ufe0f | \u0627\u0644\u0646\u0632\u0647\u0627\u062a \ud83c\udf33 | \u062d\u0641\u0644\u0627\u062a \u0627\u0644\u0634\u0648\u0627\u0621 \ud83c\udf56\ud83d\udcbc \u0643\u0631\u0633\u064a \u0627\u0644\u062a\u062e\u064a\u064a\u0645 \u0627\u0644\u0642\u0627\u0628\u0644 \u0644\u0644\u0637\u064a \u2013 \u0631\u0627\u062d\u062a\u0643 \u0623\u064a\u0646\u0645\u0627 \u0643\u0646\u062a!<\/p>","protected":false},"featured_media":47056,"comment_status":"open","ping_status":"closed","template":"","meta":[],"product_brand":[],"product_cat":[2464],"product_tag":[],"class_list":{"0":"post-47057","1":"product","2":"type-product","3":"status-publish","4":"has-post-thumbnail","6":"product_cat-camping-et-randonnee","8":"first","9":"instock","10":"sale","11":"taxable","12":"shipping-taxable","13":"purchasable","14":"product-type-simple"},"jetpack_sharing_enabled":true,"_links":{"self":[{"href":"https:\/\/shoponlinedz.com\/en\/wp-json\/wp\/v2\/product\/47057","targetHints":{"allow":["GET"]}}],"collection":[{"href":"https:\/\/shoponlinedz.com\/en\/wp-json\/wp\/v2\/product"}],"about":[{"href":"https:\/\/shoponlinedz.com\/en\/wp-json\/wp\/v2\/types\/product"}],"replies":[{"embeddable":true,"href":"https:\/\/shoponlinedz.com\/en\/wp-json\/wp\/v2\/comments?post=47057"}],"version-history":[{"count":0,"href":"https:\/\/shoponlinedz.com\/en\/wp-json\/wp\/v2\/product\/47057\/revisions"}],"wp:featuredmedia":[{"embeddable":true,"href":"https:\/\/shoponlinedz.com\/en\/wp-json\/wp\/v2\/media\/47056"}],"wp:attachment":[{"href":"https:\/\/shoponlinedz.com\/en\/wp-json\/wp\/v2\/media?parent=47057"}],"wp:term":[{"taxonomy":"product_brand","embeddable":true,"href":"https:\/\/shoponlinedz.com\/en\/wp-json\/wp\/v2\/product_brand?post=47057"},{"taxonomy":"product_cat","embeddable":true,"href":"https:\/\/shoponlinedz.com\/en\/wp-json\/wp\/v2\/product_cat?post=47057"},{"taxonomy":"product_tag","embeddable":true,"href":"https:\/\/shoponlinedz.com\/en\/wp-json\/wp\/v2\/product_tag?post=47057"}],"curies":[{"name":"wp","href":"https:\/\/api.w.org\/{rel}","templated":true}]}}