{"id":46892,"date":"2026-01-05T15:33:59","date_gmt":"2026-01-05T15:33:59","guid":{"rendered":"https:\/\/shoponlinedz.com\/product\/lampes-solaires-exterieure-super-lumineuse-avec-3-panneaux-800led-et-telecommande-%d9%85%d8%b5%d8%a8%d8%a7%d8%ad-%d8%ae%d8%a7%d8%b1%d8%ac%d9%8a-%d8%a8%d8%a7%d9%84%d8%b7%d8%a7%d9%82%d8%a9\/"},"modified":"2026-01-28T12:21:54","modified_gmt":"2026-01-28T12:21:54","slug":"lampes-solaires-exterieure-super-lumineuse-avec-3-panneaux-800led-et-telecommande-%d9%85%d8%b5%d8%a8%d8%a7%d8%ad-%d8%ae%d8%a7%d8%b1%d8%ac%d9%8a-%d8%a8%d8%a7%d9%84%d8%b7%d8%a7%d9%82%d8%a9","status":"publish","type":"product","link":"https:\/\/shoponlinedz.com\/en\/product\/lampes-solaires-exterieure-super-lumineuse-avec-3-panneaux-800led-et-telecommande-%d9%85%d8%b5%d8%a8%d8%a7%d8%ad-%d8%ae%d8%a7%d8%b1%d8%ac%d9%8a-%d8%a8%d8%a7%d9%84%d8%b7%d8%a7%d9%82%d8%a9\/","title":{"rendered":"Lampes Solaires Ext\u00e9rieure Super lumineuse avec 3 Panneaux 800LED et T\u00e9l\u00e9commande \u2013 \u0645\u0635\u0628\u0627\u062d \u062e\u0627\u0631\u062c\u064a \u0628\u0627\u0644\u0637\u0627\u0642\u0629 \u0627\u0644\u0634\u0645\u0633\u064a\u0629 \u0645\u0639 \u064a\u062f \u062a\u062d\u0643\u0645"},"content":{"rendered":"<figure class=\"attachment attachment--preview\" data-trix-attachment=\"{&quot;contentType&quot;:&quot;image&quot;,&quot;height&quot;:1024,&quot;url&quot;:&quot;https:\/\/sawaqli.fra1.cdn.digitaloceanspaces.com\/60132\/W-787-cnc.jpg&quot;,&quot;width&quot;:1024}\" data-trix-content-type=\"image\"><img decoding=\"async\" class=\"aligncenter\" src=\"https:\/\/sawaqli.fra1.cdn.digitaloceanspaces.com\/60132\/W-787-cnc.jpg\" width=\"1024\" height=\"1024\" \/><figcaption class=\"attachment__caption\"><\/figcaption><\/figure>\n<figure class=\"attachment attachment--preview\" data-trix-attachment=\"{&quot;contentType&quot;:&quot;image&quot;,&quot;height&quot;:1024,&quot;url&quot;:&quot;https:\/\/sawaqli.fra1.cdn.digitaloceanspaces.com\/60133\/W-787-1.jpg&quot;,&quot;width&quot;:1024}\" data-trix-content-type=\"image\"><img decoding=\"async\" class=\"aligncenter\" src=\"https:\/\/sawaqli.fra1.cdn.digitaloceanspaces.com\/60133\/W-787-1.jpg\" width=\"1024\" height=\"1024\" \/><figcaption class=\"attachment__caption\"><\/figcaption><\/figure>\n<figure class=\"attachment attachment--preview\" data-trix-attachment=\"{&quot;contentType&quot;:&quot;image&quot;,&quot;height&quot;:1024,&quot;url&quot;:&quot;https:\/\/sawaqli.fra1.cdn.digitaloceanspaces.com\/60134\/W-787-2.jpg&quot;,&quot;width&quot;:1024}\" data-trix-content-type=\"image\"><img decoding=\"async\" class=\"aligncenter\" src=\"https:\/\/sawaqli.fra1.cdn.digitaloceanspaces.com\/60134\/W-787-2.jpg\" width=\"1024\" height=\"1024\" \/><figcaption class=\"attachment__caption\"><\/figcaption><\/figure>\n<figure class=\"attachment attachment--preview\" data-trix-attachment=\"{&quot;contentType&quot;:&quot;image&quot;,&quot;height&quot;:1024,&quot;url&quot;:&quot;https:\/\/sawaqli.fra1.cdn.digitaloceanspaces.com\/60135\/W-787-6.jpg&quot;,&quot;width&quot;:1024}\" data-trix-content-type=\"image\"><img decoding=\"async\" class=\"aligncenter\" src=\"https:\/\/sawaqli.fra1.cdn.digitaloceanspaces.com\/60135\/W-787-6.jpg\" width=\"1024\" height=\"1024\" \/><figcaption class=\"attachment__caption\"><\/figcaption><\/figure>\n<figure class=\"attachment attachment--preview\" data-trix-attachment=\"{&quot;contentType&quot;:&quot;image&quot;,&quot;height&quot;:1024,&quot;url&quot;:&quot;https:\/\/sawaqli.fra1.cdn.digitaloceanspaces.com\/60136\/W-787-5.jpg&quot;,&quot;width&quot;:1024}\" data-trix-content-type=\"image\"><img decoding=\"async\" class=\"aligncenter\" src=\"https:\/\/sawaqli.fra1.cdn.digitaloceanspaces.com\/60136\/W-787-5.jpg\" width=\"1024\" height=\"1024\" \/><figcaption class=\"attachment__caption\"><\/figcaption><\/figure>\n<p style=\"text-align: center;\">","protected":false},"excerpt":{"rendered":"<p>\ud83d\udca1 \u0643\u0634\u0627\u0641 \u062c\u062f\u0627\u0631\u064a \u0630\u0643\u064a \u0645\u062a\u0639\u062f\u062f \u0627\u0644\u0648\u0638\u0627\u0626\u0641 \u2013 \u0642\u0648\u0629 \u0625\u0636\u0627\u0621\u0629 \u062a\u062f\u0648\u0645 \u0637\u0648\u064a\u0644\u0627\u064b \u0628\u062a\u0642\u0646\u064a\u0629 \u0627\u0633\u062a\u0634\u0639\u0627\u0631 \u0630\u0643\u064a\u0629 \u26a1\u0623\u0646\u0631 \u0645\u062d\u064a\u0637\u0643 \u0628\u0642\u0648\u0629 \u0648\u0630\u0643\u0627\u0621 \u0645\u0639 \u0647\u0630\u0627 \u0627\u0644\u0643\u0634\u0627\u0641 \u0627\u0644\u062c\u062f\u0627\u0631\u064a \u0627\u0644\u0645\u0632\u0648\u062f \u0628\u0640 800 \u062d\u0628\u0629 LED \u0639\u0627\u0644\u064a\u0629 \u0627\u0644\u0633\u0637\u0648\u0639 \u0648\u0645\u0633\u062a\u0634\u0639\u0631 \u0631\u0627\u062f\u0627\u0631 \u062f\u0642\u064a\u0642 \u064a\u0645\u0646\u062d\u0643 \u0625\u0636\u0627\u0621\u0629 \u0630\u0643\u064a\u0629 \u062a\u062a\u0641\u0627\u0639\u0644 \u0645\u0639 \u0627\u0644\u062d\u0631\u0643\u0629 \u0644\u062a\u0648\u0641\u064a\u0631 \u0627\u0644\u0637\u0627\u0642\u0629 \u0648\u0636\u0645\u0627\u0646 \u0627\u0644\u0623\u0645\u0627\u0646 \u0641\u064a \u0643\u0644 \u0645\u0643\u0627\u0646.\ud83d\udd0b \u0628\u0637\u0627\u0631\u064a\u0629 \u0642\u0648\u064a\u0629 \u062a\u062f\u0648\u0645 \u0637\u0648\u064a\u0644\u0627\u064b :\u064a\u0639\u0645\u0644 \u0627\u0644\u0643\u0634\u0627\u0641 \u0628\u0648\u0627\u0633\u0637\u0629 4 \u0628\u0637\u0627\u0631\u064a\u0627\u062a 18650 \u0628\u0633\u0639\u0629 \u0625\u062c\u0645\u0627\u0644\u064a\u0629 6000mAh\u060c \u062a\u0645\u0646\u062d\u0643:\ud83d\udd26 8 \u0633\u0627\u0639\u0627\u062a \u0645\u0646 \u0627\u0644\u0625\u0636\u0627\u0621\u0629 \u0627\u0644\u0645\u0633\u062a\u0645\u0631\u0629\ud83c\udf19 \u062d\u062a\u0649 16 \u0633\u0627\u0639\u0629 \u0641\u064a \u0648\u0636\u0639 \u0627\u0644\u0627\u0633\u062a\u0634\u0639\u0627\u0631 \u0627\u0644\u062a\u0644\u0642\u0627\u0626\u064a\ud83c\udf17 3 \u0623\u0648\u0636\u0627\u0639 \u0630\u0643\u064a\u0629 \u0644\u0644\u0625\u0636\u0627\u0621\u0629 :1\ufe0f\u20e3 \u0648\u0636\u0639 \u0627\u0644\u0625\u0636\u0627\u0621\u0629 \u0627\u0644\u0642\u0648\u064a\u0629 \u0639\u0646\u062f \u0627\u0644\u062d\u0631\u0643\u0629 \u2013 \u064a\u0636\u064a\u0621 \u0628\u0642\u0648\u0629 \u0644\u0645\u062f\u0629 25 \u062b\u0627\u0646\u064a\u0629 \u0639\u0646\u062f \u0627\u0643\u062a\u0634\u0627\u0641 \u062d\u0631\u0643\u0629. 2\ufe0f\u20e3 \u0625\u0636\u0627\u0621\u0629 \u062e\u0627\u0641\u062a\u0629 \u062f\u0627\u0626\u0645\u0629 + \u0642\u0648\u064a\u0629 \u0639\u0646\u062f \u0627\u0644\u062d\u0631\u0643\u0629 \u2013 \u0645\u062b\u0627\u0644\u064a \u0644\u0644\u0645\u0645\u0631\u0627\u062a \u0648\u0627\u0644\u0633\u0627\u062d\u0627\u062a. 3\ufe0f\u20e3 \u0625\u0636\u0627\u0621\u0629 \u062e\u0627\u0641\u062a\u0629 \u0645\u0633\u062a\u0645\u0631\u0629 \u2013 \u0644\u0644\u0627\u0633\u062a\u062e\u062f\u0627\u0645 \u0627\u0644\u0644\u064a\u0644\u064a \u0627\u0644\u0637\u0648\u064a\u0644 \u0648\u0627\u0644\u0647\u0627\u062f\u0626.\ud83d\udce1 \u0645\u0633\u062a\u0634\u0639\u0631 \u0631\u0627\u062f\u0627\u0631\u064a \u0630\u0643\u064a \u0628\u0632\u0627\u0648\u064a\u0629 \u062a\u063a\u0637\u064a\u0629 \u0648\u0627\u0633\u0639\u0629 :\u0632\u0627\u0648\u064a\u0629 \u0643\u0634\u0641 \u062a\u0635\u0644 \u0625\u0644\u0649 270\u00b0\u0645\u062f\u0649 \u0627\u0633\u062a\u0634\u0639\u0627\u0631 \u064a\u0635\u0644 \u0625\u0644\u0649 10 \u0623\u0645\u062a\u0627\u0631\u064a\u0639\u0645\u0644 \u062a\u0644\u0642\u0627\u0626\u064a\u0627\u064b \u0639\u0646\u062f \u0627\u0642\u062a\u0631\u0627\u0628 \u0627\u0644\u0623\u0634\u062e\u0627\u0635 \u0648\u064a\u0637\u0641\u0623 \u0639\u0646\u062f \u0645\u063a\u0627\u062f\u0631\u062a\u0647\u0645 \u0644\u062a\u0648\u0641\u064a\u0631 \u0627\u0644\u0637\u0627\u0642\u0629\u2699\ufe0f \u0645\u0648\u0627\u0635\u0641\u0627\u062a \u062a\u0642\u0646\u064a\u0629 :\ud83d\udc8e 800 \u062d\u0628\u0629 LED \u0641\u0627\u0626\u0642\u0629 \u0627\u0644\u0633\u0637\u0648\u0639\ud83d\udd0b \u0628\u0637\u0627\u0631\u064a\u0629 \u0645\u062f\u0645\u062c\u0629 6000mAh (4\u00d718650) \u0642\u0627\u0628\u0644\u0629 \u0644\u0625\u0639\u0627\u062f\u0629 \u0627\u0644\u0634\u062d\u0646\ud83d\udd04 \u0642\u0627\u0628\u0644 \u0644\u0644\u062f\u0648\u0631\u0627\u0646 \u062d\u062a\u0649 180\u00b0 \u0644\u062a\u0648\u062c\u064a\u0647 \u0627\u0644\u0636\u0648\u0621 \u062d\u0633\u0628 \u0627\u0644\u062d\u0627\u062c\u0629\u2699\ufe0f \u0623\u0628\u0639\u0627\u062f \u0627\u0644\u0645\u0646\u062a\u062c :\u0645\u063a\u0644\u0642 : \u200e164\u00d772\u00d7600 \u0645\u0645\u0645\u0641\u062a\u0648\u062d : \u200e492\u00d772\u00d7600 \u0645\u0645\u2696\ufe0f \u0627\u0644\u0648\u0632\u0646 : \u200e1767 \u063a\u0631\u0627\u0645\ud83d\udce6 \u0627\u0644\u0645\u062d\u062a\u0648\u064a\u0627\u062a : \u0643\u0634\u0627\u0641 + \u0631\u064a\u0645\u0648\u062a \u0643\u0646\u062a\u0631\u0648\u0644 + \u0628\u0631\u0627\u063a\u064a \u062a\u062b\u0628\u064a\u062a\ud83c\udfe0 \u0627\u0644\u0627\u0633\u062a\u062e\u062f\u0627\u0645\u0627\u062a \u0627\u0644\u0645\u062b\u0627\u0644\u064a\u0629 :\u2705 \u0627\u0644\u062d\u062f\u0627\u0626\u0642 \ud83c\udf33 \u2705 \u0645\u062f\u0627\u062e\u0644 \u0627\u0644\u0645\u0646\u0627\u0632\u0644 \ud83d\udeaa \u2705 \u0627\u0644\u0645\u0631\u0627\u0626\u0628 \ud83d\ude97 \u2705 \u0627\u0644\u0623\u0633\u0648\u0627\u0631 \u0648\u0627\u0644\u0645\u0645\u0631\u0627\u062a \ud83c\udfe1 \u2705 \u0627\u0644\u0645\u0633\u062a\u0648\u062f\u0639\u0627\u062a \u0623\u0648 \u0627\u0644\u0623\u0645\u0627\u0643\u0646 \u0627\u0644\u062e\u0627\u0631\u062c\u064a\u0629\u2728 \u0633\u0647\u0644\u0629 \u0627\u0644\u062a\u0631\u0643\u064a\u0628 \u2013 \u0645\u0648\u0641\u0631\u0629 \u0644\u0644\u0637\u0627\u0642\u0629 \u2013 \u0630\u0643\u064a\u0629 \u0641\u064a \u0627\u0644\u0623\u062f\u0627\u0621 \ud83d\udccd \u0627\u062d\u0635\u0644 \u0639\u0644\u0649 \u0623\u0645\u0627\u0646 \u0648\u0625\u0636\u0627\u0621\u0629 \u0642\u0648\u064a\u0629 \u0641\u064a \u0643\u0644 \u0632\u0627\u0648\u064a\u0629 \u0645\u0646 \u0645\u0646\u0632\u0644\u0643 \u0645\u0639 \u0643\u0634\u0627\u0641 LED \u0627\u0644\u0630\u0643\u064a \u0627\u0644\u0645\u062a\u0637\u0648\u0631!<\/p>","protected":false},"featured_media":46891,"comment_status":"open","ping_status":"closed","template":"","meta":[],"product_brand":[],"product_cat":[2466],"product_tag":[],"class_list":{"0":"post-46892","1":"product","2":"type-product","3":"status-publish","4":"has-post-thumbnail","6":"product_cat-outillage-et-bricolage","8":"first","9":"instock","10":"sale","11":"taxable","12":"shipping-taxable","13":"purchasable","14":"product-type-simple"},"jetpack_sharing_enabled":true,"_links":{"self":[{"href":"https:\/\/shoponlinedz.com\/en\/wp-json\/wp\/v2\/product\/46892","targetHints":{"allow":["GET"]}}],"collection":[{"href":"https:\/\/shoponlinedz.com\/en\/wp-json\/wp\/v2\/product"}],"about":[{"href":"https:\/\/shoponlinedz.com\/en\/wp-json\/wp\/v2\/types\/product"}],"replies":[{"embeddable":true,"href":"https:\/\/shoponlinedz.com\/en\/wp-json\/wp\/v2\/comments?post=46892"}],"version-history":[{"count":0,"href":"https:\/\/shoponlinedz.com\/en\/wp-json\/wp\/v2\/product\/46892\/revisions"}],"wp:featuredmedia":[{"embeddable":true,"href":"https:\/\/shoponlinedz.com\/en\/wp-json\/wp\/v2\/media\/46891"}],"wp:attachment":[{"href":"https:\/\/shoponlinedz.com\/en\/wp-json\/wp\/v2\/media?parent=46892"}],"wp:term":[{"taxonomy":"product_brand","embeddable":true,"href":"https:\/\/shoponlinedz.com\/en\/wp-json\/wp\/v2\/product_brand?post=46892"},{"taxonomy":"product_cat","embeddable":true,"href":"https:\/\/shoponlinedz.com\/en\/wp-json\/wp\/v2\/product_cat?post=46892"},{"taxonomy":"product_tag","embeddable":true,"href":"https:\/\/shoponlinedz.com\/en\/wp-json\/wp\/v2\/product_tag?post=46892"}],"curies":[{"name":"wp","href":"https:\/\/api.w.org\/{rel}","templated":true}]}}