{"id":46861,"date":"2026-01-05T15:33:09","date_gmt":"2026-01-05T15:33:09","guid":{"rendered":"https:\/\/shoponlinedz.com\/product\/douille-de-lumiere-a-detecteur-de-mouvement-infrarouge\/"},"modified":"2026-01-28T12:21:55","modified_gmt":"2026-01-28T12:21:55","slug":"douille-de-lumiere-a-detecteur-de-mouvement-infrarouge","status":"publish","type":"product","link":"https:\/\/shoponlinedz.com\/en\/product\/douille-de-lumiere-a-detecteur-de-mouvement-infrarouge\/","title":{"rendered":"Douille de Lumi\u00e8re \u00e0 D\u00e9tecteur de Mouvement Infrarouge"},"content":{"rendered":"<figure class=\"attachment attachment--preview\" data-trix-attachment=\"{&quot;contentType&quot;:&quot;image&quot;,&quot;height&quot;:1024,&quot;url&quot;:&quot;https:\/\/sawaqli.fra1.cdn.digitaloceanspaces.com\/58881\/Avel-AV-1060-CNC.jpg&quot;,&quot;width&quot;:1024}\" data-trix-content-type=\"image\"><img decoding=\"async\" class=\"aligncenter\" src=\"https:\/\/sawaqli.fra1.cdn.digitaloceanspaces.com\/58881\/Avel-AV-1060-CNC.jpg\" width=\"1024\" height=\"1024\" \/><figcaption class=\"attachment__caption\"><\/figcaption><\/figure>\n<figure class=\"attachment attachment--preview\" data-trix-attachment=\"{&quot;contentType&quot;:&quot;image&quot;,&quot;height&quot;:1024,&quot;url&quot;:&quot;https:\/\/sawaqli.fra1.cdn.digitaloceanspaces.com\/58882\/Avel-AV-1060-2.jpg&quot;,&quot;width&quot;:1024}\" data-trix-content-type=\"image\"><img decoding=\"async\" class=\"aligncenter\" src=\"https:\/\/sawaqli.fra1.cdn.digitaloceanspaces.com\/58882\/Avel-AV-1060-2.jpg\" width=\"1024\" height=\"1024\" \/><figcaption class=\"attachment__caption\"><\/figcaption><\/figure>\n<figure class=\"attachment attachment--preview\" data-trix-attachment=\"{&quot;contentType&quot;:&quot;image&quot;,&quot;height&quot;:1024,&quot;url&quot;:&quot;https:\/\/sawaqli.fra1.cdn.digitaloceanspaces.com\/58883\/Avel-AV-1060-6.jpg&quot;,&quot;width&quot;:1024}\" data-trix-content-type=\"image\"><img decoding=\"async\" class=\"aligncenter\" src=\"https:\/\/sawaqli.fra1.cdn.digitaloceanspaces.com\/58883\/Avel-AV-1060-6.jpg\" width=\"1024\" height=\"1024\" \/><figcaption class=\"attachment__caption\"><\/figcaption><\/figure>\n<figure class=\"attachment attachment--preview\" data-trix-attachment=\"{&quot;contentType&quot;:&quot;image&quot;,&quot;height&quot;:1024,&quot;url&quot;:&quot;https:\/\/sawaqli.fra1.cdn.digitaloceanspaces.com\/58884\/Avel-AV-1060-3.jpg&quot;,&quot;width&quot;:1024}\" data-trix-content-type=\"image\"><img decoding=\"async\" class=\"aligncenter\" src=\"https:\/\/sawaqli.fra1.cdn.digitaloceanspaces.com\/58884\/Avel-AV-1060-3.jpg\" width=\"1024\" height=\"1024\" \/><figcaption class=\"attachment__caption\"><\/figcaption><\/figure>\n<figure class=\"attachment attachment--preview\" data-trix-attachment=\"{&quot;contentType&quot;:&quot;image&quot;,&quot;height&quot;:1024,&quot;url&quot;:&quot;https:\/\/sawaqli.fra1.cdn.digitaloceanspaces.com\/58885\/Avel-AV-1060-4.jpg&quot;,&quot;width&quot;:1024}\" data-trix-content-type=\"image\"><img decoding=\"async\" class=\"aligncenter\" src=\"https:\/\/sawaqli.fra1.cdn.digitaloceanspaces.com\/58885\/Avel-AV-1060-4.jpg\" width=\"1024\" height=\"1024\" \/><figcaption class=\"attachment__caption\"><\/figcaption><\/figure>\n<p style=\"text-align: center;\">","protected":false},"excerpt":{"rendered":"<p>\u0633\u0648\u0643\u064a\u062a \u0636\u0648 E27 \u0645\u0639 \u0643\u0627\u0634\u0641 \u062d\u0631\u0643\u0629 \u2013 \u0627\u0642\u062a\u0635\u0627\u062f\u064a\u060c \u0625\u064a\u0643\u0648\u0644\u0648\u062c\u064a \u0648\u0633\u0647\u0644 \u0627\u0644\u0627\u0633\u062a\u0639\u0645\u0627\u0644!\u2b50 \u0627\u0644\u0645\u0645\u064a\u0632\u0627\u062a :\ud83d\udd0b \u062a\u0648\u0641\u064a\u0631 \u0627\u0644\u0637\u0627\u0642\u0629: \u064a\u062e\u062f\u0645 \u0645\u0639 \u0644\u0645\u0628\u0627\u062a LED \u0648\u064a\u0648\u0641\u0631 \u062d\u062a\u0649 90% \u0645\u0646 \u0627\u0633\u062a\u0647\u0644\u0627\u0643 \u0627\u0644\u0643\u0647\u0631\u0628\u0627\u0621.\ud83d\udc4b \u0643\u0627\u0634\u0641 \u062d\u0631\u0643\u0629 \u0630\u0643\u064a: \u0643\u064a \u062a\u0644\u0645\u0633 \u0627\u0644\u0642\u0627\u0639\u062f\u0629 \u0623\u0648 \u062a\u0645\u0631 \u0642\u0631\u064a\u0628 \u0645\u0646\u0647\u0627\u060c \u0627\u0644\u0644\u0645\u0628\u0629 \u062a\u0634\u0639\u0644 \u0623\u0648\u062a\u0648\u0645\u0627\u062a\u064a\u0643\u064a\u0627\u064b \u0648\u062a\u0637\u0641\u064a \u0648\u062d\u062f\u0647\u0627 \u0643\u064a \u062a\u0631\u0648\u062d.\ud83d\udee0\ufe0f \u0633\u0627\u0647\u0644 \u0641\u0627\u0644\u062a\u0631\u0643\u064a\u0628: \u063a\u064a\u0631 \u0628\u0631\u0643 \u062a\u0631\u0643\u0651\u0628 \u0627\u0644\u0633\u0648\u0643\u064a\u062a \u0645\u0643\u0627\u0646 \u0623\u064a \u0644\u0645\u0628\u0629 \u0639\u0627\u062f\u064a\u0629 E27 \u0648\u062e\u0644\u0627\u0635\u060c \u0645\u0627 \u062a\u062d\u062a\u0627\u062c \u062d\u062a\u0649 \u062e\u0628\u0631\u0629.\ud83c\udfe0 \u0645\u062a\u0639\u062f\u062f \u0627\u0644\u0627\u0633\u062a\u0639\u0645\u0627\u0644\u0627\u062a: \u0635\u0627\u0644\u062d \u0644\u0644\u062f\u0627\u0631\u060c \u0627\u0644\u0645\u0643\u062a\u0628\u060c \u0627\u0644\u0641\u0646\u062f\u0642\u060c \u0627\u0644\u0645\u062d\u0644\u060c \u0627\u0644\u0643\u0648\u0631\u064a\u062f\u0648\u0631 \u0648\u062d\u062a\u0649 \u0627\u0644\u0643\u0627\u0645\u0628\u064a\u0646\u063a.\ud83d\udee1\ufe0f \u0645\u0627\u062f\u0629 \u0645\u062a\u064a\u0646\u0629: \u0645\u0635\u0646\u0648\u0639 \u0645\u0646 ABS \u0642\u0648\u064a \u0648\u0645\u0642\u0627\u0648\u0645\u060c \u064a\u0636\u0645\u0646 \u0644\u0643 \u0627\u0633\u062a\u0639\u0645\u0627\u0644 \u0637\u0648\u064a\u0644 \u0627\u0644\u0623\u0645\u062f \u0628\u0644\u0627 \u0645\u0634\u0627\u0643\u0644.\u2705 \u062d\u0644 \u0639\u0645\u0644\u064a \u0648\u0630\u0643\u064a \u0628\u0627\u0634 \u062a\u0648\u0641\u0651\u0631 \u0641\u064a \u0627\u0644\u0637\u0627\u0642\u0629 \u0648\u062a\u0632\u064a\u062f \u0627\u0644\u0631\u0627\u062d\u0629 \u0641\u0627\u0644\u062f\u0627\u0631 \u0648\u0644\u0627 \u0641\u0627\u0644\u062e\u062f\u0645\u0629! \ud83d\udd0c\u2728<\/p>","protected":false},"featured_media":46860,"comment_status":"open","ping_status":"closed","template":"","meta":[],"product_brand":[],"product_cat":[2466],"product_tag":[],"class_list":{"0":"post-46861","1":"product","2":"type-product","3":"status-publish","4":"has-post-thumbnail","6":"product_cat-outillage-et-bricolage","8":"first","9":"instock","10":"sale","11":"taxable","12":"shipping-taxable","13":"purchasable","14":"product-type-simple"},"jetpack_sharing_enabled":true,"_links":{"self":[{"href":"https:\/\/shoponlinedz.com\/en\/wp-json\/wp\/v2\/product\/46861","targetHints":{"allow":["GET"]}}],"collection":[{"href":"https:\/\/shoponlinedz.com\/en\/wp-json\/wp\/v2\/product"}],"about":[{"href":"https:\/\/shoponlinedz.com\/en\/wp-json\/wp\/v2\/types\/product"}],"replies":[{"embeddable":true,"href":"https:\/\/shoponlinedz.com\/en\/wp-json\/wp\/v2\/comments?post=46861"}],"version-history":[{"count":0,"href":"https:\/\/shoponlinedz.com\/en\/wp-json\/wp\/v2\/product\/46861\/revisions"}],"wp:featuredmedia":[{"embeddable":true,"href":"https:\/\/shoponlinedz.com\/en\/wp-json\/wp\/v2\/media\/46860"}],"wp:attachment":[{"href":"https:\/\/shoponlinedz.com\/en\/wp-json\/wp\/v2\/media?parent=46861"}],"wp:term":[{"taxonomy":"product_brand","embeddable":true,"href":"https:\/\/shoponlinedz.com\/en\/wp-json\/wp\/v2\/product_brand?post=46861"},{"taxonomy":"product_cat","embeddable":true,"href":"https:\/\/shoponlinedz.com\/en\/wp-json\/wp\/v2\/product_cat?post=46861"},{"taxonomy":"product_tag","embeddable":true,"href":"https:\/\/shoponlinedz.com\/en\/wp-json\/wp\/v2\/product_tag?post=46861"}],"curies":[{"name":"wp","href":"https:\/\/api.w.org\/{rel}","templated":true}]}}