{"id":46797,"date":"2026-01-05T15:31:08","date_gmt":"2026-01-05T15:31:08","guid":{"rendered":"https:\/\/shoponlinedz.com\/product\/voiture-telecommandee-stitch-bumper-car-rechargeable-2pcs-pour-enfants-%d9%84%d8%b9%d8%a8%d8%a9-%d8%b3%d9%8a%d8%a7%d8%b1%d8%a7%d8%aa-%d8%a7%d9%84%d9%84%d8%a7%d8%b3%d9%84%d9%83%d9%8a%d8%a9\/"},"modified":"2026-01-28T12:21:57","modified_gmt":"2026-01-28T12:21:57","slug":"voiture-telecommandee-stitch-bumper-car-rechargeable-2pcs-pour-enfants-%d9%84%d8%b9%d8%a8%d8%a9-%d8%b3%d9%8a%d8%a7%d8%b1%d8%a7%d8%aa-%d8%a7%d9%84%d9%84%d8%a7%d8%b3%d9%84%d9%83%d9%8a%d8%a9","status":"publish","type":"product","link":"https:\/\/shoponlinedz.com\/en\/product\/voiture-telecommandee-stitch-bumper-car-rechargeable-2pcs-pour-enfants-%d9%84%d8%b9%d8%a8%d8%a9-%d8%b3%d9%8a%d8%a7%d8%b1%d8%a7%d8%aa-%d8%a7%d9%84%d9%84%d8%a7%d8%b3%d9%84%d9%83%d9%8a%d8%a9\/","title":{"rendered":"Voiture T\u00e9l\u00e9command\u00e9e Stitch Bumper Car Rechargeable 2Pcs pour Enfants \u2013 \u0644\u0639\u0628\u0629 \u0633\u064a\u0627\u0631\u0627\u062a \u0627\u0644\u0644\u0627\u0633\u0644\u0643\u064a\u0629 \u0644\u0644\u0623\u0637\u0641\u0627\u0644 \u0633\u062a\u064a\u062a\u0634"},"content":{"rendered":"<figure class=\"attachment attachment--preview\" data-trix-attachment=\"{&quot;contentType&quot;:&quot;image&quot;,&quot;height&quot;:1024,&quot;url&quot;:&quot;https:\/\/sawaqli.fra1.cdn.digitaloceanspaces.com\/60698\/Bumper-Stitch-cnc.jpg&quot;,&quot;width&quot;:1024}\" data-trix-content-type=\"image\"><img decoding=\"async\" class=\"aligncenter\" src=\"https:\/\/sawaqli.fra1.cdn.digitaloceanspaces.com\/60698\/Bumper-Stitch-cnc.jpg\" width=\"1024\" height=\"1024\" \/><figcaption class=\"attachment__caption\"><\/figcaption><\/figure>\n<figure class=\"attachment attachment--preview\" data-trix-attachment=\"{&quot;contentType&quot;:&quot;image&quot;,&quot;height&quot;:1024,&quot;url&quot;:&quot;https:\/\/sawaqli.fra1.cdn.digitaloceanspaces.com\/60692\/Bumper-Stitch-2.jpg&quot;,&quot;width&quot;:1024}\" data-trix-content-type=\"image\"><img decoding=\"async\" class=\"aligncenter\" src=\"https:\/\/sawaqli.fra1.cdn.digitaloceanspaces.com\/60692\/Bumper-Stitch-2.jpg\" width=\"1024\" height=\"1024\" \/><figcaption class=\"attachment__caption\"><\/figcaption><\/figure>\n<figure class=\"attachment attachment--preview\" data-trix-attachment=\"{&quot;contentType&quot;:&quot;image&quot;,&quot;height&quot;:1024,&quot;url&quot;:&quot;https:\/\/sawaqli.fra1.cdn.digitaloceanspaces.com\/60695\/Bumper-Stitch-4.jpg&quot;,&quot;width&quot;:1024}\" data-trix-content-type=\"image\"><img decoding=\"async\" class=\"aligncenter\" src=\"https:\/\/sawaqli.fra1.cdn.digitaloceanspaces.com\/60695\/Bumper-Stitch-4.jpg\" width=\"1024\" height=\"1024\" \/><figcaption class=\"attachment__caption\"><\/figcaption><\/figure>\n<figure class=\"attachment attachment--preview\" data-trix-attachment=\"{&quot;contentType&quot;:&quot;image&quot;,&quot;height&quot;:1024,&quot;url&quot;:&quot;https:\/\/sawaqli.fra1.cdn.digitaloceanspaces.com\/60694\/Bumper-Stitch-3.jpg&quot;,&quot;width&quot;:1024}\" data-trix-content-type=\"image\"><img decoding=\"async\" class=\"aligncenter\" src=\"https:\/\/sawaqli.fra1.cdn.digitaloceanspaces.com\/60694\/Bumper-Stitch-3.jpg\" width=\"1024\" height=\"1024\" \/><figcaption class=\"attachment__caption\"><\/figcaption><\/figure>\n<figure class=\"attachment attachment--preview\" data-trix-attachment=\"{&quot;contentType&quot;:&quot;image&quot;,&quot;height&quot;:1024,&quot;url&quot;:&quot;https:\/\/sawaqli.fra1.cdn.digitaloceanspaces.com\/60696\/Bumper-Stitch-7.jpg&quot;,&quot;width&quot;:1024}\" data-trix-content-type=\"image\"><img decoding=\"async\" class=\"aligncenter\" src=\"https:\/\/sawaqli.fra1.cdn.digitaloceanspaces.com\/60696\/Bumper-Stitch-7.jpg\" width=\"1024\" height=\"1024\" \/><figcaption class=\"attachment__caption\"><\/figcaption><\/figure>\n<p style=\"text-align: center;\">","protected":false},"excerpt":{"rendered":"<p>\ud83d\ude97 \u0644\u0639\u0628\u0629 \u0633\u064a\u0627\u0631\u0627\u062a Stitch Bumper CARS \u2014 \u0627\u0644\u0645\u062a\u0639\u0629\u060c \u0627\u0644\u0633\u0631\u0639\u0629\u060c \u0648\u0627\u0644\u062a\u062d\u062f\u0651\u064a \u0641\u064a \u0633\u064a\u0627\u0631\u0629 \u0648\u0627\u062d\u062f\u0629!\u0627\u0645\u0646\u062d \u0637\u0641\u0644\u0643 \u0644\u062d\u0638\u0627\u062a \u0645\u0646 \u0627\u0644\u062d\u0645\u0627\u0633 \u0648\u0627\u0644\u0636\u062d\u0643 \u0645\u0639 \u0645\u062c\u0645\u0648\u0639\u0629 \u0633\u064a\u0627\u0631\u0627\u062a Stitch Bumper CARS \u0627\u0644\u062a\u0641\u0627\u0639\u0644\u064a\u0629! \u062a\u062c\u0631\u0628\u0629 \u0645\u0644\u064a\u0626\u0629 \u0628\u0627\u0644\u062a\u0634\u0648\u064a\u0642 \u0648\u0627\u0644\u0645\u0646\u0627\u0641\u0633\u0629 \u0628\u064a\u0646 \u0633\u064a\u0627\u0631\u062a\u064a\u0646 \u062a\u0639\u0645\u0644\u0627\u0646 \u0628\u0627\u0644\u062a\u062d\u0643\u0645 \u0639\u0646 \u0628\u064f\u0639\u062f\u060c \u0645\u0635\u0645\u0645\u0629 \u062e\u0635\u064a\u0635\u064b\u0627 \u0644\u0644\u0623\u0637\u0641\u0627\u0644 \u0627\u0628\u062a\u062f\u0627\u0621\u064b \u0645\u0646 \u0639\u0645\u0631 3 \u0633\u0646\u0648\u0627\u062a.\u26a1 \u062c\u0627\u0647\u0632\u0629 \u0644\u0644\u0627\u0646\u0637\u0644\u0627\u0642 \u0641\u0648\u0631\u064b\u0627 \u2014 \u0628\u062f\u0648\u0646 \u062a\u0631\u0643\u064a\u0628 \u0623\u0648 \u0625\u0639\u062f\u0627\u062f\u0628\u0641\u0636\u0644 \u0646\u0638\u0627\u0645 Ready-To-Fly (RTF)\u060c \u062a\u0623\u062a\u064a \u0627\u0644\u0633\u064a\u0627\u0631\u0627\u062a \u062c\u0627\u0647\u0632\u0629 \u0644\u0644\u0627\u0633\u062a\u0639\u0645\u0627\u0644 \u0645\u0628\u0627\u0634\u0631\u0629 \u0628\u0639\u062f \u0641\u062a\u062d \u0627\u0644\u0639\u0644\u0628\u0629\u060c \u062f\u0648\u0646 \u0627\u0644\u062d\u0627\u062c\u0629 \u0625\u0644\u0649 \u0623\u064a \u062a\u0631\u0643\u064a\u0628 \u0645\u0639\u0642\u062f.\ud83c\udfae \u062a\u062d\u0643\u0645 \u0633\u0647\u0644 \u0648\u0645\u0646\u0627\u0633\u0628 \u0644\u0644\u0623\u0637\u0641\u0627\u0644\u062a\u0645 \u062a\u0635\u0645\u064a\u0645 \u0627\u0644\u0633\u064a\u0627\u0631\u0627\u062a \u0644\u062a\u0643\u0648\u0646 \u0633\u0647\u0644\u0629 \u0627\u0644\u0645\u0646\u0627\u0648\u0631\u0629\u060c \u0645\u0645\u0627 \u064a\u0633\u0627\u0639\u062f \u0627\u0644\u0623\u0637\u0641\u0627\u0644 \u0639\u0644\u0649 \u062a\u0637\u0648\u064a\u0631 \u0631\u062f\u0651\u0627\u062a \u0627\u0644\u0641\u0639\u0644 \u0648\u0627\u0644\u0645\u0647\u0627\u0631\u0627\u062a \u0627\u0644\u062d\u0631\u0643\u064a\u0629 \u0623\u062b\u0646\u0627\u0621 \u0627\u0644\u0644\u0639\u0628. \u0627\u0644\u062a\u062d\u0643\u0645 \u0627\u0644\u0644\u0627\u0633\u0644\u0643\u064a \u064a\u0645\u0646\u062d\u0647\u0645 \u062d\u0631\u064a\u0629 \u0627\u0644\u062d\u0631\u0643\u0629 \u0627\u0644\u0643\u0627\u0645\u0644\u0629 \u0633\u0648\u0627\u0621 \u0641\u064a \u0627\u0644\u0645\u0646\u0632\u0644 \u0623\u0648 \u0641\u064a \u0627\u0644\u062d\u062f\u064a\u0642\u0629.\ud83d\udd0b \u0628\u0637\u0627\u0631\u064a\u0629 \u062a\u062f\u0648\u0645 \u0648\u0645\u0631\u062d \u0644\u0627 \u064a\u0646\u062a\u0647\u064a\u062a\u0639\u0645\u0644 \u0627\u0644\u0633\u064a\u0627\u0631\u0627\u062a \u0628\u0641\u0636\u0644 \u0645\u062d\u0631\u0643 \u0643\u0647\u0631\u0628\u0627\u0626\u064a \u0642\u0648\u064a \u064a\u0648\u0641\u0631 \u0623\u062f\u0627\u0621\u064b \u0645\u0633\u062a\u0642\u0631\u064b\u0627 \u0648\u0633\u0631\u064a\u0639\u064b\u0627\u060c \u0641\u064a \u062d\u064a\u0646 \u062a\u0645\u0646\u062d \u0627\u0644\u0628\u0637\u0627\u0631\u064a\u0629 \u0627\u0644\u0642\u0627\u0628\u0644\u0629 \u0644\u0644\u0634\u062d\u0646 \u0648\u0642\u062a \u0644\u0639\u0628 \u0637\u0648\u064a\u0644 \u0648\u0645\u0645\u062a\u0639 \u064a\u062f\u0648\u0645 \u0644\u0633\u0627\u0639\u0627\u062a!\ud83e\uddd2 \u0622\u0645\u0646\u0629 \u0648\u0645\u0646\u0627\u0633\u0628\u0629 \u0644\u062c\u0645\u064a\u0639 \u0627\u0644\u0623\u0639\u0645\u0627\u0631 \u0645\u0646 3 \u0633\u0646\u0648\u0627\u062a \u0641\u0645\u0627 \u0641\u0648\u0642\u0645\u0635\u0645\u0645\u0629 \u0628\u0647\u064a\u0643\u0644 \u0622\u0645\u0646 \u0648\u062e\u0641\u064a\u0641 \u0627\u0644\u0648\u0632\u0646\u060c \u0644\u062a\u062a\u062d\u0645\u0644 \u0627\u0644\u0635\u062f\u0645\u0627\u062a \u0627\u0644\u0628\u0633\u064a\u0637\u0629 \u0623\u062b\u0646\u0627\u0621 \u0627\u0644\u0644\u0639\u0628 \u062f\u0648\u0646 \u0623\u064a \u062e\u0637\u0631 \u0639\u0644\u0649 \u0627\u0644\u0637\u0641\u0644.\ud83c\udfe0 \u0644\u0644\u062f\u0627\u062e\u0644 \u0648\u0627\u0644\u062e\u0627\u0631\u062c \u2014 \u0627\u0644\u0645\u062a\u0639\u0629 \u0641\u064a \u0643\u0644 \u0645\u0643\u0627\u0646\u0628\u0641\u0636\u0644 \u062d\u062c\u0645\u0647\u0627 \u0627\u0644\u0645\u062b\u0627\u0644\u064a (15\u00d711 \u0633\u0645)\u060c \u064a\u0645\u0643\u0646 \u0627\u0633\u062a\u062e\u062f\u0627\u0645\u0647\u0627 \u0641\u064a \u0627\u0644\u062f\u0627\u062e\u0644 \u0623\u0648 \u0627\u0644\u062e\u0627\u0631\u062c \u0628\u0643\u0644 \u0631\u0627\u062d\u0629\u060c \u0633\u0648\u0627\u0621 \u0639\u0644\u0649 \u0627\u0644\u0623\u0631\u0636\u064a\u0627\u062a \u0623\u0648 \u0627\u0644\u0623\u0633\u0637\u062d \u0627\u0644\u0645\u0644\u0633\u0627\u0621.\ud83c\udf1f \u0644\u0645\u0627\u0630\u0627 \u064a\u062d\u0628\u0647\u0627 \u0627\u0644\u0623\u0637\u0641\u0627\u0644\u061f\u2705 \u0633\u064a\u0627\u0631\u062a\u0627\u0646 \u0644\u0644\u062a\u062d\u0643\u0645 \u0639\u0646 \u0628\u064f\u0639\u062f \u0644\u0644\u0645\u0646\u0627\u0641\u0633\u0629 \u0627\u0644\u062b\u0646\u0627\u0626\u064a\u0629 \u2705 \u062c\u0627\u0647\u0632\u0629 \u0644\u0644\u0627\u0633\u062a\u062e\u062f\u0627\u0645 \u0641\u0648\u0631\u064b\u0627 \u062f\u0648\u0646 \u062a\u0631\u0643\u064a\u0628 \u2705 \u0628\u0637\u0627\u0631\u064a\u0629 \u062a\u062f\u0648\u0645 \u0648\u0623\u062f\u0627\u0621 \u0643\u0647\u0631\u0628\u0627\u0626\u064a \u0645\u0633\u062a\u0642\u0631 \u2705 \u0633\u0647\u0644\u0629 \u0627\u0644\u062a\u062d\u0643\u0645 \u0648\u0622\u0645\u0646\u0629 \u0644\u0644\u0623\u0637\u0641\u0627\u0644 \u2705 \u0645\u0646\u0627\u0633\u0628\u0629 \u0644\u0644\u0645\u0646\u0632\u0644 \u0648\u0627\u0644\u0647\u0648\u0627\u0621 \u0627\u0644\u0637\u0644\u0642\ud83c\udf81 \u0627\u0644\u0645\u062d\u062a\u0648\u0649 \u062f\u0627\u062e\u0644 \u0627\u0644\u0639\u0644\u0628\u0629\ud83d\ude97 \u0633\u064a\u0627\u0631\u062a\u0627\u0646 \u0644\u0644\u062a\u062d\u0643\u0645 \u0639\u0646 \u0628\u064f\u0639\u062f\ud83c\udfae \u0648\u062d\u062f\u062a\u0627\u0646 \u0644\u0644\u062a\u062d\u0643\u0645 \u0627\u0644\u0644\u0627\u0633\u0644\u0643\u064a\ud83d\udd0b \u0628\u0637\u0627\u0631\u064a\u0627\u062a \u0642\u0627\u0628\u0644\u0629 \u0644\u0644\u0634\u062d\u0646\ud83d\udcd6 \u062f\u0644\u064a\u0644 \u0627\u0644\u0645\u0633\u062a\u062e\u062f\u0645\ud83d\uded2 \u0623\u0637\u0644\u0642 \u0627\u0644\u0645\u0646\u0627\u0641\u0633\u0629 \u0648\u0627\u0633\u062a\u0645\u062a\u0639 \u0628\u0633\u0628\u0627\u0642\u0627\u062a \u0644\u0627 \u062a\u0646\u062a\u0647\u064a \u0645\u0639 Stitch Bumper CARS \u2014 \u0627\u0637\u0644\u0628\u0647\u0627 \u0627\u0644\u0622\u0646!<\/p>","protected":false},"featured_media":46796,"comment_status":"open","ping_status":"closed","template":"","meta":[],"product_brand":[],"product_cat":[2467],"product_tag":[],"class_list":{"0":"post-46797","1":"product","2":"type-product","3":"status-publish","4":"has-post-thumbnail","6":"product_cat-maternite","8":"first","9":"instock","10":"sale","11":"taxable","12":"shipping-taxable","13":"purchasable","14":"product-type-simple"},"jetpack_sharing_enabled":true,"_links":{"self":[{"href":"https:\/\/shoponlinedz.com\/en\/wp-json\/wp\/v2\/product\/46797","targetHints":{"allow":["GET"]}}],"collection":[{"href":"https:\/\/shoponlinedz.com\/en\/wp-json\/wp\/v2\/product"}],"about":[{"href":"https:\/\/shoponlinedz.com\/en\/wp-json\/wp\/v2\/types\/product"}],"replies":[{"embeddable":true,"href":"https:\/\/shoponlinedz.com\/en\/wp-json\/wp\/v2\/comments?post=46797"}],"version-history":[{"count":0,"href":"https:\/\/shoponlinedz.com\/en\/wp-json\/wp\/v2\/product\/46797\/revisions"}],"wp:featuredmedia":[{"embeddable":true,"href":"https:\/\/shoponlinedz.com\/en\/wp-json\/wp\/v2\/media\/46796"}],"wp:attachment":[{"href":"https:\/\/shoponlinedz.com\/en\/wp-json\/wp\/v2\/media?parent=46797"}],"wp:term":[{"taxonomy":"product_brand","embeddable":true,"href":"https:\/\/shoponlinedz.com\/en\/wp-json\/wp\/v2\/product_brand?post=46797"},{"taxonomy":"product_cat","embeddable":true,"href":"https:\/\/shoponlinedz.com\/en\/wp-json\/wp\/v2\/product_cat?post=46797"},{"taxonomy":"product_tag","embeddable":true,"href":"https:\/\/shoponlinedz.com\/en\/wp-json\/wp\/v2\/product_tag?post=46797"}],"curies":[{"name":"wp","href":"https:\/\/api.w.org\/{rel}","templated":true}]}}