{"id":46788,"date":"2026-01-05T15:30:44","date_gmt":"2026-01-05T15:30:44","guid":{"rendered":"https:\/\/shoponlinedz.com\/product\/voiture-telecommandee-crash-bumper-rechargeable-2pcs-pour-enfants-%d9%84%d8%b9%d8%a8%d8%a9-%d8%b3%d9%8a%d8%a7%d8%b1%d8%a7%d8%aa-%d8%a7%d9%84%d9%84%d8%a7%d8%b3%d9%84%d9%83%d9%8a%d8%a9-%d9%84\/"},"modified":"2026-01-28T12:21:57","modified_gmt":"2026-01-28T12:21:57","slug":"voiture-telecommandee-crash-bumper-rechargeable-2pcs-pour-enfants-%d9%84%d8%b9%d8%a8%d8%a9-%d8%b3%d9%8a%d8%a7%d8%b1%d8%a7%d8%aa-%d8%a7%d9%84%d9%84%d8%a7%d8%b3%d9%84%d9%83%d9%8a%d8%a9-%d9%84","status":"publish","type":"product","link":"https:\/\/shoponlinedz.com\/en\/product\/voiture-telecommandee-crash-bumper-rechargeable-2pcs-pour-enfants-%d9%84%d8%b9%d8%a8%d8%a9-%d8%b3%d9%8a%d8%a7%d8%b1%d8%a7%d8%aa-%d8%a7%d9%84%d9%84%d8%a7%d8%b3%d9%84%d9%83%d9%8a%d8%a9-%d9%84\/","title":{"rendered":"Voiture T\u00e9l\u00e9command\u00e9e Crash Bumper Rechargeable 2Pcs pour Enfants \u2013 \u0644\u0639\u0628\u0629 \u0633\u064a\u0627\u0631\u0627\u062a \u0627\u0644\u0644\u0627\u0633\u0644\u0643\u064a\u0629 \u0644\u0644\u0623\u0637\u0641\u0627\u0644"},"content":{"rendered":"<figure class=\"attachment attachment--preview\" data-trix-attachment=\"{&quot;contentType&quot;:&quot;image&quot;,&quot;height&quot;:1024,&quot;url&quot;:&quot;https:\/\/sawaqli.fra1.cdn.digitaloceanspaces.com\/60703\/Bumper-Car-CNC.jpg&quot;,&quot;width&quot;:1024}\" data-trix-content-type=\"image\"><img decoding=\"async\" class=\"aligncenter\" src=\"https:\/\/sawaqli.fra1.cdn.digitaloceanspaces.com\/60703\/Bumper-Car-CNC.jpg\" width=\"1024\" height=\"1024\" \/><figcaption class=\"attachment__caption\"><\/figcaption><\/figure>\n<figure class=\"attachment attachment--preview\" data-trix-attachment=\"{&quot;contentType&quot;:&quot;image&quot;,&quot;height&quot;:1024,&quot;url&quot;:&quot;https:\/\/sawaqli.fra1.cdn.digitaloceanspaces.com\/60699\/Bumper-Car-4.jpg&quot;,&quot;width&quot;:1024}\" data-trix-content-type=\"image\"><img decoding=\"async\" class=\"aligncenter\" src=\"https:\/\/sawaqli.fra1.cdn.digitaloceanspaces.com\/60699\/Bumper-Car-4.jpg\" width=\"1024\" height=\"1024\" \/><figcaption class=\"attachment__caption\"><\/figcaption><\/figure>\n<figure class=\"attachment attachment--preview\" data-trix-attachment=\"{&quot;contentType&quot;:&quot;image&quot;,&quot;height&quot;:1024,&quot;url&quot;:&quot;https:\/\/sawaqli.fra1.cdn.digitaloceanspaces.com\/60700\/Bumper-Car-6.jpg&quot;,&quot;width&quot;:1024}\" data-trix-content-type=\"image\"><img decoding=\"async\" class=\"aligncenter\" src=\"https:\/\/sawaqli.fra1.cdn.digitaloceanspaces.com\/60700\/Bumper-Car-6.jpg\" width=\"1024\" height=\"1024\" \/><figcaption class=\"attachment__caption\"><\/figcaption><\/figure>\n<figure class=\"attachment attachment--preview\" data-trix-attachment=\"{&quot;contentType&quot;:&quot;image&quot;,&quot;height&quot;:1024,&quot;url&quot;:&quot;https:\/\/sawaqli.fra1.cdn.digitaloceanspaces.com\/60701\/Bumper-Car-7.jpg&quot;,&quot;width&quot;:1024}\" data-trix-content-type=\"image\"><img decoding=\"async\" class=\"aligncenter\" src=\"https:\/\/sawaqli.fra1.cdn.digitaloceanspaces.com\/60701\/Bumper-Car-7.jpg\" width=\"1024\" height=\"1024\" \/><figcaption class=\"attachment__caption\"><\/figcaption><\/figure>\n<figure class=\"attachment attachment--preview\" data-trix-attachment=\"{&quot;contentType&quot;:&quot;image&quot;,&quot;height&quot;:1024,&quot;url&quot;:&quot;https:\/\/sawaqli.fra1.cdn.digitaloceanspaces.com\/60702\/Bumper-Car-8.jpg&quot;,&quot;width&quot;:1024}\" data-trix-content-type=\"image\"><img decoding=\"async\" class=\"aligncenter\" src=\"https:\/\/sawaqli.fra1.cdn.digitaloceanspaces.com\/60702\/Bumper-Car-8.jpg\" width=\"1024\" height=\"1024\" \/><figcaption class=\"attachment__caption\"><\/figcaption><\/figure>\n<p style=\"text-align: center;\">","protected":false},"excerpt":{"rendered":"<p>\ud83d\ude97 \u0644\u0639\u0628\u0629 Bumper CARS \u2014 \u0633\u0628\u0627\u0642 \u0645\u0645\u062a\u0639 \u0648\u0645\u0644\u064a\u0621 \u0628\u0627\u0644\u062a\u062d\u062f\u0651\u064a \u0644\u0644\u0623\u0637\u0641\u0627\u0644!\u062f\u0639 \u0637\u0641\u0644\u0643 \u064a\u0639\u064a\u0634 \u0645\u062a\u0639\u0629 \u0627\u0644\u0642\u064a\u0627\u062f\u0629 \u0648\u0627\u0644\u0645\u0646\u0627\u0641\u0633\u0629 \u0645\u0639 \u0645\u062c\u0645\u0648\u0639\u0629 \u0633\u064a\u0627\u0631\u0627\u062a Bumper CARS \u0627\u0644\u062a\u0641\u0627\u0639\u0644\u064a\u0629! \u0644\u0639\u0628\u062a\u0627\u0646 \u062a\u0639\u0645\u0644\u0627\u0646 \u0628\u0627\u0644\u062a\u062d\u0643\u0645 \u0639\u0646 \u0628\u064f\u0639\u062f\u060c \u0645\u0635\u0645\u0645\u062a\u0627\u0646 \u062e\u0635\u064a\u0635\u064b\u0627 \u0644\u0644\u0623\u0637\u0641\u0627\u0644 \u0645\u0646 \u0639\u0645\u0631 3 \u0633\u0646\u0648\u0627\u062a \u0641\u0645\u0627 \u0641\u0648\u0642 \u0644\u062a\u0642\u062f\u064a\u0645 \u062a\u062c\u0631\u0628\u0629 \u0645\u0644\u064a\u0626\u0629 \u0628\u0627\u0644\u062d\u0645\u0627\u0633 \u0648\u0627\u0644\u062a\u0633\u0644\u064a\u0629.\u2699\ufe0f \u062c\u0627\u0647\u0632\u0629 \u0644\u0644\u0627\u0646\u0637\u0644\u0627\u0642 \u0641\u0648\u0631\u064b\u0627 \u2014 \u0628\u062f\u0648\u0646 \u062a\u0631\u0643\u064a\u0628 \u0623\u0648 \u062a\u0639\u0642\u064a\u062f\u0646\u0638\u0627\u0645 Ready-To-Fly (RTF) \u064a\u0639\u0646\u064a \u0623\u0646\u0643 \u0644\u0646 \u062a\u0636\u064a\u0639 \u0627\u0644\u0648\u0642\u062a \u0641\u064a \u0627\u0644\u062a\u0631\u0643\u064a\u0628 \u2014 \u0641\u0642\u0637 \u0623\u062e\u0631\u062c\u0647\u0627 \u0645\u0646 \u0627\u0644\u0639\u0644\u0628\u0629\u060c \u0634\u063a\u0651\u0644\u0647\u0627\u060c \u0648\u0627\u0628\u062f\u0623 \u0627\u0644\u0645\u0631\u062d \u0641\u0648\u0631\u064b\u0627!\ud83c\udfae \u062a\u062d\u0643\u0645 \u0633\u0647\u0644 \u0648\u0645\u0646\u0627\u0633\u0628 \u0644\u0644\u0623\u0637\u0641\u0627\u0644\u0627\u0644\u0633\u064a\u0627\u0631\u0627\u062a \u062e\u0641\u064a\u0641\u0629 \u0648\u0633\u0647\u0644\u0629 \u0627\u0644\u062a\u0648\u062c\u064a\u0647\u060c \u0645\u0645\u0627 \u064a\u0633\u0627\u0639\u062f \u0627\u0644\u0623\u0637\u0641\u0627\u0644 \u0639\u0644\u0649 \u062a\u0637\u0648\u064a\u0631 \u0627\u0644\u062a\u0631\u0643\u064a\u0632 \u0648\u0631\u062f\u0651\u0627\u062a \u0627\u0644\u0641\u0639\u0644 \u0627\u0644\u0633\u0631\u064a\u0639\u0629 \u0623\u062b\u0646\u0627\u0621 \u0627\u0644\u0644\u0639\u0628. \u064a\u0645\u0643\u0646\u0647\u0645 \u0627\u0644\u0627\u0633\u062a\u0645\u062a\u0627\u0639 \u0628\u0627\u0644\u0633\u0628\u0627\u0642\u0627\u062a \u0641\u064a \u0627\u0644\u0645\u0646\u0632\u0644 \u0623\u0648 \u0641\u064a \u0627\u0644\u0647\u0648\u0627\u0621 \u0627\u0644\u0637\u0644\u0642 \u0628\u0641\u0636\u0644 \u062a\u0635\u0645\u064a\u0645\u0647\u0627 \u0627\u0644\u0639\u0645\u0644\u064a \u0648\u0627\u0644\u0645\u0631\u064a\u062d.\u26a1 \u0623\u062f\u0627\u0621 \u0642\u0648\u064a \u0628\u0641\u0636\u0644 \u0627\u0644\u0645\u062d\u0631\u0643 \u0627\u0644\u0643\u0647\u0631\u0628\u0627\u0626\u064a\u062a\u0623\u062a\u064a \u0643\u0644 \u0633\u064a\u0627\u0631\u0629 \u0645\u0632\u0648\u062f\u0629 \u0628\u0645\u062d\u0631\u0643 \u0643\u0647\u0631\u0628\u0627\u0626\u064a \u0645\u0648\u062b\u0648\u0642 \u064a\u0645\u0646\u062d\u0647\u0627 \u0623\u062f\u0627\u0621\u064b \u0633\u0644\u0633\u064b\u0627 \u0648\u0633\u0631\u0639\u0629 \u0645\u062b\u0627\u0644\u064a\u0629 \u0644\u0644\u0633\u0628\u0627\u0642\u0627\u062a \u0627\u0644\u062b\u0646\u0627\u0626\u064a\u0629\u060c \u0644\u062a\u0639\u064a\u0634 \u062a\u062c\u0631\u0628\u0629 \u0642\u064a\u0627\u062f\u0629 \u062d\u0642\u064a\u0642\u064a\u0629 \u0648\u0645\u062b\u064a\u0631\u0629 \u0641\u064a \u0643\u0644 \u0645\u0631\u0629!\ud83d\udd0b \u0628\u0637\u0627\u0631\u064a\u0629 \u0637\u0648\u064a\u0644\u0629 \u0627\u0644\u0639\u0645\u0631 \u0644\u0644\u0639\u0628 \u0628\u0644\u0627 \u062a\u0648\u0642\u0641\u0628\u0641\u0636\u0644 \u0646\u0638\u0627\u0645 \u0627\u0644\u062a\u0634\u063a\u064a\u0644 \u0628\u0627\u0644\u0628\u0637\u0627\u0631\u064a\u0629\u060c \u064a\u0633\u062a\u0645\u062a\u0639 \u0627\u0644\u0623\u0637\u0641\u0627\u0644 \u0628\u0633\u0627\u0639\u0627\u062a \u0637\u0648\u064a\u0644\u0629 \u0645\u0646 \u0627\u0644\u0644\u0639\u0628 \u0627\u0644\u0645\u062a\u0648\u0627\u0635\u0644 \u062f\u0648\u0646 \u0627\u0644\u062d\u0627\u062c\u0629 \u0644\u0644\u0634\u062d\u0646 \u0627\u0644\u0645\u0633\u062a\u0645\u0631.\ud83e\uddd2 \u0622\u0645\u0646\u0629 \u0648\u0645\u0646\u0627\u0633\u0628\u0629 \u0644\u0644\u0623\u0637\u0641\u0627\u0644 \u0645\u0646 \u0639\u0645\u0631 3 \u0633\u0646\u0648\u0627\u062a \u0641\u0645\u0627 \u0641\u0648\u0642\u0645\u0635\u0645\u0645\u0629 \u0645\u0646 \u0645\u0648\u0627\u062f \u0622\u0645\u0646\u0629 \u0648\u0645\u062a\u064a\u0646\u0629\u060c \u062a\u062a\u062d\u0645\u0644 \u0627\u0644\u0635\u062f\u0645\u0627\u062a \u0627\u0644\u062e\u0641\u064a\u0641\u0629 \u0623\u062b\u0646\u0627\u0621 \u0627\u0644\u0644\u0639\u0628 \u0648\u062a\u0636\u0645\u0646 \u062a\u062c\u0631\u0628\u0629 \u0622\u0645\u0646\u0629 \u0648\u0645\u0645\u062a\u0639\u0629 \u0644\u0644\u0635\u063a\u0627\u0631.\ud83d\udccf \u062a\u0635\u0645\u064a\u0645 \u0645\u062f\u0645\u062c \u0648\u0633\u0647\u0644 \u0627\u0644\u0627\u0633\u062a\u062e\u062f\u0627\u0645\u0627\u0644\u0623\u0628\u0639\u0627\u062f: 14 \u00d7 10 \u0633\u0645 \u0627\u0644\u062d\u062c\u0645 \u0627\u0644\u0645\u062b\u0627\u0644\u064a \u0627\u0644\u0630\u064a \u064a\u062c\u0639\u0644\u0647\u0627 \u0645\u0646\u0627\u0633\u0628\u0629 \u0644\u0644\u0639\u0628 \u0641\u064a \u0623\u064a \u0645\u0643\u0627\u0646 \u2014 \u0641\u064a \u0627\u0644\u0635\u0627\u0644\u0648\u0646\u060c \u0627\u0644\u063a\u0631\u0641\u0629\u060c \u0623\u0648 \u062d\u062a\u0649 \u0641\u064a \u0627\u0644\u062d\u062f\u064a\u0642\u0629.\ud83c\udf1f \u0644\u0645\u0627\u0630\u0627 \u064a\u062d\u0628\u0647\u0627 \u0627\u0644\u0623\u0637\u0641\u0627\u0644 \u0648\u064a\u062e\u062a\u0627\u0631\u0647\u0627 \u0627\u0644\u0622\u0628\u0627\u0621\u061f\u2705 \u0633\u064a\u0627\u0631\u062a\u0627\u0646 \u0644\u0644\u062a\u062d\u0643\u0645 \u0639\u0646 \u0628\u064f\u0639\u062f \u0644\u0644\u062a\u062d\u062f\u064a\u0627\u062a \u0627\u0644\u062b\u0646\u0627\u0626\u064a\u0629 \ud83c\udfae \u2705 \u062a\u0635\u0645\u064a\u0645 \u0645\u062a\u064a\u0646 \u0648\u0622\u0645\u0646 \u0644\u0644\u0623\u0637\u0641\u0627\u0644 \ud83d\udc76 \u2705 \u0628\u0637\u0627\u0631\u064a\u0629 \u062a\u062f\u0648\u0645 \u0648\u0642\u062a\u064b\u0627 \u0637\u0648\u064a\u0644\u064b\u0627 \ud83d\udd0b \u2705 \u062a\u0634\u063a\u064a\u0644 \u0641\u0648\u0631\u064a \u0628\u062f\u0648\u0646 \u062a\u0631\u0643\u064a\u0628 \u2699\ufe0f \u2705 \u0645\u0646\u0627\u0633\u0628\u0629 \u0644\u0644\u0645\u0646\u0632\u0644 \u0648\u0627\u0644\u062e\u0627\u0631\u062c \ud83c\udfe0\ud83c\udf33\ud83c\udf81 \u0645\u062d\u062a\u0648\u0649 \u0627\u0644\u0639\u0644\u0628\u0629\ud83d\ude97 \u0633\u064a\u0627\u0631\u062a\u0627\u0646 \u062a\u0639\u0645\u0644\u0627\u0646 \u0628\u0627\u0644\u062a\u062d\u0643\u0645 \u0639\u0646 \u0628\u064f\u0639\u062f\ud83c\udfae \u062c\u0647\u0627\u0632\u0627 \u062a\u062d\u0643\u0645 \u0644\u0627\u0633\u0644\u0643\u064a\u0627\u0646\ud83d\udd0b \u0628\u0637\u0627\u0631\u064a\u0627\u062a \u0642\u0627\u0628\u0644\u0629 \u0644\u0644\u0634\u062d\u0646\ud83d\udcd6 \u062f\u0644\u064a\u0644 \u0627\u0644\u0627\u0633\u062a\u062e\u062f\u0627\u0645\ud83d\uded2 \u062d\u0648\u0651\u0644 \u0627\u0644\u0644\u0639\u0628 \u0625\u0644\u0649 \u0645\u063a\u0627\u0645\u0631\u0629 \u0645\u0644\u064a\u0626\u0629 \u0628\u0627\u0644\u0625\u062b\u0627\u0631\u0629 \u2014 \u0627\u0637\u0644\u0628 \u0627\u0644\u0622\u0646 \u0645\u062c\u0645\u0648\u0639\u0629 Bumper CARS \u0644\u0623\u0637\u0641\u0627\u0644\u0643!<\/p>","protected":false},"featured_media":46787,"comment_status":"open","ping_status":"closed","template":"","meta":[],"product_brand":[],"product_cat":[2459],"product_tag":[],"class_list":{"0":"post-46788","1":"product","2":"type-product","3":"status-publish","4":"has-post-thumbnail","6":"product_cat-jouet-gaming","8":"first","9":"instock","10":"sale","11":"taxable","12":"shipping-taxable","13":"purchasable","14":"product-type-simple"},"jetpack_sharing_enabled":true,"_links":{"self":[{"href":"https:\/\/shoponlinedz.com\/en\/wp-json\/wp\/v2\/product\/46788","targetHints":{"allow":["GET"]}}],"collection":[{"href":"https:\/\/shoponlinedz.com\/en\/wp-json\/wp\/v2\/product"}],"about":[{"href":"https:\/\/shoponlinedz.com\/en\/wp-json\/wp\/v2\/types\/product"}],"replies":[{"embeddable":true,"href":"https:\/\/shoponlinedz.com\/en\/wp-json\/wp\/v2\/comments?post=46788"}],"version-history":[{"count":0,"href":"https:\/\/shoponlinedz.com\/en\/wp-json\/wp\/v2\/product\/46788\/revisions"}],"wp:featuredmedia":[{"embeddable":true,"href":"https:\/\/shoponlinedz.com\/en\/wp-json\/wp\/v2\/media\/46787"}],"wp:attachment":[{"href":"https:\/\/shoponlinedz.com\/en\/wp-json\/wp\/v2\/media?parent=46788"}],"wp:term":[{"taxonomy":"product_brand","embeddable":true,"href":"https:\/\/shoponlinedz.com\/en\/wp-json\/wp\/v2\/product_brand?post=46788"},{"taxonomy":"product_cat","embeddable":true,"href":"https:\/\/shoponlinedz.com\/en\/wp-json\/wp\/v2\/product_cat?post=46788"},{"taxonomy":"product_tag","embeddable":true,"href":"https:\/\/shoponlinedz.com\/en\/wp-json\/wp\/v2\/product_tag?post=46788"}],"curies":[{"name":"wp","href":"https:\/\/api.w.org\/{rel}","templated":true}]}}