{"id":46661,"date":"2026-01-05T15:26:13","date_gmt":"2026-01-05T15:26:13","guid":{"rendered":"https:\/\/shoponlinedz.com\/product\/cuiseur-electrique-avec-plaque-en-fonte-1000w-temperature-reglable-%d9%84%d9%88%d8%ad%d8%a9-%d8%b7%d8%a8%d8%ae-%d9%83%d9%87%d8%b1%d8%a8%d8%a7%d8%a6%d9%8a%d8%a9\/"},"modified":"2026-01-28T12:22:07","modified_gmt":"2026-01-28T12:22:07","slug":"cuiseur-electrique-avec-plaque-en-fonte-1000w-temperature-reglable-%d9%84%d9%88%d8%ad%d8%a9-%d8%b7%d8%a8%d8%ae-%d9%83%d9%87%d8%b1%d8%a8%d8%a7%d8%a6%d9%8a%d8%a9","status":"publish","type":"product","link":"https:\/\/shoponlinedz.com\/en\/product\/cuiseur-electrique-avec-plaque-en-fonte-1000w-temperature-reglable-%d9%84%d9%88%d8%ad%d8%a9-%d8%b7%d8%a8%d8%ae-%d9%83%d9%87%d8%b1%d8%a8%d8%a7%d8%a6%d9%8a%d8%a9\/","title":{"rendered":"Cuiseur \u00e9lectrique avec plaque en fonte 1000W Temp\u00e9rature R\u00e9glable \u2013 \u0644\u0648\u062d\u0629 \u0637\u0628\u062e \u0643\u0647\u0631\u0628\u0627\u0626\u064a\u0629"},"content":{"rendered":"<figure class=\"attachment attachment--preview\" data-trix-attachment=\"{&quot;contentType&quot;:&quot;image&quot;,&quot;height&quot;:1024,&quot;url&quot;:&quot;https:\/\/sawaqli.fra1.cdn.digitaloceanspaces.com\/61103\/Sonarema-cnc.jpg&quot;,&quot;width&quot;:1024}\" data-trix-content-type=\"image\"><img decoding=\"async\" class=\"aligncenter\" src=\"https:\/\/sawaqli.fra1.cdn.digitaloceanspaces.com\/61103\/Sonarema-cnc.jpg\" width=\"1024\" height=\"1024\" \/><figcaption class=\"attachment__caption\"><\/figcaption><\/figure>\n<figure class=\"attachment attachment--preview\" data-trix-attachment=\"{&quot;contentType&quot;:&quot;image&quot;,&quot;height&quot;:1024,&quot;url&quot;:&quot;https:\/\/sawaqli.fra1.cdn.digitaloceanspaces.com\/61101\/Sonarema-2.jpg&quot;,&quot;width&quot;:1024}\" data-trix-content-type=\"image\"><img decoding=\"async\" class=\"aligncenter\" src=\"https:\/\/sawaqli.fra1.cdn.digitaloceanspaces.com\/61101\/Sonarema-2.jpg\" width=\"1024\" height=\"1024\" \/><figcaption class=\"attachment__caption\"><\/figcaption><\/figure>\n<figure class=\"attachment attachment--preview\" data-trix-attachment=\"{&quot;contentType&quot;:&quot;image&quot;,&quot;height&quot;:1024,&quot;url&quot;:&quot;https:\/\/sawaqli.fra1.cdn.digitaloceanspaces.com\/61102\/Sonarema-1.jpg&quot;,&quot;width&quot;:1024}\" data-trix-content-type=\"image\"><img decoding=\"async\" class=\"aligncenter\" src=\"https:\/\/sawaqli.fra1.cdn.digitaloceanspaces.com\/61102\/Sonarema-1.jpg\" width=\"1024\" height=\"1024\" \/><figcaption class=\"attachment__caption\"><\/figcaption><\/figure>\n<figure class=\"attachment attachment--preview\" data-trix-attachment=\"{&quot;contentType&quot;:&quot;image&quot;,&quot;height&quot;:1024,&quot;url&quot;:&quot;https:\/\/sawaqli.fra1.cdn.digitaloceanspaces.com\/61122\/LMDD3.jpeg&quot;,&quot;width&quot;:1024}\" data-trix-content-type=\"image\"><img decoding=\"async\" class=\"aligncenter\" src=\"https:\/\/sawaqli.fra1.cdn.digitaloceanspaces.com\/61122\/LMDD3.jpeg\" width=\"1024\" height=\"1024\" \/><figcaption class=\"attachment__caption\"><\/figcaption><\/figure>\n<figure class=\"attachment attachment--preview\" data-trix-attachment=\"{&quot;contentType&quot;:&quot;image&quot;,&quot;height&quot;:1024,&quot;url&quot;:&quot;https:\/\/sawaqli.fra1.cdn.digitaloceanspaces.com\/61123\/LMDD33.jpeg&quot;,&quot;width&quot;:1024}\" data-trix-content-type=\"image\"><img decoding=\"async\" class=\"aligncenter\" src=\"https:\/\/sawaqli.fra1.cdn.digitaloceanspaces.com\/61123\/LMDD33.jpeg\" width=\"1024\" height=\"1024\" \/><figcaption class=\"attachment__caption\"><\/figcaption><\/figure>\n<p style=\"text-align: center;\">","protected":false},"excerpt":{"rendered":"<p>\ud83d\udd25 \u0627\u0644\u0644\u0648\u062d \u0627\u0644\u0643\u0647\u0631\u0628\u0627\u0626\u064a \u0644\u0644\u0637\u0647\u064a \u2013 \u0635\u063a\u064a\u0631\u060c \u0639\u0645\u0644\u064a\u060c \u0648\u0633\u0647\u0644 \u0627\u0644\u0627\u0633\u062a\u062e\u062f\u0627\u0645 \u0641\u064a \u0623\u064a \u0645\u0643\u0627\u0646!\u2615 \u0627\u0633\u062a\u062e\u062f\u0645\u0647 \u0623\u064a\u0646\u0645\u0627 \u0643\u0646\u062a \u0648\u0645\u062a\u0649 \u062a\u0634\u0627\u0621 \u0647\u0630\u0647 \u0627\u0644\u0644\u0648\u062d\u0629 \u0627\u0644\u0643\u0647\u0631\u0628\u0627\u0626\u064a\u0629 \u0627\u0644\u0645\u064a\u0646\u0627\u0626\u064a\u0629 \u0645\u062b\u0627\u0644\u064a\u0629 \u0644\u062a\u062d\u0636\u064a\u0631 \u0627\u0644\u0642\u0647\u0648\u0629\u060c \u062a\u0633\u062e\u064a\u0646 \u0627\u0644\u0623\u0637\u0639\u0645\u0629\u060c \u0623\u0648 \u0627\u0644\u0637\u0647\u064a \u0627\u0644\u0633\u0631\u064a\u0639 \u0641\u064a \u0627\u0644\u0633\u0641\u0631 \ud83e\uddf3\u060c \u0641\u064a \u0627\u0644\u0645\u0643\u062a\u0628 \ud83c\udfe2 \u0623\u0648 \u0641\u064a \u0627\u0644\u0645\u0646\u0632\u0644 \ud83c\udfe0.\ud83e\uddfd \u0633\u0647\u0648\u0644\u0629 \u0627\u0644\u062a\u0646\u0638\u064a\u0641 \u062c\u0633\u0645\u0647\u0627 \u0627\u0644\u0645\u0637\u0644\u064a \u0628\u0627\u0644\u0645\u064a\u0646\u0627 \u064a\u062c\u0639\u0644 \u0627\u0644\u062a\u0646\u0638\u064a\u0641 \u0633\u0647\u0644\u064b\u0627 \u0648\u0633\u0631\u064a\u0639\u064b\u0627 \u0628\u0639\u062f \u0643\u0644 \u0627\u0633\u062a\u062e\u062f\u0627\u0645.\u2699\ufe0f \u062a\u0635\u0645\u064a\u0645 \u0639\u0645\u0644\u064a \u0648\u0630\u0643\u064a \u0645\u0632\u0648\u062f\u0629 \u0628\u0645\u0646\u0638\u0645 \u062d\u0631\u0627\u0631\u0629 (\u062a\u0631\u0645\u0648\u0633\u062a\u0627\u062a) \u0644\u0644\u062a\u062d\u0643\u0645 \u0641\u064a \u0645\u0633\u062a\u0648\u0649 \u0627\u0644\u062d\u0631\u0627\u0631\u0629 \u062d\u0633\u0628 \u0627\u062d\u062a\u064a\u0627\u062c\u0643\u060c \u0645\u0639 \u0636\u0648\u0621 \u0645\u0624\u0634\u0631 \u064a\u0648\u0636\u062d \u062d\u0627\u0644\u0629 \u0627\u0644\u062a\u0634\u063a\u064a\u0644 \ud83d\udd06.\ud83d\udcaa \u0642\u0648\u064a\u0629 \u0648\u0641\u0639\u0651\u0627\u0644\u0629 \u0628\u0642\u0648\u0629 \u062a\u0635\u0644 \u0625\u0644\u0649 1000 \u0648\u0627\u0637\u060c \u0648\u0633\u0637\u062d \u0645\u0646 \u0627\u0644\u062d\u062f\u064a\u062f \u0627\u0644\u0645\u0635\u0628\u0648\u0628 \u0628\u0642\u0637\u0631 \u062d\u0648\u0627\u0644\u064a 15.2 \u0633\u0645\u060c \u062a\u0648\u0641\u0631 \u062a\u0633\u062e\u064a\u0646\u064b\u0627 \u0633\u0631\u064a\u0639\u064b\u0627 \u0648\u0645\u062a\u0633\u0627\u0648\u064a\u064b\u0627 \u0644\u0644\u0637\u0647\u064a \u0627\u0644\u0645\u062b\u0627\u0644\u064a.\ud83c\udfa8 \u0645\u0648\u0627\u0635\u0641\u0627\u062a \u0627\u0644\u0645\u0646\u062a\u062c\u0627\u0644\u0642\u0648\u0629: 1000 \u0648\u0627\u0637 \u26a1\u0627\u0644\u0644\u0648\u0646: \u0623\u0628\u064a\u0636 \ud83e\udd0d\u0627\u0644\u0623\u0628\u0639\u0627\u062f: \u062a\u0642\u0631\u064a\u0628\u064b\u0627 \u200e21 \u00d7 21 \u00d7 5 \u0633\u0645 \ud83d\udccf\u0627\u0644\u0648\u0632\u0646: \u062d\u0648\u0627\u0644\u064a \u200e1.176 \u0643\u063a \u2696\ufe0f\u0627\u0644\u0645\u0644\u062d\u0642\u0627\u062a: \u064a\u0623\u062a\u064a \u0645\u0639 \u062f\u0644\u064a\u0644 \u0628\u0627\u0644\u0644\u063a\u0629 \u0627\u0644\u0625\u0646\u062c\u0644\u064a\u0632\u064a\u0629 \ud83c\uddec\ud83c\udde7\u0645\u0644\u0627\u062d\u0638\u0629: \u0627\u0644\u0644\u0648\u0646 \u0648\u0627\u0644\u0634\u0643\u0644 \u0642\u062f \u064a\u062e\u062a\u0644\u0641\u0627\u0646 \u062d\u0633\u0628 \u062a\u0648\u0641\u0631 \u0627\u0644\u0645\u062e\u0632\u0648\u0646.\u2705 \u0627\u0644\u0644\u0648\u062d\u0629 \u0627\u0644\u0643\u0647\u0631\u0628\u0627\u0626\u064a\u0629 \u0627\u0644\u0645\u062b\u0627\u0644\u064a\u0629 \u0644\u0644\u0633\u0641\u0631\u060c \u0627\u0644\u0645\u0637\u0628\u062e\u060c \u0648\u0627\u0644\u0645\u0643\u062a\u0628!<\/p>","protected":false},"featured_media":46660,"comment_status":"open","ping_status":"closed","template":"","meta":[],"product_brand":[],"product_cat":[2456],"product_tag":[],"class_list":{"0":"post-46661","1":"product","2":"type-product","3":"status-publish","4":"has-post-thumbnail","6":"product_cat-cuisine","8":"first","9":"instock","10":"sale","11":"taxable","12":"shipping-taxable","13":"purchasable","14":"product-type-simple"},"jetpack_sharing_enabled":true,"_links":{"self":[{"href":"https:\/\/shoponlinedz.com\/en\/wp-json\/wp\/v2\/product\/46661","targetHints":{"allow":["GET"]}}],"collection":[{"href":"https:\/\/shoponlinedz.com\/en\/wp-json\/wp\/v2\/product"}],"about":[{"href":"https:\/\/shoponlinedz.com\/en\/wp-json\/wp\/v2\/types\/product"}],"replies":[{"embeddable":true,"href":"https:\/\/shoponlinedz.com\/en\/wp-json\/wp\/v2\/comments?post=46661"}],"version-history":[{"count":0,"href":"https:\/\/shoponlinedz.com\/en\/wp-json\/wp\/v2\/product\/46661\/revisions"}],"wp:featuredmedia":[{"embeddable":true,"href":"https:\/\/shoponlinedz.com\/en\/wp-json\/wp\/v2\/media\/46660"}],"wp:attachment":[{"href":"https:\/\/shoponlinedz.com\/en\/wp-json\/wp\/v2\/media?parent=46661"}],"wp:term":[{"taxonomy":"product_brand","embeddable":true,"href":"https:\/\/shoponlinedz.com\/en\/wp-json\/wp\/v2\/product_brand?post=46661"},{"taxonomy":"product_cat","embeddable":true,"href":"https:\/\/shoponlinedz.com\/en\/wp-json\/wp\/v2\/product_cat?post=46661"},{"taxonomy":"product_tag","embeddable":true,"href":"https:\/\/shoponlinedz.com\/en\/wp-json\/wp\/v2\/product_tag?post=46661"}],"curies":[{"name":"wp","href":"https:\/\/api.w.org\/{rel}","templated":true}]}}