{"id":46639,"date":"2026-01-05T15:25:26","date_gmt":"2026-01-05T15:25:26","guid":{"rendered":"https:\/\/shoponlinedz.com\/product\/presentoirs-a-bijoux-rotatifs-a-3-niveaux-reglables-en-metal-%d8%ad%d8%a7%d9%85%d9%84-%d8%b9%d8%b1%d8%b6-%d8%a7%d9%84%d8%b3%d9%84%d8%b9-%d9%88%d8%a7%d9%84%d8%a5%d9%83%d8%b3%d8%b3%d9%88%d8%a7\/"},"modified":"2026-01-28T12:22:08","modified_gmt":"2026-01-28T12:22:08","slug":"presentoirs-a-bijoux-rotatifs-a-3-niveaux-reglables-en-metal-%d8%ad%d8%a7%d9%85%d9%84-%d8%b9%d8%b1%d8%b6-%d8%a7%d9%84%d8%b3%d9%84%d8%b9-%d9%88%d8%a7%d9%84%d8%a5%d9%83%d8%b3%d8%b3%d9%88%d8%a7","status":"publish","type":"product","link":"https:\/\/shoponlinedz.com\/en\/product\/presentoirs-a-bijoux-rotatifs-a-3-niveaux-reglables-en-metal-%d8%ad%d8%a7%d9%85%d9%84-%d8%b9%d8%b1%d8%b6-%d8%a7%d9%84%d8%b3%d9%84%d8%b9-%d9%88%d8%a7%d9%84%d8%a5%d9%83%d8%b3%d8%b3%d9%88%d8%a7\/","title":{"rendered":"Pr\u00e9sentoirs \u00e0 bijoux rotatifs \u00e0 3 niveaux r\u00e9glables en m\u00e9tal \u2013 \u062d\u0627\u0645\u0644 \u0639\u0631\u0636 \u0627\u0644\u0633\u0644\u0639 \u0648\u0627\u0644\u0625\u0643\u0633\u0633\u0648\u0627\u0631\u0627\u062a"},"content":{"rendered":"<figure class=\"attachment attachment--preview\" data-trix-attachment=\"{&quot;contentType&quot;:&quot;image&quot;,&quot;height&quot;:1024,&quot;url&quot;:&quot;https:\/\/sawaqli.fra1.cdn.digitaloceanspaces.com\/61203\/presentoire-cnc.jpg&quot;,&quot;width&quot;:1024}\" data-trix-content-type=\"image\"><img decoding=\"async\" class=\"aligncenter\" src=\"https:\/\/sawaqli.fra1.cdn.digitaloceanspaces.com\/61203\/presentoire-cnc.jpg\" width=\"1024\" height=\"1024\" \/><figcaption class=\"attachment__caption\"><\/figcaption><\/figure>\n<figure class=\"attachment attachment--preview\" data-trix-attachment=\"{&quot;contentType&quot;:&quot;image&quot;,&quot;height&quot;:1024,&quot;url&quot;:&quot;https:\/\/sawaqli.fra1.cdn.digitaloceanspaces.com\/61204\/presentoire-7.jpg&quot;,&quot;width&quot;:1024}\" data-trix-content-type=\"image\"><img decoding=\"async\" class=\"aligncenter\" src=\"https:\/\/sawaqli.fra1.cdn.digitaloceanspaces.com\/61204\/presentoire-7.jpg\" width=\"1024\" height=\"1024\" \/><figcaption class=\"attachment__caption\"><\/figcaption><\/figure>\n<figure class=\"attachment attachment--preview\" data-trix-attachment=\"{&quot;contentType&quot;:&quot;image&quot;,&quot;height&quot;:1024,&quot;url&quot;:&quot;https:\/\/sawaqli.fra1.cdn.digitaloceanspaces.com\/61205\/presentoire-6.jpg&quot;,&quot;width&quot;:1024}\" data-trix-content-type=\"image\"><img decoding=\"async\" class=\"aligncenter\" src=\"https:\/\/sawaqli.fra1.cdn.digitaloceanspaces.com\/61205\/presentoire-6.jpg\" width=\"1024\" height=\"1024\" \/><figcaption class=\"attachment__caption\"><\/figcaption><\/figure>\n<figure class=\"attachment attachment--preview\" data-trix-attachment=\"{&quot;contentType&quot;:&quot;image&quot;,&quot;height&quot;:1024,&quot;url&quot;:&quot;https:\/\/sawaqli.fra1.cdn.digitaloceanspaces.com\/61206\/presentoire-3.jpg&quot;,&quot;width&quot;:1024}\" data-trix-content-type=\"image\"><img decoding=\"async\" class=\"aligncenter\" src=\"https:\/\/sawaqli.fra1.cdn.digitaloceanspaces.com\/61206\/presentoire-3.jpg\" width=\"1024\" height=\"1024\" \/><figcaption class=\"attachment__caption\"><\/figcaption><\/figure>\n<figure class=\"attachment attachment--preview\" data-trix-attachment=\"{&quot;contentType&quot;:&quot;image&quot;,&quot;height&quot;:1024,&quot;url&quot;:&quot;https:\/\/sawaqli.fra1.cdn.digitaloceanspaces.com\/61207\/presentoire-4.jpg&quot;,&quot;width&quot;:1024}\" data-trix-content-type=\"image\"><img decoding=\"async\" class=\"aligncenter\" src=\"https:\/\/sawaqli.fra1.cdn.digitaloceanspaces.com\/61207\/presentoire-4.jpg\" width=\"1024\" height=\"1024\" \/><figcaption class=\"attachment__caption\"><\/figcaption><\/figure>\n<p style=\"text-align: center;\">","protected":false},"excerpt":{"rendered":"<p>\ud83d\udc8e \u062d\u0627\u0645\u0644 \u0627\u0644\u0645\u062c\u0648\u0647\u0631\u0627\u062a \u0627\u0644\u062f\u0648\u0651\u0627\u0631 \u062b\u0644\u0627\u062b\u064a \u0627\u0644\u0645\u0633\u062a\u0648\u064a\u0627\u062a \u2013 \u062a\u0646\u0638\u064a\u0645 \u0623\u0646\u064a\u0642 \u0648\u062a\u0635\u0645\u064a\u0645 \u0641\u0627\u062e\u0631 \u2728\ud83c\udf80 \u062a\u0635\u0645\u064a\u0645 \u0641\u0631\u064a\u062f \u0648\u0639\u0645\u0644\u064a\u0629 \u062f\u0648\u0631\u0627\u0646 360\u00b0 \u062d\u0627\u0645\u0644 \u0645\u062c\u0648\u0647\u0631\u0627\u062a \u0628\u062b\u0644\u0627\u062b \u0637\u0628\u0642\u0627\u062a \u0645\u0632\u0648\u0651\u062f \u0628\u0640 10 \u062e\u0637\u0627\u0641\u0627\u062a \u062f\u0648\u0651\u0627\u0631\u0629 \u0628\u0632\u0627\u0648\u064a\u0629 \u0643\u0627\u0645\u0644\u0629 360 \u062f\u0631\u062c\u0629\u060c \u0645\u062b\u0627\u0644\u064a \u0644\u062a\u0639\u0644\u064a\u0642 \u0627\u0644\u0623\u0642\u0631\u0627\u0637\u060c \u0627\u0644\u0623\u0633\u0627\u0648\u0631\u060c \u0627\u0644\u0642\u0644\u0627\u0626\u062f \u0648\u063a\u064a\u0631\u0647\u0627. \u062a\u0635\u0645\u064a\u0645 \u0645\u062a\u0639\u062f\u062f \u0627\u0644\u0627\u0633\u062a\u062e\u062f\u0627\u0645\u0627\u062a \u0648\u0642\u0627\u0628\u0644 \u0644\u0644\u062a\u0639\u062f\u064a\u0644 \u0644\u064a\u062a\u0646\u0627\u0633\u0628 \u0645\u0639 \u062c\u0645\u064a\u0639 \u0623\u0646\u0648\u0627\u0639 \u0627\u0644\u0645\u062c\u0648\u0647\u0631\u0627\u062a\u060c \u0645\u0639 \u062e\u0637\u0627\u0641\u0627\u062a \u0648\u0623\u0639\u0645\u062f\u0629 \u0645\u062e\u0635\u0651\u0635\u0629 \u0644\u062a\u0646\u0638\u064a\u0645 \u0623\u0646\u064a\u0642 \u0648\u0633\u0647\u0644.\u2699\ufe0f \u062c\u0648\u062f\u0629 \u0639\u0627\u0644\u064a\u0629 \u0648\u0635\u0646\u0627\u0639\u0629 \u0645\u062a\u064a\u0646\u0629 \u0645\u0635\u0646\u0648\u0639 \u0645\u0646 \u0645\u0639\u062f\u0646 \u0642\u0648\u064a \u0648\u0645\u062a\u064a\u0646\u060c \u062e\u0641\u064a\u0641 \u0627\u0644\u0648\u0632\u0646 \u0648\u0633\u0647\u0644 \u0627\u0644\u0646\u0642\u0644\u060c \u0645\u0645\u0627 \u064a\u062c\u0639\u0644\u0647 \u0645\u062b\u0627\u0644\u064a\u064b\u0627 \u0623\u064a\u0636\u064b\u0627 \u0644\u0644\u0633\u0641\u0631 \u0623\u0648 \u0627\u0644\u0639\u0631\u0636. \u0627\u0644\u0642\u0627\u0639\u062f\u0629 \u0645\u0642\u0627\u0648\u0645\u0629 \u0644\u0644\u0635\u062f\u0623 \u0648\u0645\u0637\u0644\u064a\u0629 \u0628\u062a\u0642\u0646\u064a\u0629 \u0627\u0644\u0631\u0634\u0651 \u0644\u062d\u0645\u0627\u064a\u0629 \u0637\u0648\u064a\u0644\u0629 \u0627\u0644\u0623\u0645\u062f\u060c \u0648\u0627\u0644\u0647\u064a\u0643\u0644 \u0627\u0644\u0645\u0639\u062f\u0646\u064a \u0627\u0644\u0645\u062a\u064a\u0646 \u064a\u062a\u062d\u0645\u0651\u0644 \u0648\u0632\u0646 \u0639\u062f\u062f \u0643\u0628\u064a\u0631 \u0645\u0646 \u0627\u0644\u0645\u062c\u0648\u0647\u0631\u0627\u062a \u0628\u0633\u0647\u0648\u0644\u0629.\ud83e\udde9 \u062a\u0631\u0643\u064a\u0628 \u0628\u0633\u064a\u0637 \u0648\u0633\u0631\u064a\u0639 \u064a\u064f\u0631\u0643\u0651\u0628 \u0628\u0633\u0647\u0648\u0644\u0629 \u062e\u0644\u0627\u0644 \u062f\u0642\u0627\u0626\u0642 \u062f\u0648\u0646 \u0623\u062f\u0648\u0627\u062a \u0645\u0639\u0642\u0651\u062f\u0629\u060c \u0648\u064a\u0645\u0643\u0646 \u062a\u0641\u0643\u064a\u0643\u0647 \u0648\u062a\u062e\u0632\u064a\u0646\u0647 \u0641\u064a \u0627\u0644\u0623\u062f\u0631\u0627\u062c \u0623\u0648 \u0627\u0644\u062e\u0632\u0627\u0626\u0646 \u0639\u0646\u062f \u0639\u062f\u0645 \u0627\u0644\u0627\u0633\u062a\u062e\u062f\u0627\u0645. \u0627\u0644\u0642\u0627\u0639\u062f\u0629 \u0642\u0627\u0628\u0644\u0629 \u0644\u0644\u062f\u0648\u0631\u0627\u0646 \u0628\u0633\u0644\u0627\u0633\u0629 \u0644\u062a\u0648\u0641\u064a\u0631 \u0648\u0635\u0648\u0644 \u0633\u0647\u0644 \u0625\u0644\u0649 \u062c\u0645\u064a\u0639 \u0642\u0637\u0639\u0643 \u0645\u0646 \u0645\u062e\u062a\u0644\u0641 \u0627\u0644\u0632\u0648\u0627\u064a\u0627\u060c \u0643\u0645\u0627 \u062a\u0636\u064a\u0641 \u0644\u0645\u0633\u0629 \u062c\u0645\u0627\u0644\u064a\u0629 \u0631\u0627\u0642\u064a\u0629 \u0625\u0644\u0649 \u0637\u0627\u0648\u0644\u0629 \u0627\u0644\u0632\u064a\u0646\u0629.\ud83d\udccf \u0627\u0644\u0623\u0628\u0639\u0627\u062f : \u0645\u0648\u0636\u0651\u062d\u0629 \u0641\u064a \u0627\u0644\u0635\u0648\u0631 \ud83c\udf81 \u0645\u062b\u0627\u0644\u064a \u0644\u0644\u0627\u0633\u062a\u062e\u062f\u0627\u0645 \u0627\u0644\u0634\u062e\u0635\u064a \u0623\u0648 \u0643\u0647\u062f\u064a\u0629 \u0641\u0627\u062e\u0631\u0629 \u0644\u0639\u0634\u0651\u0627\u0642 \u0627\u0644\u062a\u0646\u0638\u064a\u0645 \u0648\u0627\u0644\u0623\u0646\u0627\u0642\u0629.\u2728 \u062d\u0627\u0641\u0638\u064a \u0639\u0644\u0649 \u0645\u062c\u0648\u0647\u0631\u0627\u062a\u0643 \u0645\u0631\u062a\u0628\u0629 \u0648\u0645\u0634\u0631\u0642\u0629 \u0628\u0623\u0633\u0644\u0648\u0628 \u0631\u0627\u0642\u064d \u0645\u0639 \u0647\u0630\u0627 \u0627\u0644\u062d\u0627\u0645\u0644 \u0627\u0644\u0645\u0639\u062f\u0646\u064a \u0627\u0644\u062f\u0648\u0651\u0627\u0631!<\/p>","protected":false},"featured_media":46638,"comment_status":"open","ping_status":"closed","template":"","meta":[],"product_brand":[],"product_cat":[2457],"product_tag":[],"class_list":{"0":"post-46639","1":"product","2":"type-product","3":"status-publish","4":"has-post-thumbnail","6":"product_cat-soins-et-beaute","8":"first","9":"instock","10":"sale","11":"taxable","12":"shipping-taxable","13":"purchasable","14":"product-type-simple"},"jetpack_sharing_enabled":true,"_links":{"self":[{"href":"https:\/\/shoponlinedz.com\/en\/wp-json\/wp\/v2\/product\/46639","targetHints":{"allow":["GET"]}}],"collection":[{"href":"https:\/\/shoponlinedz.com\/en\/wp-json\/wp\/v2\/product"}],"about":[{"href":"https:\/\/shoponlinedz.com\/en\/wp-json\/wp\/v2\/types\/product"}],"replies":[{"embeddable":true,"href":"https:\/\/shoponlinedz.com\/en\/wp-json\/wp\/v2\/comments?post=46639"}],"version-history":[{"count":0,"href":"https:\/\/shoponlinedz.com\/en\/wp-json\/wp\/v2\/product\/46639\/revisions"}],"wp:featuredmedia":[{"embeddable":true,"href":"https:\/\/shoponlinedz.com\/en\/wp-json\/wp\/v2\/media\/46638"}],"wp:attachment":[{"href":"https:\/\/shoponlinedz.com\/en\/wp-json\/wp\/v2\/media?parent=46639"}],"wp:term":[{"taxonomy":"product_brand","embeddable":true,"href":"https:\/\/shoponlinedz.com\/en\/wp-json\/wp\/v2\/product_brand?post=46639"},{"taxonomy":"product_cat","embeddable":true,"href":"https:\/\/shoponlinedz.com\/en\/wp-json\/wp\/v2\/product_cat?post=46639"},{"taxonomy":"product_tag","embeddable":true,"href":"https:\/\/shoponlinedz.com\/en\/wp-json\/wp\/v2\/product_tag?post=46639"}],"curies":[{"name":"wp","href":"https:\/\/api.w.org\/{rel}","templated":true}]}}