{"id":46621,"date":"2026-01-05T15:24:47","date_gmt":"2026-01-05T15:24:47","guid":{"rendered":"https:\/\/shoponlinedz.com\/product\/pack-4pcs-cuillere-bebe-white-hot-thermosensible-%d8%b7%d9%82%d9%85-%d9%85%d9%84%d8%a7%d8%b9%d9%82-%d9%84%d8%aa%d8%ba%d8%b0%d9%8a%d8%a9-%d8%a7%d9%84%d8%a3%d8%b7%d9%81%d8%a7%d9%84-%d9%85\/"},"modified":"2026-01-28T12:22:09","modified_gmt":"2026-01-28T12:22:09","slug":"pack-4pcs-cuillere-bebe-white-hot-thermosensible-%d8%b7%d9%82%d9%85-%d9%85%d9%84%d8%a7%d8%b9%d9%82-%d9%84%d8%aa%d8%ba%d8%b0%d9%8a%d8%a9-%d8%a7%d9%84%d8%a3%d8%b7%d9%81%d8%a7%d9%84-%d9%85","status":"publish","type":"product","link":"https:\/\/shoponlinedz.com\/en\/product\/pack-4pcs-cuillere-bebe-white-hot-thermosensible-%d8%b7%d9%82%d9%85-%d9%85%d9%84%d8%a7%d8%b9%d9%82-%d9%84%d8%aa%d8%ba%d8%b0%d9%8a%d8%a9-%d8%a7%d9%84%d8%a3%d8%b7%d9%81%d8%a7%d9%84-%d9%85\/","title":{"rendered":"Pack 4Pcs Cuill\u00e8re B\u00e9b\u00e9 White Hot Thermosensible \u2013 \u0637\u0642\u0645 \u0645\u0644\u0627\u0639\u0642 \u0644\u062a\u063a\u0630\u064a\u0629 \u0627\u0644\u0623\u0637\u0641\u0627\u0644 \u0645\u0633\u062a\u0634\u0639\u0631\u0629 \u0644\u0644\u062d\u0631\u0627\u0631\u0629"},"content":{"rendered":"<figure class=\"attachment attachment--preview\" data-trix-attachment=\"{&quot;contentType&quot;:&quot;image&quot;,&quot;height&quot;:1024,&quot;url&quot;:&quot;https:\/\/sawa9ly.app\/storage\/61227\/cuillere-kids-cnc-2.jpg&quot;,&quot;width&quot;:1024}\" data-trix-content-type=\"image\"><img decoding=\"async\" class=\"aligncenter\" src=\"https:\/\/sawa9ly.app\/storage\/61227\/cuillere-kids-cnc-2.jpg\" width=\"1024\" height=\"1024\" \/><figcaption class=\"attachment__caption\"><\/figcaption><\/figure>\n<figure class=\"attachment attachment--preview\" data-trix-attachment=\"{&quot;contentType&quot;:&quot;image&quot;,&quot;height&quot;:1024,&quot;url&quot;:&quot;https:\/\/sawa9ly.app\/storage\/61228\/cuillere-kids-1.jpg&quot;,&quot;width&quot;:1024}\" data-trix-content-type=\"image\"><img decoding=\"async\" class=\"aligncenter\" src=\"https:\/\/sawa9ly.app\/storage\/61228\/cuillere-kids-1.jpg\" width=\"1024\" height=\"1024\" \/><figcaption class=\"attachment__caption\"><\/figcaption><\/figure>\n<figure class=\"attachment attachment--preview\" data-trix-attachment=\"{&quot;contentType&quot;:&quot;image&quot;,&quot;height&quot;:1024,&quot;url&quot;:&quot;https:\/\/sawa9ly.app\/storage\/61229\/cuillere-kids-5.jpg&quot;,&quot;width&quot;:1024}\" data-trix-content-type=\"image\"><img decoding=\"async\" class=\"aligncenter\" src=\"https:\/\/sawa9ly.app\/storage\/61229\/cuillere-kids-5.jpg\" width=\"1024\" height=\"1024\" \/><figcaption class=\"attachment__caption\"><\/figcaption><\/figure>\n<figure class=\"attachment attachment--preview\" data-trix-attachment=\"{&quot;contentType&quot;:&quot;image&quot;,&quot;height&quot;:1024,&quot;url&quot;:&quot;https:\/\/sawa9ly.app\/storage\/61230\/cuillere-kids-4.jpg&quot;,&quot;width&quot;:1024}\" data-trix-content-type=\"image\"><img decoding=\"async\" class=\"aligncenter\" src=\"https:\/\/sawa9ly.app\/storage\/61230\/cuillere-kids-4.jpg\" width=\"1024\" height=\"1024\" \/><figcaption class=\"attachment__caption\"><\/figcaption><\/figure>\n<figure class=\"attachment attachment--preview\" data-trix-attachment=\"{&quot;contentType&quot;:&quot;image&quot;,&quot;height&quot;:1024,&quot;url&quot;:&quot;https:\/\/sawa9ly.app\/storage\/61231\/cuillere-kids-6.jpg&quot;,&quot;width&quot;:1024}\" data-trix-content-type=\"image\"><img decoding=\"async\" class=\"aligncenter\" src=\"https:\/\/sawa9ly.app\/storage\/61231\/cuillere-kids-6.jpg\" width=\"1024\" height=\"1024\" \/><figcaption class=\"attachment__caption\"><\/figcaption><\/figure>\n<p style=\"text-align: center;\">","protected":false},"excerpt":{"rendered":"<p>\ud83d\udc76 \u0645\u0644\u0639\u0642\u0629 \u0627\u0644\u0623\u0637\u0641\u0627\u0644 \u0627\u0644\u0630\u0643\u064a\u0629 White Hot\u00ae \u2013 \u0623\u0645\u0627\u0646 \u0648\u0631\u0627\u062d\u0629 \u0641\u064a \u0643\u0644 \u0644\u0642\u0645\u0629 \ud83c\udf7d\ufe0f\ud83c\udf7c \u0646\u0638\u0627\u0645 White Hot\u00ae \u0627\u0644\u0630\u0643\u064a \u062a\u062d\u062a\u0648\u064a \u0627\u0644\u0645\u0644\u0639\u0642\u0629 \u0639\u0644\u0649 \u0637\u0631\u0641 \u062d\u0631\u0627\u0631\u064a \u062d\u0633\u0627\u0633 \u064a\u062a\u062d\u0648\u0644 \u0625\u0644\u0649 \u0627\u0644\u0644\u0648\u0646 \u0627\u0644\u0623\u0628\u064a\u0636 \u0639\u0646\u062f\u0645\u0627 \u062a\u0643\u0648\u0646 \u0637\u0639\u0627\u0645 \u0627\u0644\u0637\u0641\u0644 \u0633\u0627\u062e\u0646\u064b\u0627 \u062c\u062f\u064b\u0627 (\u062d\u0648\u0627\u0644\u064a 43.3\u00b0C \u0623\u0648 \u0623\u0643\u062b\u0631)\u060c \u0644\u062a\u0646\u0628\u064a\u0647\u0643 \u0641\u0648\u0631\u064b\u0627 \u0648\u062a\u062c\u0646\u0628 \u0623\u064a \u062e\u0637\u0631 \u0644\u0644\u062d\u0631\u0648\u0642.\ud83d\udcaa \u062a\u0635\u0645\u064a\u0645 \u0645\u062a\u064a\u0646 \u0648\u0639\u0627\u0644\u064a \u0627\u0644\u062c\u0648\u062f\u0629 \u0645\u0642\u0628\u0636 \u0645\u0635\u0646\u0648\u0639 \u0645\u0646 \u0627\u0644\u0641\u0648\u0644\u0627\u0630 \u0627\u0644\u0645\u0642\u0627\u0648\u0645 \u0644\u0644\u0635\u062f\u0623 \u064a\u0636\u0645\u0646 \u0627\u0644\u0645\u062a\u0627\u0646\u0629 \u0648\u0637\u0648\u0644 \u0627\u0644\u0627\u0633\u062a\u062e\u062f\u0627\u0645\u060c \u0645\u0639 \u062a\u0635\u0645\u064a\u0645 \u0645\u0631\u064a\u062d \u0648\u0633\u0647\u0644 \u0627\u0644\u0625\u0645\u0633\u0627\u0643.\ud83c\udf3f \u0622\u0645\u0646\u0629 \u0648\u0635\u062d\u064a\u0629 \u062a\u0645\u0627\u0645\u064b\u0627 \u062e\u0627\u0644\u064d \u0645\u0646 \u0627\u0644\u0640 BPA \u0648\u0627\u0644\u0641\u062b\u0627\u0644\u0627\u062a\u060c \u0645\u0627 \u064a\u062c\u0639\u0644\u0647\u0627 \u0622\u0645\u0646\u0629 \u062a\u0645\u0627\u0645\u064b\u0627 \u0644\u0644\u0623\u0637\u0641\u0627\u0644 \u0645\u0646 \u0639\u0645\u0631 3 \u0623\u0634\u0647\u0631 \u0641\u0623\u0643\u062b\u0631.\ud83d\udc76 \u0645\u0646\u0627\u0633\u0628\u0629 \u0644\u0644\u062c\u0645\u064a\u0639 \u2013 \u062a\u0635\u0645\u064a\u0645 \u0645\u0648\u062d\u0651\u062f (Unisexe) \u062a\u0646\u0627\u0633\u0628 \u0627\u0644\u0623\u0648\u0644\u0627\u062f \u0648\u0627\u0644\u0628\u0646\u0627\u062a\u060c \u0645\u0639 \u0645\u062c\u0645\u0648\u0639\u0629 \u062a\u062d\u062a\u0648\u064a \u0639\u0644\u0649 4 \u0645\u0644\u0627\u0639\u0642 \u0645\u062b\u0627\u0644\u064a\u0629 \u0644\u0644\u0627\u0633\u062a\u062e\u062f\u0627\u0645 \u0627\u0644\u064a\u0648\u0645\u064a \u0623\u0648 \u0623\u062b\u0646\u0627\u0621 \u0627\u0644\u0633\u0641\u0631.\u2728 \u0627\u0644\u062e\u0635\u0627\u0626\u0635 :\u0646\u0638\u0627\u0645 White Hot\u00ae \u064a\u062a\u062d\u0648\u0644 \u0625\u0644\u0649 \u0627\u0644\u0623\u0628\u064a\u0636 \u0639\u0646\u062f \u0627\u0644\u0633\u062e\u0648\u0646\u0629 \u0627\u0644\u0632\u0627\u0626\u062f\u0629\u0645\u0642\u0628\u0636 \u0645\u0646 \u0627\u0644\u0641\u0648\u0644\u0627\u0630 \u0627\u0644\u0645\u0642\u0627\u0648\u0645 \u0644\u0644\u0635\u062f\u0623\u0622\u0645\u0646\u0629 \u0648\u062e\u0627\u0644\u064a\u0629 \u0645\u0646 \u0627\u0644\u0645\u0648\u0627\u062f \u0627\u0644\u0636\u0627\u0631\u0629 (BPA &#038; Phthalates Free)\u0645\u0646\u0627\u0633\u0628\u0629 \u0645\u0646 \u0639\u0645\u0631 3 \u0623\u0634\u0647\u0631 \u0641\u0645\u0627 \u0641\u0648\u0642\u0639\u0628\u0648\u0629 \u062a\u062d\u062a\u0648\u064a \u0639\u0644\u0649 4 \u0645\u0644\u0627\u0639\u0642\ud83c\udf72 \u0623\u0637\u0639\u0645 \u0637\u0641\u0644\u0643 \u0628\u062b\u0642\u0629 \u2013 \u0627\u0644\u062a\u0643\u0646\u0648\u0644\u0648\u062c\u064a\u0627 \u062a\u062d\u0627\u0641\u0638 \u0639\u0644\u0649 \u0633\u0644\u0627\u0645\u062a\u0647!<\/p>","protected":false},"featured_media":46620,"comment_status":"open","ping_status":"closed","template":"","meta":[],"product_brand":[],"product_cat":[2467],"product_tag":[],"class_list":{"0":"post-46621","1":"product","2":"type-product","3":"status-publish","4":"has-post-thumbnail","6":"product_cat-maternite","8":"first","9":"instock","10":"sale","11":"taxable","12":"shipping-taxable","13":"purchasable","14":"product-type-simple"},"jetpack_sharing_enabled":true,"_links":{"self":[{"href":"https:\/\/shoponlinedz.com\/en\/wp-json\/wp\/v2\/product\/46621","targetHints":{"allow":["GET"]}}],"collection":[{"href":"https:\/\/shoponlinedz.com\/en\/wp-json\/wp\/v2\/product"}],"about":[{"href":"https:\/\/shoponlinedz.com\/en\/wp-json\/wp\/v2\/types\/product"}],"replies":[{"embeddable":true,"href":"https:\/\/shoponlinedz.com\/en\/wp-json\/wp\/v2\/comments?post=46621"}],"version-history":[{"count":0,"href":"https:\/\/shoponlinedz.com\/en\/wp-json\/wp\/v2\/product\/46621\/revisions"}],"wp:featuredmedia":[{"embeddable":true,"href":"https:\/\/shoponlinedz.com\/en\/wp-json\/wp\/v2\/media\/46620"}],"wp:attachment":[{"href":"https:\/\/shoponlinedz.com\/en\/wp-json\/wp\/v2\/media?parent=46621"}],"wp:term":[{"taxonomy":"product_brand","embeddable":true,"href":"https:\/\/shoponlinedz.com\/en\/wp-json\/wp\/v2\/product_brand?post=46621"},{"taxonomy":"product_cat","embeddable":true,"href":"https:\/\/shoponlinedz.com\/en\/wp-json\/wp\/v2\/product_cat?post=46621"},{"taxonomy":"product_tag","embeddable":true,"href":"https:\/\/shoponlinedz.com\/en\/wp-json\/wp\/v2\/product_tag?post=46621"}],"curies":[{"name":"wp","href":"https:\/\/api.w.org\/{rel}","templated":true}]}}