{"id":46519,"date":"2026-01-05T15:21:27","date_gmt":"2026-01-05T15:21:27","guid":{"rendered":"https:\/\/shoponlinedz.com\/product\/presse-agrume-electrique-25w-a-double-rotation-lexical-%d8%b9%d8%b5%d8%a7%d8%b1%d8%a9-%d8%ad%d9%85%d8%b6%d9%8a%d8%a7%d8%aa-%d9%83%d9%87%d8%b1%d8%a8%d8%a7%d8%a6%d9%8a%d8%a9\/"},"modified":"2026-01-28T12:22:17","modified_gmt":"2026-01-28T12:22:17","slug":"presse-agrume-electrique-25w-a-double-rotation-lexical-%d8%b9%d8%b5%d8%a7%d8%b1%d8%a9-%d8%ad%d9%85%d8%b6%d9%8a%d8%a7%d8%aa-%d9%83%d9%87%d8%b1%d8%a8%d8%a7%d8%a6%d9%8a%d8%a9","status":"publish","type":"product","link":"https:\/\/shoponlinedz.com\/en\/product\/presse-agrume-electrique-25w-a-double-rotation-lexical-%d8%b9%d8%b5%d8%a7%d8%b1%d8%a9-%d8%ad%d9%85%d8%b6%d9%8a%d8%a7%d8%aa-%d9%83%d9%87%d8%b1%d8%a8%d8%a7%d8%a6%d9%8a%d8%a9\/","title":{"rendered":"Presse Agrume \u00e9lectrique 25W \u00e0 Double rotation LEXICAL \u2013 \u0639\u0635\u0627\u0631\u0629 \u062d\u0645\u0636\u064a\u0627\u062a \u0643\u0647\u0631\u0628\u0627\u0626\u064a\u0629"},"content":{"rendered":"<figure class=\"attachment attachment--preview\" data-trix-attachment=\"{&quot;contentType&quot;:&quot;image&quot;,&quot;height&quot;:1024,&quot;url&quot;:&quot;https:\/\/sawa9ly.app\/storage\/61495\/Lexical-Juicer-cnc.jpg&quot;,&quot;width&quot;:1024}\" data-trix-content-type=\"image\"><img decoding=\"async\" class=\"aligncenter\" src=\"https:\/\/sawa9ly.app\/storage\/61495\/Lexical-Juicer-cnc.jpg\" width=\"1024\" height=\"1024\" \/><figcaption class=\"attachment__caption\"><\/figcaption><\/figure>\n<figure class=\"attachment attachment--preview\" data-trix-attachment=\"{&quot;contentType&quot;:&quot;image&quot;,&quot;height&quot;:1024,&quot;url&quot;:&quot;https:\/\/sawa9ly.app\/storage\/61496\/Lexical-Juicer-3.jpg&quot;,&quot;width&quot;:1024}\" data-trix-content-type=\"image\"><img decoding=\"async\" class=\"aligncenter\" src=\"https:\/\/sawa9ly.app\/storage\/61496\/Lexical-Juicer-3.jpg\" width=\"1024\" height=\"1024\" \/><figcaption class=\"attachment__caption\"><\/figcaption><\/figure>\n<figure class=\"attachment attachment--preview\" data-trix-attachment=\"{&quot;contentType&quot;:&quot;image&quot;,&quot;height&quot;:1024,&quot;url&quot;:&quot;https:\/\/sawa9ly.app\/storage\/61497\/Lexical-Juicer-2.jpg&quot;,&quot;width&quot;:1024}\" data-trix-content-type=\"image\"><img decoding=\"async\" class=\"aligncenter\" src=\"https:\/\/sawa9ly.app\/storage\/61497\/Lexical-Juicer-2.jpg\" width=\"1024\" height=\"1024\" \/><figcaption class=\"attachment__caption\"><\/figcaption><\/figure>\n<figure class=\"attachment attachment--preview\" data-trix-attachment=\"{&quot;contentType&quot;:&quot;image&quot;,&quot;height&quot;:1024,&quot;url&quot;:&quot;https:\/\/sawa9ly.app\/storage\/61498\/Lexical-Juicer-1.jpg&quot;,&quot;width&quot;:1024}\" data-trix-content-type=\"image\"><img decoding=\"async\" class=\"aligncenter\" src=\"https:\/\/sawa9ly.app\/storage\/61498\/Lexical-Juicer-1.jpg\" width=\"1024\" height=\"1024\" \/><figcaption class=\"attachment__caption\"><\/figcaption><\/figure>\n<figure class=\"attachment attachment--preview\" data-trix-attachment=\"{&quot;contentType&quot;:&quot;image&quot;,&quot;height&quot;:1024,&quot;url&quot;:&quot;https:\/\/sawa9ly.app\/storage\/61499\/Lexical-Juicer-4.jpg&quot;,&quot;width&quot;:1024}\" data-trix-content-type=\"image\"><img decoding=\"async\" class=\"aligncenter\" src=\"https:\/\/sawa9ly.app\/storage\/61499\/Lexical-Juicer-4.jpg\" width=\"1024\" height=\"1024\" \/><figcaption class=\"attachment__caption\"><\/figcaption><\/figure>\n<p style=\"text-align: center;\">","protected":false},"excerpt":{"rendered":"<p>\ud83c\udf4a\u26a1 \u0639\u0635\u0651\u0627\u0631\u0629 \u0643\u0647\u0631\u0628\u0627\u0626\u064a\u0629 \u0628\u0642\u0648\u0629 25 \u0648\u0627\u0637 \u2014 \u0644\u0627\u0633\u062a\u062e\u0644\u0627\u0635 \u0623\u0642\u0635\u0649 \u0643\u0645\u064a\u0629 \u0645\u0646 \u0627\u0644\u0639\u0635\u064a\u0631 \u0628\u0633\u0647\u0648\u0644\u0629! \u26a1\ud83c\udf4b\ud83e\udd47 \u0627\u0633\u062a\u062e\u0644\u0627\u0635 \u0645\u062b\u0627\u0644\u064a \u0644\u0644\u0639\u0635\u064a\u0631 (Extraction Maximale) \u0628\u0641\u0636\u0644 \u0645\u062d\u0631\u0643\u0647\u0627 \u0627\u0644\u0642\u0648\u064a 25 \u0648\u0627\u0637 \u0648\u0627\u0644\u0645\u0632\u0648\u0651\u062f \u0628\u0645\u062e\u0631\u0648\u0637\u064a\u0652\u0646 \u0642\u0627\u0628\u0644\u064a\u0646 \u0644\u0644\u062a\u0628\u062f\u064a\u0644\u060c \u0647\u0630\u0647 \u0627\u0644\u0639\u0635\u0651\u0627\u0631\u0629 \u0645\u062b\u0627\u0644\u064a\u0629 \u0644\u0639\u0635\u0631 \u0627\u0644\u0628\u0631\u062a\u0642\u0627\u0644\u060c \u0627\u0644\u0644\u064a\u0645\u0648\u0646\u060c \u0648\u0627\u0644\u0644\u0627\u064a\u0645. \ud83d\udd04 \u0646\u0638\u0627\u0645 \u0627\u0644\u0639\u0635\u0631 \u0627\u0644\u062a\u0644\u0642\u0627\u0626\u064a \u0628\u0627\u0644\u062a\u0646\u0627\u0648\u0628 \u064a\u0636\u0645\u0646 \u0627\u0633\u062a\u062e\u0644\u0627\u0635 \u0643\u0644 \u0642\u0637\u0631\u0629 \u0645\u0646 \u0627\u0644\u0639\u0635\u064a\u0631 \u0628\u0637\u0631\u064a\u0642\u0629 \u0641\u0639\u0627\u0644\u0629 \u0648\u0633\u0631\u064a\u0639\u0629.\ud83e\udde1 \u0633\u0647\u0648\u0644\u0629 \u062a\u0627\u0645\u0629 \u0641\u064a \u0627\u0644\u0627\u0633\u062a\u062e\u062f\u0627\u0645 (Facile \u00e0 Utiliser) \u0636\u0639 \u0646\u0635\u0641 \u0627\u0644\u0641\u0627\u0643\u0647\u0629 \u0639\u0644\u0649 \u0627\u0644\u0645\u062e\u0631\u0648\u0637 \u0648\u0627\u0636\u063a\u0637 \u0628\u0628\u0633\u0627\u0637\u0629 \u0644\u0628\u062f\u0621 \u0627\u0644\u0639\u0635\u0631\u060c \u062b\u0645 \u0627\u0631\u0641\u0639 \u064a\u062f\u0643 \u0644\u0644\u062a\u0648\u0642\u0641. \ud83e\udd64 \u0646\u0638\u0627\u0645 \u0627\u0644\u0641\u0635\u0644 \u0627\u0644\u0630\u0643\u064a \u0628\u064a\u0646 \u0627\u0644\u0644\u0628\u0651 \u0648\u0627\u0644\u0639\u0635\u064a\u0631 \u064a\u0645\u0646\u062d\u0643 \u0645\u0630\u0627\u0642\u0627\u064b \u0646\u0642\u064a\u0627\u064b \u0648\u0642\u0648\u0627\u0645\u0627\u064b \u0645\u062a\u062c\u0627\u0646\u0633\u0627\u064b \u0648\u0644\u0630\u064a\u0630\u0627\u064b.\ud83e\uddfd \u062a\u0646\u0638\u064a\u0641 \u0633\u0647\u0644 \u0648\u0622\u0645\u0646 \u0641\u064a \u063a\u0633\u0627\u0644\u0629 \u0627\u0644\u0635\u062d\u0648\u0646 (Nettoyage Facile) \u0643\u0644 \u0627\u0644\u0623\u062c\u0632\u0627\u0621 \u0627\u0644\u0642\u0627\u0628\u0644\u0629 \u0644\u0644\u0625\u0632\u0627\u0644\u0629 \u0635\u0627\u0644\u062d\u0629 \u0644\u0644\u063a\u0633\u0644 \u0641\u064a \u063a\u0633\u0627\u0644\u0629 \u0627\u0644\u0635\u062d\u0648\u0646 \ud83e\uddfc\u060c \u0644\u062a\u0648\u0641\u064a\u0631 \u0648\u0642\u062a \u0648\u062c\u0647\u062f. \u0643\u0645\u0627 \u062a\u0623\u062a\u064a \u0627\u0644\u0639\u0635\u0651\u0627\u0631\u0629 \u0628\u063a\u0637\u0627\u0621 \u0648\u0627\u0642\u064d \u0645\u0646 \u0627\u0644\u063a\u0628\u0627\u0631 \u0644\u0644\u062d\u0641\u0627\u0638 \u0639\u0644\u0649 \u0646\u0638\u0627\u0641\u062a\u0647\u0627 \u0648\u062c\u0627\u0647\u0632\u064a\u062a\u0647\u0627 \u0644\u0644\u0627\u0633\u062a\u062e\u062f\u0627\u0645 \u0641\u064a \u0623\u064a \u0648\u0642\u062a.\u2705 \u0623\u0645\u0627\u0646 \u0648\u0635\u062d\u0629 \u0641\u064a \u0643\u0644 \u0627\u0633\u062a\u062e\u062f\u0627\u0645 (S\u00e9curit\u00e9 &#038; Mat\u00e9riaux Sains) \u0645\u0635\u0646\u0648\u0639\u0629 \u0645\u0646 \u0645\u0648\u0627\u062f \u062e\u0627\u0644\u064a\u0629 \u0645\u0646 \u0645\u0627\u062f\u0629 \u0627\u0644\u0640BPA \u0627\u0644\u0636\u0627\u0631\u0629 \u0644\u0636\u0645\u0627\u0646 \u0633\u0644\u0627\u0645\u062a\u0643 \u0648\u0633\u0644\u0627\u0645\u0629 \u0639\u0627\u0626\u0644\u062a\u0643. \ud83d\udee1\ufe0f \u0645\u0632\u0648\u0651\u062f\u0629 \u0628\u0646\u0638\u0627\u0645 \u0642\u0641\u0644 \u0623\u0645\u0627\u0646 \u064a\u0645\u0646\u0639 \u0627\u0644\u062a\u0634\u063a\u064a\u0644 \u063a\u064a\u0631 \u0627\u0644\u0645\u0642\u0635\u0648\u062f \u0623\u062b\u0646\u0627\u0621 \u0627\u0644\u0627\u0633\u062a\u062e\u062f\u0627\u0645. \u0643\u0645\u0627 \u064a\u062d\u062a\u0648\u064a \u0627\u0644\u062e\u0632\u0627\u0646 \u0627\u0644\u0634\u0641\u0627\u0641 \u0639\u0644\u0649 \u062a\u062f\u0631\u064a\u062c \u0648\u0627\u0636\u062d \u0644\u0645\u0631\u0627\u0642\u0628\u0629 \u0643\u0645\u064a\u0629 \u0627\u0644\u0639\u0635\u064a\u0631 \u0628\u062f\u0642\u0629.\ud83d\udce6 \u0627\u0644\u0645\u0648\u0627\u0635\u0641\u0627\u062a \u0627\u0644\u062a\u0642\u0646\u064a\u0629 :\u0627\u0644\u0642\u062f\u0631\u0629 : 25 \u0648\u0627\u0637 \u2699\ufe0f\u0627\u0644\u0645\u0648\u0627\u062f : \u0628\u0644\u0627\u0633\u062a\u064a\u0643 \u0635\u062d\u064a \u062e\u0627\u0644\u064d \u0645\u0646 BPA\u0646\u0638\u0627\u0645 \u0627\u0644\u0639\u0635\u0631 : \u0623\u0648\u062a\u0648\u0645\u0627\u062a\u064a\u0643\u064a \u0628\u0627\u0644\u062a\u0646\u0627\u0648\u0628\u0627\u0644\u0633\u0639\u0629 : \u0645\u0632\u0648\u0651\u062f \u0628\u062e\u0632\u0627\u0646 \u0645\u062f\u0631\u0651\u062c \u0634\u0641\u0627\u0641\u0633\u0647\u0648\u0644\u0629 \u0627\u0644\u062a\u0646\u0638\u064a\u0641 : \u0627\u0644\u0623\u062c\u0632\u0627\u0621 \u0642\u0627\u0628\u0644\u0629 \u0644\u0644\u063a\u0633\u0644 \u0641\u064a \u063a\u0633\u0627\u0644\u0629 \u0627\u0644\u0635\u062d\u0648\u0646\ud83c\udf79\u2728 \u062a\u0645\u062a\u0639 \u0628\u0639\u0635\u064a\u0631 \u0637\u0628\u064a\u0639\u064a\u060c \u0637\u0627\u0632\u062c\u060c \u0648\u0644\u0630\u064a\u0630 \u0643\u0644 \u064a\u0648\u0645 \u2014 \u0628\u0633\u0631\u0639\u0629\u060c \u0646\u0638\u0627\u0641\u0629\u060c \u0648\u0623\u0645\u0627\u0646!<\/p>","protected":false},"featured_media":46518,"comment_status":"open","ping_status":"closed","template":"","meta":[],"product_brand":[],"product_cat":[2456],"product_tag":[],"class_list":{"0":"post-46519","1":"product","2":"type-product","3":"status-publish","4":"has-post-thumbnail","6":"product_cat-cuisine","8":"first","9":"instock","10":"sale","11":"taxable","12":"shipping-taxable","13":"purchasable","14":"product-type-simple"},"jetpack_sharing_enabled":true,"_links":{"self":[{"href":"https:\/\/shoponlinedz.com\/en\/wp-json\/wp\/v2\/product\/46519","targetHints":{"allow":["GET"]}}],"collection":[{"href":"https:\/\/shoponlinedz.com\/en\/wp-json\/wp\/v2\/product"}],"about":[{"href":"https:\/\/shoponlinedz.com\/en\/wp-json\/wp\/v2\/types\/product"}],"replies":[{"embeddable":true,"href":"https:\/\/shoponlinedz.com\/en\/wp-json\/wp\/v2\/comments?post=46519"}],"version-history":[{"count":0,"href":"https:\/\/shoponlinedz.com\/en\/wp-json\/wp\/v2\/product\/46519\/revisions"}],"wp:featuredmedia":[{"embeddable":true,"href":"https:\/\/shoponlinedz.com\/en\/wp-json\/wp\/v2\/media\/46518"}],"wp:attachment":[{"href":"https:\/\/shoponlinedz.com\/en\/wp-json\/wp\/v2\/media?parent=46519"}],"wp:term":[{"taxonomy":"product_brand","embeddable":true,"href":"https:\/\/shoponlinedz.com\/en\/wp-json\/wp\/v2\/product_brand?post=46519"},{"taxonomy":"product_cat","embeddable":true,"href":"https:\/\/shoponlinedz.com\/en\/wp-json\/wp\/v2\/product_cat?post=46519"},{"taxonomy":"product_tag","embeddable":true,"href":"https:\/\/shoponlinedz.com\/en\/wp-json\/wp\/v2\/product_tag?post=46519"}],"curies":[{"name":"wp","href":"https:\/\/api.w.org\/{rel}","templated":true}]}}