{"id":46497,"date":"2026-01-05T15:20:46","date_gmt":"2026-01-05T15:20:46","guid":{"rendered":"https:\/\/shoponlinedz.com\/product\/humidificateur-darome-a-canon-avec-lumieres-led-colorees-%d9%85%d8%b9%d8%b7%d8%b1-%d8%ac%d9%88-%d9%8a%d8%b6%d9%81%d9%8a-%d8%af%d9%8a%d9%83%d9%88%d8%b1-%d8%b1%d8%a7%d8%a6%d8%b9\/"},"modified":"2026-01-28T12:22:18","modified_gmt":"2026-01-28T12:22:18","slug":"humidificateur-darome-a-canon-avec-lumieres-led-colorees-%d9%85%d8%b9%d8%b7%d8%b1-%d8%ac%d9%88-%d9%8a%d8%b6%d9%81%d9%8a-%d8%af%d9%8a%d9%83%d9%88%d8%b1-%d8%b1%d8%a7%d8%a6%d8%b9","status":"publish","type":"product","link":"https:\/\/shoponlinedz.com\/en\/product\/humidificateur-darome-a-canon-avec-lumieres-led-colorees-%d9%85%d8%b9%d8%b7%d8%b1-%d8%ac%d9%88-%d9%8a%d8%b6%d9%81%d9%8a-%d8%af%d9%8a%d9%83%d9%88%d8%b1-%d8%b1%d8%a7%d8%a6%d8%b9\/","title":{"rendered":"Humidificateur d\u2019ar\u00f4me \u00e0 canon avec lumi\u00e8res LED color\u00e9es \u2013 \u0645\u0639\u0637\u0631 \u062c\u0648 \u064a\u0636\u0641\u064a \u062f\u064a\u0643\u0648\u0631 \u0631\u0627\u0626\u0639 \u0641\u064a \u0645\u0646\u0632\u0644\u0643"},"content":{"rendered":"<figure class=\"attachment attachment--preview\" data-trix-attachment=\"{&quot;contentType&quot;:&quot;image&quot;,&quot;height&quot;:1024,&quot;url&quot;:&quot;https:\/\/sawa9ly.app\/storage\/61481\/Rocket-Humd-cnc.jpg&quot;,&quot;width&quot;:1024}\" data-trix-content-type=\"image\"><img decoding=\"async\" class=\"aligncenter\" src=\"https:\/\/sawa9ly.app\/storage\/61481\/Rocket-Humd-cnc.jpg\" width=\"1024\" height=\"1024\" \/><figcaption class=\"attachment__caption\"><\/figcaption><\/figure>\n<figure class=\"attachment attachment--preview\" data-trix-attachment=\"{&quot;contentType&quot;:&quot;image&quot;,&quot;height&quot;:1024,&quot;url&quot;:&quot;https:\/\/sawa9ly.app\/storage\/61482\/Rocket-Humd-9.jpg&quot;,&quot;width&quot;:1024}\" data-trix-content-type=\"image\"><img decoding=\"async\" class=\"aligncenter\" src=\"https:\/\/sawa9ly.app\/storage\/61482\/Rocket-Humd-9.jpg\" width=\"1024\" height=\"1024\" \/><figcaption class=\"attachment__caption\"><\/figcaption><\/figure>\n<figure class=\"attachment attachment--preview\" data-trix-attachment=\"{&quot;contentType&quot;:&quot;image&quot;,&quot;height&quot;:1024,&quot;url&quot;:&quot;https:\/\/sawa9ly.app\/storage\/61483\/Rocket-Humd-4.jpg&quot;,&quot;width&quot;:1024}\" data-trix-content-type=\"image\"><img decoding=\"async\" class=\"aligncenter\" src=\"https:\/\/sawa9ly.app\/storage\/61483\/Rocket-Humd-4.jpg\" width=\"1024\" height=\"1024\" \/><figcaption class=\"attachment__caption\"><\/figcaption><\/figure>\n<figure class=\"attachment attachment--preview\" data-trix-attachment=\"{&quot;contentType&quot;:&quot;image&quot;,&quot;height&quot;:1024,&quot;url&quot;:&quot;https:\/\/sawa9ly.app\/storage\/61484\/Rocket-Humd-1.jpg&quot;,&quot;width&quot;:1024}\" data-trix-content-type=\"image\"><img decoding=\"async\" class=\"aligncenter\" src=\"https:\/\/sawa9ly.app\/storage\/61484\/Rocket-Humd-1.jpg\" width=\"1024\" height=\"1024\" \/><figcaption class=\"attachment__caption\"><\/figcaption><\/figure>\n<figure class=\"attachment attachment--preview\" data-trix-attachment=\"{&quot;contentType&quot;:&quot;image&quot;,&quot;height&quot;:1024,&quot;url&quot;:&quot;https:\/\/sawa9ly.app\/storage\/61485\/Rocket-Humd-3.jpg&quot;,&quot;width&quot;:1024}\" data-trix-content-type=\"image\"><img decoding=\"async\" class=\"aligncenter\" src=\"https:\/\/sawa9ly.app\/storage\/61485\/Rocket-Humd-3.jpg\" width=\"1024\" height=\"1024\" \/><figcaption class=\"attachment__caption\"><\/figcaption><\/figure>\n<p style=\"text-align: center;\">","protected":false},"excerpt":{"rendered":"<p>\ud83d\udca8\u2728 \u0645\u0631\u0637\u0651\u0628 \u0627\u0644\u0647\u0648\u0627\u0621 \u0627\u0644\u0628\u0631\u0643\u0627\u0646\u064a \u0627\u0644\u0641\u0631\u064a\u062f \u2013 \u062a\u062c\u0631\u0628\u0629 \u0627\u0633\u062a\u0631\u062e\u0627\u0621 \u0648\u0625\u0628\u062f\u0627\u0639 \u0641\u064a \u0643\u0644 \u0644\u062d\u0638\u0629 \u2728\ud83d\udca8\ud83c\udf0b \u062a\u0635\u0645\u064a\u0645 \u0645\u0628\u062a\u0643\u0631 \u064a\u062d\u0627\u0643\u064a \u0627\u0644\u062d\u0645\u0645 \u0627\u0644\u0628\u0631\u0643\u0627\u0646\u064a\u0629 \u064a\u062a\u0645\u064a\u0651\u0632 \u0647\u0630\u0627 \u0627\u0644\u0645\u0631\u0637\u0651\u0628 \u0628\u062a\u0635\u0645\u064a\u0645\u0647 \u0627\u0644\u0641\u0631\u064a\u062f \u0627\u0644\u0630\u064a \u064a\u062c\u0645\u0639 \u0628\u064a\u0646 \u0628\u062e\u0627\u0631 \u0627\u0644\u0645\u0627\u0621 \u0627\u0644\u0645\u062a\u0635\u0627\u0639\u062f \u0645\u0646 \u0627\u0644\u0628\u0631\u062c \u0648\u0634\u0642\u0648\u0642 \u0627\u0644\u0625\u0636\u0627\u0621\u0629 \u0627\u0644\u062e\u0627\u0631\u062c\u064a\u0629\u060c \u0645\u0645\u0627 \u064a\u062e\u0644\u0642 \u0645\u0634\u0647\u062f\u0627\u064b \u0648\u0627\u0642\u0639\u064a\u0627\u064b \u064a\u062d\u0627\u0643\u064a \u0627\u0646\u0641\u062c\u0627\u0631 \u0627\u0644\u062d\u0645\u0645 \u0627\u0644\u0628\u0631\u0643\u0627\u0646\u064a\u0629 \u0648\u064a\u0645\u0646\u062d\u0643 \u0623\u062c\u0648\u0627\u0621\u064b \u0645\u0631\u064a\u062d\u0629 \u0648\u0645\u0644\u064a\u0626\u0629 \u0628\u0627\u0644\u062c\u0645\u0627\u0644.\ud83c\udf38 \u062a\u0623\u062b\u064a\u0631 \u0627\u0644\u0639\u0644\u0627\u062c \u0628\u0627\u0644\u0639\u0637\u0648\u0631 (Aromath\u00e9rapie) \u0623\u0636\u0641 \u0628\u0636\u0639 \u0642\u0637\u0631\u0627\u062a \u0645\u0646 \u0632\u064a\u0648\u062a\u0643 \u0627\u0644\u0639\u0637\u0631\u064a\u0629 \u0627\u0644\u0645\u0641\u0636\u0651\u0644\u0629 \u0644\u062a\u062d\u0633\u064a\u0646 \u0631\u0627\u0626\u062d\u0629 \u0627\u0644\u062c\u0648\u0651\u060c \u062a\u0631\u0637\u064a\u0628 \u0627\u0644\u0628\u0634\u0631\u0629\u060c \u0648\u062e\u0644\u0642 \u0628\u064a\u0626\u0629 \u062f\u0627\u0641\u0626\u0629 \u0648\u0647\u0627\u062f\u0626\u0629 \u062a\u0631\u064a\u062d \u0627\u0644\u0623\u0639\u0635\u0627\u0628 \u0628\u0639\u062f \u064a\u0648\u0645\u064d \u0637\u0648\u064a\u0644.\ud83d\udcab \u062a\u062c\u0631\u0628\u0629 \u0645\u0631\u0626\u064a\u0629 \u0633\u0627\u062d\u0631\u0629 \u064a\u064f\u0637\u0644\u0642 \u0647\u0630\u0627 \u0627\u0644\u0645\u0631\u0637\u0651\u0628 \u062d\u0644\u0642\u0627\u062a \u062f\u062e\u0627\u0646 \u062c\u0645\u064a\u0644\u0629 \u062a\u062a\u0631\u0627\u0642\u0635 \u0641\u064a \u0627\u0644\u0647\u0648\u0627\u0621 \u0645\u0639 \u0625\u0636\u0627\u0621\u0629 \u0645\u0644\u0648\u0651\u0646\u0629 \u0645\u062a\u063a\u064a\u0651\u0631\u0629\u060c \u0644\u064a\u062d\u0648\u0651\u0644 \u063a\u0631\u0641\u062a\u0643 \u0625\u0644\u0649 \u0644\u0648\u062d\u0629 \u0641\u0646\u064a\u0629 \u062a\u0646\u0628\u0636 \u0628\u0627\u0644\u062d\u064a\u0627\u0629 \u0648\u0627\u0644\u0647\u062f\u0648\u0621.\ud83d\udd52 \u0625\u064a\u0642\u0627\u0641 \u062a\u0644\u0642\u0627\u0626\u064a \u0630\u0643\u064a + \u0645\u0624\u0642\u062a \u0645\u062f\u0645\u062c \u064a\u0645\u0643\u0646\u0643 \u0636\u0628\u0637 \u0627\u0644\u062a\u0648\u0642\u064a\u062a \u0639\u0644\u0649 1 \u0633\u0627\u0639\u0629\u060c 3 \u0633\u0627\u0639\u0627\u062a\u060c \u0623\u0648 5 \u0633\u0627\u0639\u0627\u062a\u060c \u0648\u0633\u064a\u062a\u0648\u0642\u0641 \u0627\u0644\u062c\u0647\u0627\u0632 \u062a\u0644\u0642\u0627\u0626\u064a\u0627\u064b \u0639\u0646\u062f \u0646\u0641\u0627\u062f \u0627\u0644\u0645\u0627\u0621 \u0628\u0641\u0636\u0644 \u0627\u0644\u0634\u0631\u064a\u062d\u0629 \u0627\u0644\u0630\u0643\u064a\u0629 \u0627\u0644\u0645\u062f\u0645\u062c\u0629 \u2014 \u0623\u0645\u0627\u0646 \u0648\u0631\u0627\u062d\u0629 \u0628\u0627\u0644 \u0641\u064a \u0643\u0644 \u0627\u0633\u062a\u062e\u062f\u0627\u0645.\ud83c\udf08 \u0645\u062a\u0639\u062f\u062f \u0627\u0644\u0648\u0638\u0627\u0626\u0641 \u064a\u0639\u0645\u0644 \u0643\u0640 \ud83d\udca7\u0645\u0631\u0637\u0651\u0628 \u0647\u0648\u0627\u0621 + \ud83c\udf3a\u0645\u0648\u0632\u0651\u0639 \u0632\u064a\u0648\u062a \u0639\u0637\u0631\u064a\u0629 + \ud83c\udf19\u0645\u0635\u0628\u0627\u062d \u0644\u064a\u0644\u064a\u060c \u0628\u062a\u0635\u0645\u064a\u0645\u0647 \u0627\u0644\u0639\u0635\u0631\u064a \u0627\u0644\u0630\u064a \u064a\u0634\u0628\u0647 \u0627\u0644\u0645\u062f\u0641\u0639 \u0627\u0644\u0635\u063a\u064a\u0631 \u2014 \u0647\u062f\u064a\u0629 \u0645\u062b\u0627\u0644\u064a\u0629 \u0644\u0623\u062d\u0628\u0651\u0627\u0626\u0643 \u0623\u0648 \u0644\u0625\u0636\u0627\u0641\u0629 \u0644\u0645\u0633\u0629 \u0623\u0646\u064a\u0642\u0629 \u0625\u0644\u0649 \u063a\u0631\u0641\u062a\u0643.\ud83d\udce6 \u0627\u0644\u0645\u0648\u0627\u0635\u0641\u0627\u062a \u0627\u0644\u062a\u0642\u0646\u064a\u0629:\ud83e\uddf1 \u0627\u0644\u0645\u0648\u0627\u062f: ABS + PP + \u0633\u064a\u0644\u064a\u0643\u0648\u0646 + \u0645\u0643\u0648\u0651\u0646\u0627\u062a \u0625\u0644\u0643\u062a\u0631\u0648\u0646\u064a\u0629\u26aa \u0627\u0644\u0623\u0644\u0648\u0627\u0646: \u0623\u0628\u064a\u0636 \/ \u0623\u0633\u0648\u062f\ud83d\udccf \u0627\u0644\u062d\u062c\u0645: \u200e13.2 \u00d7 13.2 \u00d7 14.2 \u0633\u0645\ud83d\udca7 \u0627\u0644\u0633\u0639\u0629: \u200e280 \u0645\u0644\u2696\ufe0f \u0627\u0644\u0648\u0632\u0646: \u200e380 \u063a\ud83d\udd0c \u064a\u0634\u0645\u0644: \u2022 1 \u00d7 \u0645\u0631\u0637\u0651\u0628 \u0647\u0648\u0627\u0621 &#8220;Cannon Blast&#8221; \u2022 1 \u00d7 \u0643\u0627\u0628\u0644 \u0637\u0627\u0642\u0629 USB\ud83d\udd25 \u0623\u0636\u0641 \u0644\u0645\u0633\u0629 \u0645\u0646 \u0627\u0644\u062c\u0645\u0627\u0644 \u0648\u0627\u0644\u0639\u0637\u0631 \u0648\u0627\u0644\u0647\u062f\u0648\u0621 \u0625\u0644\u0649 \u064a\u0648\u0645\u0643!<\/p>","protected":false},"featured_media":46496,"comment_status":"open","ping_status":"closed","template":"","meta":[],"product_brand":[],"product_cat":[2460],"product_tag":[],"class_list":{"0":"post-46497","1":"product","2":"type-product","3":"status-publish","4":"has-post-thumbnail","6":"product_cat-decoration","8":"first","9":"instock","10":"sale","11":"taxable","12":"shipping-taxable","13":"purchasable","14":"product-type-simple"},"jetpack_sharing_enabled":true,"_links":{"self":[{"href":"https:\/\/shoponlinedz.com\/en\/wp-json\/wp\/v2\/product\/46497","targetHints":{"allow":["GET"]}}],"collection":[{"href":"https:\/\/shoponlinedz.com\/en\/wp-json\/wp\/v2\/product"}],"about":[{"href":"https:\/\/shoponlinedz.com\/en\/wp-json\/wp\/v2\/types\/product"}],"replies":[{"embeddable":true,"href":"https:\/\/shoponlinedz.com\/en\/wp-json\/wp\/v2\/comments?post=46497"}],"version-history":[{"count":0,"href":"https:\/\/shoponlinedz.com\/en\/wp-json\/wp\/v2\/product\/46497\/revisions"}],"wp:featuredmedia":[{"embeddable":true,"href":"https:\/\/shoponlinedz.com\/en\/wp-json\/wp\/v2\/media\/46496"}],"wp:attachment":[{"href":"https:\/\/shoponlinedz.com\/en\/wp-json\/wp\/v2\/media?parent=46497"}],"wp:term":[{"taxonomy":"product_brand","embeddable":true,"href":"https:\/\/shoponlinedz.com\/en\/wp-json\/wp\/v2\/product_brand?post=46497"},{"taxonomy":"product_cat","embeddable":true,"href":"https:\/\/shoponlinedz.com\/en\/wp-json\/wp\/v2\/product_cat?post=46497"},{"taxonomy":"product_tag","embeddable":true,"href":"https:\/\/shoponlinedz.com\/en\/wp-json\/wp\/v2\/product_tag?post=46497"}],"curies":[{"name":"wp","href":"https:\/\/api.w.org\/{rel}","templated":true}]}}