{"id":46471,"date":"2026-01-05T15:19:51","date_gmt":"2026-01-05T15:19:51","guid":{"rendered":"https:\/\/shoponlinedz.com\/product\/oreiller-de-cou-bluetooth-en-mousse-a-memoire-de-forme-avec-haut-parleurs-integres-%d9%88%d8%b3%d8%a7%d8%af%d8%a9-%d9%85%d8%b1%d9%8a%d8%ad%d8%a9-%d8%a8%d8%ae%d8%a7%d8%b5%d9%8a%d8%a9-%d8%a7\/"},"modified":"2026-01-28T12:22:18","modified_gmt":"2026-01-28T12:22:18","slug":"oreiller-de-cou-bluetooth-en-mousse-a-memoire-de-forme-avec-haut-parleurs-integres-%d9%88%d8%b3%d8%a7%d8%af%d8%a9-%d9%85%d8%b1%d9%8a%d8%ad%d8%a9-%d8%a8%d8%ae%d8%a7%d8%b5%d9%8a%d8%a9-%d8%a7","status":"publish","type":"product","link":"https:\/\/shoponlinedz.com\/en\/product\/oreiller-de-cou-bluetooth-en-mousse-a-memoire-de-forme-avec-haut-parleurs-integres-%d9%88%d8%b3%d8%a7%d8%af%d8%a9-%d9%85%d8%b1%d9%8a%d8%ad%d8%a9-%d8%a8%d8%ae%d8%a7%d8%b5%d9%8a%d8%a9-%d8%a7\/","title":{"rendered":"Oreiller de Cou Bluetooth en mousse \u00e0 m\u00e9moire de forme avec haut-parleurs int\u00e9gr\u00e9s \u2013 \u0648\u0633\u0627\u062f\u0629 \u0645\u0631\u064a\u062d\u0629 \u0628\u062e\u0627\u0635\u064a\u0629 \u0627\u0644\u0628\u0644\u0648\u062a\u0648\u062b"},"content":{"rendered":"<figure class=\"attachment attachment--preview\" data-trix-attachment=\"{&quot;contentType&quot;:&quot;image&quot;,&quot;height&quot;:1024,&quot;url&quot;:&quot;https:\/\/sawa9ly.app\/storage\/61622\/BT-Pillow-cnc.jpg&quot;,&quot;width&quot;:1024}\" data-trix-content-type=\"image\"><img decoding=\"async\" class=\"aligncenter\" src=\"https:\/\/sawa9ly.app\/storage\/61622\/BT-Pillow-cnc.jpg\" width=\"1024\" height=\"1024\" \/><figcaption class=\"attachment__caption\"><\/figcaption><\/figure>\n<figure class=\"attachment attachment--preview\" data-trix-attachment=\"{&quot;contentType&quot;:&quot;image&quot;,&quot;height&quot;:1024,&quot;url&quot;:&quot;https:\/\/sawa9ly.app\/storage\/61616\/BT-Pillow-1.jpg&quot;,&quot;width&quot;:1024}\" data-trix-content-type=\"image\"><img decoding=\"async\" class=\"aligncenter\" src=\"https:\/\/sawa9ly.app\/storage\/61616\/BT-Pillow-1.jpg\" width=\"1024\" height=\"1024\" \/><figcaption class=\"attachment__caption\"><\/figcaption><\/figure>\n<figure class=\"attachment attachment--preview\" data-trix-attachment=\"{&quot;contentType&quot;:&quot;image&quot;,&quot;height&quot;:1024,&quot;url&quot;:&quot;https:\/\/sawa9ly.app\/storage\/61617\/BT-Pillow-8.jpg&quot;,&quot;width&quot;:1024}\" data-trix-content-type=\"image\"><img decoding=\"async\" class=\"aligncenter\" src=\"https:\/\/sawa9ly.app\/storage\/61617\/BT-Pillow-8.jpg\" width=\"1024\" height=\"1024\" \/><figcaption class=\"attachment__caption\"><\/figcaption><\/figure>\n<figure class=\"attachment attachment--preview\" data-trix-attachment=\"{&quot;contentType&quot;:&quot;image&quot;,&quot;height&quot;:1024,&quot;url&quot;:&quot;https:\/\/sawa9ly.app\/storage\/61618\/BT-Pillow-2.jpg&quot;,&quot;width&quot;:1024}\" data-trix-content-type=\"image\"><img decoding=\"async\" class=\"aligncenter\" src=\"https:\/\/sawa9ly.app\/storage\/61618\/BT-Pillow-2.jpg\" width=\"1024\" height=\"1024\" \/><figcaption class=\"attachment__caption\"><\/figcaption><\/figure>\n<figure class=\"attachment attachment--preview\" data-trix-attachment=\"{&quot;contentType&quot;:&quot;image&quot;,&quot;height&quot;:1024,&quot;url&quot;:&quot;https:\/\/sawa9ly.app\/storage\/61619\/BT-Pillow-3.jpg&quot;,&quot;width&quot;:1024}\" data-trix-content-type=\"image\"><img decoding=\"async\" class=\"aligncenter\" src=\"https:\/\/sawa9ly.app\/storage\/61619\/BT-Pillow-3.jpg\" width=\"1024\" height=\"1024\" \/><figcaption class=\"attachment__caption\"><\/figcaption><\/figure>\n<p style=\"text-align: center;\">","protected":false},"excerpt":{"rendered":"<p>\ud83c\udfa7\ud83d\udeeb \u0648\u0633\u0627\u062f\u0629 \u0627\u0644\u0631\u0642\u0628\u0629 \u0627\u0644\u0630\u0643\u064a\u0629 \u0628\u062a\u0642\u0646\u064a\u0629 \u0627\u0644\u0628\u0644\u0648\u062a\u0648\u062b \u2013 \u0631\u0627\u062d\u0629\u060c \u0635\u0648\u062a\u060c \u0648\u0627\u0633\u062a\u0631\u062e\u0627\u0621 \u0641\u064a \u0643\u0644 \u0645\u0643\u0627\u0646 ! \ud83d\udca4\u2728\u0627\u0633\u062a\u0645\u062a\u0639 \u0628\u0631\u0627\u062d\u0629 \u0644\u0627 \u0645\u062b\u064a\u0644 \u0644\u0647\u0627 \u0623\u062b\u0646\u0627\u0621 \u0627\u0644\u0633\u0641\u0631 \u0623\u0648 \u0641\u064a \u0627\u0644\u0645\u0646\u0632\u0644 \u0645\u0639 \u0648\u0633\u0627\u062f\u0629 \u0627\u0644\u0631\u0642\u0628\u0629 \u0627\u0644\u0630\u0643\u064a\u0629 \u0628\u062a\u0642\u0646\u064a\u0629 \u0627\u0644\u0628\u0644\u0648\u062a\u0648\u062b\u060c \u0627\u0644\u0645\u0635\u0645\u0645\u0629 \u062e\u0635\u064a\u0635\u0627\u064b \u0644\u062a\u062c\u0645\u0639 \u0628\u064a\u0646 \u0627\u0644\u062f\u0639\u0645 \u0627\u0644\u0645\u0631\u064a\u062d \u0644\u0644\u0631\u0642\u0628\u0629 \u0648\u062a\u062c\u0631\u0628\u0629 \u0635\u0648\u062a\u064a\u0629 \u062b\u0644\u0627\u062b\u064a\u0629 \u0627\u0644\u0623\u0628\u0639\u0627\u062f \u0641\u0631\u064a\u062f\u0629.\ud83e\udde0 \u0630\u0627\u0643\u0631\u0629 \u0641\u0648\u0645 \u0645\u0631\u064a\u062d\u0629 \u2013 \u0631\u0627\u062d\u0629 \u0644\u0627 \u062a\u0636\u0627\u0647\u0649\u0645\u0635\u0646\u0648\u0639\u0629 \u0645\u0646 \u0625\u0633\u0641\u0646\u062c \u0627\u0644\u0630\u0627\u0643\u0631\u0629 \u0639\u0627\u0644\u064a \u0627\u0644\u062c\u0648\u062f\u0629 \u0627\u0644\u0630\u064a \u064a\u062a\u0643\u064a\u0641 \u0645\u0639 \u0634\u0643\u0644 \u0627\u0644\u0631\u0642\u0628\u0629 \u0648\u0627\u0644\u0631\u0623\u0633 \u0644\u062a\u0648\u0641\u064a\u0631 \u062f\u0639\u0645 \u0645\u062b\u0627\u0644\u064a \u0648\u062a\u062e\u0641\u064a\u0641 \u0627\u0644\u0636\u063a\u0637. \u0645\u0646\u0627\u0633\u0628\u0629 \u0644\u0644\u0631\u062c\u0627\u0644 \u0648\u0627\u0644\u0646\u0633\u0627\u0621 \u0641\u064a \u0627\u0644\u0631\u062d\u0644\u0627\u062a \u0627\u0644\u0637\u0648\u064a\u0644\u0629 \u0623\u0648 \u0623\u062b\u0646\u0627\u0621 \u0627\u0644\u0639\u0645\u0644 \u0623\u0648 \u062d\u062a\u0649 \u0627\u0644\u0627\u0633\u062a\u0631\u062e\u0627\u0621 \u0641\u064a \u0627\u0644\u0628\u064a\u062a.\ud83c\udfa7 \u0646\u0638\u0627\u0645 \u0635\u0648\u062a \u0628\u0644\u0648\u062a\u0648\u062b \u0645\u062f\u0645\u062c\u0628\u0641\u0636\u0644 \u0645\u0643\u0628\u0631\u0627\u062a \u0627\u0644\u0635\u0648\u062a \u0627\u0644\u0645\u062f\u0645\u062c\u0629 \u0628\u062a\u0642\u0646\u064a\u0629 \u0627\u0644\u0627\u0647\u062a\u0632\u0627\u0632 \u0627\u0644\u0623\u0644\u0648\u0645\u0646\u064a\u0648\u0645\u064a\u060c \u064a\u0645\u0643\u0646\u0643 \u0627\u0644\u0627\u0633\u062a\u0645\u0627\u0639 \u0644\u0644\u0645\u0648\u0633\u064a\u0642\u0649\u060c \u0627\u0644\u0643\u062a\u0628 \u0627\u0644\u0635\u0648\u062a\u064a\u0629\u060c \u0623\u0648 \u0627\u0644\u0645\u0643\u0627\u0644\u0645\u0627\u062a \u0628\u062f\u0648\u0646 \u0627\u0644\u062d\u0627\u062c\u0629 \u0644\u0633\u0645\u0627\u0639\u0627\u062a \u0645\u0632\u0639\u062c\u0629. \u0627\u0644\u0635\u0648\u062a \u064a\u064f\u0646\u0642\u0644 \u0639\u0628\u0631 \u0639\u0636\u0644\u0627\u062a \u0627\u0644\u0631\u0642\u0628\u0629 \u0644\u064a\u0635\u0644 \u0645\u0628\u0627\u0634\u0631\u0629 \u0644\u0644\u062f\u0645\u0627\u063a \u0628\u0637\u0631\u064a\u0642\u0629 \u0645\u0631\u064a\u062d\u0629 \u0648\u0622\u0645\u0646\u0629.\ud83d\udd79\ufe0f \u062a\u062d\u0643\u0645 \u0633\u0647\u0644 \u0648\u0633\u0631\u064a\u0639\u062a\u062a\u0636\u0645\u0646 \u0627\u0644\u0648\u0633\u0627\u062f\u0629 3 \u0623\u0632\u0631\u0627\u0631 \u0641\u0642\u0637 \u0644\u0644\u062a\u062d\u0643\u0645 \u0628\u0643\u0644 \u0633\u0647\u0648\u0644\u0629:\ud83d\udd18 \u0632\u0631 \u0627\u0644\u062a\u0634\u063a\u064a\u0644\/\u0627\u0644\u0625\u064a\u0642\u0627\u0641 \u0648\u0627\u0644\u0631\u062f \u0639\u0644\u0649 \u0627\u0644\u0645\u0643\u0627\u0644\u0645\u0627\u062a\ud83d\udd0a \u0632\u0631 \u0627\u0644\u062a\u062d\u0643\u0645 \u0641\u064a \u0645\u0633\u062a\u0648\u0649 \u0627\u0644\u0635\u0648\u062a\u23ed\ufe0f \u0632\u0631 \u0644\u062a\u0628\u062f\u064a\u0644 \u0627\u0644\u0645\u0642\u0627\u0637\u0639 \u0627\u0644\u0635\u0648\u062a\u064a\u0629\ud83d\udd0b \u0628\u0637\u0627\u0631\u064a\u0629 \u0642\u0648\u064a\u0629 \u062a\u062f\u0648\u0645 \u0637\u0648\u064a\u0644\u0627\u064b\u062a\u0623\u062a\u064a \u0628\u0628\u0637\u0627\u0631\u064a\u0629 \u0644\u064a\u062b\u064a\u0648\u0645 \u0645\u062f\u0645\u062c\u0629 \u0628\u0633\u0639\u0629 2000mAh\u060c \u062a\u0645\u0646\u062d\u0643 \u0623\u0643\u062b\u0631 \u0645\u0646 8 \u0633\u0627\u0639\u0627\u062a \u0645\u0646 \u0627\u0644\u062a\u0634\u063a\u064a\u0644 \u0627\u0644\u0645\u062a\u0648\u0627\u0635\u0644 \u0628\u0639\u062f \u0634\u062d\u0646 \u064a\u062f\u0648\u0645 3.5 \u0633\u0627\u0639\u0627\u062a \u0641\u0642\u0637 \u0639\u0628\u0631 \u0645\u0646\u0641\u0630 Micro USB.\ud83d\udcba \u0645\u062b\u0627\u0644\u064a\u0629 \u0644\u0644\u0633\u0641\u0631 \u0648\u0627\u0644\u0639\u0645\u0644 \u0648\u0627\u0644\u0645\u0646\u0632\u0644\u2708\ufe0f \u0648\u0633\u0627\u062f\u0629 \u0633\u0641\u0631 \u0644\u0644\u0637\u0627\u0626\u0631\u0629 \u0648\u0627\u0644\u0642\u0637\u0627\u0631 \u0648\u0627\u0644\u0633\u064a\u0627\u0631\u0629\ud83d\udda5\ufe0f \u0648\u0633\u0627\u062f\u0629 \u0645\u0631\u064a\u062d\u0629 \u0644\u0645\u0643\u062a\u0628\u0643 \u0623\u0648 \u062c\u0644\u0633\u0627\u062a \u0627\u0644\u0639\u0645\u0644 \u0627\u0644\u0637\u0648\u064a\u0644\u0629\ud83d\ude34 \u062a\u062c\u0631\u0628\u0629 \u0646\u0648\u0645 \u0647\u0627\u062f\u0626\u0629 \u0648\u0645\u0631\u064a\u062d\u0629 \u0623\u064a\u0646\u0645\u0627 \u0643\u0646\u062a\u2699\ufe0f \u0627\u0644\u0645\u0648\u0627\u0635\u0641\u0627\u062a \u0627\u0644\u062a\u0642\u0646\u064a\u0629 :\ud83d\udcd0 \u0627\u0644\u0623\u0628\u0639\u0627\u062f : \u200e25 \u00d7 20 \u0633\u0645\ud83c\udfb5 \u0646\u0638\u0627\u0645 \u0627\u0644\u0635\u0648\u062a : \u0633\u062a\u064a\u0631\u064a\u0648 \u0628\u0644\u0648\u062a\u0648\u062b 360\u00b0\ud83d\udd0b \u0645\u062f\u0629 \u0627\u0644\u062a\u0634\u063a\u064a\u0644 : \u0623\u0643\u062b\u0631 \u0645\u0646 8 \u0633\u0627\u0639\u0627\u062a\ud83d\udd0c \u0627\u0644\u0634\u062d\u0646 : Micro USB (\u0645\u062f\u0629 \u0627\u0644\u0634\u062d\u0646 3.5 \u0633\u0627\u0639\u0627\u062a)\ud83e\uddf3 \u0627\u0644\u0627\u0633\u062a\u062e\u062f\u0627\u0645 : \u0633\u0641\u0631\u060c \u0645\u0643\u062a\u0628\u060c \u0623\u0644\u0639\u0627\u0628\u060c \u0627\u0633\u062a\u0631\u062e\u0627\u0621\u2728 \u0631\u0627\u062d\u0629 \u0630\u0643\u064a\u0629 \u062a\u062c\u0645\u0639 \u0628\u064a\u0646 \u0627\u0644\u062a\u0642\u0646\u064a\u0629 \u0648\u0627\u0644\u0647\u062f\u0648\u0621. \ud83c\udfb6 \u0646\u0645\u060c \u0627\u0633\u062a\u0631\u062e\u0650\u060c \u0648\u0627\u0633\u062a\u0645\u0639 \u0643\u0645\u0627 \u0644\u0645 \u062a\u0641\u0639\u0644 \u0645\u0646 \u0642\u0628\u0644.<\/p>","protected":false},"featured_media":46470,"comment_status":"open","ping_status":"closed","template":"","meta":[],"product_brand":[],"product_cat":[2461],"product_tag":[],"class_list":{"0":"post-46471","1":"product","2":"type-product","3":"status-publish","4":"has-post-thumbnail","6":"product_cat-divers","8":"first","9":"instock","10":"sale","11":"taxable","12":"shipping-taxable","13":"purchasable","14":"product-type-simple"},"jetpack_sharing_enabled":true,"_links":{"self":[{"href":"https:\/\/shoponlinedz.com\/en\/wp-json\/wp\/v2\/product\/46471","targetHints":{"allow":["GET"]}}],"collection":[{"href":"https:\/\/shoponlinedz.com\/en\/wp-json\/wp\/v2\/product"}],"about":[{"href":"https:\/\/shoponlinedz.com\/en\/wp-json\/wp\/v2\/types\/product"}],"replies":[{"embeddable":true,"href":"https:\/\/shoponlinedz.com\/en\/wp-json\/wp\/v2\/comments?post=46471"}],"version-history":[{"count":0,"href":"https:\/\/shoponlinedz.com\/en\/wp-json\/wp\/v2\/product\/46471\/revisions"}],"wp:featuredmedia":[{"embeddable":true,"href":"https:\/\/shoponlinedz.com\/en\/wp-json\/wp\/v2\/media\/46470"}],"wp:attachment":[{"href":"https:\/\/shoponlinedz.com\/en\/wp-json\/wp\/v2\/media?parent=46471"}],"wp:term":[{"taxonomy":"product_brand","embeddable":true,"href":"https:\/\/shoponlinedz.com\/en\/wp-json\/wp\/v2\/product_brand?post=46471"},{"taxonomy":"product_cat","embeddable":true,"href":"https:\/\/shoponlinedz.com\/en\/wp-json\/wp\/v2\/product_cat?post=46471"},{"taxonomy":"product_tag","embeddable":true,"href":"https:\/\/shoponlinedz.com\/en\/wp-json\/wp\/v2\/product_tag?post=46471"}],"curies":[{"name":"wp","href":"https:\/\/api.w.org\/{rel}","templated":true}]}}