{"id":46327,"date":"2026-01-05T15:15:05","date_gmt":"2026-01-05T15:15:05","guid":{"rendered":"https:\/\/shoponlinedz.com\/product\/autoradio-a-ecran-tactile-avec-apple-carplayer-android-auto-et-gps-integre-%d8%ac%d9%87%d8%a7%d8%b2-%d8%b1%d8%a7%d8%af%d9%8a%d9%88-%d9%84%d9%84%d8%b3%d9%8a%d8%a7%d8%b1%d8%a9\/"},"modified":"2026-01-28T12:22:26","modified_gmt":"2026-01-28T12:22:26","slug":"autoradio-a-ecran-tactile-avec-apple-carplayer-android-auto-et-gps-integre-%d8%ac%d9%87%d8%a7%d8%b2-%d8%b1%d8%a7%d8%af%d9%8a%d9%88-%d9%84%d9%84%d8%b3%d9%8a%d8%a7%d8%b1%d8%a9","status":"publish","type":"product","link":"https:\/\/shoponlinedz.com\/en\/product\/autoradio-a-ecran-tactile-avec-apple-carplayer-android-auto-et-gps-integre-%d8%ac%d9%87%d8%a7%d8%b2-%d8%b1%d8%a7%d8%af%d9%8a%d9%88-%d9%84%d9%84%d8%b3%d9%8a%d8%a7%d8%b1%d8%a9\/","title":{"rendered":"Autoradio \u00e0 \u00e9cran tactile avec Apple CarPlayer Android Auto et GPS Int\u00e9gr\u00e9 \u2013 \u062c\u0647\u0627\u0632 \u0631\u0627\u062f\u064a\u0648 \u0644\u0644\u0633\u064a\u0627\u0631\u0629"},"content":{"rendered":"<figure class=\"attachment attachment--preview\" data-trix-attachment=\"{&quot;contentType&quot;:&quot;image&quot;,&quot;height&quot;:1024,&quot;url&quot;:&quot;https:\/\/sawa9ly.app\/storage\/61858\/Car-Player-170-cnc.jpg&quot;,&quot;width&quot;:1024}\" data-trix-content-type=\"image\"><img decoding=\"async\" class=\"aligncenter\" src=\"https:\/\/sawa9ly.app\/storage\/61858\/Car-Player-170-cnc.jpg\" width=\"1024\" height=\"1024\" \/><figcaption class=\"attachment__caption\"><\/figcaption><\/figure>\n<figure class=\"attachment attachment--preview\" data-trix-attachment=\"{&quot;contentType&quot;:&quot;image&quot;,&quot;height&quot;:1024,&quot;url&quot;:&quot;https:\/\/sawa9ly.app\/storage\/61859\/Car-Player-170-8.jpg&quot;,&quot;width&quot;:1024}\" data-trix-content-type=\"image\"><img decoding=\"async\" class=\"aligncenter\" src=\"https:\/\/sawa9ly.app\/storage\/61859\/Car-Player-170-8.jpg\" width=\"1024\" height=\"1024\" \/><figcaption class=\"attachment__caption\"><\/figcaption><\/figure>\n<figure class=\"attachment attachment--preview\" data-trix-attachment=\"{&quot;contentType&quot;:&quot;image&quot;,&quot;height&quot;:1024,&quot;url&quot;:&quot;https:\/\/sawa9ly.app\/storage\/61860\/Car-Player-170-10.jpg&quot;,&quot;width&quot;:1024}\" data-trix-content-type=\"image\"><img decoding=\"async\" class=\"aligncenter\" src=\"https:\/\/sawa9ly.app\/storage\/61860\/Car-Player-170-10.jpg\" width=\"1024\" height=\"1024\" \/><figcaption class=\"attachment__caption\"><\/figcaption><\/figure>\n<figure class=\"attachment attachment--preview\" data-trix-attachment=\"{&quot;contentType&quot;:&quot;image&quot;,&quot;height&quot;:1024,&quot;url&quot;:&quot;https:\/\/sawa9ly.app\/storage\/61861\/Car-Player-170-11.jpg&quot;,&quot;width&quot;:1024}\" data-trix-content-type=\"image\"><img decoding=\"async\" class=\"aligncenter\" src=\"https:\/\/sawa9ly.app\/storage\/61861\/Car-Player-170-11.jpg\" width=\"1024\" height=\"1024\" \/><figcaption class=\"attachment__caption\"><\/figcaption><\/figure>\n<figure class=\"attachment attachment--preview\" data-trix-attachment=\"{&quot;contentType&quot;:&quot;image&quot;,&quot;height&quot;:1024,&quot;url&quot;:&quot;https:\/\/sawa9ly.app\/storage\/61862\/Car-Player-170-1.jpg&quot;,&quot;width&quot;:1024}\" data-trix-content-type=\"image\"><img decoding=\"async\" class=\"aligncenter\" src=\"https:\/\/sawa9ly.app\/storage\/61862\/Car-Player-170-1.jpg\" width=\"1024\" height=\"1024\" \/><figcaption class=\"attachment__caption\"><\/figcaption><\/figure>\n<p style=\"text-align: center;\">","protected":false},"excerpt":{"rendered":"<p>\ud83d\udcf1 \u0646\u0638\u0627\u0645 CarPlay \u0648 Android Auto \u0645\u062f\u0645\u062c \u064a\u0645\u0643\u0646\u0643 \u062a\u0648\u0635\u064a\u0644 \u0647\u0627\u062a\u0641\u0643 iPhone \u0623\u0648 Android \u0645\u0628\u0627\u0634\u0631\u0629 \u0639\u0628\u0631 \u0643\u0627\u0628\u0644 USB \u0644\u0644\u0627\u0633\u062a\u0641\u0627\u062f\u0629 \u0645\u0646 \u062c\u0645\u064a\u0639 \u0627\u0644\u0645\u0645\u064a\u0632\u0627\u062a \u0645\u062b\u0644 \u062c\u0647\u0627\u062a \u0627\u0644\u0627\u062a\u0635\u0627\u0644\u060c \u0627\u0644\u0628\u0631\u064a\u062f \u0627\u0644\u0625\u0644\u0643\u062a\u0631\u0648\u0646\u064a\u060c \u0627\u0644\u0625\u0634\u0639\u0627\u0631\u0627\u062a\u060c \u0627\u0644\u062e\u0631\u0627\u0626\u0637\u060c \u0627\u0644\u0645\u0648\u0633\u064a\u0642\u0649 \u0648\u0627\u0644\u0641\u064a\u062f\u064a\u0648\u0647\u0627\u062a\u060c \u0648\u062d\u062a\u0649 \u0627\u0633\u062a\u062e\u062f\u0627\u0645 \u0627\u0644\u0623\u0648\u0627\u0645\u0631 \u0627\u0644\u0635\u0648\u062a\u064a\u0629 \u0628\u0643\u0644 \u0633\u0647\u0648\u0644\u0629 \u0623\u062b\u0646\u0627\u0621 \u0627\u0644\u0642\u064a\u0627\u062f\u0629. \ud83d\udd17 \u064a\u062f\u0639\u0645 \u0643\u0630\u0644\u0643 Android Auto \u0639\u0628\u0631 \u0627\u0644\u062a\u0637\u0628\u064a\u0642 \u0627\u0644\u0631\u0633\u0645\u064a \u0648\u0627\u0644\u0643\u0627\u0628\u0644 \u0644\u062a\u062c\u0631\u0628\u0629 \u0630\u0643\u064a\u0629 \u0648\u0622\u0645\u0646\u0629 \u0639\u0644\u0649 \u0627\u0644\u0637\u0631\u064a\u0642.\ud83e\ude9e \u0645\u064a\u0632\u0629 \u0639\u0631\u0636 \u0627\u0644\u0634\u0627\u0634\u0629 (Mirror Link) \u0645\u0646 \u062e\u0644\u0627\u0644 \u0643\u0627\u0628\u0644 USB\u060c \u064a\u0645\u0643\u0646\u0643 \u0639\u0631\u0636 \u0634\u0627\u0634\u0629 \u0647\u0627\u062a\u0641\u0643 \u0628\u0627\u0644\u0643\u0627\u0645\u0644 \u0639\u0644\u0649 \u0634\u0627\u0634\u0629 \u0627\u0644\u0633\u064a\u0627\u0631\u0629 \u0641\u064a \u0627\u0644\u0648\u0642\u062a \u0627\u0644\u062d\u0642\u064a\u0642\u064a.\u0647\u0648\u0627\u062a\u0641 Android (\u0627\u0644\u0625\u0635\u062f\u0627\u0631 10.1 \u0623\u0648 \u0623\u0642\u0644) \u062a\u062f\u0639\u0645 \u0627\u0644\u062a\u062d\u0643\u0645 \u062b\u0646\u0627\u0626\u064a \u0627\u0644\u0627\u062a\u062c\u0627\u0647 (\u0645\u0646 \u0627\u0644\u0634\u0627\u0634\u0629 \u0623\u0648 \u0627\u0644\u0647\u0627\u062a\u0641).\u0647\u0648\u0627\u062a\u0641 iPhone (iOS 13.3 \u0623\u0648 \u0623\u0642\u0644) \u062a\u062f\u0639\u0645 \u0627\u0644\u0639\u0631\u0636 \u0641\u0642\u0637 \u0648\u0627\u0644\u062a\u062d\u0643\u0645 \u064a\u062a\u0645 \u0645\u0646 \u0627\u0644\u0647\u0627\u062a\u0641.\ud83c\udfb5 \u0628\u0644\u0648\u062a\u0648\u062b \u0648\u0631\u0627\u062f\u064a\u0648 FM \u0645\u062f\u0645\u062c \u0646\u0638\u0627\u0645 \u0627\u0644\u0628\u0644\u0648\u062a\u0648\u062b \u0627\u0644\u062c\u062f\u064a\u062f \u064a\u062a\u064a\u062d \u0644\u0643 \u0627\u0644\u0631\u062f \u0639\u0644\u0649 \u0627\u0644\u0645\u0643\u0627\u0644\u0645\u0627\u062a \u0628\u062f\u0648\u0646 \u0627\u0633\u062a\u062e\u062f\u0627\u0645 \u0627\u0644\u064a\u062f\u064a\u0646 \u0648\u062a\u0634\u063a\u064a\u0644 \u0627\u0644\u0645\u0648\u0633\u064a\u0642\u0649 \u0628\u0633\u0647\u0648\u0644\u0629. \u0643\u0645\u0627 \u064a\u062f\u0639\u0645 \u0627\u0644\u0631\u0627\u062f\u064a\u0648 FM \u0628\u0640 18 \u0645\u062d\u0637\u0629 \u0645\u0633\u0628\u0642\u0629 \u0627\u0644\u0625\u0639\u062f\u0627\u062f \u0644\u0644\u0627\u0633\u062a\u0645\u0627\u0639 \u0625\u0644\u0649 \u0627\u0644\u0623\u062e\u0628\u0627\u0631\u060c \u0627\u0644\u0637\u0642\u0633\u060c \u0648\u0627\u0644\u0645\u0639\u0644\u0648\u0645\u0627\u062a \u0627\u0644\u0645\u0631\u0648\u0631\u064a\u0629 \u0641\u064a \u0623\u064a \u0648\u0642\u062a.\ud83d\udcf8 \u0643\u0627\u0645\u064a\u0631\u0627 \u062e\u0644\u0641\u064a\u0629 \u0648\u062a\u062d\u0643\u0645 \u0645\u0646 \u0627\u0644\u0645\u0642\u0648\u062f \u0627\u0644\u0645\u0646\u062a\u062c \u0645\u0632\u0648\u062f \u0628\u0640 \u0643\u0627\u0645\u064a\u0631\u0627 \u0631\u062c\u0648\u0639 \u0639\u0627\u0644\u064a\u0629 \u0627\u0644\u062c\u0648\u062f\u0629\u060c \u062a\u0639\u0645\u0644 \u062a\u0644\u0642\u0627\u0626\u064a\u064b\u0627 \u0639\u0646\u062f \u0627\u0644\u0631\u062c\u0648\u0639 \u0625\u0644\u0649 \u0627\u0644\u062e\u0644\u0641 \u0644\u062a\u0645\u0646\u062d\u0643 \u0631\u0624\u064a\u0629 \u0648\u0627\u0636\u062d\u0629 \u0648\u0622\u0645\u0646\u0629. \u0643\u0645\u0627 \u064a\u0645\u0643\u0646\u0643 \u0627\u0644\u062a\u062d\u0643\u0645 \u0641\u064a \u0648\u0638\u0627\u0626\u0641 \u0627\u0644\u0646\u0638\u0627\u0645 \u0645\u0646 \u0639\u062c\u0644\u0629 \u0627\u0644\u0642\u064a\u0627\u062f\u0629 \u0628\u0643\u0644 \u0631\u0627\u062d\u0629 \u062f\u0648\u0646 \u062a\u0634\u062a\u064a\u062a \u0627\u0646\u062a\u0628\u0627\u0647\u0643 \u0623\u062b\u0646\u0627\u0621 \u0627\u0644\u0642\u064a\u0627\u062f\u0629.\ud83d\udda5\ufe0f \u0634\u0627\u0634\u0629 \u0644\u0645\u0633 \u0639\u0627\u0644\u064a\u0629 \u0627\u0644\u062f\u0642\u0629 \u0634\u0627\u0634\u0629 Full HD \u062a\u0639\u0645\u0644 \u0628\u0627\u0644\u0644\u0645\u0633 \u0628\u062d\u062c\u0645 6.2 \u0628\u0648\u0635\u0629\u060c \u062a\u0645\u0646\u062d\u0643 \u062a\u062c\u0631\u0628\u0629 \u0645\u0631\u0626\u064a\u0629 \u0648\u0627\u0636\u062d\u0629 \u0648\u0633\u0631\u064a\u0639\u0629 \u0627\u0644\u0627\u0633\u062a\u062c\u0627\u0628\u0629\u060c \u0648\u062a\u0628\u0642\u064a \u0643\u0644 \u0645\u0627 \u062a\u062d\u062a\u0627\u062c\u0647 \u0641\u064a \u0645\u062a\u0646\u0627\u0648\u0644 \u064a\u062f\u0643.\ud83d\udccf \u0627\u0644\u0623\u0628\u0639\u0627\u062f: 187 \u00d7 58 \u00d7 73 \u0645\u0644\u0645 (7.37 \u00d7 2.28 \u00d7 2.87 \u0628\u0648\u0635\u0629) \u064a\u0623\u062a\u064a \u0645\u0639 \u062c\u0645\u064a\u0639 \u0627\u0644\u0643\u0627\u0628\u0644\u0627\u062a \u0627\u0644\u0644\u0627\u0632\u0645\u0629 \u0644\u0644\u062a\u0631\u0643\u064a\u0628.\ud83d\ude97\u2728 \u0627\u062e\u062a\u064a\u0627\u0631 \u0645\u062b\u0627\u0644\u064a \u0644\u0645\u0646 \u064a\u0631\u064a\u062f \u062a\u062d\u0648\u064a\u0644 \u0633\u064a\u0627\u0631\u062a\u0647 \u0625\u0644\u0649 \u062a\u062c\u0631\u0628\u0629 \u0630\u0643\u064a\u0629 \u0648\u0622\u0645\u0646\u0629 \u062a\u062c\u0645\u0639 \u0628\u064a\u0646 \u0627\u0644\u062a\u0631\u0641\u064a\u0647 \u0648\u0627\u0644\u0631\u0627\u062d\u0629.<\/p>","protected":false},"featured_media":46326,"comment_status":"open","ping_status":"closed","template":"","meta":[],"product_brand":[],"product_cat":[2458],"product_tag":[],"class_list":{"0":"post-46327","1":"product","2":"type-product","3":"status-publish","4":"has-post-thumbnail","6":"product_cat-accessoires-auto-moto","8":"first","9":"instock","10":"sale","11":"taxable","12":"shipping-taxable","13":"purchasable","14":"product-type-simple"},"jetpack_sharing_enabled":true,"_links":{"self":[{"href":"https:\/\/shoponlinedz.com\/en\/wp-json\/wp\/v2\/product\/46327","targetHints":{"allow":["GET"]}}],"collection":[{"href":"https:\/\/shoponlinedz.com\/en\/wp-json\/wp\/v2\/product"}],"about":[{"href":"https:\/\/shoponlinedz.com\/en\/wp-json\/wp\/v2\/types\/product"}],"replies":[{"embeddable":true,"href":"https:\/\/shoponlinedz.com\/en\/wp-json\/wp\/v2\/comments?post=46327"}],"version-history":[{"count":0,"href":"https:\/\/shoponlinedz.com\/en\/wp-json\/wp\/v2\/product\/46327\/revisions"}],"wp:featuredmedia":[{"embeddable":true,"href":"https:\/\/shoponlinedz.com\/en\/wp-json\/wp\/v2\/media\/46326"}],"wp:attachment":[{"href":"https:\/\/shoponlinedz.com\/en\/wp-json\/wp\/v2\/media?parent=46327"}],"wp:term":[{"taxonomy":"product_brand","embeddable":true,"href":"https:\/\/shoponlinedz.com\/en\/wp-json\/wp\/v2\/product_brand?post=46327"},{"taxonomy":"product_cat","embeddable":true,"href":"https:\/\/shoponlinedz.com\/en\/wp-json\/wp\/v2\/product_cat?post=46327"},{"taxonomy":"product_tag","embeddable":true,"href":"https:\/\/shoponlinedz.com\/en\/wp-json\/wp\/v2\/product_tag?post=46327"}],"curies":[{"name":"wp","href":"https:\/\/api.w.org\/{rel}","templated":true}]}}