{"id":46281,"date":"2026-01-05T15:13:36","date_gmt":"2026-01-05T15:13:36","guid":{"rendered":"https:\/\/shoponlinedz.com\/product\/aspirateur-nasal-electrique-pour-bebe-adapte-aux-nourrissons-et-nouveau-nes-%d8%ac%d9%87%d8%a7%d8%b2-%d8%b4%d9%81%d8%b7-%d9%84%d9%84%d8%b1%d8%b6%d8%b9\/"},"modified":"2026-01-28T12:22:29","modified_gmt":"2026-01-28T12:22:29","slug":"aspirateur-nasal-electrique-pour-bebe-adapte-aux-nourrissons-et-nouveau-nes-%d8%ac%d9%87%d8%a7%d8%b2-%d8%b4%d9%81%d8%b7-%d9%84%d9%84%d8%b1%d8%b6%d8%b9","status":"publish","type":"product","link":"https:\/\/shoponlinedz.com\/en\/product\/aspirateur-nasal-electrique-pour-bebe-adapte-aux-nourrissons-et-nouveau-nes-%d8%ac%d9%87%d8%a7%d8%b2-%d8%b4%d9%81%d8%b7-%d9%84%d9%84%d8%b1%d8%b6%d8%b9\/","title":{"rendered":"Aspirateur Nasal \u00c9lectrique pour B\u00e9b\u00e9 Adapt\u00e9 aux Nourrissons et Nouveau-n\u00e9s \u2013 \u062c\u0647\u0627\u0632 \u0634\u0641\u0637 \u0644\u0644\u0631\u0636\u0639"},"content":{"rendered":"<figure class=\"attachment attachment--preview\" data-trix-attachment=\"{&quot;contentType&quot;:&quot;image&quot;,&quot;height&quot;:1024,&quot;url&quot;:&quot;https:\/\/sawa9ly.app\/storage\/61815\/Nasal-Aspirator-cnc.jpg&quot;,&quot;width&quot;:1024}\" data-trix-content-type=\"image\"><img decoding=\"async\" class=\"aligncenter\" src=\"https:\/\/sawa9ly.app\/storage\/61815\/Nasal-Aspirator-cnc.jpg\" width=\"1024\" height=\"1024\" \/><figcaption class=\"attachment__caption\"><\/figcaption><\/figure>\n<figure class=\"attachment attachment--preview\" data-trix-attachment=\"{&quot;contentType&quot;:&quot;image&quot;,&quot;height&quot;:1024,&quot;url&quot;:&quot;https:\/\/sawa9ly.app\/storage\/61816\/Nasal-Aspirator-1.jpg&quot;,&quot;width&quot;:1024}\" data-trix-content-type=\"image\"><img decoding=\"async\" class=\"aligncenter\" src=\"https:\/\/sawa9ly.app\/storage\/61816\/Nasal-Aspirator-1.jpg\" width=\"1024\" height=\"1024\" \/><figcaption class=\"attachment__caption\"><\/figcaption><\/figure>\n<figure class=\"attachment attachment--preview\" data-trix-attachment=\"{&quot;contentType&quot;:&quot;image&quot;,&quot;height&quot;:1024,&quot;url&quot;:&quot;https:\/\/sawa9ly.app\/storage\/61817\/Nasal-Aspirator-2.jpg&quot;,&quot;width&quot;:1024}\" data-trix-content-type=\"image\"><img decoding=\"async\" class=\"aligncenter\" src=\"https:\/\/sawa9ly.app\/storage\/61817\/Nasal-Aspirator-2.jpg\" width=\"1024\" height=\"1024\" \/><figcaption class=\"attachment__caption\"><\/figcaption><\/figure>\n<figure class=\"attachment attachment--preview\" data-trix-attachment=\"{&quot;contentType&quot;:&quot;image&quot;,&quot;height&quot;:1024,&quot;url&quot;:&quot;https:\/\/sawa9ly.app\/storage\/61818\/Nasal-Aspirator-3.jpg&quot;,&quot;width&quot;:1024}\" data-trix-content-type=\"image\"><img decoding=\"async\" class=\"aligncenter\" src=\"https:\/\/sawa9ly.app\/storage\/61818\/Nasal-Aspirator-3.jpg\" width=\"1024\" height=\"1024\" \/><figcaption class=\"attachment__caption\"><\/figcaption><\/figure>\n<figure class=\"attachment attachment--preview\" data-trix-attachment=\"{&quot;contentType&quot;:&quot;image&quot;,&quot;height&quot;:1024,&quot;url&quot;:&quot;https:\/\/sawa9ly.app\/storage\/61819\/Nasal-Aspirator-5.jpg&quot;,&quot;width&quot;:1024}\" data-trix-content-type=\"image\"><img decoding=\"async\" class=\"aligncenter\" src=\"https:\/\/sawa9ly.app\/storage\/61819\/Nasal-Aspirator-5.jpg\" width=\"1024\" height=\"1024\" \/><figcaption class=\"attachment__caption\"><\/figcaption><\/figure>\n<p style=\"text-align: center;\">","protected":false},"excerpt":{"rendered":"<p>\ud83d\udc76\ud83d\udca7 \u0634\u0641\u0627\u0637 \u0623\u0646\u0641 \u0643\u0647\u0631\u0628\u0627\u0626\u064a \u0644\u0644\u0623\u0637\u0641\u0627\u0644 \u2014 \u0622\u0645\u0646\u060c \u0641\u0639\u0627\u0644 \u0648\u0633\u0647\u0644 \u0627\u0644\u0627\u0633\u062a\u062e\u062f\u0627\u0645 \u0644\u0644\u0623\u0645\u0647\u0627\u062a \u0627\u0644\u0639\u0635\u0631\u064a\u0627\u062a !\ud83d\udcaa \u0642\u0648\u0629 \u0634\u0641\u0637 \u0642\u0627\u0628\u0644\u0629 \u0644\u0644\u062a\u0639\u062f\u064a\u0644 (6 \u0645\u0633\u062a\u0648\u064a\u0627\u062a)\u064a\u0623\u062a\u064a \u0647\u0630\u0627 \u0627\u0644\u0634\u0641\u0627\u0637 \u0627\u0644\u0630\u0643\u064a \u0628\u0640 6 \u0623\u0648\u0636\u0627\u0639 \u0645\u062e\u062a\u0644\u0641\u0629 \u0644\u0644\u0634\u0641\u0637: \u200e15\u060c 25\u060c 35\u060c 45\u060c 55 \u0648\u200e65\u200e \u0643\u064a\u0644\u0648 \u0628\u0627\u0633\u0643\u0627\u0644 \u2014 \u0645\u0645\u0627 \u064a\u0633\u0645\u062d \u0628\u0625\u0632\u0627\u0644\u0629 \u062c\u0645\u064a\u0639 \u0623\u0646\u0648\u0627\u0639 \u0627\u0644\u0645\u062e\u0627\u0637 \u0628\u0633\u0647\u0648\u0644\u0629. \ud83c\udf7c \u064a\u0645\u0643\u0646\u0643\u0650 \u0627\u0644\u062a\u062d\u0643\u0645 \u0641\u064a \u0627\u0644\u0642\u0648\u0629 \u0627\u0644\u0645\u0646\u0627\u0633\u0628\u0629 \u062d\u0633\u0628 \u062d\u0627\u0644\u0629 \u0623\u0646\u0641 \u0637\u0641\u0644\u0643\u0650.\ud83e\uddf4 \u0645\u0648\u0627\u062f \u0622\u0645\u0646\u0629 \u0648\u062c\u0648\u062f\u0629 \u0639\u0627\u0644\u064a\u0629\u0645\u0635\u0646\u0648\u0639 \u0645\u0646 \u0645\u0627\u062f\u0629 ABS \u0627\u0644\u0635\u062d\u064a\u0629 \u0648\u0627\u0644\u062e\u0627\u0644\u064a\u0629 \u0645\u0646 \u0623\u064a \u0645\u0648\u0627\u062f \u0636\u0627\u0631\u0629. \u064a\u0623\u062a\u064a \u0645\u0639 \u0631\u0623\u0633\u064a\u0646 \u0645\u0646 \u0627\u0644\u0633\u064a\u0644\u064a\u0643\u0648\u0646 \u0627\u0644\u0637\u0628\u064a \u0628\u062d\u062c\u0645\u064a\u0646 \u0645\u062e\u062a\u0644\u0641\u064a\u0646 \u064a\u0646\u0627\u0633\u0628\u0627\u0646 \u062d\u062f\u064a\u062b\u064a \u0627\u0644\u0648\u0644\u0627\u062f\u0629 \u0648\u0627\u0644\u0623\u0637\u0641\u0627\u0644 \u0627\u0644\u0635\u063a\u0627\u0631. \u2705 \u062e\u0627\u0644\u064d \u0645\u0646 BPA \u0648 \u0627\u0644\u0644\u0627\u062a\u0643\u0633 \u0648\u0622\u0645\u0646 \u062a\u0645\u0627\u0645\u064b\u0627 \u0644\u0628\u0634\u0631\u0629 \u0637\u0641\u0644\u0643 \u0627\u0644\u062d\u0633\u0627\u0633\u0629. \u062a\u0635\u0645\u064a\u0645\u0647 \u0627\u0644\u0635\u063a\u064a\u0631 \u064a\u062c\u0639\u0644 \u062d\u0645\u0644\u0647 \u0641\u064a \u0623\u064a \u0645\u0643\u0627\u0646 \u0633\u0647\u0644\u064b\u0627 \u0648\u0633\u0631\u064a\u0639\u064b\u0627.\ud83e\uddfc \u0642\u0627\u0628\u0644 \u0644\u0644\u0641\u0643 \u0648\u0627\u0644\u062a\u0646\u0638\u064a\u0641 \u0628\u0633\u0647\u0648\u0644\u0629\u0643\u0644 \u0627\u0644\u0642\u0637\u0639 \u0642\u0627\u0628\u0644\u0629 \u0644\u0644\u0641\u0635\u0644 \u0645\u0645\u0627 \u064a\u0633\u0645\u062d \u0628\u062a\u0646\u0638\u064a\u0641 \u0634\u0627\u0645\u0644 \u0628\u0632\u0627\u0648\u064a\u0629 \u200e360\u00b0\u200e. \u0643\u0645\u0627 \u064a\u062d\u062a\u0648\u064a \u0639\u0644\u0649 \u0646\u0638\u0627\u0645 \u0645\u0627\u0646\u0639 \u0644\u0644\u0627\u0631\u062a\u062f\u0627\u062f \u0644\u0644\u062d\u0641\u0627\u0638 \u0639\u0644\u0649 \u0627\u0644\u062c\u0647\u0627\u0632 \u0646\u0638\u064a\u0641\u064b\u0627 \u0648\u0622\u0645\u0646\u064b\u0627 \u0644\u0644\u0627\u0633\u062a\u062e\u062f\u0627\u0645 \u0627\u0644\u0645\u062a\u0643\u0631\u0631.\ud83d\udd0b \u0628\u0637\u0627\u0631\u064a\u0629 \u0642\u0627\u0628\u0644\u0629 \u0644\u0644\u0634\u062d\u0646 \u0639\u0628\u0631 USB\u064a\u062d\u062a\u0648\u064a \u0639\u0644\u0649 \u0628\u0637\u0627\u0631\u064a\u0629 \u0645\u062f\u0645\u062c\u0629 \u0628\u0633\u0639\u0629 500mAh \u062a\u064f\u0634\u062d\u0646 \u0641\u064a \u062d\u0648\u0627\u0644\u064a \u0633\u0627\u0639\u062a\u064a\u0646 \u0648\u062a\u062f\u0648\u0645 \u0644\u0623\u0633\u0628\u0648\u0639 \u0643\u0627\u0645\u0644 \u0645\u0646 \u0627\u0644\u0627\u0633\u062a\u062e\u062f\u0627\u0645. \ud83d\udce6 \u0627\u0644\u0643\u0627\u0628\u0644 \u0645\u0631\u0641\u0642 \u0641\u064a \u0627\u0644\u0639\u0644\u0628\u0629 (\u0628\u062f\u0648\u0646 \u0645\u062d\u0648\u0644).\ud83e\udd2b \u062a\u0634\u063a\u064a\u0644 \u0647\u0627\u062f\u0626 \u064a\u0646\u0627\u0633\u0628 \u0646\u0648\u0645 \u0627\u0644\u0637\u0641\u0644\u0628\u0641\u0636\u0644 \u062a\u0642\u0646\u064a\u0629 \u0627\u0644\u062a\u0634\u063a\u064a\u0644 \u0627\u0644\u0635\u0627\u0645\u062a\u060c \u064a\u0645\u0643\u0646\u0643 \u0627\u0633\u062a\u062e\u062f\u0627\u0645\u0647 \u062d\u062a\u0649 \u0623\u062b\u0646\u0627\u0621 \u0646\u0648\u0645 \u0637\u0641\u0644\u0643 \u062f\u0648\u0646 \u0625\u0632\u0639\u0627\u062c\u0647. \u2728 \u0641\u0642\u0637 \u0623\u062f\u062e\u0644\u064a \u0628\u0644\u064f\u0637\u0641 \u0631\u0623\u0633 \u0627\u0644\u0634\u0641\u0627\u0637 \u0641\u064a \u0623\u0646\u0641 \u0627\u0644\u0637\u0641\u0644 \u0648\u0633\u064a\u0642\u0648\u0645 \u0627\u0644\u062c\u0647\u0627\u0632 \u0628\u0625\u0632\u0627\u0644\u0629 \u0627\u0644\u0625\u0641\u0631\u0627\u0632\u0627\u062a \u0628\u0633\u0647\u0648\u0644\u0629 \u0648\u0633\u0631\u0639\u0629.\ud83d\udc96 \u0627\u0645\u0646\u062d\u064a \u0637\u0641\u0644\u0643 \u062a\u0646\u0641\u0633\u064b\u0627 \u0645\u0631\u064a\u062d\u064b\u0627 \u0648\u0646\u0648\u0645\u064b\u0627 \u0647\u0627\u062f\u0626\u064b\u0627 \u2014 \u0627\u0644\u062d\u0644 \u0627\u0644\u0639\u0645\u0644\u064a \u0644\u0643\u0644 \u0623\u0645!<\/p>","protected":false},"featured_media":46280,"comment_status":"open","ping_status":"closed","template":"","meta":[],"product_brand":[],"product_cat":[2467],"product_tag":[],"class_list":{"0":"post-46281","1":"product","2":"type-product","3":"status-publish","4":"has-post-thumbnail","6":"product_cat-maternite","8":"first","9":"instock","10":"sale","11":"taxable","12":"shipping-taxable","13":"purchasable","14":"product-type-simple"},"jetpack_sharing_enabled":true,"_links":{"self":[{"href":"https:\/\/shoponlinedz.com\/en\/wp-json\/wp\/v2\/product\/46281","targetHints":{"allow":["GET"]}}],"collection":[{"href":"https:\/\/shoponlinedz.com\/en\/wp-json\/wp\/v2\/product"}],"about":[{"href":"https:\/\/shoponlinedz.com\/en\/wp-json\/wp\/v2\/types\/product"}],"replies":[{"embeddable":true,"href":"https:\/\/shoponlinedz.com\/en\/wp-json\/wp\/v2\/comments?post=46281"}],"version-history":[{"count":0,"href":"https:\/\/shoponlinedz.com\/en\/wp-json\/wp\/v2\/product\/46281\/revisions"}],"wp:featuredmedia":[{"embeddable":true,"href":"https:\/\/shoponlinedz.com\/en\/wp-json\/wp\/v2\/media\/46280"}],"wp:attachment":[{"href":"https:\/\/shoponlinedz.com\/en\/wp-json\/wp\/v2\/media?parent=46281"}],"wp:term":[{"taxonomy":"product_brand","embeddable":true,"href":"https:\/\/shoponlinedz.com\/en\/wp-json\/wp\/v2\/product_brand?post=46281"},{"taxonomy":"product_cat","embeddable":true,"href":"https:\/\/shoponlinedz.com\/en\/wp-json\/wp\/v2\/product_cat?post=46281"},{"taxonomy":"product_tag","embeddable":true,"href":"https:\/\/shoponlinedz.com\/en\/wp-json\/wp\/v2\/product_tag?post=46281"}],"curies":[{"name":"wp","href":"https:\/\/api.w.org\/{rel}","templated":true}]}}