{"id":46264,"date":"2026-01-05T15:12:57","date_gmt":"2026-01-05T15:12:57","guid":{"rendered":"https:\/\/shoponlinedz.com\/product\/smart-watch-haino-teko-1-ecran-amoled-avec-3-bracelets-integre-%d8%b3%d8%a7%d8%b9%d8%a9-%d8%b0%d9%83%d9%8a%d8%a9-%d8%a3%d8%b5%d9%84%d9%8a%d8%a9\/"},"modified":"2026-01-28T12:22:29","modified_gmt":"2026-01-28T12:22:29","slug":"smart-watch-haino-teko-1-ecran-amoled-avec-3-bracelets-integre-%d8%b3%d8%a7%d8%b9%d8%a9-%d8%b0%d9%83%d9%8a%d8%a9-%d8%a3%d8%b5%d9%84%d9%8a%d8%a9","status":"publish","type":"product","link":"https:\/\/shoponlinedz.com\/en\/product\/smart-watch-haino-teko-1-ecran-amoled-avec-3-bracelets-integre-%d8%b3%d8%a7%d8%b9%d8%a9-%d8%b0%d9%83%d9%8a%d8%a9-%d8%a3%d8%b5%d9%84%d9%8a%d8%a9\/","title":{"rendered":"Smart Watch Haino Teko-1 \u00c9cran Amoled avec 3 Bracelets int\u00e9gr\u00e9 \u2013 \u0633\u0627\u0639\u0629 \u0630\u0643\u064a\u0629 \u0623\u0635\u0644\u064a\u0629"},"content":{"rendered":"<figure class=\"attachment attachment--preview\" data-trix-attachment=\"{&quot;contentType&quot;:&quot;image&quot;,&quot;height&quot;:1024,&quot;url&quot;:&quot;https:\/\/sawa9ly.app\/storage\/61914\/HainoTeko-1-cnc-(1).jpg&quot;,&quot;width&quot;:1024}\" data-trix-content-type=\"image\"><img decoding=\"async\" class=\"aligncenter\" src=\"https:\/\/sawa9ly.app\/storage\/61914\/HainoTeko-1-cnc-(1).jpg\" width=\"1024\" height=\"1024\" \/><figcaption class=\"attachment__caption\"><\/figcaption><\/figure>\n<figure class=\"attachment attachment--preview\" data-trix-attachment=\"{&quot;contentType&quot;:&quot;image&quot;,&quot;height&quot;:1024,&quot;url&quot;:&quot;https:\/\/sawa9ly.app\/storage\/61915\/HainoTeko-1-4-(1).jpg&quot;,&quot;width&quot;:1024}\" data-trix-content-type=\"image\"><img decoding=\"async\" class=\"aligncenter\" src=\"https:\/\/sawa9ly.app\/storage\/61915\/HainoTeko-1-4-(1).jpg\" width=\"1024\" height=\"1024\" \/><figcaption class=\"attachment__caption\"><\/figcaption><\/figure>\n<figure class=\"attachment attachment--preview\" data-trix-attachment=\"{&quot;contentType&quot;:&quot;image&quot;,&quot;height&quot;:1024,&quot;url&quot;:&quot;https:\/\/sawa9ly.app\/storage\/61916\/HainoTeko-1-3-(1).jpg&quot;,&quot;width&quot;:1024}\" data-trix-content-type=\"image\"><img decoding=\"async\" class=\"aligncenter\" src=\"https:\/\/sawa9ly.app\/storage\/61916\/HainoTeko-1-3-(1).jpg\" width=\"1024\" height=\"1024\" \/><figcaption class=\"attachment__caption\"><\/figcaption><\/figure>\n<figure class=\"attachment attachment--preview\" data-trix-attachment=\"{&quot;contentType&quot;:&quot;image&quot;,&quot;height&quot;:1024,&quot;url&quot;:&quot;https:\/\/sawa9ly.app\/storage\/61917\/HainoTeko-1-5-(1).jpg&quot;,&quot;width&quot;:1024}\" data-trix-content-type=\"image\"><img decoding=\"async\" class=\"aligncenter\" src=\"https:\/\/sawa9ly.app\/storage\/61917\/HainoTeko-1-5-(1).jpg\" width=\"1024\" height=\"1024\" \/><figcaption class=\"attachment__caption\"><\/figcaption><\/figure>\n<figure class=\"attachment attachment--preview\" data-trix-attachment=\"{&quot;contentType&quot;:&quot;image&quot;,&quot;height&quot;:1024,&quot;url&quot;:&quot;https:\/\/sawa9ly.app\/storage\/61918\/HainoTeko-1-2-(1).jpg&quot;,&quot;width&quot;:1024}\" data-trix-content-type=\"image\"><img decoding=\"async\" class=\"aligncenter\" src=\"https:\/\/sawa9ly.app\/storage\/61918\/HainoTeko-1-2-(1).jpg\" width=\"1024\" height=\"1024\" \/><figcaption class=\"attachment__caption\"><\/figcaption><\/figure>\n<p style=\"text-align: center;\">","protected":false},"excerpt":{"rendered":"<p>\u231a\ufe0f \u0633\u0627\u0639\u0629 Haino Teko-1 \u0627\u0644\u0630\u0643\u064a\u0629 \u2014 \u0623\u0646\u0627\u0642\u0629 \u062a\u0644\u062a\u0642\u064a \u0628\u0627\u0644\u062a\u0642\u0646\u064a\u0629 !\u0627\u062c\u0639\u0644 \u062d\u064a\u0627\u062a\u0643 \u0623\u0643\u062b\u0631 \u0630\u0643\u0627\u0621\u064b \u0648\u0646\u0634\u0627\u0637\u064b\u0627 \u0645\u0639 \u0627\u0644\u0633\u0627\u0639\u0629 \u0627\u0644\u0630\u0643\u064a\u0629 Haino Teko-1\u060c \u0627\u0644\u0645\u0635\u0645\u0645\u0629 \u0644\u062a\u0645\u0646\u062d\u0643 \u062a\u0648\u0627\u0632\u0646\u0627\u064b \u0645\u062b\u0627\u0644\u064a\u0627\u064b \u0628\u064a\u0646 \u0627\u0644\u0623\u0646\u0627\u0642\u0629\u060c \u0627\u0644\u0623\u062f\u0627\u0621\u060c \u0648\u0627\u0644\u0635\u062d\u0629. \u0628\u0641\u0636\u0644 \u062a\u0635\u0645\u064a\u0645\u0647\u0627 \u0627\u0644\u0639\u0635\u0631\u064a \u0648\u0634\u0627\u0634\u062a\u0647\u0627 \u0639\u0627\u0644\u064a\u0629 \u0627\u0644\u062f\u0642\u0629 \u0648\u0648\u0638\u0627\u0626\u0641\u0647\u0627 \u0627\u0644\u0645\u062a\u0639\u062f\u062f\u0629\u060c \u0633\u062a\u0643\u0648\u0646 \u0631\u0641\u064a\u0642\u062a\u0643 \u0627\u0644\u064a\u0648\u0645\u064a\u0629 \u0641\u064a \u0627\u0644\u0639\u0645\u0644\u060c \u0627\u0644\u0631\u064a\u0627\u0636\u0629 \u0648\u062d\u062a\u0649 \u0623\u0648\u0642\u0627\u062a \u0627\u0644\u0631\u0627\u062d\u0629.\u2728 \u0627\u0644\u0645\u0645\u064a\u0632\u0627\u062a \u0627\u0644\u0631\u0626\u064a\u0633\u064a\u0629 : \ud83d\udda5\ufe0f \u0634\u0627\u0634\u0629 \u0644\u0645\u0633 \u0639\u0627\u0644\u064a\u0629 \u0627\u0644\u062f\u0642\u0629 \u0628\u062d\u062c\u0645 1.9 \u0628\u0648\u0635\u0629 \u062a\u0645\u0646\u062d\u0643 \u0648\u0636\u0648\u062d\u0627\u064b \u0645\u0645\u064a\u0632\u0627\u064b \u0648\u0633\u0644\u0627\u0633\u0629 \u0641\u064a \u0627\u0644\u0627\u0633\u062a\u062e\u062f\u0627\u0645. \ud83d\udcde \u0645\u0643\u0627\u0644\u0645\u0627\u062a \u0628\u0644\u0648\u062a\u0648\u062b \u0645\u0628\u0627\u0634\u0631\u0629 \u0645\u0646 \u0645\u0639\u0635\u0645\u0643 \u2014 \u0623\u062c\u0628 \u0623\u0648 \u0627\u062a\u0635\u0644 \u062f\u0648\u0646 \u0627\u0644\u062d\u0627\u062c\u0629 \u0644\u0647\u0627\u062a\u0641\u0643. \u2764\ufe0f \u0645\u0631\u0627\u0642\u0628\u0629 \u0635\u062d\u064a\u0629 \u0645\u062a\u0643\u0627\u0645\u0644\u0629 : \u0642\u064a\u0627\u0633 \u0646\u0628\u0636 \u0627\u0644\u0642\u0644\u0628\u060c \u0646\u0633\u0628\u0629 \u0627\u0644\u0623\u0648\u0643\u0633\u062c\u064a\u0646 \u0641\u064a \u0627\u0644\u062f\u0645\u060c \u0648\u062a\u062d\u0644\u064a\u0644 \u062c\u0648\u062f\u0629 \u0627\u0644\u0646\u0648\u0645. \ud83c\udfc3\u200d\u2642\ufe0f \u062a\u062a\u0628\u0639 \u0627\u0644\u0646\u0634\u0627\u0637 \u0627\u0644\u0631\u064a\u0627\u0636\u064a : \u0639\u062f\u0651\u0627\u062f \u062e\u0637\u0648\u0627\u062a\u060c \u062d\u0633\u0627\u0628 \u0627\u0644\u0633\u0639\u0631\u0627\u062a\u060c \u0648\u0623\u0646\u0645\u0627\u0637 \u062a\u062f\u0631\u064a\u0628 \u0645\u062a\u0639\u062f\u062f\u0629. \ud83d\udd14 \u0625\u0634\u0639\u0627\u0631\u0627\u062a \u0630\u0643\u064a\u0629 : \u062a\u0646\u0628\u064a\u0647\u0627\u062a \u0641\u0648\u0631\u064a\u0629 \u0644\u0644\u0645\u0643\u0627\u0644\u0645\u0627\u062a\u060c \u0627\u0644\u0631\u0633\u0627\u0626\u0644\u060c \u0648\u0627\u0644\u062a\u0637\u0628\u064a\u0642\u0627\u062a \u0627\u0644\u0627\u062c\u062a\u0645\u0627\u0639\u064a\u0629. \ud83d\udd0b \u0628\u0637\u0627\u0631\u064a\u0629 \u0637\u0648\u064a\u0644\u0629 \u0627\u0644\u0623\u0645\u062f \u0645\u0639 \u062f\u0639\u0645 \u0627\u0644\u0634\u062d\u0646 \u0627\u0644\u0633\u0631\u064a\u0639 \u0644\u0644\u0627\u0633\u062a\u062e\u062f\u0627\u0645 \u0627\u0644\u0645\u0637\u0648\u0651\u0644. \ud83d\udca7 \u0645\u0642\u0627\u0648\u0645\u0629 \u0644\u0644\u0645\u0627\u0621 \u0648\u0627\u0644\u0639\u0631\u0642 \u2014 \u0645\u062b\u0627\u0644\u064a\u0629 \u0644\u0644\u062d\u064a\u0627\u0629 \u0627\u0644\u064a\u0648\u0645\u064a\u0629 \u0648\u0627\u0644\u0646\u0634\u0627\u0637\u0627\u062a \u0627\u0644\u062e\u0627\u0631\u062c\u064a\u0629. \ud83c\udfa8 \u0642\u0627\u0628\u0644\u0629 \u0644\u0644\u062a\u062e\u0635\u064a\u0635 : \u0648\u0627\u062c\u0647\u0627\u062a \u0645\u062a\u0639\u062f\u062f\u0629 \u0648\u0623\u0633\u0627\u0648\u0631 \u0642\u0627\u0628\u0644\u0629 \u0644\u0644\u062a\u0628\u062f\u064a\u0644 \u062a\u0646\u0627\u0633\u0628 \u0643\u0644 \u0627\u0644\u0623\u0630\u0648\u0627\u0642.\ud83d\udcf1 \u0627\u0644\u0645\u0648\u0627\u0635\u0641\u0627\u062a \u0627\u0644\u062a\u0642\u0646\u064a\u0629 :\ud83d\udd17 \u0627\u062a\u0635\u0627\u0644 \u0628\u0644\u0648\u062a\u0648\u062b 5.0 \u0633\u0631\u064a\u0639 \u0648\u0645\u0633\u062a\u0642\u0631\u2699\ufe0f \u062a\u0648\u0627\u0641\u0642 \u062a\u0627\u0645 \u0645\u0639 \u0623\u0646\u0638\u0645\u0629 Android \u0648iOS\ud83d\udd0b \u0646\u0645\u0637 \u0645\u0648\u0641\u0631 \u0644\u0644\u0637\u0627\u0642\u0629 \u0644\u0625\u0637\u0627\u0644\u0629 \u0639\u0645\u0631 \u0627\u0644\u0628\u0637\u0627\u0631\u064a\u0629\ud83e\ude76 \u0633\u0648\u0627\u0631 \u0645\u0631\u064a\u062d \u0648\u0623\u0646\u064a\u0642 \u064a\u0644\u064a\u0642 \u0628\u062c\u0645\u064a\u0639 \u0627\u0644\u0645\u0646\u0627\u0633\u0628\u0627\u062a\ud83c\udf1f Haino Teko-1\u2026 \u0633\u0627\u0639\u0629 \u062a\u062c\u0645\u0639 \u0628\u064a\u0646 \u0627\u0644\u0630\u0643\u0627\u0621\u060c \u0627\u0644\u0623\u0646\u0627\u0642\u0629\u060c \u0648\u0627\u0644\u0631\u0627\u062d\u0629. \u0627\u0631\u062a\u062f\u0647\u0627 \u0628\u062b\u0642\u0629\u060c \u0648\u0627\u0628\u0642\u064e \u0639\u0644\u0649 \u0627\u062a\u0635\u0627\u0644 \u062f\u0627\u0626\u0645 \u0623\u064a\u0646\u0645\u0627 \u0643\u0646\u062a.<\/p>","protected":false},"featured_media":46263,"comment_status":"open","ping_status":"closed","template":"","meta":[],"product_brand":[],"product_cat":[2463],"product_tag":[],"class_list":{"0":"post-46264","1":"product","2":"type-product","3":"status-publish","4":"has-post-thumbnail","6":"product_cat-electronique","8":"first","9":"instock","10":"sale","11":"taxable","12":"shipping-taxable","13":"purchasable","14":"product-type-simple"},"jetpack_sharing_enabled":true,"_links":{"self":[{"href":"https:\/\/shoponlinedz.com\/en\/wp-json\/wp\/v2\/product\/46264","targetHints":{"allow":["GET"]}}],"collection":[{"href":"https:\/\/shoponlinedz.com\/en\/wp-json\/wp\/v2\/product"}],"about":[{"href":"https:\/\/shoponlinedz.com\/en\/wp-json\/wp\/v2\/types\/product"}],"replies":[{"embeddable":true,"href":"https:\/\/shoponlinedz.com\/en\/wp-json\/wp\/v2\/comments?post=46264"}],"version-history":[{"count":0,"href":"https:\/\/shoponlinedz.com\/en\/wp-json\/wp\/v2\/product\/46264\/revisions"}],"wp:featuredmedia":[{"embeddable":true,"href":"https:\/\/shoponlinedz.com\/en\/wp-json\/wp\/v2\/media\/46263"}],"wp:attachment":[{"href":"https:\/\/shoponlinedz.com\/en\/wp-json\/wp\/v2\/media?parent=46264"}],"wp:term":[{"taxonomy":"product_brand","embeddable":true,"href":"https:\/\/shoponlinedz.com\/en\/wp-json\/wp\/v2\/product_brand?post=46264"},{"taxonomy":"product_cat","embeddable":true,"href":"https:\/\/shoponlinedz.com\/en\/wp-json\/wp\/v2\/product_cat?post=46264"},{"taxonomy":"product_tag","embeddable":true,"href":"https:\/\/shoponlinedz.com\/en\/wp-json\/wp\/v2\/product_tag?post=46264"}],"curies":[{"name":"wp","href":"https:\/\/api.w.org\/{rel}","templated":true}]}}