{"id":46123,"date":"2026-01-05T15:08:01","date_gmt":"2026-01-05T15:08:01","guid":{"rendered":"https:\/\/shoponlinedz.com\/product\/lampe-de-table-decorative-design-elegant-ideal-pour-chambre-de-nuit-gm2-%d9%85%d8%b5%d8%a8%d8%a7%d8%ad-%d8%ba%d8%b1%d9%81%d8%a9-%d8%a7%d9%84%d9%86%d9%88%d9%85\/"},"modified":"2026-01-28T12:22:35","modified_gmt":"2026-01-28T12:22:35","slug":"lampe-de-table-decorative-design-elegant-ideal-pour-chambre-de-nuit-gm2-%d9%85%d8%b5%d8%a8%d8%a7%d8%ad-%d8%ba%d8%b1%d9%81%d8%a9-%d8%a7%d9%84%d9%86%d9%88%d9%85","status":"publish","type":"product","link":"https:\/\/shoponlinedz.com\/en\/product\/lampe-de-table-decorative-design-elegant-ideal-pour-chambre-de-nuit-gm2-%d9%85%d8%b5%d8%a8%d8%a7%d8%ad-%d8%ba%d8%b1%d9%81%d8%a9-%d8%a7%d9%84%d9%86%d9%88%d9%85\/","title":{"rendered":"Lampe de Table D\u00e9corative Design \u00c9l\u00e9gant Id\u00e9al pour Chambre de Nuit GM2 \u2013 \u0645\u0635\u0628\u0627\u062d \u063a\u0631\u0641\u0629 \u0627\u0644\u0646\u0648\u0645"},"content":{"rendered":"<figure class=\"attachment attachment--preview\" data-trix-attachment=\"{&quot;contentType&quot;:&quot;image&quot;,&quot;height&quot;:1024,&quot;url&quot;:&quot;https:\/\/sawa9ly.app\/storage\/62026\/Lampe-Farasha-V2-1-(1).jpg&quot;,&quot;width&quot;:1024}\" data-trix-content-type=\"image\"><img decoding=\"async\" class=\"aligncenter\" src=\"https:\/\/sawa9ly.app\/storage\/62026\/Lampe-Farasha-V2-1-(1).jpg\" width=\"1024\" height=\"1024\" \/><figcaption class=\"attachment__caption\"><\/figcaption><\/figure>\n<figure class=\"attachment attachment--preview\" data-trix-attachment=\"{&quot;contentType&quot;:&quot;image&quot;,&quot;height&quot;:1024,&quot;url&quot;:&quot;https:\/\/sawa9ly.app\/storage\/62027\/Lampe-Farasha-V2-3-(1).jpg&quot;,&quot;width&quot;:1024}\" data-trix-content-type=\"image\"><img decoding=\"async\" class=\"aligncenter\" src=\"https:\/\/sawa9ly.app\/storage\/62027\/Lampe-Farasha-V2-3-(1).jpg\" width=\"1024\" height=\"1024\" \/><figcaption class=\"attachment__caption\"><\/figcaption><\/figure>\n<figure class=\"attachment attachment--preview\" data-trix-attachment=\"{&quot;contentType&quot;:&quot;image&quot;,&quot;height&quot;:1024,&quot;url&quot;:&quot;https:\/\/sawa9ly.app\/storage\/62028\/Lampe-Farasha-V2-2-(1).jpg&quot;,&quot;width&quot;:1024}\" data-trix-content-type=\"image\"><img decoding=\"async\" class=\"aligncenter\" src=\"https:\/\/sawa9ly.app\/storage\/62028\/Lampe-Farasha-V2-2-(1).jpg\" width=\"1024\" height=\"1024\" \/><figcaption class=\"attachment__caption\"><\/figcaption><\/figure>\n<figure class=\"attachment attachment--preview\" data-trix-attachment=\"{&quot;contentType&quot;:&quot;image&quot;,&quot;height&quot;:1024,&quot;url&quot;:&quot;https:\/\/sawa9ly.app\/storage\/62029\/Lampe-Farasha-V2-cnc-(1).jpg&quot;,&quot;width&quot;:1024}\" data-trix-content-type=\"image\"><img decoding=\"async\" class=\"aligncenter\" src=\"https:\/\/sawa9ly.app\/storage\/62029\/Lampe-Farasha-V2-cnc-(1).jpg\" width=\"1024\" height=\"1024\" \/><figcaption class=\"attachment__caption\"><\/figcaption><\/figure>\n<figure class=\"attachment attachment--preview\" data-trix-attachment=\"{&quot;contentType&quot;:&quot;image&quot;,&quot;height&quot;:1024,&quot;url&quot;:&quot;https:\/\/sawa9ly.app\/storage\/62039\/HDHE111111.jpeg&quot;,&quot;width&quot;:1024}\" data-trix-content-type=\"image\"><img decoding=\"async\" class=\"aligncenter\" src=\"https:\/\/sawa9ly.app\/storage\/62039\/HDHE111111.jpeg\" width=\"1024\" height=\"1024\" \/><figcaption class=\"attachment__caption\"><\/figcaption><\/figure>\n<p style=\"text-align: center;\">","protected":false},"excerpt":{"rendered":"<p>\ud83c\udf19\u2728 \u0623\u0636\u0641 \u0644\u0645\u0633\u0629 \u0634\u0627\u0639\u0631\u064a\u0629 \u0625\u0644\u0649 \u0645\u0646\u0632\u0644\u0643 \u0628\u0647\u0630\u0647 \u0627\u0644\u0645\u0635\u0628\u0627\u062d \u0627\u0644\u0632\u062e\u0631\u0641\u064a \u0627\u0644\u0623\u0646\u064a\u0642\u060c \u0627\u0644\u0645\u0632\u0648\u062f \u0628\u063a\u0637\u0627\u0621 \u0623\u0633\u0648\u062f \u0645\u0632\u062e\u0631\u0641 \u0628\u0634\u0643\u0644 \u0641\u0631\u0627\u0634\u0627\u062a \ud83e\udd8b. \u0639\u0646\u062f \u062a\u0634\u063a\u064a\u0644\u0647\u060c \u062a\u0645\u0631\u0651 \u0627\u0644\u0625\u0636\u0627\u0621\u0629 \u0627\u0644\u062f\u0627\u0641\u0626\u0629 \u0639\u0628\u0631 \u0627\u0644\u0646\u0642\u0648\u0634 \u0644\u062a\u0646\u0639\u0643\u0633 \u0639\u0644\u0649 \u0627\u0644\u062c\u062f\u0631\u0627\u0646 \u0648\u0627\u0644\u0623\u0633\u0637\u062d \u0627\u0644\u0645\u062d\u064a\u0637\u0629\u060c \u0641\u062a\u062e\u0644\u0642 \u0638\u0644\u0627\u0644\u0627\u064b \u0641\u0646\u064a\u0629 \u0631\u0627\u0626\u0639\u0629 \u0648\u0623\u062c\u0648\u0627\u0621 \u0647\u0627\u062f\u0626\u0629 \u0648\u0645\u0631\u064a\u062d\u0629. \ud83d\udd6f\ufe0f\u0627\u0644\u0645\u0645\u064a\u0632\u0627\u062a \u0627\u0644\u0631\u0626\u064a\u0633\u064a\u0629 : \ud83c\udf38 \u063a\u0637\u0627\u0621 \u0623\u0633\u0648\u062f \u0645\u0632\u062e\u0631\u0641 : \u062a\u0635\u0645\u064a\u0645 \u0641\u0631\u0627\u0634\u0627\u062a \u0645\u0636\u064a\u0626\u0629 \u062a\u0636\u064a\u0641 \u0644\u0645\u0633\u0629 \u0641\u0646\u064a\u0629. \ud83c\udf19 \u062a\u0623\u062b\u064a\u0631 \u0638\u0644\u0627\u0644 \u0641\u0646\u064a : \u064a\u062e\u0644\u0642 \u0623\u062c\u0648\u0627\u0621 \u0628\u0635\u0631\u064a\u0629 \u0641\u0631\u064a\u062f\u0629 \u0648\u0645\u0631\u064a\u062d\u0629. \ud83d\udca1 \u0625\u0636\u0627\u0621\u0629 \u062f\u0627\u0641\u0626\u0629 : \u0645\u062b\u0627\u0644\u064a\u0629 \u0644\u0644\u0623\u0645\u0633\u064a\u0627\u062a \u0627\u0644\u0647\u0627\u062f\u0626\u0629 \u0648\u0627\u0644\u0627\u0633\u062a\u0631\u062e\u0627\u0621. \ud83e\udeb5 \u0642\u0627\u0639\u062f\u0629 \u062b\u0627\u0628\u062a\u0629 : \u062a\u0635\u0645\u064a\u0645 \u0628\u0633\u064a\u0637 \u0648\u0623\u0646\u064a\u0642 \u064a\u0646\u0627\u0633\u0628 \u062c\u0645\u064a\u0639 \u0627\u0644\u062f\u064a\u0643\u0648\u0631\u0627\u062a. \ud83c\udfe0 \u0644\u0644\u0627\u0633\u062a\u062e\u062f\u0627\u0645 \u0627\u0644\u062f\u0627\u062e\u0644\u064a : \u0645\u062b\u0627\u0644\u064a \u0644\u063a\u0631\u0641 \u0627\u0644\u0646\u0648\u0645\u060c \u0627\u0644\u0635\u0627\u0644\u0648\u0646 \u0623\u0648 \u0627\u0644\u0645\u0643\u062a\u0628. \ud83d\udccf \u0627\u0644\u0623\u0628\u0639\u0627\u062f : 26\u00d713 \u0633\u0645.\u2728 \u0645\u0635\u0628\u0627\u062d \u064a\u062c\u0645\u0639 \u0628\u064a\u0646 \u0627\u0644\u0623\u0646\u0627\u0642\u0629 \u0648\u0627\u0644\u0647\u062f\u0648\u0621\u2026 \u062c\u0645\u0627\u0644 \u064a\u0636\u064a\u0621 \u0644\u064a\u0627\u0644\u064a\u0643.<\/p>","protected":false},"featured_media":46122,"comment_status":"open","ping_status":"closed","template":"","meta":[],"product_brand":[],"product_cat":[2460],"product_tag":[],"class_list":{"0":"post-46123","1":"product","2":"type-product","3":"status-publish","4":"has-post-thumbnail","6":"product_cat-decoration","8":"first","9":"instock","10":"sale","11":"taxable","12":"shipping-taxable","13":"purchasable","14":"product-type-simple"},"jetpack_sharing_enabled":true,"_links":{"self":[{"href":"https:\/\/shoponlinedz.com\/en\/wp-json\/wp\/v2\/product\/46123","targetHints":{"allow":["GET"]}}],"collection":[{"href":"https:\/\/shoponlinedz.com\/en\/wp-json\/wp\/v2\/product"}],"about":[{"href":"https:\/\/shoponlinedz.com\/en\/wp-json\/wp\/v2\/types\/product"}],"replies":[{"embeddable":true,"href":"https:\/\/shoponlinedz.com\/en\/wp-json\/wp\/v2\/comments?post=46123"}],"version-history":[{"count":0,"href":"https:\/\/shoponlinedz.com\/en\/wp-json\/wp\/v2\/product\/46123\/revisions"}],"wp:featuredmedia":[{"embeddable":true,"href":"https:\/\/shoponlinedz.com\/en\/wp-json\/wp\/v2\/media\/46122"}],"wp:attachment":[{"href":"https:\/\/shoponlinedz.com\/en\/wp-json\/wp\/v2\/media?parent=46123"}],"wp:term":[{"taxonomy":"product_brand","embeddable":true,"href":"https:\/\/shoponlinedz.com\/en\/wp-json\/wp\/v2\/product_brand?post=46123"},{"taxonomy":"product_cat","embeddable":true,"href":"https:\/\/shoponlinedz.com\/en\/wp-json\/wp\/v2\/product_cat?post=46123"},{"taxonomy":"product_tag","embeddable":true,"href":"https:\/\/shoponlinedz.com\/en\/wp-json\/wp\/v2\/product_tag?post=46123"}],"curies":[{"name":"wp","href":"https:\/\/api.w.org\/{rel}","templated":true}]}}