{"id":46069,"date":"2026-01-05T15:05:49","date_gmt":"2026-01-05T15:05:49","guid":{"rendered":"https:\/\/shoponlinedz.com\/product\/perche-a-selfie-extensible-avec-support-pour-telephone-et-lampe-led-%d8%b9%d8%b5%d8%a7-%d8%b3%d9%8a%d9%84%d9%81%d9%8a-%d9%85%d8%b9-%d8%a5%d8%b6%d8%a7%d8%a1%d8%a9-%d9%85%d8%af%d9%85%d8%ac\/"},"modified":"2026-01-28T12:22:36","modified_gmt":"2026-01-28T12:22:36","slug":"perche-a-selfie-extensible-avec-support-pour-telephone-et-lampe-led-%d8%b9%d8%b5%d8%a7-%d8%b3%d9%8a%d9%84%d9%81%d9%8a-%d9%85%d8%b9-%d8%a5%d8%b6%d8%a7%d8%a1%d8%a9-%d9%85%d8%af%d9%85%d8%ac","status":"publish","type":"product","link":"https:\/\/shoponlinedz.com\/en\/product\/perche-a-selfie-extensible-avec-support-pour-telephone-et-lampe-led-%d8%b9%d8%b5%d8%a7-%d8%b3%d9%8a%d9%84%d9%81%d9%8a-%d9%85%d8%b9-%d8%a5%d8%b6%d8%a7%d8%a1%d8%a9-%d9%85%d8%af%d9%85%d8%ac\/","title":{"rendered":"Perche \u00e0 Selfie Extensible avec Support pour T\u00e9l\u00e9phone et Lampe LED \u2013 \u0639\u0635\u0627 \u0633\u064a\u0644\u0641\u064a \u0645\u0639 \u0625\u0636\u0627\u0621\u0629 \u0645\u062f\u0645\u062c\u0629 \u0648\u064a\u062f \u062a\u062d\u0643\u0645"},"content":{"rendered":"<figure class=\"attachment attachment--preview\" data-trix-attachment=\"{&quot;contentType&quot;:&quot;image&quot;,&quot;height&quot;:1024,&quot;url&quot;:&quot;https:\/\/sawa9ly.app\/storage\/62558\/P99W-cnc.jpg&quot;,&quot;width&quot;:1024}\" data-trix-content-type=\"image\"><img decoding=\"async\" class=\"aligncenter\" src=\"https:\/\/sawa9ly.app\/storage\/62558\/P99W-cnc.jpg\" width=\"1024\" height=\"1024\" \/><figcaption class=\"attachment__caption\"><\/figcaption><\/figure>\n<figure class=\"attachment attachment--preview\" data-trix-attachment=\"{&quot;contentType&quot;:&quot;image&quot;,&quot;height&quot;:1024,&quot;url&quot;:&quot;https:\/\/sawa9ly.app\/storage\/62559\/P99W-3.jpg&quot;,&quot;width&quot;:1024}\" data-trix-content-type=\"image\"><img decoding=\"async\" class=\"aligncenter\" src=\"https:\/\/sawa9ly.app\/storage\/62559\/P99W-3.jpg\" width=\"1024\" height=\"1024\" \/><figcaption class=\"attachment__caption\"><\/figcaption><\/figure>\n<figure class=\"attachment attachment--preview\" data-trix-attachment=\"{&quot;contentType&quot;:&quot;image&quot;,&quot;height&quot;:1024,&quot;url&quot;:&quot;https:\/\/sawa9ly.app\/storage\/62560\/P99W-6.jpg&quot;,&quot;width&quot;:1024}\" data-trix-content-type=\"image\"><img decoding=\"async\" class=\"aligncenter\" src=\"https:\/\/sawa9ly.app\/storage\/62560\/P99W-6.jpg\" width=\"1024\" height=\"1024\" \/><figcaption class=\"attachment__caption\"><\/figcaption><\/figure>\n<figure class=\"attachment attachment--preview\" data-trix-attachment=\"{&quot;contentType&quot;:&quot;image&quot;,&quot;height&quot;:1024,&quot;url&quot;:&quot;https:\/\/sawa9ly.app\/storage\/62561\/P99W-7.jpg&quot;,&quot;width&quot;:1024}\" data-trix-content-type=\"image\"><img decoding=\"async\" class=\"aligncenter\" src=\"https:\/\/sawa9ly.app\/storage\/62561\/P99W-7.jpg\" width=\"1024\" height=\"1024\" \/><figcaption class=\"attachment__caption\"><\/figcaption><\/figure>\n<figure class=\"attachment attachment--preview\" data-trix-attachment=\"{&quot;contentType&quot;:&quot;image&quot;,&quot;height&quot;:1024,&quot;url&quot;:&quot;https:\/\/sawa9ly.app\/storage\/62562\/P99W-8.jpg&quot;,&quot;width&quot;:1024}\" data-trix-content-type=\"image\"><img decoding=\"async\" class=\"aligncenter\" src=\"https:\/\/sawa9ly.app\/storage\/62562\/P99W-8.jpg\" width=\"1024\" height=\"1024\" \/><figcaption class=\"attachment__caption\"><\/figcaption><\/figure>\n<p style=\"text-align: center;\">","protected":false},"excerpt":{"rendered":"<p>\u062a\u0631\u064a\u0628\u0648\u062f \u0645\u0639 \u0636\u0648\u0621 \u0627\u062d\u062a\u0631\u0627\u0641\u064a \u2014 \u0644\u0644\u062a\u0635\u0648\u064a\u0631\u060c \u0627\u0644\u062a\u064a\u0643 \u062a\u0648\u0643\u060c \u0627\u0644\u064a\u0648\u062a\u064a\u0648\u0628\u060c \u0627\u0644\u0645\u0627\u0643\u064a\u0627\u062c\u060c \u0648\u0644\u0627 \u0627\u0644\u0644\u0627\u064a\u0641!\ud83d\udcf8 \u062b\u0628\u0627\u062a \u0642\u0648\u064a \u0628\u06404 \u0623\u0631\u062c\u0644\u0627\u0644\u062a\u0631\u064a\u0628\u0648\u062f \u0645\u0635\u0646\u0648\u0639 \u0645\u0646 \u0633\u062a\u0627\u0646\u0644\u0633 \u0633\u062a\u064a\u0644 \u0639\u0627\u0644\u064a \u0627\u0644\u062c\u0648\u062f\u0629\u060c \u062b\u0627\u0628\u062a \u0628\u0632\u0627\u0641 \u0648\u0641\u064a\u0647 \u0633\u0643\u0627\u0633\u0627\u062a \u0635\u063a\u064a\u0631\u0629 \u062a\u062d\u062a \u0627\u0644\u0642\u0627\u0639\u062f\u0629 \u0628\u0627\u0634 \u064a\u062a\u0644\u0632\u0642 \u0645\u0632\u064a\u0627\u0646 \u0648\u0645\u0627 \u064a\u0647\u0632\u0634. \u064a\u0639\u0637\u064a\u0644\u0643 \u0635\u0648\u0631 \u0648\u0641\u064a\u062f\u064a\u0648\u0647\u0627\u062a \u062b\u0627\u0628\u062a\u0629 \u0628\u0644\u0627 \u0631\u062c\u0651\u0629 \u2014 \u0645\u0646\u0627\u0633\u0628 \u0644\u0644\u062a\u0635\u0648\u064a\u0631 \u0627\u0644\u0627\u062d\u062a\u0631\u0627\u0641\u064a.\ud83d\udca1 \u0625\u0636\u0627\u0621\u0629 \u0627\u062d\u062a\u0631\u0627\u0641\u064a\u0629 \u0645\u062a\u0639\u062f\u062f\u0629\u0627\u0644\u0636\u0648\u0621 \u0641\u064a\u0647:\ud83c\udf08 3 \u0623\u0644\u0648\u0627\u0646 \u0644\u0644\u0625\u0636\u0627\u0621\u0629\ud83d\udd06 9 \u062f\u0631\u062c\u0627\u062a \u0644\u0644\u0633\u0637\u0648\u0639\ud83d\udd04 \u0625\u0645\u0627\u0644\u0629 \u062d\u062a\u0649 180\u00b0 \u0628\u0627\u0634 \u062a\u062d\u062f\u062f \u0627\u0644\u0632\u0627\u0648\u064a\u0629 \u0644\u064a \u062a\u062d\u0628\u062f\u0648\u0631\u0627\u0646 360\u00b0 \u0648\u0625\u0645\u0627\u0644\u0629 270\u00b0 \u0644\u0644\u0636\u0648\u0621\u0645\u062b\u0627\u0644\u064a \u0644\u0644\u062a\u0635\u0648\u064a\u0631\u060c \u0627\u0644\u0645\u064a\u0643\u0627\u0628\u060c \u0627\u0644\u0628\u0648\u0631\u062a\u0631\u064a\u0647\u060c \u0627\u0644\u0645\u062d\u062a\u0648\u0649\u2026 \u0627\u0644\u0625\u0636\u0627\u0621\u0629 \u062f\u0627\u064a\u0645\u0627 \u062a\u0637\u0644\u0639 \u0646\u0638\u064a\u0641\u0629 \u0648\u0644\u0627\u0645\u0639\u0629!\ud83d\udd2d \u062a\u0635\u0648\u064a\u0631 \u0645\u0646 \u0643\u0627\u0645\u0644 \u0627\u0644\u0632\u0648\u0627\u064a\u0627\u0627\u0644\u0627\u0631\u062a\u0641\u0627\u0639: \u0645\u0646 30 \u0633\u0645 \u062d\u062a\u0649 137 \u0633\u0645\u064a\u062a\u062d\u0631\u0643 \u0628\u0633\u0647\u0648\u0644\u0629 \u0645\u0646 \u0632\u0627\u0648\u064a\u0629 \u0644\u0632\u0627\u0648\u064a\u0629\u062a\u0639\u062f\u064a\u0644 \u0633\u0644\u0633 \u0628\u0632\u0627\u0641 \u0641\u064a \u0627\u0644\u0627\u0631\u062a\u0641\u0627\u0639 \u0648\u0627\u0644\u062f\u0648\u0631\u0627\u0646\u062a\u0642\u062f\u0631 \u062a\u0635\u0648\u0651\u0631 \u0645\u0646 \u062a\u062d\u062a \u0648\u0644\u0627 \u0645\u0646 \u0641\u0648\u0642 \u0628\u0644\u0627 \u0635\u0639\u0648\u0628\u0629\ud83c\udf92 \u0642\u0627\u0628\u0644 \u0644\u0644\u0637\u064a \u0648\u062e\u0641\u064a\u0641 \u0628\u0632\u0627\u0641\u064a\u062a\u0637\u0648\u0649 \u062d\u062a\u0649 30.5\u00d715 \u0633\u0645 \u0641\u0642\u0637 \u0627\u0644\u0648\u0632\u0646: 400\u063a \u0633\u0627\u0647\u0644 \u062a\u062d\u0637\u0651\u0648 \u0641\u064a \u0627\u0644\u0634\u0627\u0646\u0637\u0629 \u0648\u062a\u062f\u064a\u0647 \u0645\u0639\u0627\u0643 \u0648\u064a\u0646 \u0645\u0627 \u062a\u0631\u0648\u062d\u060c \u0648\u064a\u0646\u062d\u0644 \u0648\u064a\u062a\u0646\u0635\u0651\u0628 \u0641\u064a \u062b\u0648\u0627\u0646\u064a.\ud83d\udcf1 T\u00e9l\u00e9commande Bluetooth\u062c\u0627\u064a\u0629 \u0645\u0639\u0627\u0647 \u062a\u0644\u064a\u0643\u0648\u0645\u0648\u0646\u062f \u0628\u0644\u0648\u062a\u0648\u062b \u0628\u0627\u0634 \u062a\u0635\u0648\u0651\u0631 \u0645\u0646 \u0628\u0639\u064a\u062f:\u0633\u0627\u0647\u0644\u0629 \u062a\u0631\u0628\u0637\u0647\u0627\u0645\u0627 \u062a\u0636\u064a\u0639 \u062d\u062a\u0649 \u0644\u0642\u0637\u0629\u0645\u062b\u0627\u0644\u064a\u0629 \u0644\u0644\u0635\u0648\u0631 \u0627\u0644\u062c\u0645\u0627\u0639\u064a\u0629\u060c \u0627\u0644\u062a\u064a\u0643 \u062a\u0648\u0643\u060c \u0627\u0644\u0641\u0644\u0648\u063a\u0627\u062a\u2026\ud83d\udcf1 \u0645\u062a\u0648\u0627\u0641\u0642 \u0645\u0639 \u0643\u0627\u0645\u0644 \u0627\u0644\u0647\u0648\u0627\u062a\u0641\u0627\u0644\u0645\u0627\u0633\u0643 \u064a\u062a\u0645\u062f \u062d\u062a\u0649 9.4cm \u0648\u0645\u0646\u0627\u0633\u0628 \u0644\u0640 :iPhone 16 \/ 15 \/ 14 \/ 13Samsung S25 \/ S24\u0648\u0643\u0644 \u0627\u0644\u0647\u0648\u0627\u062a\u0641 \u0627\u0644\u0623\u062e\u0631\u0649\u0645\u0645\u062a\u0627\u0632 \u0644\u0644\u064a\u0648\u062a\u064a\u0648\u0628\u060c TikTok\u060c \u0627\u0644\u062a\u0635\u0648\u064a\u0631\u060c \u0627\u0644\u0633\u0641\u0631\u060c \u0627\u0644\u0644\u0627\u064a\u0641\u2026\ud83d\udd0b \u0628\u0637\u0627\u0631\u064a\u0629 \u0642\u0648\u064a\u0629 \u0642\u0627\u0628\u0644\u0629 \u0644\u0644\u0634\u062d\u0646\u0625\u0636\u0627\u0621\u0629 \u0641\u064a\u0647\u0627 \u0628\u0637\u0627\u0631\u064a\u0629 1200mAh:\u062a\u062f\u0648\u0645 3\u20134 \u0633\u0627\u0639\u0627\u062a\u062a\u0642\u062f\u0631 \u062a\u0634\u062d\u0646\u0647\u0627 \u0645\u0646 Powerbank \u0628\u0627\u0634 \u062a\u0632\u064a\u062f \u062a\u062e\u062f\u0645 \u0639\u0644\u0649 \u0631\u0627\u062d\u062a\u0643<\/p>","protected":false},"featured_media":46068,"comment_status":"open","ping_status":"closed","template":"","meta":[],"product_brand":[],"product_cat":[2463],"product_tag":[],"class_list":{"0":"post-46069","1":"product","2":"type-product","3":"status-publish","4":"has-post-thumbnail","6":"product_cat-electronique","8":"first","9":"instock","10":"sale","11":"taxable","12":"shipping-taxable","13":"purchasable","14":"product-type-simple"},"jetpack_sharing_enabled":true,"_links":{"self":[{"href":"https:\/\/shoponlinedz.com\/en\/wp-json\/wp\/v2\/product\/46069","targetHints":{"allow":["GET"]}}],"collection":[{"href":"https:\/\/shoponlinedz.com\/en\/wp-json\/wp\/v2\/product"}],"about":[{"href":"https:\/\/shoponlinedz.com\/en\/wp-json\/wp\/v2\/types\/product"}],"replies":[{"embeddable":true,"href":"https:\/\/shoponlinedz.com\/en\/wp-json\/wp\/v2\/comments?post=46069"}],"version-history":[{"count":0,"href":"https:\/\/shoponlinedz.com\/en\/wp-json\/wp\/v2\/product\/46069\/revisions"}],"wp:featuredmedia":[{"embeddable":true,"href":"https:\/\/shoponlinedz.com\/en\/wp-json\/wp\/v2\/media\/46068"}],"wp:attachment":[{"href":"https:\/\/shoponlinedz.com\/en\/wp-json\/wp\/v2\/media?parent=46069"}],"wp:term":[{"taxonomy":"product_brand","embeddable":true,"href":"https:\/\/shoponlinedz.com\/en\/wp-json\/wp\/v2\/product_brand?post=46069"},{"taxonomy":"product_cat","embeddable":true,"href":"https:\/\/shoponlinedz.com\/en\/wp-json\/wp\/v2\/product_cat?post=46069"},{"taxonomy":"product_tag","embeddable":true,"href":"https:\/\/shoponlinedz.com\/en\/wp-json\/wp\/v2\/product_tag?post=46069"}],"curies":[{"name":"wp","href":"https:\/\/api.w.org\/{rel}","templated":true}]}}